{"id":3133,"date":"2024-02-01T13:38:05","date_gmt":"2024-02-01T12:38:05","guid":{"rendered":"https:\/\/www.uni.lu\/de\/?page_id=3133"},"modified":"2026-03-24T11:24:52","modified_gmt":"2026-03-24T10:24:52","slug":"wettbewerbsorientierte-befoerderung","status":"publish","type":"page","link":"https:\/\/www.uni.lu\/de\/ueber-uns\/arbeit\/wettbewerbsorientierte-befoerderung\/","title":{"rendered":"Wettbewerbsorientierte Bef\u00f6rderung"},"content":{"rendered":"\n<section class=\"py-0 wp-block-unilux-blocks-free-section section\"><div class=\"container xl:max-w-screen-xl\"><\/div><\/section>\n\n\n\n<section class=\"wp-block-unilux-blocks-free-section section\"><div class=\"container xl:max-w-screen-xl\">\n<h1 class=\"has-text-align-left wp-block-unilux-blocks-heading\"        id=\"wettbewerbsorientierte-befoerderung\"\n    >\nWettbewerbsorientierte Bef\u00f6rderung<\/h1>\n\n\n\n<p><strong>Das Gesetz vom 27. Juni 2018<\/strong>\u202f\u00fcber die Organisation der Universit\u00e4t Luxemburg sieht f\u00fcr die Universit\u00e4t ein Verfahren f\u00fcr den Aufstieg in die Professorenriege vor<strong>.<\/strong><\/p>\n\n\n\n<p>Auf der Grundlage der im Gesetz festgelegten Regeln hat die Universit\u00e4t in enger Zusammenarbeit mit den Dekanen der Fakult\u00e4ten, den Direktoren der interdisziplin\u00e4ren Zentren und der Personalabteilung sowie in Absprache mit der Personaldelegation eine wettbewerbsorientierte Bef\u00f6rderungspolitik und ein entsprechendes Verfahren entwickelt.<\/p>\n\n\n\n<p>Der Bef\u00f6rderungsprozess wird vom Rektor beaufsichtigt, der in jeder Phase des Verfahrens mit allen Beteiligten in Kontakt steht.<\/p>\n<\/div><\/section>\n\n\n\n<section class=\"py-0 wp-block-unilux-blocks-free-section section\"><div class=\"container xl:max-w-screen-xl\">\n<h2 class=\"has-text-align-left wp-block-unilux-blocks-heading\"        id=\"um-fuer-eine-befoerderung-in-frage-zu-kommen\"\n    >\nUm f\u00fcr eine Bef\u00f6rderung in Frage zu kommen<\/h2>\n\n\n\n<div class=\"wp-block-unilux-blocks-accordion accordion accordion--theme accordion-standard\" data-reference=\"4d7e94db-a299-4954-88d0-f95b151ce8a0\" data-accordion-type=\"standard\"><div class=\"accordion__item  wp-block-unilux-blocks-accordion-item\">\n    <h3 class=\"accordion__header\"\n        >\n        <button\n            type=\"button\"\n            id=\"accordion-labelledby-aca7d8eb-8cbd-4eed-bff7-417661f5abe7\"\n            class=\"accordion__button collapsed\"\n            aria-expanded=\"false\"\n            aria-controls=\"accordion-panel-aca7d8eb-8cbd-4eed-bff7-417661f5abe7\"\n            data-bs-toggle=\"collapse\"\n            data-bs-target=\"#accordion-panel-aca7d8eb-8cbd-4eed-bff7-417661f5abe7\"\n        >\n            <span class=\"accordion__title\">\n                                Bewertungskriterien            <\/span>\n\n            <svg aria-hidden=\"true\" focusable=\"false\" class=\"icon icon-outline icon--arrow-down \"><use xlink:href=\"https:\/\/www.uni.lu\/wp-content\/themes\/unilux-theme\/assets\/images\/icons\/icons-outline.svg#icon--arrow-down\"><\/use><\/svg>        <\/button>\n    <\/h3>\n    <div id=\"accordion-panel-aca7d8eb-8cbd-4eed-bff7-417661f5abe7\"\n        class=\"accordion__collapse collapse\"\n        aria-labelledby=\"accordion-labelledby-aca7d8eb-8cbd-4eed-bff7-417661f5abe7\"\n        data-bs-parent=\"[data-reference=&quot;4d7e94db-a299-4954-88d0-f95b151ce8a0&quot;]\"\n    >\n        <div class=\"accordion__body \">\n            \n<p><strong>\u00dcbersicht<\/strong><\/p>\n\n<p>Der wettbewerbsorientierte Bef\u00f6rderungsprozess umfasst zwei Hauptkomponenten: die Bewertung des Bewerbers in allen Beurteilungsbereichen auf der Grundlage seiner eigenen Verdienste sowie eine Rangfolge unter allen Bewerbern f\u00fcr die jeweilige Stufe.<\/p>\n\n<p><strong>Bewertungsbereiche<\/strong><\/p>\n\n<p>Gem\u00e4\u00df Artikel 24 des Universit\u00e4tsgesetzes \u00fcber die Rolle eines Professors wird die Leistung des Bewerbers in den folgenden Bereichen gemessen:<\/p>\n\n<ul class=\"ulux-list\">\n<li class=\"ulux-list-item\">Forschung und Wissenschaft, d.h. eine Reihe von qualitativ hochwertigen und von Experten begutachteten wissenschaftlichen Arbeiten;<\/li>\n\n\n\n<li class=\"ulux-list-item\">Lehre und Doktorandenausbildung, d.h. eine Lehrt\u00e4tigkeit mit einem Engagement f\u00fcr akademische und p\u00e4dagogische Exzellenz. Dazu kann auch die Unterst\u00fctzung bei der Einrichtung oder Umstrukturierung von Lehrprogrammen geh\u00f6ren;<\/li>\n\n\n\n<li class=\"ulux-list-item\">Wissens- und Technologietransfer, d.h. ein Nachweis \u00fcber Aktivit\u00e4ten in den Bereichen Technologietransfer, \u00d6ffentlichkeitsarbeit, Zusammenarbeit oder Partnerschaften mit der Industrie oder andere relevante Aktivit\u00e4ten;<\/li>\n\n\n\n<li class=\"ulux-list-item\">Verwaltung und Management, d.h. ein Nachweis \u00fcber den Dienst an der Universit\u00e4t und gute Managementpraktiken.&nbsp;<\/li>\n<\/ul>\n\n<p>Das Kriterium der \u201einternationalen, europ\u00e4ischen und nationalen Zusammenarbeit\u201c wird in jedem der oben genannten Bereiche ber\u00fccksichtigt.<\/p>\n\n<p>Die Universit\u00e4t Luxemburg f\u00f6rdert Interdisziplinarit\u00e4t. Kandidaten, die in mehreren Fachgebieten oder an deren Schnittstellen arbeiten, k\u00f6nnen dies in ihren Bewerbungsunterlagen angeben und werden entsprechend begutachtet.<\/p>\n\n<p>Es liegt in der Natur der Sache, dass sich die verschiedenen Kategorien \u00fcberschneiden und dass ihr Gewicht f\u00fcr verschiedene Personen, Profile und Disziplinen unterschiedlich sein wird.<\/p>\n\n<p><strong>Einstufung<\/strong><\/p>\n\n<p>F\u00fcr jeden Bewertungsbereich wird eine Anfangsnote vergeben, diesen Noten werden zu einer Gesamtnote zusammengefasst. Auf der Grundlage der Gesamtpunktzahl weist der Externe Bewertungsausschuss den Bewerbern f\u00fcr jede Stufe ein relatives Ranking zu.<\/p>\n        <\/div>\n    <\/div>\n<\/div>\n\n<div class=\"accordion__item  wp-block-unilux-blocks-accordion-item\">\n    <h3 class=\"accordion__header\"\n        >\n        <button\n            type=\"button\"\n            id=\"accordion-labelledby-11f2e1eb-b88c-4b2b-98d4-528cc70ea427\"\n            class=\"accordion__button collapsed\"\n            aria-expanded=\"false\"\n            aria-controls=\"accordion-panel-11f2e1eb-b88c-4b2b-98d4-528cc70ea427\"\n            data-bs-toggle=\"collapse\"\n            data-bs-target=\"#accordion-panel-11f2e1eb-b88c-4b2b-98d4-528cc70ea427\"\n        >\n            <span class=\"accordion__title\">\n                                Pflichten der Bewerber            <\/span>\n\n            <svg aria-hidden=\"true\" focusable=\"false\" class=\"icon icon-outline icon--arrow-down \"><use xlink:href=\"https:\/\/www.uni.lu\/wp-content\/themes\/unilux-theme\/assets\/images\/icons\/icons-outline.svg#icon--arrow-down\"><\/use><\/svg>        <\/button>\n    <\/h3>\n    <div id=\"accordion-panel-11f2e1eb-b88c-4b2b-98d4-528cc70ea427\"\n        class=\"accordion__collapse collapse\"\n        aria-labelledby=\"accordion-labelledby-11f2e1eb-b88c-4b2b-98d4-528cc70ea427\"\n        data-bs-parent=\"[data-reference=&quot;4d7e94db-a299-4954-88d0-f95b151ce8a0&quot;]\"\n    >\n        <div class=\"accordion__body \">\n            \n<ul class=\"ulux-list\">\n<li class=\"ulux-list-item\">Unterrichtung des Rektors \u00fcber ihre Absicht, sich um eine Bef\u00f6rderung zu bewerbengesehen;<\/li>\n\n\n\n<li class=\"ulux-list-item\">Angabe der Namen von bis zu drei externen Experten, die nicht f\u00fcr eine Bewertung kontaktiert werden sollten, und eine entsprechende Erkl\u00e4rung;<\/li>\n\n\n\n<li class=\"ulux-list-item\">Zusammenstellung aller erforderlichen Unterlagen und Vorbereitung der Erkl\u00e4rungen f\u00fcr die Bewerbung um eine Bef\u00f6rderung im Wettbewerb, wie es in dieser Politik vorgesehen ist<\/li>\n\n\n\n<li class=\"ulux-list-item\">Einreichung der Unterlagen innerhalb der festgelegten Fristen;<\/li>\n\n\n\n<li class=\"ulux-list-item\">Bei Bedarf Teilnahme an Sitzungen mit dem ernannten Ausschuss zur Unterst\u00fctzung ihrer Bewerbung;<\/li>\n\n\n\n<li class=\"ulux-list-item\">Beantwortung von Anfragen nach zus\u00e4tzlichen Informationen durch den zust\u00e4ndigen Ausschuss.<\/li>\n<\/ul>\n        <\/div>\n    <\/div>\n<\/div>\n\n<div class=\"accordion__item  wp-block-unilux-blocks-accordion-item\">\n    <h3 class=\"accordion__header\"\n        >\n        <button\n            type=\"button\"\n            id=\"accordion-labelledby-58562a03-c945-4c8f-8a1e-c8e05ba2af15\"\n            class=\"accordion__button collapsed\"\n            aria-expanded=\"false\"\n            aria-controls=\"accordion-panel-58562a03-c945-4c8f-8a1e-c8e05ba2af15\"\n            data-bs-toggle=\"collapse\"\n            data-bs-target=\"#accordion-panel-58562a03-c945-4c8f-8a1e-c8e05ba2af15\"\n        >\n            <span class=\"accordion__title\">\n                                Vollst\u00e4ndige Politik und n\u00fctzliche Dokumente            <\/span>\n\n            <svg aria-hidden=\"true\" focusable=\"false\" class=\"icon icon-outline icon--arrow-down \"><use xlink:href=\"https:\/\/www.uni.lu\/wp-content\/themes\/unilux-theme\/assets\/images\/icons\/icons-outline.svg#icon--arrow-down\"><\/use><\/svg>        <\/button>\n    <\/h3>\n    <div id=\"accordion-panel-58562a03-c945-4c8f-8a1e-c8e05ba2af15\"\n        class=\"accordion__collapse collapse\"\n        aria-labelledby=\"accordion-labelledby-58562a03-c945-4c8f-8a1e-c8e05ba2af15\"\n        data-bs-parent=\"[data-reference=&quot;4d7e94db-a299-4954-88d0-f95b151ce8a0&quot;]\"\n    >\n        <div class=\"accordion__body \">\n            \n<p><strong>Politik<\/strong><\/p>\n<ul class=\"wp-block-unilux-blocks-button-list\">\n    <li class=\"wp-block-unilux-blocks-button-list-item\">\n    <a\n            href=\"https:\/\/www.uni.lu\/wp-content\/uploads\/sites\/9\/2025\/01\/00_2024_Competitive-Promotion-Policy_new-version_vf.pdf\"\n            class=\"quick-link wp-block-unilux-blocks-anchor\"        target=\"_blank\"\n>\n    \n<span class=\"wp-block-unilux-blocks-wrapper quick-link__container\"><figure class=\"wp-block-dev4-reusable-blocks-image quick-link__img object-fit--scale-down\">\n        <\/figure>\n\n\n<span class=\"quick-link__name wp-block-unilux-blocks-plain-text\">Politik der wettbewerbsorientierten Bef\u00f6rderung f\u00fcr 2025<\/span>\n\n<svg aria-hidden=\"true\" focusable=\"false\" class=\"icon icon-outline icon--download \"><use xlink:href=\"https:\/\/www.uni.lu\/wp-content\/themes\/unilux-theme\/assets\/images\/icons\/icons-outline.svg#icon--download\"><\/use><\/svg><\/span>\n<\/a>\n<\/li><\/ul>\n<div class=\"wp-block-unilux-blocks-spacer is-spacer-size-sm\"><\/div>\n<p><strong><strong>Bewerber<\/strong><\/strong><\/p>\n<ul class=\"wp-block-unilux-blocks-button-list\">\n    <li class=\"wp-block-unilux-blocks-button-list-item\">\n    <a\n            href=\"https:\/\/www.uni.lu\/wp-content\/uploads\/sites\/9\/2025\/02\/Competitive-Promotion-Checklist-for-Applicants.pdf\"\n            class=\"quick-link wp-block-unilux-blocks-anchor\"        target=\"_blank\"\n>\n    \n<span class=\"wp-block-unilux-blocks-wrapper quick-link__container\"><figure class=\"wp-block-dev4-reusable-blocks-image quick-link__img object-fit--scale-down\">\n        <\/figure>\n\n\n<span class=\"quick-link__name wp-block-unilux-blocks-plain-text\">Checkliste f\u00fcr die Bewerbung<\/span>\n\n<svg aria-hidden=\"true\" focusable=\"false\" class=\"icon icon-outline icon--download \"><use xlink:href=\"https:\/\/www.uni.lu\/wp-content\/themes\/unilux-theme\/assets\/images\/icons\/icons-outline.svg#icon--download\"><\/use><\/svg><\/span>\n<\/a>\n<\/li><li class=\"wp-block-unilux-blocks-button-list-item\">\n    <a\n            href=\"https:\/\/www.uni.lu\/wp-content\/uploads\/sites\/9\/2025\/03\/Competitive-Promotion-2025-Application-form_vf.pdf\"\n            class=\"quick-link wp-block-unilux-blocks-anchor\"        target=\"_blank\"\n>\n    \n<span class=\"wp-block-unilux-blocks-wrapper quick-link__container\"><figure class=\"wp-block-dev4-reusable-blocks-image quick-link__img object-fit--scale-down\">\n        <\/figure>\n\n\n<span class=\"quick-link__name wp-block-unilux-blocks-plain-text\">Bewerbungsformular<\/span>\n\n<svg aria-hidden=\"true\" focusable=\"false\" class=\"icon icon-outline icon--download \"><use xlink:href=\"https:\/\/www.uni.lu\/wp-content\/themes\/unilux-theme\/assets\/images\/icons\/icons-outline.svg#icon--download\"><\/use><\/svg><\/span>\n<\/a>\n<\/li><\/ul>\n<div class=\"wp-block-unilux-blocks-spacer is-spacer-size-sm\"><\/div>\n<p><strong>Dekane\/Direktoren, externe Referenten und Bewertungsausschuss<\/strong><\/p>\n<ul class=\"wp-block-unilux-blocks-button-list\">\n    <li class=\"wp-block-unilux-blocks-button-list-item\">\n    <a\n            href=\"https:\/\/www.uni.lu\/wp-content\/uploads\/sites\/9\/2025\/04\/01_Assessment-report-template_Deans_Directors_HoDs_20250423.pdf\"\n            class=\"quick-link wp-block-unilux-blocks-anchor\"        target=\"_blank\"\n>\n    \n<span class=\"wp-block-unilux-blocks-wrapper quick-link__container\"><figure class=\"wp-block-dev4-reusable-blocks-image quick-link__img object-fit--scale-down\">\n        <\/figure>\n\n\n<span class=\"quick-link__name wp-block-unilux-blocks-plain-text\">Bewertungsbericht<\/span>\n\n<svg aria-hidden=\"true\" focusable=\"false\" class=\"icon icon-outline icon--download \"><use xlink:href=\"https:\/\/www.uni.lu\/wp-content\/themes\/unilux-theme\/assets\/images\/icons\/icons-outline.svg#icon--download\"><\/use><\/svg><\/span>\n<\/a>\n<\/li><\/ul>\n        <\/div>\n    <\/div>\n<\/div><\/div>\n<\/div><\/section>\n\n\n\n<section class=\"wp-block-unilux-blocks-free-section section\"><div class=\"container xl:max-w-screen-xl\">\n<h2 class=\"has-text-align-left wp-block-unilux-blocks-heading\"        id=\"weitere-fragen\"\n    >\nWeitere Fragen<\/h2>\n\n\n\n<p>Wenn Sie weitere Fragen haben, wenden Sie sich bitte an&nbsp;<a href=\"mailto:competitive.promotion@uni.lu\">competitive.promotion@uni.lu<\/a><\/p>\n<\/div><\/section>\n\n\n<div class=\"wp-block-unilux-blocks-spacer is-spacer-size-md\"><\/div>","protected":false},"excerpt":{"rendered":"","protected":false},"author":405,"featured_media":0,"parent":1691,"menu_order":0,"comment_status":"closed","ping_status":"closed","template":"","meta":{"featured_image_focal_point":[],"show_featured_caption":false,"ulux_newsletter_groups":"","uluxPostTitle":"","uluxPrePostTitle":"","_trash_the_other_posts":false,"_price":"","_stock":"","_tribe_ticket_header":"","_tribe_default_ticket_provider":"","_tribe_ticket_capacity":"0","_ticket_start_date":"","_ticket_end_date":"","_tribe_ticket_show_description":"","_tribe_ticket_show_not_going":false,"_tribe_ticket_use_global_stock":"","_tribe_ticket_global_stock_level":"","_global_stock_mode":"","_global_stock_cap":"","_tribe_rsvp_for_event":"","_tribe_ticket_going_count":"","_tribe_ticket_not_going_count":"","_tribe_tickets_list":"[]","_tribe_ticket_has_attendee_info_fields":false,"footnotes":""},"field-of-interest":[],"organisation":[],"authorship":[405,404],"acf":[],"yoast_head":"<!-- This site is optimized with the Yoast SEO Premium plugin v22.3 (Yoast SEO v22.3) - https:\/\/yoast.com\/wordpress\/plugins\/seo\/ -->\n<title>Wettbewerbsorientierte Bef\u00f6rderung - Universit\u00e4t Luxemburg<\/title>\n<meta name=\"description\" content=\"Auf der Grundlage der im Gesetz vom 27. Juni 2018 festgelegten Regeln hat die Universit\u00e4t eine wettbewerbsorientierte Bef\u00f6rderungspolitik entwickelt.\" \/>\n<meta name=\"robots\" content=\"index, follow, max-snippet:-1, max-image-preview:large, max-video-preview:-1\" \/>\n<link rel=\"canonical\" href=\"https:\/\/www.uni.lu\/de\/ueber-uns\/arbeit\/wettbewerbsorientierte-befoerderung\/\" \/>\n<meta property=\"og:locale\" content=\"de_DE\" \/>\n<meta property=\"og:type\" content=\"article\" \/>\n<meta property=\"og:title\" content=\"Wettbewerbsorientierte Bef\u00f6rderung\" \/>\n<meta property=\"og:description\" content=\"Auf der Grundlage der im Gesetz vom 27. Juni 2018 festgelegten Regeln hat die Universit\u00e4t eine wettbewerbsorientierte Bef\u00f6rderungspolitik entwickelt.\" \/>\n<meta property=\"og:url\" content=\"https:\/\/www.uni.lu\/de\/ueber-uns\/arbeit\/wettbewerbsorientierte-befoerderung\/\" \/>\n<meta property=\"og:site_name\" content=\"UNI DE\" \/>\n<meta property=\"article:publisher\" content=\"https:\/\/www.facebook.com\/uni.lu\" \/>\n<meta property=\"article:modified_time\" content=\"2026-03-24T10:24:52+00:00\" \/>\n<meta property=\"og:image\" content=\"https:\/\/www.uni.lu\/wp-content\/uploads\/sites\/10\/2026\/03\/03120000\/UNIV_SM-Profile_1600x1600px-scaled.jpg\" \/>\n\t<meta property=\"og:image:width\" content=\"2560\" \/>\n\t<meta property=\"og:image:height\" content=\"2560\" \/>\n\t<meta property=\"og:image:type\" content=\"image\/jpeg\" \/>\n<meta name=\"twitter:card\" content=\"summary_large_image\" \/>\n<meta name=\"twitter:label1\" content=\"Gesch\u00e4tzte Lesezeit\" \/>\n\t<meta name=\"twitter:data1\" content=\"3 Minuten\" \/>\n<script type=\"application\/ld+json\" class=\"yoast-schema-graph\">{\"@context\":\"https:\/\/schema.org\",\"@graph\":[{\"@type\":\"WebPage\",\"@id\":\"https:\/\/www.uni.lu\/de\/ueber-uns\/arbeit\/wettbewerbsorientierte-befoerderung\/\",\"url\":\"https:\/\/www.uni.lu\/de\/ueber-uns\/arbeit\/wettbewerbsorientierte-befoerderung\/\",\"name\":\"Wettbewerbsorientierte Bef\u00f6rderung - Universit\u00e4t Luxemburg\",\"isPartOf\":{\"@id\":\"https:\/\/www.uni.lu\/de\/#website\"},\"datePublished\":\"2024-02-01T12:38:05+00:00\",\"dateModified\":\"2026-03-24T10:24:52+00:00\",\"description\":\"Auf der Grundlage der im Gesetz vom 27. Juni 2018 festgelegten Regeln hat die Universit\u00e4t eine wettbewerbsorientierte Bef\u00f6rderungspolitik entwickelt.\",\"breadcrumb\":{\"@id\":\"https:\/\/www.uni.lu\/de\/ueber-uns\/arbeit\/wettbewerbsorientierte-befoerderung\/#breadcrumb\"},\"inLanguage\":\"de-DE\",\"potentialAction\":[{\"@type\":\"ReadAction\",\"target\":[\"https:\/\/www.uni.lu\/de\/ueber-uns\/arbeit\/wettbewerbsorientierte-befoerderung\/\"]}]},{\"@type\":\"BreadcrumbList\",\"@id\":\"https:\/\/www.uni.lu\/de\/ueber-uns\/arbeit\/wettbewerbsorientierte-befoerderung\/#breadcrumb\",\"itemListElement\":[{\"@type\":\"ListItem\",\"position\":1,\"name\":\"Home\",\"item\":\"https:\/\/www.uni.lu\/de\/\"},{\"@type\":\"ListItem\",\"position\":2,\"name\":\"\u00dcber uns\",\"item\":\"https:\/\/www.uni.lu\/de\/ueber-uns\/\"},{\"@type\":\"ListItem\",\"position\":3,\"name\":\"Arbeiten an der Universit\u00e4t\",\"item\":\"https:\/\/www.uni.lu\/de\/ueber-uns\/arbeit\/\"},{\"@type\":\"ListItem\",\"position\":4,\"name\":\"Wettbewerbsorientierte Bef\u00f6rderung\"}]},{\"@type\":\"WebSite\",\"@id\":\"https:\/\/www.uni.lu\/de\/#website\",\"url\":\"https:\/\/www.uni.lu\/de\/\",\"name\":\"Uni.lu\",\"description\":\"Universit\u00e4t Luxemburg\",\"publisher\":{\"@id\":\"https:\/\/www.uni.lu\/de\/#organization\"},\"alternateName\":\"Universit\u00e4t Luxemburg\",\"potentialAction\":[{\"@type\":\"SearchAction\",\"target\":{\"@type\":\"EntryPoint\",\"urlTemplate\":\"https:\/\/www.uni.lu\/de\/?s={search_term_string}\"},\"query-input\":\"required name=search_term_string\"}],\"inLanguage\":\"de-DE\"},{\"@type\":\"Organization\",\"@id\":\"https:\/\/www.uni.lu\/de\/#organization\",\"name\":\"Universit\u00e4t Luxemburg\",\"alternateName\":\"Uni.lu\",\"url\":\"https:\/\/www.uni.lu\/de\/\",\"logo\":{\"@type\":\"ImageObject\",\"inLanguage\":\"de-DE\",\"@id\":\"https:\/\/www.uni.lu\/de\/#\/schema\/logo\/image\/\",\"url\":\"https:\/\/www.uni.lu\/wp-content\/uploads\/sites\/10\/2026\/03\/03120000\/UNIV_SM-Profile_1600x1600px-scaled.jpg\",\"contentUrl\":\"https:\/\/www.uni.lu\/wp-content\/uploads\/sites\/10\/2026\/03\/03120000\/UNIV_SM-Profile_1600x1600px-scaled.jpg\",\"width\":2560,\"height\":2560,\"caption\":\"Universit\u00e4t Luxemburg\"},\"image\":{\"@id\":\"https:\/\/www.uni.lu\/de\/#\/schema\/logo\/image\/\"},\"sameAs\":[\"https:\/\/www.facebook.com\/uni.lu\",\"https:\/\/www.linkedin.com\/school\/university-of-luxembourg\/\",\"https:\/\/www.instagram.com\/uni.lu\",\"https:\/\/www.youtube.com\/@uni_lu\",\"https:\/\/en.wikipedia.org\/wiki\/University_of_Luxembourg\"]}]}<\/script>\n<!-- \/ Yoast SEO Premium plugin. -->","yoast_head_json":{"title":"Wettbewerbsorientierte Bef\u00f6rderung - Universit\u00e4t Luxemburg","description":"Auf der Grundlage der im Gesetz vom 27. Juni 2018 festgelegten Regeln hat die Universit\u00e4t eine wettbewerbsorientierte Bef\u00f6rderungspolitik entwickelt.","robots":{"index":"index","follow":"follow","max-snippet":"max-snippet:-1","max-image-preview":"max-image-preview:large","max-video-preview":"max-video-preview:-1"},"canonical":"https:\/\/www.uni.lu\/de\/ueber-uns\/arbeit\/wettbewerbsorientierte-befoerderung\/","og_locale":"de_DE","og_type":"article","og_title":"Wettbewerbsorientierte Bef\u00f6rderung","og_description":"Auf der Grundlage der im Gesetz vom 27. Juni 2018 festgelegten Regeln hat die Universit\u00e4t eine wettbewerbsorientierte Bef\u00f6rderungspolitik entwickelt.","og_url":"https:\/\/www.uni.lu\/de\/ueber-uns\/arbeit\/wettbewerbsorientierte-befoerderung\/","og_site_name":"UNI DE","article_publisher":"https:\/\/www.facebook.com\/uni.lu","article_modified_time":"2026-03-24T10:24:52+00:00","og_image":[{"width":2560,"height":2560,"url":"https:\/\/www.uni.lu\/wp-content\/uploads\/sites\/10\/2026\/03\/03120000\/UNIV_SM-Profile_1600x1600px-scaled.jpg","type":"image\/jpeg"}],"twitter_card":"summary_large_image","twitter_misc":{"Gesch\u00e4tzte Lesezeit":"3 Minuten"},"schema":{"@context":"https:\/\/schema.org","@graph":[{"@type":"WebPage","@id":"https:\/\/www.uni.lu\/de\/ueber-uns\/arbeit\/wettbewerbsorientierte-befoerderung\/","url":"https:\/\/www.uni.lu\/de\/ueber-uns\/arbeit\/wettbewerbsorientierte-befoerderung\/","name":"Wettbewerbsorientierte Bef\u00f6rderung - Universit\u00e4t Luxemburg","isPartOf":{"@id":"https:\/\/www.uni.lu\/de\/#website"},"datePublished":"2024-02-01T12:38:05+00:00","dateModified":"2026-03-24T10:24:52+00:00","description":"Auf der Grundlage der im Gesetz vom 27. Juni 2018 festgelegten Regeln hat die Universit\u00e4t eine wettbewerbsorientierte Bef\u00f6rderungspolitik entwickelt.","breadcrumb":{"@id":"https:\/\/www.uni.lu\/de\/ueber-uns\/arbeit\/wettbewerbsorientierte-befoerderung\/#breadcrumb"},"inLanguage":"de-DE","potentialAction":[{"@type":"ReadAction","target":["https:\/\/www.uni.lu\/de\/ueber-uns\/arbeit\/wettbewerbsorientierte-befoerderung\/"]}]},{"@type":"BreadcrumbList","@id":"https:\/\/www.uni.lu\/de\/ueber-uns\/arbeit\/wettbewerbsorientierte-befoerderung\/#breadcrumb","itemListElement":[{"@type":"ListItem","position":1,"name":"Home","item":"https:\/\/www.uni.lu\/de\/"},{"@type":"ListItem","position":2,"name":"\u00dcber uns","item":"https:\/\/www.uni.lu\/de\/ueber-uns\/"},{"@type":"ListItem","position":3,"name":"Arbeiten an der Universit\u00e4t","item":"https:\/\/www.uni.lu\/de\/ueber-uns\/arbeit\/"},{"@type":"ListItem","position":4,"name":"Wettbewerbsorientierte Bef\u00f6rderung"}]},{"@type":"WebSite","@id":"https:\/\/www.uni.lu\/de\/#website","url":"https:\/\/www.uni.lu\/de\/","name":"Uni.lu","description":"Universit\u00e4t Luxemburg","publisher":{"@id":"https:\/\/www.uni.lu\/de\/#organization"},"alternateName":"Universit\u00e4t Luxemburg","potentialAction":[{"@type":"SearchAction","target":{"@type":"EntryPoint","urlTemplate":"https:\/\/www.uni.lu\/de\/?s={search_term_string}"},"query-input":"required name=search_term_string"}],"inLanguage":"de-DE"},{"@type":"Organization","@id":"https:\/\/www.uni.lu\/de\/#organization","name":"Universit\u00e4t Luxemburg","alternateName":"Uni.lu","url":"https:\/\/www.uni.lu\/de\/","logo":{"@type":"ImageObject","inLanguage":"de-DE","@id":"https:\/\/www.uni.lu\/de\/#\/schema\/logo\/image\/","url":"https:\/\/www.uni.lu\/wp-content\/uploads\/sites\/10\/2026\/03\/03120000\/UNIV_SM-Profile_1600x1600px-scaled.jpg","contentUrl":"https:\/\/www.uni.lu\/wp-content\/uploads\/sites\/10\/2026\/03\/03120000\/UNIV_SM-Profile_1600x1600px-scaled.jpg","width":2560,"height":2560,"caption":"Universit\u00e4t Luxemburg"},"image":{"@id":"https:\/\/www.uni.lu\/de\/#\/schema\/logo\/image\/"},"sameAs":["https:\/\/www.facebook.com\/uni.lu","https:\/\/www.linkedin.com\/school\/university-of-luxembourg\/","https:\/\/www.instagram.com\/uni.lu","https:\/\/www.youtube.com\/@uni_lu","https:\/\/en.wikipedia.org\/wiki\/University_of_Luxembourg"]}]}},"ticketed":false,"_links":{"self":[{"href":"https:\/\/www.uni.lu\/de\/wp-json\/wp\/v2\/pages\/3133"}],"collection":[{"href":"https:\/\/www.uni.lu\/de\/wp-json\/wp\/v2\/pages"}],"about":[{"href":"https:\/\/www.uni.lu\/de\/wp-json\/wp\/v2\/types\/page"}],"author":[{"embeddable":true,"href":"https:\/\/www.uni.lu\/de\/wp-json\/wp\/v2\/users\/405"}],"replies":[{"embeddable":true,"href":"https:\/\/www.uni.lu\/de\/wp-json\/wp\/v2\/comments?post=3133"}],"version-history":[{"count":6,"href":"https:\/\/www.uni.lu\/de\/wp-json\/wp\/v2\/pages\/3133\/revisions"}],"predecessor-version":[{"id":8308,"href":"https:\/\/www.uni.lu\/de\/wp-json\/wp\/v2\/pages\/3133\/revisions\/8308"}],"up":[{"embeddable":true,"href":"https:\/\/www.uni.lu\/de\/wp-json\/wp\/v2\/pages\/1691"}],"wp:authorship":[{"embeddable":true,"href":"https:\/\/www.uni.lu\/de\/wp-json\/wp\/v2\/users\/405"},{"embeddable":true,"href":"https:\/\/www.uni.lu\/de\/wp-json\/wp\/v2\/users\/404"}],"wp:attachment":[{"href":"https:\/\/www.uni.lu\/de\/wp-json\/wp\/v2\/media?parent=3133"}],"wp:term":[{"taxonomy":"field-of-interest","embeddable":true,"href":"https:\/\/www.uni.lu\/de\/wp-json\/wp\/v2\/field-of-interest?post=3133"},{"taxonomy":"organisation","embeddable":true,"href":"https:\/\/www.uni.lu\/de\/wp-json\/wp\/v2\/organisation?post=3133"}],"curies":[{"name":"wp","href":"https:\/\/api.w.org\/{rel}","templated":true}]}}