{"id":3088,"date":"2024-01-29T15:09:25","date_gmt":"2024-01-29T14:09:25","guid":{"rendered":"https:\/\/www.uni.lu\/de\/?page_id=3088"},"modified":"2026-03-04T08:48:05","modified_gmt":"2026-03-04T07:48:05","slug":"aktualitaeten","status":"publish","type":"page","link":"https:\/\/www.uni.lu\/de\/aktualitaeten\/","title":{"rendered":"Aktualit\u00e4ten der Universit\u00e4t"},"content":{"rendered":"\n<section class=\"py-0 wp-block-unilux-blocks-free-section section\"><div class=\"container xl:max-w-screen-xl\">\n<h1 class=\"has-text-align-left wp-block-unilux-blocks-heading\"        id=\"aktualitaeten\"\n    >\nAktualit\u00e4ten<\/h1>\n\n\n\n<p>Wie entwickelt sich die Universit\u00e4t? Welchen wichtigen Herausforderungen steht die Universit\u00e4t Luxemburg gegen\u00fcber? Was sind ihre n\u00e4chsten Schritte? Bleiben Sie auf dem Laufenden, indem Sie unsere Aktualit\u00e4ten lesen und sich \u00fcber die gro\u00dfen Schritte informieren, die die Universit\u00e4t Luxemburg bereits gemacht hat.<\/p>\n\n\n\n<div class=\"wp-block-unilux-filters-news-filter news-filter\">\n<div\n    data-component-type=\"filter\"\n    data-model=\"{&quot;filterEndpointUrl&quot;:&quot;https:\\\/\\\/www.uni.lu\\\/de\\\/wp-json\\\/ulux-elastic-customizations\\\/v1\\\/filter&quot;}\"\n    data-attributes=\"{&quot;postType&quot;:&quot;news&quot;,&quot;postTypeLabel&quot;:&quot;News&quot;,&quot;postTypeAllItemsLabel&quot;:&quot;All news&quot;,&quot;showSpotlight&quot;:true,&quot;spotlightPostIds&quot;:&quot;&quot;,&quot;terms&quot;:[{&quot;caption&quot;:&quot;Date&quot;,&quot;slug&quot;:&quot;date&quot;,&quot;usePagination&quot;:true,&quot;_showTerms&quot;:false,&quot;terms&quot;:[{&quot;slug&quot;:&quot;date-today&quot;,&quot;name&quot;:&quot;Today&quot;,&quot;position&quot;:0},{&quot;slug&quot;:&quot;date-past-7-days&quot;,&quot;name&quot;:&quot;Past 7 days&quot;,&quot;position&quot;:1},{&quot;slug&quot;:&quot;date-past-30-days&quot;,&quot;name&quot;:&quot;Past 30 days&quot;,&quot;position&quot;:2},{&quot;slug&quot;:&quot;date-in-the-past&quot;,&quot;name&quot;:&quot;In the past&quot;,&quot;position&quot;:3},{&quot;slug&quot;:&quot;date-year-2024&quot;,&quot;position&quot;:4,&quot;name&quot;:&quot;2024&quot;},{&quot;slug&quot;:&quot;date-year-2023&quot;,&quot;position&quot;:5,&quot;name&quot;:&quot;2023&quot;},{&quot;slug&quot;:&quot;date-year-2022&quot;,&quot;position&quot;:6,&quot;name&quot;:&quot;2022&quot;},{&quot;slug&quot;:&quot;date-year-2021&quot;,&quot;position&quot;:7,&quot;name&quot;:&quot;2021&quot;},{&quot;slug&quot;:&quot;date-year-2020&quot;,&quot;position&quot;:8,&quot;name&quot;:&quot;2020&quot;},{&quot;slug&quot;:&quot;date-year-2019&quot;,&quot;position&quot;:9,&quot;name&quot;:&quot;2019&quot;},{&quot;slug&quot;:&quot;date-year-2018&quot;,&quot;position&quot;:10,&quot;name&quot;:&quot;2018&quot;}],&quot;numberItemsPerPage&quot;:8,&quot;numberVisibleItems&quot;:4},{&quot;caption&quot;:&quot;Category&quot;,&quot;slug&quot;:&quot;news-category&quot;,&quot;terms&quot;:[{&quot;slug&quot;:&quot;universitaet&quot;,&quot;name&quot;:&quot;Universit\\u00e4t&quot;,&quot;position&quot;:0},{&quot;slug&quot;:&quot;forschung&quot;,&quot;name&quot;:&quot;Forschung&quot;,&quot;position&quot;:1},{&quot;slug&quot;:&quot;studium&quot;,&quot;name&quot;:&quot;Studium&quot;,&quot;position&quot;:2},{&quot;slug&quot;:&quot;campusleben&quot;,&quot;name&quot;:&quot;Campusleben&quot;,&quot;position&quot;:3},{&quot;slug&quot;:&quot;outreach&quot;,&quot;name&quot;:&quot;Outreach&quot;,&quot;position&quot;:4},{&quot;slug&quot;:&quot;auszeichnungen-rankings&quot;,&quot;name&quot;:&quot;Auszeichnungen &amp; Rankings&quot;,&quot;position&quot;:5},{&quot;slug&quot;:&quot;pressemitteilungen&quot;,&quot;name&quot;:&quot;Pressemitteilungen&quot;,&quot;position&quot;:6}]},{&quot;caption&quot;:&quot;Organisation&quot;,&quot;slug&quot;:&quot;organisation&quot;,&quot;numberVisibleItems&quot;:8,&quot;usePagination&quot;:true,&quot;numberItemsPerPage&quot;:14,&quot;terms&quot;:[{&quot;slug&quot;:&quot;universitaet-zentralverwaltung-und-rektorat&quot;,&quot;name&quot;:&quot;Universit\\u00e4t \\\/ Zentralverwaltung und Rektorat&quot;,&quot;position&quot;:0},{&quot;slug&quot;:&quot;fakultaet-fuer-naturwissenschaften-technologie-und-medizin-fstm&quot;,&quot;name&quot;:&quot;Fakult\\u00e4t f\\u00fcr Naturwissenschaften, Technologie und Medizin (FSTM)&quot;,&quot;position&quot;:1},{&quot;slug&quot;:&quot;fakultaet-fuer-recht-wirtschaftswissenschaften-und-finanzwirtschaft-fdef&quot;,&quot;name&quot;:&quot;Fakult\\u00e4t f\\u00fcr Recht, Wirtschaftswissenschaften und Finanzwirtschaft (FDEF)&quot;,&quot;position&quot;:2},{&quot;slug&quot;:&quot;fakultaet-fuer-geisteswissenschaften-erziehungswissenschaften-und-sozialwissenschaften-fhse&quot;,&quot;name&quot;:&quot;Fakult\\u00e4t f\\u00fcr Geisteswissenschaften, Erziehungswissenschaften und Sozialwissenschaften (FHSE)&quot;,&quot;position&quot;:3},{&quot;slug&quot;:&quot;interdisciplinary-centre-for-security-reliability-and-trust-snt&quot;,&quot;name&quot;:&quot;Interdisciplinary Centre for Security, Reliability and Trust (SnT)&quot;,&quot;position&quot;:4},{&quot;slug&quot;:&quot;luxembourg-centre-for-systems-biomedicine-lcsb&quot;,&quot;name&quot;:&quot;Luxembourg Centre for Systems Biomedicine (LCSB)&quot;,&quot;position&quot;:5},{&quot;slug&quot;:&quot;luxembourg-centre-for-contemporary-and-digital-history-c2dh&quot;,&quot;name&quot;:&quot;Luxembourg Centre for Contemporary and Digital History (C2DH)&quot;,&quot;position&quot;:6},{&quot;slug&quot;:&quot;luxembourg-centre-for-european-law-lcel&quot;,&quot;name&quot;:&quot;Luxembourg Centre for European Law (LCEL)&quot;,&quot;position&quot;:7},{&quot;slug&quot;:&quot;luxembourg-learning-centre-llc&quot;,&quot;name&quot;:&quot;Luxembourg Learning Centre (LLC)&quot;,&quot;position&quot;:8},{&quot;slug&quot;:&quot;department-informatik&quot;,&quot;name&quot;:&quot;Department Informatik&quot;,&quot;position&quot;:9},{&quot;slug&quot;:&quot;department-ingenieurwissenschaften&quot;,&quot;name&quot;:&quot;Department Ingenieurwissenschaften&quot;,&quot;position&quot;:10},{&quot;slug&quot;:&quot;department-lebenswissenschaften-und-medizin&quot;,&quot;name&quot;:&quot;Department Lebenswissenscha\\u200bften und Medizin&quot;,&quot;position&quot;:11},{&quot;slug&quot;:&quot;department-mathematik&quot;,&quot;name&quot;:&quot;Department Mathematik&quot;,&quot;position&quot;:12},{&quot;slug&quot;:&quot;department-physik-und-materialwissenschaften&quot;,&quot;name&quot;:&quot;Department Physik und Materialwissenschaften&quot;,&quot;position&quot;:13},{&quot;slug&quot;:&quot;department-wirtschaftswissenschaften&quot;,&quot;name&quot;:&quot;Department Wirtschaftswissenschaften&quot;,&quot;position&quot;:14},{&quot;slug&quot;:&quot;department-finanzwirtschaft&quot;,&quot;name&quot;:&quot;Department Finanzwirtschaft&quot;,&quot;position&quot;:15},{&quot;slug&quot;:&quot;department-rechtswissenschaft&quot;,&quot;name&quot;:&quot;Department Rechtswissenschaft&quot;,&quot;position&quot;:16},{&quot;slug&quot;:&quot;department-verhaltens-und-kognitionswissenschaften&quot;,&quot;name&quot;:&quot;Department Verhaltens- und Kognitionswissenschaften&quot;,&quot;position&quot;:17},{&quot;slug&quot;:&quot;department-erziehungswissenschaft-und-sozialarbeit&quot;,&quot;name&quot;:&quot;Department Erziehungswissenschaft und Sozialarbeit&quot;,&quot;position&quot;:18},{&quot;slug&quot;:&quot;department-geographie-und-raumplanung&quot;,&quot;name&quot;:&quot;Department Geographie und Raumplanung&quot;,&quot;position&quot;:19},{&quot;slug&quot;:&quot;department-geisteswissenschaften&quot;,&quot;name&quot;:&quot;Department Geisteswissenschaften&quot;,&quot;position&quot;:20},{&quot;slug&quot;:&quot;department-sozialwissenschaften&quot;,&quot;name&quot;:&quot;Department Sozialwissenschaften&quot;,&quot;position&quot;:21}]},{&quot;caption&quot;:&quot;Topic&quot;,&quot;slug&quot;:&quot;news-topic&quot;,&quot;terms&quot;:[{&quot;slug&quot;:&quot;informatik-ikt&quot;,&quot;name&quot;:&quot;Informatik &amp; IKT&quot;,&quot;position&quot;:0},{&quot;slug&quot;:&quot;wirtschaftswissenschaften&quot;,&quot;name&quot;:&quot;Wirtschaftswissenschaften&quot;,&quot;position&quot;:1},{&quot;slug&quot;:&quot;erziehungswissenschaft-sozialarbeit&quot;,&quot;name&quot;:&quot;Erziehungswissenschaft &amp; Sozialarbeit&quot;,&quot;position&quot;:2},{&quot;slug&quot;:&quot;ingenieurwissenschaften&quot;,&quot;name&quot;:&quot;Ingenieurwissenschaften&quot;,&quot;position&quot;:3},{&quot;slug&quot;:&quot;finanzwirtschaft&quot;,&quot;name&quot;:&quot;Finanzwirtschaft&quot;,&quot;position&quot;:4},{&quot;slug&quot;:&quot;geographie-raumplanung&quot;,&quot;name&quot;:&quot;Geographie &amp; Raumplanung&quot;,&quot;position&quot;:5},{&quot;slug&quot;:&quot;high-performance-computing-hpc&quot;,&quot;name&quot;:&quot;High Performance Computing (HPC)&quot;,&quot;position&quot;:6},{&quot;slug&quot;:&quot;geisteswissenschaften&quot;,&quot;name&quot;:&quot;Geisteswissenschaften&quot;,&quot;position&quot;:7},{&quot;slug&quot;:&quot;rechtswissenschaft&quot;,&quot;name&quot;:&quot;Rechtswissenschaft&quot;,&quot;position&quot;:8},{&quot;slug&quot;:&quot;lebenswissenschaften-medizin&quot;,&quot;name&quot;:&quot;Lebenswissenscha\\u200bften &amp; Medizin&quot;,&quot;position&quot;:9},{&quot;slug&quot;:&quot;mathematik&quot;,&quot;name&quot;:&quot;Mathematik&quot;,&quot;position&quot;:10},{&quot;slug&quot;:&quot;physik-materialwissenschaften&quot;,&quot;name&quot;:&quot;Physik &amp; Materialwissenschaften&quot;,&quot;position&quot;:11},{&quot;slug&quot;:&quot;psychologie-neurowissenschaften-verhaltensoekonomie&quot;,&quot;name&quot;:&quot;Psychologie, Neurowissenschaften &amp; Verhaltens\\u00f6konomie&quot;,&quot;position&quot;:12},{&quot;slug&quot;:&quot;sozialwissenschaften&quot;,&quot;name&quot;:&quot;Sozialwissenschaften&quot;,&quot;position&quot;:13},{&quot;slug&quot;:&quot;raumfahrt&quot;,&quot;name&quot;:&quot;Raumfahrt&quot;,&quot;position&quot;:14}]}],&quot;clientId&quot;:&quot;253b0776-6aa2-46d2-acca-bc8ae93461d7&quot;,&quot;imagePlaceHolder&quot;:&quot;https:\\\/\\\/www.uni.lu\\\/wp-content\\\/themes\\\/unilux-theme\\\/assets\\\/images\\\/general\\\/card-news-placeholder.png&quot;,&quot;filterSearchI18n&quot;:{&quot;accordionTitle&quot;:&quot;Filter search&quot;,&quot;fieldLabel&quot;:&quot;Search for a filter option&quot;,&quot;fieldPlaceholder&quot;:&quot;Search for a filter option (e.g. Language Centre)&quot;}}\"\n    data-blog=\"{&quot;blog_id&quot;:&quot;10&quot;,&quot;domain&quot;:&quot;www.uni.lu&quot;,&quot;path&quot;:&quot;\\\/de\\\/&quot;,&quot;site_id&quot;:&quot;1&quot;,&quot;registered&quot;:&quot;2022-08-20 08:02:35&quot;,&quot;last_updated&quot;:&quot;2026-04-16 13:58:14&quot;,&quot;public&quot;:&quot;1&quot;,&quot;archived&quot;:&quot;0&quot;,&quot;mature&quot;:&quot;0&quot;,&quot;spam&quot;:&quot;0&quot;,&quot;deleted&quot;:&quot;0&quot;,&quot;lang_id&quot;:&quot;0&quot;,&quot;blogname&quot;:&quot;UNI DE&quot;,&quot;siteurl&quot;:&quot;https:\\\/\\\/www.uni.lu\\\/de&quot;,&quot;post_count&quot;:&quot;0&quot;,&quot;home&quot;:&quot;https:\\\/\\\/www.uni.lu\\\/de&quot;}\"\n>\n    \n<div\n    data-component-type=\"spotlight\"\n    data-model=\"[]\"\n    data-attributes=\"{&quot;postType&quot;:&quot;news&quot;,&quot;postIds&quot;:&quot;&quot;}\"\n>\n<\/div>\n<\/div>\n<\/div>\n<\/div><\/section>\n\n\n<section class=\"section section wp-block-unilux-blocks-quick-link-discover-section\">\n    <div class=\"container xl:max-w-screen-xl\">\n        \n<h2 class=\"has-text-align-left wp-block-unilux-blocks-heading\"        id=\"entdecken-sie-auch\"\n    >\nEntdecken Sie auch&#8230;<\/h2>\n\n<ul class=\"wp-block-unilux-blocks-quick-link-discover quick-link-list\">\n<li class=\"wp-block-unilux-blocks-quick-link-discover-item\">\n    <a\n                    href=\"https:\/\/www.uni.lu\/en\/events-overview\/?fq_events-taxonomies-date%5B%5D=date-in-the-future%7CIn+the+future%7CDate\"\n                    class=\"quick-link\"\n            target=\"\"\n    >\n            <span class=\"quick-link__container\">\n                <span class=\"quick-link__text\">\n                    Uni Events                <\/span>\n                <svg aria-hidden=\"true\" focusable=\"false\" class=\"icon icon-outline icon--arrow-right \"><use xlink:href=\"https:\/\/www.uni.lu\/wp-content\/themes\/unilux-theme\/assets\/images\/icons\/icons-outline.svg#icon--arrow-right\"><\/use><\/svg>            <\/span>\n    <\/a>\n<\/li>\n<\/ul>\n    <\/div>\n<\/section>","protected":false},"excerpt":{"rendered":"","protected":false},"author":33,"featured_media":8926,"parent":0,"menu_order":999,"comment_status":"closed","ping_status":"closed","template":"","meta":{"featured_image_focal_point":[],"show_featured_caption":false,"ulux_newsletter_groups":"","uluxPostTitle":"","uluxPrePostTitle":"","_trash_the_other_posts":false,"_price":"","_stock":"","_tribe_ticket_header":"","_tribe_default_ticket_provider":"","_tribe_ticket_capacity":"0","_ticket_start_date":"","_ticket_end_date":"","_tribe_ticket_show_description":"","_tribe_ticket_show_not_going":false,"_tribe_ticket_use_global_stock":"","_tribe_ticket_global_stock_level":"","_global_stock_mode":"","_global_stock_cap":"","_tribe_rsvp_for_event":"","_tribe_ticket_going_count":"","_tribe_ticket_not_going_count":"","_tribe_tickets_list":"[]","_tribe_ticket_has_attendee_info_fields":false,"footnotes":""},"field-of-interest":[],"organisation":[],"authorship":[33],"acf":[],"yoast_head":"<!-- This site is optimized with the Yoast SEO Premium plugin v22.3 (Yoast SEO v22.3) - https:\/\/yoast.com\/wordpress\/plugins\/seo\/ -->\n<title>Aktualit\u00e4ten der Universit\u00e4t - Universit\u00e4t Luxemburg<\/title>\n<meta name=\"description\" content=\"Wie entwickelt sich die Universit\u00e4t? Welchen wichtigen Herausforderungen steht die Universit\u00e4t Luxemburg gegen\u00fcber? Was sind ihre n\u00e4chsten Schritte?\" \/>\n<meta name=\"robots\" content=\"index, follow, max-snippet:-1, max-image-preview:large, max-video-preview:-1\" \/>\n<link rel=\"canonical\" href=\"https:\/\/www.uni.lu\/de\/aktualitaeten\/\" \/>\n<meta property=\"og:locale\" content=\"de_DE\" \/>\n<meta property=\"og:type\" content=\"article\" \/>\n<meta property=\"og:title\" content=\"Aktualit\u00e4ten der Universit\u00e4t\" \/>\n<meta property=\"og:description\" content=\"Wie entwickelt sich die Universit\u00e4t? Welchen wichtigen Herausforderungen steht die Universit\u00e4t Luxemburg gegen\u00fcber? Was sind ihre n\u00e4chsten Schritte?\" \/>\n<meta property=\"og:url\" content=\"https:\/\/www.uni.lu\/de\/aktualitaeten\/\" \/>\n<meta property=\"og:site_name\" content=\"UNI DE\" \/>\n<meta property=\"article:publisher\" content=\"https:\/\/www.facebook.com\/uni.lu\" \/>\n<meta property=\"article:modified_time\" content=\"2026-03-04T07:48:05+00:00\" \/>\n<meta property=\"og:image\" content=\"https:\/\/www.uni.lu\/wp-content\/uploads\/sites\/10\/2026\/03\/03120000\/UNIV_SM-Profile_1600x1600px-scaled.jpg\" \/>\n\t<meta property=\"og:image:width\" content=\"2560\" \/>\n\t<meta property=\"og:image:height\" content=\"2560\" \/>\n\t<meta property=\"og:image:type\" content=\"image\/jpeg\" \/>\n<meta name=\"twitter:card\" content=\"summary_large_image\" \/>\n<meta name=\"twitter:label1\" content=\"Gesch\u00e4tzte Lesezeit\" \/>\n\t<meta name=\"twitter:data1\" content=\"1 Minute\" \/>\n<script type=\"application\/ld+json\" class=\"yoast-schema-graph\">{\"@context\":\"https:\/\/schema.org\",\"@graph\":[{\"@type\":\"WebPage\",\"@id\":\"https:\/\/www.uni.lu\/de\/aktualitaeten\/\",\"url\":\"https:\/\/www.uni.lu\/de\/aktualitaeten\/\",\"name\":\"Aktualit\u00e4ten der Universit\u00e4t - Universit\u00e4t Luxemburg\",\"isPartOf\":{\"@id\":\"https:\/\/www.uni.lu\/de\/#website\"},\"primaryImageOfPage\":{\"@id\":\"https:\/\/www.uni.lu\/de\/aktualitaeten\/#primaryimage\"},\"image\":{\"@id\":\"https:\/\/www.uni.lu\/de\/aktualitaeten\/#primaryimage\"},\"thumbnailUrl\":\"https:\/\/www.uni.lu\/wp-content\/uploads\/sites\/10\/2026\/03\/03120000\/UNIV_SM-Profile_1600x1600px-scaled.jpg\",\"datePublished\":\"2024-01-29T14:09:25+00:00\",\"dateModified\":\"2026-03-04T07:48:05+00:00\",\"description\":\"Wie entwickelt sich die Universit\u00e4t? Welchen wichtigen Herausforderungen steht die Universit\u00e4t Luxemburg gegen\u00fcber? Was sind ihre n\u00e4chsten Schritte?\",\"breadcrumb\":{\"@id\":\"https:\/\/www.uni.lu\/de\/aktualitaeten\/#breadcrumb\"},\"inLanguage\":\"de-DE\",\"potentialAction\":[{\"@type\":\"ReadAction\",\"target\":[\"https:\/\/www.uni.lu\/de\/aktualitaeten\/\"]}]},{\"@type\":\"ImageObject\",\"inLanguage\":\"de-DE\",\"@id\":\"https:\/\/www.uni.lu\/de\/aktualitaeten\/#primaryimage\",\"url\":\"https:\/\/www.uni.lu\/wp-content\/uploads\/sites\/10\/2026\/03\/03120000\/UNIV_SM-Profile_1600x1600px-scaled.jpg\",\"contentUrl\":\"https:\/\/www.uni.lu\/wp-content\/uploads\/sites\/10\/2026\/03\/03120000\/UNIV_SM-Profile_1600x1600px-scaled.jpg\",\"width\":2560,\"height\":2560},{\"@type\":\"BreadcrumbList\",\"@id\":\"https:\/\/www.uni.lu\/de\/aktualitaeten\/#breadcrumb\",\"itemListElement\":[{\"@type\":\"ListItem\",\"position\":1,\"name\":\"Home\",\"item\":\"https:\/\/www.uni.lu\/de\/\"},{\"@type\":\"ListItem\",\"position\":2,\"name\":\"Aktualit\u00e4ten der Universit\u00e4t\"}]},{\"@type\":\"WebSite\",\"@id\":\"https:\/\/www.uni.lu\/de\/#website\",\"url\":\"https:\/\/www.uni.lu\/de\/\",\"name\":\"Uni.lu\",\"description\":\"Universit\u00e4t Luxemburg\",\"publisher\":{\"@id\":\"https:\/\/www.uni.lu\/de\/#organization\"},\"alternateName\":\"Universit\u00e4t Luxemburg\",\"potentialAction\":[{\"@type\":\"SearchAction\",\"target\":{\"@type\":\"EntryPoint\",\"urlTemplate\":\"https:\/\/www.uni.lu\/de\/?s={search_term_string}\"},\"query-input\":\"required name=search_term_string\"}],\"inLanguage\":\"de-DE\"},{\"@type\":\"Organization\",\"@id\":\"https:\/\/www.uni.lu\/de\/#organization\",\"name\":\"Universit\u00e4t Luxemburg\",\"alternateName\":\"Uni.lu\",\"url\":\"https:\/\/www.uni.lu\/de\/\",\"logo\":{\"@type\":\"ImageObject\",\"inLanguage\":\"de-DE\",\"@id\":\"https:\/\/www.uni.lu\/de\/#\/schema\/logo\/image\/\",\"url\":\"https:\/\/www.uni.lu\/wp-content\/uploads\/sites\/10\/2026\/03\/03120000\/UNIV_SM-Profile_1600x1600px-scaled.jpg\",\"contentUrl\":\"https:\/\/www.uni.lu\/wp-content\/uploads\/sites\/10\/2026\/03\/03120000\/UNIV_SM-Profile_1600x1600px-scaled.jpg\",\"width\":2560,\"height\":2560,\"caption\":\"Universit\u00e4t Luxemburg\"},\"image\":{\"@id\":\"https:\/\/www.uni.lu\/de\/#\/schema\/logo\/image\/\"},\"sameAs\":[\"https:\/\/www.facebook.com\/uni.lu\",\"https:\/\/www.linkedin.com\/school\/university-of-luxembourg\/\",\"https:\/\/www.instagram.com\/uni.lu\",\"https:\/\/www.youtube.com\/@uni_lu\",\"https:\/\/en.wikipedia.org\/wiki\/University_of_Luxembourg\"]}]}<\/script>\n<!-- \/ Yoast SEO Premium plugin. -->","yoast_head_json":{"title":"Aktualit\u00e4ten der Universit\u00e4t - Universit\u00e4t Luxemburg","description":"Wie entwickelt sich die Universit\u00e4t? Welchen wichtigen Herausforderungen steht die Universit\u00e4t Luxemburg gegen\u00fcber? Was sind ihre n\u00e4chsten Schritte?","robots":{"index":"index","follow":"follow","max-snippet":"max-snippet:-1","max-image-preview":"max-image-preview:large","max-video-preview":"max-video-preview:-1"},"canonical":"https:\/\/www.uni.lu\/de\/aktualitaeten\/","og_locale":"de_DE","og_type":"article","og_title":"Aktualit\u00e4ten der Universit\u00e4t","og_description":"Wie entwickelt sich die Universit\u00e4t? Welchen wichtigen Herausforderungen steht die Universit\u00e4t Luxemburg gegen\u00fcber? Was sind ihre n\u00e4chsten Schritte?","og_url":"https:\/\/www.uni.lu\/de\/aktualitaeten\/","og_site_name":"UNI DE","article_publisher":"https:\/\/www.facebook.com\/uni.lu","article_modified_time":"2026-03-04T07:48:05+00:00","og_image":[{"width":2560,"height":2560,"url":"https:\/\/www.uni.lu\/wp-content\/uploads\/sites\/10\/2026\/03\/03120000\/UNIV_SM-Profile_1600x1600px-scaled.jpg","type":"image\/jpeg"}],"twitter_card":"summary_large_image","twitter_misc":{"Gesch\u00e4tzte Lesezeit":"1 Minute"},"schema":{"@context":"https:\/\/schema.org","@graph":[{"@type":"WebPage","@id":"https:\/\/www.uni.lu\/de\/aktualitaeten\/","url":"https:\/\/www.uni.lu\/de\/aktualitaeten\/","name":"Aktualit\u00e4ten der Universit\u00e4t - Universit\u00e4t Luxemburg","isPartOf":{"@id":"https:\/\/www.uni.lu\/de\/#website"},"primaryImageOfPage":{"@id":"https:\/\/www.uni.lu\/de\/aktualitaeten\/#primaryimage"},"image":{"@id":"https:\/\/www.uni.lu\/de\/aktualitaeten\/#primaryimage"},"thumbnailUrl":"https:\/\/www.uni.lu\/wp-content\/uploads\/sites\/10\/2026\/03\/03120000\/UNIV_SM-Profile_1600x1600px-scaled.jpg","datePublished":"2024-01-29T14:09:25+00:00","dateModified":"2026-03-04T07:48:05+00:00","description":"Wie entwickelt sich die Universit\u00e4t? Welchen wichtigen Herausforderungen steht die Universit\u00e4t Luxemburg gegen\u00fcber? Was sind ihre n\u00e4chsten Schritte?","breadcrumb":{"@id":"https:\/\/www.uni.lu\/de\/aktualitaeten\/#breadcrumb"},"inLanguage":"de-DE","potentialAction":[{"@type":"ReadAction","target":["https:\/\/www.uni.lu\/de\/aktualitaeten\/"]}]},{"@type":"ImageObject","inLanguage":"de-DE","@id":"https:\/\/www.uni.lu\/de\/aktualitaeten\/#primaryimage","url":"https:\/\/www.uni.lu\/wp-content\/uploads\/sites\/10\/2026\/03\/03120000\/UNIV_SM-Profile_1600x1600px-scaled.jpg","contentUrl":"https:\/\/www.uni.lu\/wp-content\/uploads\/sites\/10\/2026\/03\/03120000\/UNIV_SM-Profile_1600x1600px-scaled.jpg","width":2560,"height":2560},{"@type":"BreadcrumbList","@id":"https:\/\/www.uni.lu\/de\/aktualitaeten\/#breadcrumb","itemListElement":[{"@type":"ListItem","position":1,"name":"Home","item":"https:\/\/www.uni.lu\/de\/"},{"@type":"ListItem","position":2,"name":"Aktualit\u00e4ten der Universit\u00e4t"}]},{"@type":"WebSite","@id":"https:\/\/www.uni.lu\/de\/#website","url":"https:\/\/www.uni.lu\/de\/","name":"Uni.lu","description":"Universit\u00e4t Luxemburg","publisher":{"@id":"https:\/\/www.uni.lu\/de\/#organization"},"alternateName":"Universit\u00e4t Luxemburg","potentialAction":[{"@type":"SearchAction","target":{"@type":"EntryPoint","urlTemplate":"https:\/\/www.uni.lu\/de\/?s={search_term_string}"},"query-input":"required name=search_term_string"}],"inLanguage":"de-DE"},{"@type":"Organization","@id":"https:\/\/www.uni.lu\/de\/#organization","name":"Universit\u00e4t Luxemburg","alternateName":"Uni.lu","url":"https:\/\/www.uni.lu\/de\/","logo":{"@type":"ImageObject","inLanguage":"de-DE","@id":"https:\/\/www.uni.lu\/de\/#\/schema\/logo\/image\/","url":"https:\/\/www.uni.lu\/wp-content\/uploads\/sites\/10\/2026\/03\/03120000\/UNIV_SM-Profile_1600x1600px-scaled.jpg","contentUrl":"https:\/\/www.uni.lu\/wp-content\/uploads\/sites\/10\/2026\/03\/03120000\/UNIV_SM-Profile_1600x1600px-scaled.jpg","width":2560,"height":2560,"caption":"Universit\u00e4t Luxemburg"},"image":{"@id":"https:\/\/www.uni.lu\/de\/#\/schema\/logo\/image\/"},"sameAs":["https:\/\/www.facebook.com\/uni.lu","https:\/\/www.linkedin.com\/school\/university-of-luxembourg\/","https:\/\/www.instagram.com\/uni.lu","https:\/\/www.youtube.com\/@uni_lu","https:\/\/en.wikipedia.org\/wiki\/University_of_Luxembourg"]}]}},"ticketed":false,"_links":{"self":[{"href":"https:\/\/www.uni.lu\/de\/wp-json\/wp\/v2\/pages\/3088"}],"collection":[{"href":"https:\/\/www.uni.lu\/de\/wp-json\/wp\/v2\/pages"}],"about":[{"href":"https:\/\/www.uni.lu\/de\/wp-json\/wp\/v2\/types\/page"}],"author":[{"embeddable":true,"href":"https:\/\/www.uni.lu\/de\/wp-json\/wp\/v2\/users\/33"}],"replies":[{"embeddable":true,"href":"https:\/\/www.uni.lu\/de\/wp-json\/wp\/v2\/comments?post=3088"}],"version-history":[{"count":5,"href":"https:\/\/www.uni.lu\/de\/wp-json\/wp\/v2\/pages\/3088\/revisions"}],"predecessor-version":[{"id":8935,"href":"https:\/\/www.uni.lu\/de\/wp-json\/wp\/v2\/pages\/3088\/revisions\/8935"}],"wp:authorship":[{"embeddable":true,"href":"https:\/\/www.uni.lu\/de\/wp-json\/wp\/v2\/users\/33"}],"wp:featuredmedia":[{"embeddable":true,"href":"https:\/\/www.uni.lu\/de\/wp-json\/wp\/v2\/media\/8926"}],"wp:attachment":[{"href":"https:\/\/www.uni.lu\/de\/wp-json\/wp\/v2\/media?parent=3088"}],"wp:term":[{"taxonomy":"field-of-interest","embeddable":true,"href":"https:\/\/www.uni.lu\/de\/wp-json\/wp\/v2\/field-of-interest?post=3088"},{"taxonomy":"organisation","embeddable":true,"href":"https:\/\/www.uni.lu\/de\/wp-json\/wp\/v2\/organisation?post=3088"}],"curies":[{"name":"wp","href":"https:\/\/api.w.org\/{rel}","templated":true}]}}