{"id":2889,"date":"2024-01-19T17:10:45","date_gmt":"2024-01-19T16:10:45","guid":{"rendered":"https:\/\/www.uni.lu\/de\/?page_id=2889"},"modified":"2026-04-03T11:51:47","modified_gmt":"2026-04-03T09:51:47","slug":"studienprogramme-uebersicht","status":"publish","type":"page","link":"https:\/\/www.uni.lu\/de\/studium\/studienprogramme-uebersicht\/","title":{"rendered":"Studienprogramme \u00dcbersicht"},"content":{"rendered":"\n<section class=\"section no-padding-y wp-block-unilux-blocks-hero\">\n    <div class=\"hero hero--2 hero--overlay-top \">\n        \n<header class=\"wp-block-unilux-blocks-wrapper hero__header\">\n<div class=\"wp-block-unilux-blocks-wrapper hero__container\">\n<span class=\"hero__title__subject wp-block-unilux-blocks-plain-text\">Unser Bildungsangebot<\/span>\n\n\n<h1 class=\"has-text-align-left wp-block-unilux-blocks-heading\"        id=\"studienprogramme\"\n    >\nStudienprogramme<\/h1>\n<\/div>\n<\/header>\n<figure class=\"wp-block-dev4-reusable-blocks-image hero__visual object-fit--cover\">\n    \n<img decoding=\"async\" class=\"wp-block-image unilux-custom-image-block\"\n                alt=\"Students in library\"\n            src=\"https:\/\/www.uni.lu\/wp-content\/uploads\/sites\/9\/2023\/07\/prog.jpg\"\n                    style=\"object-position: 0.00% 68.00%; font-family: &quot;object-fit: cover; object-position: 0.00% 68.00%;&quot;; aspect-ratio: 16\/9; object-fit: cover; width: 100%;\"\n        loading=\"lazy\"\n\/>    <\/figure>\n<div class=\"wp-block-unilux-blocks-wrapper hero__body\">\n<div class=\"wp-block-unilux-blocks-wrapper hero__container\">\n<p class=\"wp-block-unilux-blocks-plain-text\">Ein Studium an der Universit\u00e4t Luxemburg ist eine einzigartig bereichernde Erfahrung. Die Studieng\u00e4nge vermitteln modernstes Wissen in einem sehr internationalen, mehrsprachigen und ausgesprochen interdisziplin\u00e4ren Umfeld. Kleine Klassen sorgen f\u00fcr eine direkte Interaktion zwischen Studierenden und dem Lehrpersonal.<\/p>\n\n\n<ul class=\"wp-block-unilux-blocks-custom-buttons btn-list\"><li class=\"wp-block-unilux-blocks-custom-button\"    aria-disabled=\"false\"\n    >\n    <a\n        role=\"link\"\n        aria-disabled=\"false\"\n                    href=\"https:\/\/www.uni.lu\/de\/zulassung\/\"\n                target=\"_self\"\n        class=\"btn btn--primary\"\n            >Zulassung<\/a>\n<\/li>\n\n\n<\/ul>\n<\/div>\n<\/div>\n    <\/div>\n<\/section>\n\n\n<section class=\"py-0 wp-block-unilux-blocks-free-section section\"><div class=\"container xl:max-w-screen-xl\">\n<ul class=\"wp-block-unilux-blocks-highlighted-list list-highlighted list-highlighted--history\"><li class=\"list-highlighted__item  wp-block-unilux-blocks-highlighted-list-item\">\n    <header class=\"list-highlighted__header wp-block-unilux-blocks-highlighted-list-item-header\">\n    \n<h4 class=\"title text-18 font-bold has-text-align-left wp-block-unilux-blocks-heading\"        id=\"1\"\n    >\n1<\/h4>\n<div class=\"wp-block-unilux-blocks-bigtext\">\n    <span>\n        \n2026-2027    <\/span>\n<\/div><\/header><div class=\"list-highlighted__body wp-block-unilux-blocks-highlighted-list-item-body\">\n    <div class=\"wp-block-unilux-blocks-highlighted-list-item-free-content-area\">\n    \n<p>Am 1. Februar 2026 beginnt die Bewerbungsphase <strong>f\u00fcr die Studieng\u00e4nge der Universit\u00e4t Luxemburg im akademischen Jahr 2026\/2027<\/strong>. <a href=\"https:\/\/www.uni.lu\/de\/studium\/die-universitaet-entdecken\/\">Besuchen Sie uns bei einer Veranstaltung oder auf einer Messe<\/a> oder informieren Sie sich nachfolgend \u00fcber unsere Studieng\u00e4nge bzw. <a href=\"https:\/\/www.uni.lu\/de\/zulassung\/bachelor-master\/\">das Bewerbungsverfahren<\/a>.<\/p>\n<\/div><\/div><\/li><\/ul>\n<\/div><\/section>\n\n\n\n<section class=\"wp-block-unilux-blocks-free-section section\"><div class=\"container xl:max-w-screen-xl\">\n<h2 class=\"has-text-align-left wp-block-unilux-blocks-heading\"        id=\"waehlen-sie-ihr-studium-aus\"\n    >\nW\u00e4hlen Sie Ihr Studium aus<\/h2>\n\n\n\n<div class=\"wp-block-unilux-filters-study-programmes-filter study-programmes-filter\">\n<div\n    data-component-type=\"filter-v2\"\n    data-model=\"{&quot;filterEndpointUrl&quot;:&quot;https:\\\/\\\/www.uni.lu\\\/de\\\/wp-json\\\/ulux-elastic-customizations\\\/v1\\\/filter&quot;}\"\n    data-attributes=\"{&quot;siteId&quot;:10,&quot;postType&quot;:&quot;study-programs&quot;,&quot;postTypeLabel&quot;:&quot;Studienprogramme&quot;,&quot;postTypeAllItemsLabel&quot;:&quot;Studienprogramme&quot;,&quot;showSpotlight&quot;:false,&quot;spotlightPostIds&quot;:&quot;&quot;,&quot;terms&quot;:[{&quot;caption&quot;:&quot;Types of Studies&quot;,&quot;slug&quot;:&quot;type-of-studies&quot;,&quot;terms&quot;:[{&quot;slug&quot;:&quot;bachelor&quot;,&quot;name&quot;:&quot;Bachelor&quot;,&quot;position&quot;:0},{&quot;slug&quot;:&quot;master&quot;,&quot;name&quot;:&quot;Master&quot;,&quot;position&quot;:2},{&quot;slug&quot;:&quot;weiterbildung&quot;,&quot;name&quot;:&quot;Weiterbildung&quot;,&quot;position&quot;:3},{&quot;slug&quot;:&quot;spezialisierte-diplomstudiengaenge-des&quot;,&quot;name&quot;:&quot;Spezialisierte Diplomstudieng\\u00e4nge (DES)&quot;,&quot;position&quot;:4}]},{&quot;caption&quot;:&quot;Field of interests&quot;,&quot;slug&quot;:&quot;field-of-interest&quot;,&quot;terms&quot;:[{&quot;slug&quot;:&quot;erziehungswissenschaft-sozialarbeit&quot;,&quot;name&quot;:&quot;Erziehungswissenschaft &amp; Sozialarbeit&quot;,&quot;position&quot;:0},{&quot;slug&quot;:&quot;finanzwirtschaft&quot;,&quot;name&quot;:&quot;Finanzwirtschaft&quot;,&quot;position&quot;:1},{&quot;slug&quot;:&quot;geisteswissenschaften&quot;,&quot;name&quot;:&quot;Geisteswissenschaften&quot;,&quot;position&quot;:2},{&quot;slug&quot;:&quot;geographie-raumplanung&quot;,&quot;name&quot;:&quot;Geographie &amp; Raumplanung&quot;,&quot;position&quot;:3},{&quot;slug&quot;:&quot;high-performance-computing-hpc&quot;,&quot;name&quot;:&quot;High Performance Computing (HPC)&quot;,&quot;position&quot;:4},{&quot;slug&quot;:&quot;informatik-ikt&quot;,&quot;name&quot;:&quot;Informatik &amp; IKT&quot;,&quot;position&quot;:5},{&quot;slug&quot;:&quot;ingenieurwissenschaften&quot;,&quot;name&quot;:&quot;Ingenieurwissenschaften&quot;,&quot;position&quot;:6},{&quot;slug&quot;:&quot;lebenswissenschaften-medizin&quot;,&quot;name&quot;:&quot;Lebenswissenscha\\u200bften &amp; Medizin&quot;,&quot;position&quot;:7},{&quot;slug&quot;:&quot;mathematik&quot;,&quot;name&quot;:&quot;Mathematik&quot;,&quot;position&quot;:8},{&quot;slug&quot;:&quot;psychologie-neurowissenschaften-verhaltensoekonomie&quot;,&quot;name&quot;:&quot;Psychologie, Neurowissenschaften &amp; Verhaltens\\u00f6konomie&quot;,&quot;position&quot;:9},{&quot;slug&quot;:&quot;physik-materialwissenschaften&quot;,&quot;name&quot;:&quot;Physik &amp; Materialwissenschaften&quot;,&quot;position&quot;:10},{&quot;slug&quot;:&quot;raumfahrt&quot;,&quot;name&quot;:&quot;Raumfahrt&quot;,&quot;position&quot;:11},{&quot;slug&quot;:&quot;rechtswissenschaft&quot;,&quot;name&quot;:&quot;Rechtswissenschaft&quot;,&quot;position&quot;:12},{&quot;slug&quot;:&quot;sozialwissenschaften&quot;,&quot;name&quot;:&quot;Sozialwissenschaften&quot;,&quot;position&quot;:13},{&quot;slug&quot;:&quot;wirtschaftswissenschaften&quot;,&quot;name&quot;:&quot;Wirtschaftswissenschaften&quot;,&quot;position&quot;:14}]},{&quot;caption&quot;:&quot;Teaching Languages&quot;,&quot;slug&quot;:&quot;teaching-languages&quot;,&quot;terms&quot;:[{&quot;slug&quot;:&quot;de&quot;,&quot;name&quot;:&quot;DE (einsprachig)&quot;,&quot;position&quot;:0},{&quot;slug&quot;:&quot;en&quot;,&quot;name&quot;:&quot;EN (einsprachig)&quot;,&quot;position&quot;:1},{&quot;slug&quot;:&quot;fr&quot;,&quot;name&quot;:&quot;FR (einsprachig)&quot;,&quot;position&quot;:2},{&quot;slug&quot;:&quot;de-lb&quot;,&quot;name&quot;:&quot;DE + LB&quot;,&quot;position&quot;:3},{&quot;slug&quot;:&quot;en-de&quot;,&quot;name&quot;:&quot;EN + DE&quot;,&quot;position&quot;:4},{&quot;slug&quot;:&quot;en-fr&quot;,&quot;name&quot;:&quot;EN + FR&quot;,&quot;position&quot;:5},{&quot;slug&quot;:&quot;en-fr-de&quot;,&quot;name&quot;:&quot;EN + FR + DE&quot;,&quot;position&quot;:6},{&quot;slug&quot;:&quot;en-fr-de-lb&quot;,&quot;name&quot;:&quot;EN + FR + DE + LB&quot;,&quot;position&quot;:7},{&quot;slug&quot;:&quot;fr-de&quot;,&quot;name&quot;:&quot;FR + DE&quot;,&quot;position&quot;:8},{&quot;slug&quot;:&quot;fr-de-lb&quot;,&quot;name&quot;:&quot;FR + DE + LB&quot;,&quot;position&quot;:9},{&quot;slug&quot;:&quot;fr-it&quot;,&quot;name&quot;:&quot;FR + IT&quot;,&quot;position&quot;:10}]},{&quot;caption&quot;:&quot;Organisation&quot;,&quot;slug&quot;:&quot;organisation&quot;,&quot;terms&quot;:[{&quot;slug&quot;:&quot;fakultaet-fuer-naturwissenschaften-technologie-und-medizin-fstm&quot;,&quot;name&quot;:&quot;Fakult\\u00e4t f\\u00fcr Naturwissenschaften, Technologie und Medizin (FSTM)&quot;,&quot;position&quot;:0},{&quot;slug&quot;:&quot;fakultaet-fuer-geisteswissenschaften-erziehungswissenschaften-und-sozialwissenschaften-fhse&quot;,&quot;name&quot;:&quot;Fakult\\u00e4t f\\u00fcr Geisteswissenschaften, Erziehungswissenschaften und Sozialwissenschaften (FHSE)&quot;,&quot;position&quot;:1},{&quot;slug&quot;:&quot;fakultaet-fuer-recht-wirtschaftswissenschaften-und-finanzwirtschaft-fdef&quot;,&quot;name&quot;:&quot;Fakult\\u00e4t f\\u00fcr Recht, Wirtschaftswissenschaften und Finanzwirtschaft (FDEF)&quot;,&quot;position&quot;:2}]}],&quot;clientId&quot;:&quot;bc80d491-b227-46da-8370-0de0c24f44f4&quot;,&quot;imagePlaceHolder&quot;:&quot;https:\\\/\\\/www.uni.lu\\\/wp-content\\\/themes\\\/unilux-theme\\\/assets\\\/images\\\/general\\\/card-study-programs-placeholder.png&quot;,&quot;openInNewTab&quot;:false,&quot;autoscrollDesktop&quot;:false,&quot;autoscrollTablet&quot;:false,&quot;autoscrollMobile&quot;:false,&quot;filterSearchI18n&quot;:{&quot;accordionTitle&quot;:&quot;Filter search&quot;,&quot;fieldLabel&quot;:&quot;Search for a filter option&quot;,&quot;fieldPlaceholder&quot;:&quot;Search for a filter option (e.g. Language Centre)&quot;}}\"\n    data-blog=\"{&quot;blog_id&quot;:&quot;10&quot;,&quot;domain&quot;:&quot;www.uni.lu&quot;,&quot;path&quot;:&quot;\\\/de\\\/&quot;,&quot;site_id&quot;:&quot;1&quot;,&quot;registered&quot;:&quot;2022-08-20 08:02:35&quot;,&quot;last_updated&quot;:&quot;2026-04-03 14:15:18&quot;,&quot;public&quot;:&quot;1&quot;,&quot;archived&quot;:&quot;0&quot;,&quot;mature&quot;:&quot;0&quot;,&quot;spam&quot;:&quot;0&quot;,&quot;deleted&quot;:&quot;0&quot;,&quot;lang_id&quot;:&quot;0&quot;,&quot;blogname&quot;:&quot;UNI DE&quot;,&quot;siteurl&quot;:&quot;https:\\\/\\\/www.uni.lu\\\/de&quot;,&quot;post_count&quot;:&quot;0&quot;,&quot;home&quot;:&quot;https:\\\/\\\/www.uni.lu\\\/de&quot;}\"\n>\n    <\/div>\n<\/div>\n<\/div><\/section>\n\n\n\n<section class=\"wp-block-unilux-blocks-free-section section\"><div class=\"container xl:max-w-screen-xl\">\n<h2 class=\"has-text-align-left wp-block-unilux-blocks-heading\"        id=\"unsere-broschueren-herunterladen\"\n    >\nUnsere Brosch\u00fcren herunterladen<\/h2>\n\n\n\n<ul class=\"wp-block-unilux-blocks-asset-download-list\">\n<li class=\"wp-block-unilux-blocks-asset-download-list-item\"><a class=\"quick-link\" href=\"https:\/\/www.uni.lu\/wp-content\/uploads\/sites\/9\/2026\/04\/03105758\/web-2026-02-BA-brochure-11.pdf\" target=\"_blank\" role=\"link\" rel=\"noopener\" tabindex=\"0\"><span class=\"quick-link__container\">\n<div class=\"wp-block-unilux-blocks-block-inserter quick-link__img\">\n<div class=\"icon--primary icon--secondary-2 icon--xl wp-block-unilux-blocks-icon-picker\">\n    <\/div><\/div>\n\n\n\n<span class=\"quick-link__name wp-block-unilux-blocks-plain-text\">Bachelor (auf Franz\u00f6sisch)<\/span>\n\n<svg aria-hidden=\"true\" focusable=\"false\" class=\"icon icon-outline icon--download \"><use xlink:href=\"https:\/\/www.uni.lu\/wp-content\/themes\/unilux-theme\/assets\/images\/icons\/icons-outline.svg#icon--download\"><\/use><\/svg><\/span><\/a><\/li>\n\n\n\n<li class=\"wp-block-unilux-blocks-asset-download-list-item\"><a class=\"quick-link\" href=\"https:\/\/www.uni.lu\/wp-content\/uploads\/sites\/9\/2026\/04\/03105800\/web-2026-02-MA-brochure-11.pdf\" target=\"_blank\" role=\"link\" rel=\"noopener\" tabindex=\"0\"><span class=\"quick-link__container\">\n<div class=\"wp-block-unilux-blocks-block-inserter quick-link__img\">\n<div class=\"icon--primary icon--secondary-2 icon--xl wp-block-unilux-blocks-icon-picker\">\n    <\/div><\/div>\n\n\n\n<span class=\"quick-link__name wp-block-unilux-blocks-plain-text\">Master (auf Englisch)<\/span>\n\n<svg aria-hidden=\"true\" focusable=\"false\" class=\"icon icon-outline icon--download \"><use xlink:href=\"https:\/\/www.uni.lu\/wp-content\/themes\/unilux-theme\/assets\/images\/icons\/icons-outline.svg#icon--download\"><\/use><\/svg><\/span><\/a><\/li>\n\n\n\n<li class=\"wp-block-unilux-blocks-asset-download-list-item\"><a class=\"quick-link\" href=\"https:\/\/www.uni.lu\/wp-content\/uploads\/sites\/9\/2025\/08\/22161826\/Study-programmes_08.2025_web.pdf\" target=\"_blank\" role=\"link\" rel=\"noopener\" tabindex=\"0\"><span class=\"quick-link__container\">\n<div class=\"wp-block-unilux-blocks-block-inserter quick-link__img\">\n<div class=\"icon--primary icon--secondary-2 icon--xl wp-block-unilux-blocks-icon-picker\">\n    <\/div><\/div>\n\n\n\n<span class=\"quick-link__name wp-block-unilux-blocks-plain-text\">Studienprogramme (auf Englisch)<\/span>\n\n<svg aria-hidden=\"true\" focusable=\"false\" class=\"icon icon-outline icon--download \"><use xlink:href=\"https:\/\/www.uni.lu\/wp-content\/themes\/unilux-theme\/assets\/images\/icons\/icons-outline.svg#icon--download\"><\/use><\/svg><\/span><\/a><\/li>\n<\/ul>\n<\/div><\/section>\n\n\n<section class=\"section section wp-block-unilux-blocks-quick-link-discover-section py-0\">\n    <div class=\"container xl:max-w-screen-xl\">\n        \n<h2 class=\"has-text-align-left wp-block-unilux-blocks-heading\"        id=\"studienprogramm-schon-ausgewaehlt\"\n    >\nStudienprogramm schon ausgew\u00e4hlt?<\/h2>\n\n<ul class=\"wp-block-unilux-blocks-quick-link-discover quick-link-list\">\n<li class=\"wp-block-unilux-blocks-quick-link-discover-item\">\n    <a\n                    href=\"https:\/\/www.uni.lu\/de\/zulassung\/bachelor-master\/#zulassungskriterien\"\n                    class=\"quick-link\"\n            target=\"\"\n    >\n            <span class=\"quick-link__container\">\n                <span class=\"quick-link__text\">\n                    Der n\u00e4chste Schritt: die Zulassungskriterien pr\u00fcfen                <\/span>\n                <svg aria-hidden=\"true\" focusable=\"false\" class=\"icon icon-outline icon--arrow-right \"><use xlink:href=\"https:\/\/www.uni.lu\/wp-content\/themes\/unilux-theme\/assets\/images\/icons\/icons-outline.svg#icon--arrow-right\"><\/use><\/svg>            <\/span>\n    <\/a>\n<\/li>\n<\/ul>\n    <\/div>\n<\/section>","protected":false},"excerpt":{"rendered":"","protected":false},"author":33,"featured_media":8926,"parent":1274,"menu_order":0,"comment_status":"closed","ping_status":"closed","template":"","meta":{"featured_image_focal_point":[],"show_featured_caption":false,"ulux_newsletter_groups":"","uluxPostTitle":"","uluxPrePostTitle":"","_trash_the_other_posts":false,"_price":"","_stock":"","_tribe_ticket_header":"","_tribe_default_ticket_provider":"","_tribe_ticket_capacity":"0","_ticket_start_date":"","_ticket_end_date":"","_tribe_ticket_show_description":"","_tribe_ticket_show_not_going":false,"_tribe_ticket_use_global_stock":"","_tribe_ticket_global_stock_level":"","_global_stock_mode":"","_global_stock_cap":"","_tribe_rsvp_for_event":"","_tribe_ticket_going_count":"","_tribe_ticket_not_going_count":"","_tribe_tickets_list":"[]","_tribe_ticket_has_attendee_info_fields":false,"footnotes":""},"field-of-interest":[],"organisation":[],"authorship":[33],"acf":[],"yoast_head":"<!-- This site is optimized with the Yoast SEO Premium plugin v22.3 (Yoast SEO v22.3) - https:\/\/yoast.com\/wordpress\/plugins\/seo\/ -->\n<title>Studienprogramme \u00dcbersicht - Universit\u00e4t Luxemburg<\/title>\n<meta name=\"description\" content=\"Die Liste aller Studienprogramme, die an der Universit\u00e4t Luxemburg angeboten werden. Jetzt einsteigen!\" \/>\n<meta name=\"robots\" content=\"index, follow, max-snippet:-1, max-image-preview:large, max-video-preview:-1\" \/>\n<link rel=\"canonical\" href=\"https:\/\/www.uni.lu\/de\/studium\/studienprogramme-uebersicht\/\" \/>\n<meta property=\"og:locale\" content=\"de_DE\" \/>\n<meta property=\"og:type\" content=\"article\" \/>\n<meta property=\"og:title\" content=\"Studienprogramme \u00dcbersicht\" \/>\n<meta property=\"og:description\" content=\"Die Liste aller Studienprogramme, die an der Universit\u00e4t Luxemburg angeboten werden. Jetzt einsteigen!\" \/>\n<meta property=\"og:url\" content=\"https:\/\/www.uni.lu\/de\/studium\/studienprogramme-uebersicht\/\" \/>\n<meta property=\"og:site_name\" content=\"UNI DE\" \/>\n<meta property=\"article:publisher\" content=\"https:\/\/www.facebook.com\/uni.lu\" \/>\n<meta property=\"article:modified_time\" content=\"2026-04-03T09:51:47+00:00\" \/>\n<meta property=\"og:image\" content=\"https:\/\/www.uni.lu\/wp-content\/uploads\/sites\/10\/2026\/03\/03120000\/UNIV_SM-Profile_1600x1600px-scaled.jpg\" \/>\n\t<meta property=\"og:image:width\" content=\"2560\" \/>\n\t<meta property=\"og:image:height\" content=\"2560\" \/>\n\t<meta property=\"og:image:type\" content=\"image\/jpeg\" \/>\n<meta name=\"twitter:card\" content=\"summary_large_image\" \/>\n<meta name=\"twitter:label1\" content=\"Gesch\u00e4tzte Lesezeit\" \/>\n\t<meta name=\"twitter:data1\" content=\"1 Minute\" \/>\n<script type=\"application\/ld+json\" class=\"yoast-schema-graph\">{\"@context\":\"https:\/\/schema.org\",\"@graph\":[{\"@type\":\"WebPage\",\"@id\":\"https:\/\/www.uni.lu\/de\/studium\/studienprogramme-uebersicht\/\",\"url\":\"https:\/\/www.uni.lu\/de\/studium\/studienprogramme-uebersicht\/\",\"name\":\"Studienprogramme \u00dcbersicht - Universit\u00e4t Luxemburg\",\"isPartOf\":{\"@id\":\"https:\/\/www.uni.lu\/de\/#website\"},\"primaryImageOfPage\":{\"@id\":\"https:\/\/www.uni.lu\/de\/studium\/studienprogramme-uebersicht\/#primaryimage\"},\"image\":{\"@id\":\"https:\/\/www.uni.lu\/de\/studium\/studienprogramme-uebersicht\/#primaryimage\"},\"thumbnailUrl\":\"https:\/\/www.uni.lu\/wp-content\/uploads\/sites\/10\/2026\/03\/03120000\/UNIV_SM-Profile_1600x1600px-scaled.jpg\",\"datePublished\":\"2024-01-19T16:10:45+00:00\",\"dateModified\":\"2026-04-03T09:51:47+00:00\",\"description\":\"Die Liste aller Studienprogramme, die an der Universit\u00e4t Luxemburg angeboten werden. Jetzt einsteigen!\",\"breadcrumb\":{\"@id\":\"https:\/\/www.uni.lu\/de\/studium\/studienprogramme-uebersicht\/#breadcrumb\"},\"inLanguage\":\"de-DE\",\"potentialAction\":[{\"@type\":\"ReadAction\",\"target\":[\"https:\/\/www.uni.lu\/de\/studium\/studienprogramme-uebersicht\/\"]}]},{\"@type\":\"ImageObject\",\"inLanguage\":\"de-DE\",\"@id\":\"https:\/\/www.uni.lu\/de\/studium\/studienprogramme-uebersicht\/#primaryimage\",\"url\":\"https:\/\/www.uni.lu\/wp-content\/uploads\/sites\/10\/2026\/03\/03120000\/UNIV_SM-Profile_1600x1600px-scaled.jpg\",\"contentUrl\":\"https:\/\/www.uni.lu\/wp-content\/uploads\/sites\/10\/2026\/03\/03120000\/UNIV_SM-Profile_1600x1600px-scaled.jpg\",\"width\":2560,\"height\":2560},{\"@type\":\"BreadcrumbList\",\"@id\":\"https:\/\/www.uni.lu\/de\/studium\/studienprogramme-uebersicht\/#breadcrumb\",\"itemListElement\":[{\"@type\":\"ListItem\",\"position\":1,\"name\":\"Home\",\"item\":\"https:\/\/www.uni.lu\/de\/\"},{\"@type\":\"ListItem\",\"position\":2,\"name\":\"Studium\",\"item\":\"https:\/\/www.uni.lu\/de\/studium\/\"},{\"@type\":\"ListItem\",\"position\":3,\"name\":\"Studienprogramme \u00dcbersicht\"}]},{\"@type\":\"WebSite\",\"@id\":\"https:\/\/www.uni.lu\/de\/#website\",\"url\":\"https:\/\/www.uni.lu\/de\/\",\"name\":\"Uni.lu\",\"description\":\"Universit\u00e4t Luxemburg\",\"publisher\":{\"@id\":\"https:\/\/www.uni.lu\/de\/#organization\"},\"alternateName\":\"Universit\u00e4t Luxemburg\",\"potentialAction\":[{\"@type\":\"SearchAction\",\"target\":{\"@type\":\"EntryPoint\",\"urlTemplate\":\"https:\/\/www.uni.lu\/de\/?s={search_term_string}\"},\"query-input\":\"required name=search_term_string\"}],\"inLanguage\":\"de-DE\"},{\"@type\":\"Organization\",\"@id\":\"https:\/\/www.uni.lu\/de\/#organization\",\"name\":\"Universit\u00e4t Luxemburg\",\"alternateName\":\"Uni.lu\",\"url\":\"https:\/\/www.uni.lu\/de\/\",\"logo\":{\"@type\":\"ImageObject\",\"inLanguage\":\"de-DE\",\"@id\":\"https:\/\/www.uni.lu\/de\/#\/schema\/logo\/image\/\",\"url\":\"https:\/\/www.uni.lu\/wp-content\/uploads\/sites\/10\/2026\/03\/03120000\/UNIV_SM-Profile_1600x1600px-scaled.jpg\",\"contentUrl\":\"https:\/\/www.uni.lu\/wp-content\/uploads\/sites\/10\/2026\/03\/03120000\/UNIV_SM-Profile_1600x1600px-scaled.jpg\",\"width\":2560,\"height\":2560,\"caption\":\"Universit\u00e4t Luxemburg\"},\"image\":{\"@id\":\"https:\/\/www.uni.lu\/de\/#\/schema\/logo\/image\/\"},\"sameAs\":[\"https:\/\/www.facebook.com\/uni.lu\",\"https:\/\/www.linkedin.com\/school\/university-of-luxembourg\/\",\"https:\/\/www.instagram.com\/uni.lu\",\"https:\/\/www.youtube.com\/@uni_lu\",\"https:\/\/en.wikipedia.org\/wiki\/University_of_Luxembourg\"]}]}<\/script>\n<!-- \/ Yoast SEO Premium plugin. -->","yoast_head_json":{"title":"Studienprogramme \u00dcbersicht - Universit\u00e4t Luxemburg","description":"Die Liste aller Studienprogramme, die an der Universit\u00e4t Luxemburg angeboten werden. Jetzt einsteigen!","robots":{"index":"index","follow":"follow","max-snippet":"max-snippet:-1","max-image-preview":"max-image-preview:large","max-video-preview":"max-video-preview:-1"},"canonical":"https:\/\/www.uni.lu\/de\/studium\/studienprogramme-uebersicht\/","og_locale":"de_DE","og_type":"article","og_title":"Studienprogramme \u00dcbersicht","og_description":"Die Liste aller Studienprogramme, die an der Universit\u00e4t Luxemburg angeboten werden. Jetzt einsteigen!","og_url":"https:\/\/www.uni.lu\/de\/studium\/studienprogramme-uebersicht\/","og_site_name":"UNI DE","article_publisher":"https:\/\/www.facebook.com\/uni.lu","article_modified_time":"2026-04-03T09:51:47+00:00","og_image":[{"width":2560,"height":2560,"url":"https:\/\/www.uni.lu\/wp-content\/uploads\/sites\/10\/2026\/03\/03120000\/UNIV_SM-Profile_1600x1600px-scaled.jpg","type":"image\/jpeg"}],"twitter_card":"summary_large_image","twitter_misc":{"Gesch\u00e4tzte Lesezeit":"1 Minute"},"schema":{"@context":"https:\/\/schema.org","@graph":[{"@type":"WebPage","@id":"https:\/\/www.uni.lu\/de\/studium\/studienprogramme-uebersicht\/","url":"https:\/\/www.uni.lu\/de\/studium\/studienprogramme-uebersicht\/","name":"Studienprogramme \u00dcbersicht - Universit\u00e4t Luxemburg","isPartOf":{"@id":"https:\/\/www.uni.lu\/de\/#website"},"primaryImageOfPage":{"@id":"https:\/\/www.uni.lu\/de\/studium\/studienprogramme-uebersicht\/#primaryimage"},"image":{"@id":"https:\/\/www.uni.lu\/de\/studium\/studienprogramme-uebersicht\/#primaryimage"},"thumbnailUrl":"https:\/\/www.uni.lu\/wp-content\/uploads\/sites\/10\/2026\/03\/03120000\/UNIV_SM-Profile_1600x1600px-scaled.jpg","datePublished":"2024-01-19T16:10:45+00:00","dateModified":"2026-04-03T09:51:47+00:00","description":"Die Liste aller Studienprogramme, die an der Universit\u00e4t Luxemburg angeboten werden. Jetzt einsteigen!","breadcrumb":{"@id":"https:\/\/www.uni.lu\/de\/studium\/studienprogramme-uebersicht\/#breadcrumb"},"inLanguage":"de-DE","potentialAction":[{"@type":"ReadAction","target":["https:\/\/www.uni.lu\/de\/studium\/studienprogramme-uebersicht\/"]}]},{"@type":"ImageObject","inLanguage":"de-DE","@id":"https:\/\/www.uni.lu\/de\/studium\/studienprogramme-uebersicht\/#primaryimage","url":"https:\/\/www.uni.lu\/wp-content\/uploads\/sites\/10\/2026\/03\/03120000\/UNIV_SM-Profile_1600x1600px-scaled.jpg","contentUrl":"https:\/\/www.uni.lu\/wp-content\/uploads\/sites\/10\/2026\/03\/03120000\/UNIV_SM-Profile_1600x1600px-scaled.jpg","width":2560,"height":2560},{"@type":"BreadcrumbList","@id":"https:\/\/www.uni.lu\/de\/studium\/studienprogramme-uebersicht\/#breadcrumb","itemListElement":[{"@type":"ListItem","position":1,"name":"Home","item":"https:\/\/www.uni.lu\/de\/"},{"@type":"ListItem","position":2,"name":"Studium","item":"https:\/\/www.uni.lu\/de\/studium\/"},{"@type":"ListItem","position":3,"name":"Studienprogramme \u00dcbersicht"}]},{"@type":"WebSite","@id":"https:\/\/www.uni.lu\/de\/#website","url":"https:\/\/www.uni.lu\/de\/","name":"Uni.lu","description":"Universit\u00e4t Luxemburg","publisher":{"@id":"https:\/\/www.uni.lu\/de\/#organization"},"alternateName":"Universit\u00e4t Luxemburg","potentialAction":[{"@type":"SearchAction","target":{"@type":"EntryPoint","urlTemplate":"https:\/\/www.uni.lu\/de\/?s={search_term_string}"},"query-input":"required name=search_term_string"}],"inLanguage":"de-DE"},{"@type":"Organization","@id":"https:\/\/www.uni.lu\/de\/#organization","name":"Universit\u00e4t Luxemburg","alternateName":"Uni.lu","url":"https:\/\/www.uni.lu\/de\/","logo":{"@type":"ImageObject","inLanguage":"de-DE","@id":"https:\/\/www.uni.lu\/de\/#\/schema\/logo\/image\/","url":"https:\/\/www.uni.lu\/wp-content\/uploads\/sites\/10\/2026\/03\/03120000\/UNIV_SM-Profile_1600x1600px-scaled.jpg","contentUrl":"https:\/\/www.uni.lu\/wp-content\/uploads\/sites\/10\/2026\/03\/03120000\/UNIV_SM-Profile_1600x1600px-scaled.jpg","width":2560,"height":2560,"caption":"Universit\u00e4t Luxemburg"},"image":{"@id":"https:\/\/www.uni.lu\/de\/#\/schema\/logo\/image\/"},"sameAs":["https:\/\/www.facebook.com\/uni.lu","https:\/\/www.linkedin.com\/school\/university-of-luxembourg\/","https:\/\/www.instagram.com\/uni.lu","https:\/\/www.youtube.com\/@uni_lu","https:\/\/en.wikipedia.org\/wiki\/University_of_Luxembourg"]}]}},"ticketed":false,"_links":{"self":[{"href":"https:\/\/www.uni.lu\/de\/wp-json\/wp\/v2\/pages\/2889"}],"collection":[{"href":"https:\/\/www.uni.lu\/de\/wp-json\/wp\/v2\/pages"}],"about":[{"href":"https:\/\/www.uni.lu\/de\/wp-json\/wp\/v2\/types\/page"}],"author":[{"embeddable":true,"href":"https:\/\/www.uni.lu\/de\/wp-json\/wp\/v2\/users\/33"}],"replies":[{"embeddable":true,"href":"https:\/\/www.uni.lu\/de\/wp-json\/wp\/v2\/comments?post=2889"}],"version-history":[{"count":4,"href":"https:\/\/www.uni.lu\/de\/wp-json\/wp\/v2\/pages\/2889\/revisions"}],"predecessor-version":[{"id":9188,"href":"https:\/\/www.uni.lu\/de\/wp-json\/wp\/v2\/pages\/2889\/revisions\/9188"}],"up":[{"embeddable":true,"href":"https:\/\/www.uni.lu\/de\/wp-json\/wp\/v2\/pages\/1274"}],"wp:authorship":[{"embeddable":true,"href":"https:\/\/www.uni.lu\/de\/wp-json\/wp\/v2\/users\/33"}],"wp:featuredmedia":[{"embeddable":true,"href":"https:\/\/www.uni.lu\/de\/wp-json\/wp\/v2\/media\/8926"}],"wp:attachment":[{"href":"https:\/\/www.uni.lu\/de\/wp-json\/wp\/v2\/media?parent=2889"}],"wp:term":[{"taxonomy":"field-of-interest","embeddable":true,"href":"https:\/\/www.uni.lu\/de\/wp-json\/wp\/v2\/field-of-interest?post=2889"},{"taxonomy":"organisation","embeddable":true,"href":"https:\/\/www.uni.lu\/de\/wp-json\/wp\/v2\/organisation?post=2889"}],"curies":[{"name":"wp","href":"https:\/\/api.w.org\/{rel}","templated":true}]}}