{"id":2566,"date":"2024-01-10T14:47:07","date_gmt":"2024-01-10T13:47:07","guid":{"rendered":"https:\/\/www.uni.lu\/de\/?page_id=2566"},"modified":"2026-03-30T09:41:46","modified_gmt":"2026-03-30T07:41:46","slug":"zahlung","status":"publish","type":"page","link":"https:\/\/www.uni.lu\/de\/studium\/akademische-angelegenheiten\/studierendenstatus\/zahlung\/","title":{"rendered":"Zahlung"},"content":{"rendered":"<div class=\"section py-0 static\">\n<section class=\"py-0 wp-block-unilux-blocks-free-section section\"><div class=\"container xl:max-w-screen-xl\"><!-- SecondaryNavigationMirror --><div class=\"js-secondary-nav--sticky wp-block-unilux-blocks-secondary-navigation\" id=\"29738f73-89ed-427b-9ba2-82fb6b2774f1\">\n    <nav id=\"secondary-navigation\" role=\"navigation\" aria-label=\"Secondary menu\" class=\"secondary-nav\">\n        <button class=\"secondary-nav__button btn btn-solid--primary w-full\" aria-expanded=\"false\" aria-controls=\"secondary-navigation__list\" title=\"The selected page is \u00dcbersicht\" type=\"button\">\n            <span class=\"btn__name mr-auto\">\u00dcbersicht<\/span>\n            <svg aria-hidden=\"true\" focusable=\"false\" class=\"icon icon-outline icon--xs\">\n                <use xlink:href=\"https:\/\/www.uni.lu\/wp-content\/themes\/unilux-theme\/assets\/images\/icons\/icons-outline.svg#icon--arrow-down\" \/>\n            <\/svg>\n        <\/button>\n\n        <ul id=\"secondary-navigation__list\" class=\"secondary-nav__list\">\n            <li class=\"secondary-nav__item\">\n    <a href=\"https:\/\/www.uni.lu\/de\/studium\/akademische-angelegenheiten\/\" target=\"\" rel=\"noreferrer noopener\" class=\"secondary-nav__link \">\n        <svg aria-hidden=\"true\" focusable=\"false\" class=\"icon icon-outline icon--xs\">\n            <use xlink:href=\"https:\/\/www.uni.lu\/wp-content\/themes\/unilux-theme\/assets\/images\/icons\/icons-outline.svg#icon--arrow-right\" \/>\n        <\/svg>\n        <span class=\"secondary-nav__name\">\u00dcbersicht<\/span>\n    <\/a>\n<\/li>\n<li class=\"secondary-nav__item\">\n    <a href=\"https:\/\/www.uni.lu\/de\/studium\/akademische-angelegenheiten\/studierendenstatus\/\" target=\"\" rel=\"noreferrer noopener\" class=\"secondary-nav__link \">\n        <svg aria-hidden=\"true\" focusable=\"false\" class=\"icon icon-outline icon--xs\">\n            <use xlink:href=\"https:\/\/www.uni.lu\/wp-content\/themes\/unilux-theme\/assets\/images\/icons\/icons-outline.svg#icon--arrow-right\" \/>\n        <\/svg>\n        <span class=\"secondary-nav__name\">Studierendenstatus<\/span>\n    <\/a>\n<\/li>\n<li class=\"secondary-nav__item\">\n    <a href=\"https:\/\/www.uni.lu\/de\/studium\/akademische-angelegenheiten\/studienverlauf\/\" target=\"\" rel=\"noreferrer noopener\" class=\"secondary-nav__link \">\n        <svg aria-hidden=\"true\" focusable=\"false\" class=\"icon icon-outline icon--xs\">\n            <use xlink:href=\"https:\/\/www.uni.lu\/wp-content\/themes\/unilux-theme\/assets\/images\/icons\/icons-outline.svg#icon--arrow-right\" \/>\n        <\/svg>\n        <span class=\"secondary-nav__name\">Studienverlauf<\/span>\n    <\/a>\n<\/li>\n<li class=\"secondary-nav__item\">\n    <a href=\"https:\/\/www.uni.lu\/de\/studium\/akademische-angelegenheiten\/sonstige-sonderregelungen\/\" target=\"\" rel=\"noreferrer noopener\" class=\"secondary-nav__link \">\n        <svg aria-hidden=\"true\" focusable=\"false\" class=\"icon icon-outline icon--xs\">\n            <use xlink:href=\"https:\/\/www.uni.lu\/wp-content\/themes\/unilux-theme\/assets\/images\/icons\/icons-outline.svg#icon--arrow-right\" \/>\n        <\/svg>\n        <span class=\"secondary-nav__name\">Sonderregelungen<\/span>\n    <\/a>\n<\/li>\n<li class=\"secondary-nav__item\">\n    <a href=\"https:\/\/www.uni.lu\/de\/studium\/akademische-angelegenheiten\/korrektes-akademisches-verhalten\/\" target=\"\" rel=\"noreferrer noopener\" class=\"secondary-nav__link \">\n        <svg aria-hidden=\"true\" focusable=\"false\" class=\"icon icon-outline icon--xs\">\n            <use xlink:href=\"https:\/\/www.uni.lu\/wp-content\/themes\/unilux-theme\/assets\/images\/icons\/icons-outline.svg#icon--arrow-right\" \/>\n        <\/svg>\n        <span class=\"secondary-nav__name\">Korrektes akademisches Verhalten<\/span>\n    <\/a>\n<\/li>\n<li class=\"secondary-nav__item\">\n    <a href=\"https:\/\/www.uni.lu\/de\/studium\/akademische-angelegenheiten\/rechtsbehelfe\/\" target=\"\" rel=\"noreferrer noopener\" class=\"secondary-nav__link \">\n        <svg aria-hidden=\"true\" focusable=\"false\" class=\"icon icon-outline icon--xs\">\n            <use xlink:href=\"https:\/\/www.uni.lu\/wp-content\/themes\/unilux-theme\/assets\/images\/icons\/icons-outline.svg#icon--arrow-right\" \/>\n        <\/svg>\n        <span class=\"secondary-nav__name\">Rechtsbehelfe<\/span>\n    <\/a>\n<\/li>\n        <\/ul>\n    <\/nav>\n<\/div>\n<!-- end SecondaryNavigationMirror --><\/div><\/section>\n\n\n\n<section class=\"wp-block-unilux-blocks-free-section section\"><div class=\"container xl:max-w-screen-xl\">\n<h1 class=\"has-text-align-left wp-block-unilux-blocks-heading\"        id=\"zahlung\"\n    >\nZahlung<\/h1>\n\n\n\n<p>Die Studiengeb\u00fchren sind <strong>jedes Semester<\/strong> zu zahlen.<\/p>\n\n\n\n<h2 class=\"has-text-align-left wp-block-unilux-blocks-heading\"        id=\"per-bankueberweisung\"\n    >\nPer Bank\u00fcberweisung<\/h2>\n\n\n\n<p><strong>A. Zahlung per Bank\u00fcberweisung:<\/strong>\u202fWenn Sie die Zahlung per Bank\u00fcberweisung t\u00e4tigen, geben Sie als Verwendungszweck unbedingt Ihre Referenznummer an. Bei Zahlungen aus dem Ausland sind alle Bankgeb\u00fchren durch den Studierenden zu zahlen.<br>Nach Eingang der Zahlung werden die endg\u00fcltigen Dokumente \u00fcber die Einschreibung, d.\u202fh. der Studierendenausweis und\/oder die \u201eVignette\u201c f\u00fcr das Halbjahr sowie die Immatrikulationsbescheinigung, per Post an die auf dem Formular f\u00fcr die Einschreibung angegebene Adresse gesendet.<\/p>\n\n\n\n<h2 class=\"has-text-align-left wp-block-unilux-blocks-heading\"        id=\"online-zahlung\"\n    >\nOnline-Zahlung<\/h2>\n\n\n\n<p><strong>B. Zahlung durch Einloggen in das Zulassungsportal\u202f<\/strong>mit Ihrer Matrikelnummer und Ihrem Passwort.<\/p>\n\n\n\n<ul class=\"wp-block-unilux-blocks-button-list-v2\">\n<li class=\"wp-block-unilux-blocks-button-list-item-v2\"><a class=\"quick-link\" href=\"https:\/\/inscription.uni.lu\/Inscriptions\/Public\/Admission?lang=de\" target=\"\" role=\"link\" rel=\"noopener\" tabindex=\"0\"><span class=\"quick-link__container\">\n<div class=\"wp-block-unilux-blocks-block-inserter quick-link__img\">\n<div class=\"icon--primary icon--secondary-2 icon--xl wp-block-unilux-blocks-icon-picker\">\n    <svg aria-hidden=\"true\" focusable=\"false\" class=\"icon icon-outline icon--register \"><use xlink:href=\"https:\/\/www.uni.lu\/wp-content\/themes\/unilux-theme\/assets\/images\/icons\/icons-outline.svg#icon--register\"><\/use><\/svg><\/div><\/div>\n\n\n\n<span class=\"quick-link__name wp-block-unilux-blocks-plain-text\">Zulassungsportal<\/span>\n\n<svg aria-hidden=\"true\" focusable=\"false\" class=\"icon icon-outline icon--external-link \"><use xlink:href=\"https:\/\/www.uni.lu\/wp-content\/themes\/unilux-theme\/assets\/images\/icons\/icons-outline.svg#icon--external-link\"><\/use><\/svg><\/span><\/a><\/li>\n<\/ul>\n\n\n<div class=\"wp-block-unilux-blocks-spacer is-spacer-size-md\"><\/div>\n\n\n<h2 class=\"has-text-align-left wp-block-unilux-blocks-heading\"        id=\"persoenlich-in-der-zulassungsstelle\"\n    >\nPers\u00f6nlich in der Zulassungsstelle<\/h2>\n\n\n\n<p><strong>C. Zahlung pers\u00f6nlich in der Zulassungsstelle<\/strong>\u202f(bitte vereinbaren Sie \u00fcber die Anwendung \u201eAffluences\u201c einen Termin. W\u00e4hlen Sie die Universit\u00e4t Luxemburg, dann \u201eStudierenden-Dienststelle\u201c und \u201eTermin SEVE Anmeldung\u201c (f\u00fcr Bachelor- und Masterstudierende) oder \u201eDoktoratsb\u00fcro\u201c (f\u00fcr Doktoranden) aus:<\/p>\n\n\n\n<ul class=\"wp-block-unilux-blocks-button-list-v2\">\n<li class=\"wp-block-unilux-blocks-button-list-item-v2\"><a class=\"quick-link\" href=\"https:\/\/affluences.com\/universite-du-luxembourg-1\/universite-du-luxembourg\/reservation\" target=\"\" role=\"link\" rel=\"noopener\" tabindex=\"0\"><span class=\"quick-link__container\">\n<div class=\"wp-block-unilux-blocks-block-inserter quick-link__img\"><figure class=\"wp-block-dev4-reusable-blocks-image  object-fit--cover\">\n    \n<img decoding=\"async\" class=\"wp-block-image unilux-custom-image-block\"\n                alt=\"\"\n            src=\"https:\/\/www.uni.lu\/wp-content\/uploads\/sites\/10\/2025\/11\/28111302\/Affluences-thumbnail.png\"\n                srcset=\"https:\/\/www.uni.lu\/wp-content\/uploads\/sites\/10\/2025\/11\/28111302\/Affluences-thumbnail.png 200w, https:\/\/www.uni.lu\/wp-content\/uploads\/sites\/10\/2025\/11\/28111302\/Affluences-thumbnail-150x150.png 150w\"\n                style=\"object-position: 50.00% 50.00%; font-family: &quot;object-fit: cover; object-position: 50.00% 50.00%;&quot;; aspect-ratio: 1\/1; object-fit: cover; width: 100%;\"\n        loading=\"lazy\"\n\/>    <\/figure><\/div>\n\n\n\n<span class=\"quick-link__name wp-block-unilux-blocks-plain-text\">Affluences (Studierenden-Dienststelle)<\/span>\n\n<svg aria-hidden=\"true\" focusable=\"false\" class=\"icon icon-outline icon--external-link \"><use xlink:href=\"https:\/\/www.uni.lu\/wp-content\/themes\/unilux-theme\/assets\/images\/icons\/icons-outline.svg#icon--external-link\"><\/use><\/svg><\/span><\/a><\/li>\n<\/ul>\n\n\n<div class=\"wp-block-unilux-blocks-spacer is-spacer-size-sm\"><\/div>\n\n\n<p>Die Bezahlung erfolgt ausschlie\u00dflich per\u202f<strong>Kredit- oder Debitkarte<\/strong>.\u202fIhre Immatrikulationsunterlagen, d.\u202fh. Ihr Studierendenausweis und\/oder die \u201eVignette\u201c f\u00fcr das Halbjahr sowie Ihre Immatrikulationsbescheinigung, werden Ihnen pers\u00f6nlich ausgeh\u00e4ndigt.<\/p>\n\n\n\n<p>Bitte beachten Sie: Studiengeb\u00fchren k\u00f6nnen nicht zur\u00fcckerstattet werden.<\/p>\n\n\n<div class=\"wp-block-unilux-blocks-spacer is-spacer-size-md\"><\/div>\n\n\n<h3 class=\"has-text-align-left wp-block-unilux-blocks-heading\"        id=\"weitere-wichtige-informationen\"\n    >\nWeitere wichtige Informationen<\/h3>\n\n\n\n<p>Diplome oder Zeugnisse werden nicht an Studierende ausgeh\u00e4ndigt, die noch Schulden bei der Universit\u00e4t haben (Geb\u00fchren f\u00fcr in der Bibliothek ausgeliehene und verlorene B\u00fccher, Mietschulden f\u00fcr die Unterkunft usw.).<\/p>\n\n\n\n<p>Nur Studierende ohne ausstehende Schulden k\u00f6nnen dauerhaft an der Universit\u00e4t Luxemburg immatrikuliert werden.<\/p>\n<\/div><\/section>\n<\/div>","protected":false},"excerpt":{"rendered":"","protected":false},"author":68,"featured_media":0,"parent":2551,"menu_order":0,"comment_status":"closed","ping_status":"closed","template":"","meta":{"featured_image_focal_point":[],"show_featured_caption":false,"ulux_newsletter_groups":"","uluxPostTitle":"Akademische Angelegenheiten","uluxPrePostTitle":"Studium","_trash_the_other_posts":false,"_price":"","_stock":"","_tribe_ticket_header":"","_tribe_default_ticket_provider":"","_tribe_ticket_capacity":"0","_ticket_start_date":"","_ticket_end_date":"","_tribe_ticket_show_description":"","_tribe_ticket_show_not_going":false,"_tribe_ticket_use_global_stock":"","_tribe_ticket_global_stock_level":"","_global_stock_mode":"","_global_stock_cap":"","_tribe_rsvp_for_event":"","_tribe_ticket_going_count":"","_tribe_ticket_not_going_count":"","_tribe_tickets_list":"[]","_tribe_ticket_has_attendee_info_fields":false,"footnotes":""},"field-of-interest":[],"organisation":[],"authorship":[68,33,210,337],"acf":[],"yoast_head":"<!-- This site is optimized with the Yoast SEO Premium plugin v22.3 (Yoast SEO v22.3) - https:\/\/yoast.com\/wordpress\/plugins\/seo\/ -->\n<title>Zahlung - Universit\u00e4t Luxemburg<\/title>\n<meta name=\"description\" content=\"Die Zahlung der Einschreibegeb\u00fchren ist per Bank\u00fcberweisung, \u00fcber das Zulassungsportal oder pers\u00f6nlich in der Zulassungsstelle m\u00f6glich.\" \/>\n<meta name=\"robots\" content=\"index, follow, max-snippet:-1, max-image-preview:large, max-video-preview:-1\" \/>\n<link rel=\"canonical\" href=\"https:\/\/www.uni.lu\/de\/studium\/akademische-angelegenheiten\/studierendenstatus\/zahlung\/\" \/>\n<meta property=\"og:locale\" content=\"de_DE\" \/>\n<meta property=\"og:type\" content=\"article\" \/>\n<meta property=\"og:title\" content=\"Zahlung\" \/>\n<meta property=\"og:description\" content=\"Die Zahlung der Einschreibegeb\u00fchren ist per Bank\u00fcberweisung, \u00fcber das Zulassungsportal oder pers\u00f6nlich in der Zulassungsstelle m\u00f6glich.\" \/>\n<meta property=\"og:url\" content=\"https:\/\/www.uni.lu\/de\/studium\/akademische-angelegenheiten\/studierendenstatus\/zahlung\/\" \/>\n<meta property=\"og:site_name\" content=\"UNI DE\" \/>\n<meta property=\"article:publisher\" content=\"https:\/\/www.facebook.com\/uni.lu\" \/>\n<meta property=\"article:modified_time\" content=\"2026-03-30T07:41:46+00:00\" \/>\n<meta property=\"og:image\" content=\"https:\/\/www.uni.lu\/wp-content\/uploads\/sites\/10\/2026\/03\/03120000\/UNIV_SM-Profile_1600x1600px-scaled.jpg\" \/>\n\t<meta property=\"og:image:width\" content=\"2560\" \/>\n\t<meta property=\"og:image:height\" content=\"2560\" \/>\n\t<meta property=\"og:image:type\" content=\"image\/jpeg\" \/>\n<meta name=\"twitter:card\" content=\"summary_large_image\" \/>\n<meta name=\"twitter:label1\" content=\"Gesch\u00e4tzte Lesezeit\" \/>\n\t<meta name=\"twitter:data1\" content=\"2 Minuten\" \/>\n<script type=\"application\/ld+json\" class=\"yoast-schema-graph\">{\"@context\":\"https:\/\/schema.org\",\"@graph\":[{\"@type\":\"WebPage\",\"@id\":\"https:\/\/www.uni.lu\/de\/studium\/akademische-angelegenheiten\/studierendenstatus\/zahlung\/\",\"url\":\"https:\/\/www.uni.lu\/de\/studium\/akademische-angelegenheiten\/studierendenstatus\/zahlung\/\",\"name\":\"Zahlung - Universit\u00e4t Luxemburg\",\"isPartOf\":{\"@id\":\"https:\/\/www.uni.lu\/de\/#website\"},\"datePublished\":\"2024-01-10T13:47:07+00:00\",\"dateModified\":\"2026-03-30T07:41:46+00:00\",\"description\":\"Die Zahlung der Einschreibegeb\u00fchren ist per Bank\u00fcberweisung, \u00fcber das Zulassungsportal oder pers\u00f6nlich in der Zulassungsstelle m\u00f6glich.\",\"breadcrumb\":{\"@id\":\"https:\/\/www.uni.lu\/de\/studium\/akademische-angelegenheiten\/studierendenstatus\/zahlung\/#breadcrumb\"},\"inLanguage\":\"de-DE\",\"potentialAction\":[{\"@type\":\"ReadAction\",\"target\":[\"https:\/\/www.uni.lu\/de\/studium\/akademische-angelegenheiten\/studierendenstatus\/zahlung\/\"]}]},{\"@type\":\"BreadcrumbList\",\"@id\":\"https:\/\/www.uni.lu\/de\/studium\/akademische-angelegenheiten\/studierendenstatus\/zahlung\/#breadcrumb\",\"itemListElement\":[{\"@type\":\"ListItem\",\"position\":1,\"name\":\"Home\",\"item\":\"https:\/\/www.uni.lu\/de\/\"},{\"@type\":\"ListItem\",\"position\":2,\"name\":\"Studium\",\"item\":\"https:\/\/www.uni.lu\/de\/studium\/\"},{\"@type\":\"ListItem\",\"position\":3,\"name\":\"Akademische Angelegenheiten\",\"item\":\"https:\/\/www.uni.lu\/de\/studium\/akademische-angelegenheiten\/\"},{\"@type\":\"ListItem\",\"position\":4,\"name\":\"Studierendenstatus\",\"item\":\"https:\/\/www.uni.lu\/de\/studium\/akademische-angelegenheiten\/studierendenstatus\/\"},{\"@type\":\"ListItem\",\"position\":5,\"name\":\"Zahlung\"}]},{\"@type\":\"WebSite\",\"@id\":\"https:\/\/www.uni.lu\/de\/#website\",\"url\":\"https:\/\/www.uni.lu\/de\/\",\"name\":\"Uni.lu\",\"description\":\"Universit\u00e4t Luxemburg\",\"publisher\":{\"@id\":\"https:\/\/www.uni.lu\/de\/#organization\"},\"alternateName\":\"Universit\u00e4t Luxemburg\",\"potentialAction\":[{\"@type\":\"SearchAction\",\"target\":{\"@type\":\"EntryPoint\",\"urlTemplate\":\"https:\/\/www.uni.lu\/de\/?s={search_term_string}\"},\"query-input\":\"required name=search_term_string\"}],\"inLanguage\":\"de-DE\"},{\"@type\":\"Organization\",\"@id\":\"https:\/\/www.uni.lu\/de\/#organization\",\"name\":\"Universit\u00e4t Luxemburg\",\"alternateName\":\"Uni.lu\",\"url\":\"https:\/\/www.uni.lu\/de\/\",\"logo\":{\"@type\":\"ImageObject\",\"inLanguage\":\"de-DE\",\"@id\":\"https:\/\/www.uni.lu\/de\/#\/schema\/logo\/image\/\",\"url\":\"https:\/\/www.uni.lu\/wp-content\/uploads\/sites\/10\/2026\/03\/03120000\/UNIV_SM-Profile_1600x1600px-scaled.jpg\",\"contentUrl\":\"https:\/\/www.uni.lu\/wp-content\/uploads\/sites\/10\/2026\/03\/03120000\/UNIV_SM-Profile_1600x1600px-scaled.jpg\",\"width\":2560,\"height\":2560,\"caption\":\"Universit\u00e4t Luxemburg\"},\"image\":{\"@id\":\"https:\/\/www.uni.lu\/de\/#\/schema\/logo\/image\/\"},\"sameAs\":[\"https:\/\/www.facebook.com\/uni.lu\",\"https:\/\/www.linkedin.com\/school\/university-of-luxembourg\/\",\"https:\/\/www.instagram.com\/uni.lu\",\"https:\/\/www.youtube.com\/@uni_lu\",\"https:\/\/en.wikipedia.org\/wiki\/University_of_Luxembourg\"]}]}<\/script>\n<!-- \/ Yoast SEO Premium plugin. -->","yoast_head_json":{"title":"Zahlung - Universit\u00e4t Luxemburg","description":"Die Zahlung der Einschreibegeb\u00fchren ist per Bank\u00fcberweisung, \u00fcber das Zulassungsportal oder pers\u00f6nlich in der Zulassungsstelle m\u00f6glich.","robots":{"index":"index","follow":"follow","max-snippet":"max-snippet:-1","max-image-preview":"max-image-preview:large","max-video-preview":"max-video-preview:-1"},"canonical":"https:\/\/www.uni.lu\/de\/studium\/akademische-angelegenheiten\/studierendenstatus\/zahlung\/","og_locale":"de_DE","og_type":"article","og_title":"Zahlung","og_description":"Die Zahlung der Einschreibegeb\u00fchren ist per Bank\u00fcberweisung, \u00fcber das Zulassungsportal oder pers\u00f6nlich in der Zulassungsstelle m\u00f6glich.","og_url":"https:\/\/www.uni.lu\/de\/studium\/akademische-angelegenheiten\/studierendenstatus\/zahlung\/","og_site_name":"UNI DE","article_publisher":"https:\/\/www.facebook.com\/uni.lu","article_modified_time":"2026-03-30T07:41:46+00:00","og_image":[{"width":2560,"height":2560,"url":"https:\/\/www.uni.lu\/wp-content\/uploads\/sites\/10\/2026\/03\/03120000\/UNIV_SM-Profile_1600x1600px-scaled.jpg","type":"image\/jpeg"}],"twitter_card":"summary_large_image","twitter_misc":{"Gesch\u00e4tzte Lesezeit":"2 Minuten"},"schema":{"@context":"https:\/\/schema.org","@graph":[{"@type":"WebPage","@id":"https:\/\/www.uni.lu\/de\/studium\/akademische-angelegenheiten\/studierendenstatus\/zahlung\/","url":"https:\/\/www.uni.lu\/de\/studium\/akademische-angelegenheiten\/studierendenstatus\/zahlung\/","name":"Zahlung - Universit\u00e4t Luxemburg","isPartOf":{"@id":"https:\/\/www.uni.lu\/de\/#website"},"datePublished":"2024-01-10T13:47:07+00:00","dateModified":"2026-03-30T07:41:46+00:00","description":"Die Zahlung der Einschreibegeb\u00fchren ist per Bank\u00fcberweisung, \u00fcber das Zulassungsportal oder pers\u00f6nlich in der Zulassungsstelle m\u00f6glich.","breadcrumb":{"@id":"https:\/\/www.uni.lu\/de\/studium\/akademische-angelegenheiten\/studierendenstatus\/zahlung\/#breadcrumb"},"inLanguage":"de-DE","potentialAction":[{"@type":"ReadAction","target":["https:\/\/www.uni.lu\/de\/studium\/akademische-angelegenheiten\/studierendenstatus\/zahlung\/"]}]},{"@type":"BreadcrumbList","@id":"https:\/\/www.uni.lu\/de\/studium\/akademische-angelegenheiten\/studierendenstatus\/zahlung\/#breadcrumb","itemListElement":[{"@type":"ListItem","position":1,"name":"Home","item":"https:\/\/www.uni.lu\/de\/"},{"@type":"ListItem","position":2,"name":"Studium","item":"https:\/\/www.uni.lu\/de\/studium\/"},{"@type":"ListItem","position":3,"name":"Akademische Angelegenheiten","item":"https:\/\/www.uni.lu\/de\/studium\/akademische-angelegenheiten\/"},{"@type":"ListItem","position":4,"name":"Studierendenstatus","item":"https:\/\/www.uni.lu\/de\/studium\/akademische-angelegenheiten\/studierendenstatus\/"},{"@type":"ListItem","position":5,"name":"Zahlung"}]},{"@type":"WebSite","@id":"https:\/\/www.uni.lu\/de\/#website","url":"https:\/\/www.uni.lu\/de\/","name":"Uni.lu","description":"Universit\u00e4t Luxemburg","publisher":{"@id":"https:\/\/www.uni.lu\/de\/#organization"},"alternateName":"Universit\u00e4t Luxemburg","potentialAction":[{"@type":"SearchAction","target":{"@type":"EntryPoint","urlTemplate":"https:\/\/www.uni.lu\/de\/?s={search_term_string}"},"query-input":"required name=search_term_string"}],"inLanguage":"de-DE"},{"@type":"Organization","@id":"https:\/\/www.uni.lu\/de\/#organization","name":"Universit\u00e4t Luxemburg","alternateName":"Uni.lu","url":"https:\/\/www.uni.lu\/de\/","logo":{"@type":"ImageObject","inLanguage":"de-DE","@id":"https:\/\/www.uni.lu\/de\/#\/schema\/logo\/image\/","url":"https:\/\/www.uni.lu\/wp-content\/uploads\/sites\/10\/2026\/03\/03120000\/UNIV_SM-Profile_1600x1600px-scaled.jpg","contentUrl":"https:\/\/www.uni.lu\/wp-content\/uploads\/sites\/10\/2026\/03\/03120000\/UNIV_SM-Profile_1600x1600px-scaled.jpg","width":2560,"height":2560,"caption":"Universit\u00e4t Luxemburg"},"image":{"@id":"https:\/\/www.uni.lu\/de\/#\/schema\/logo\/image\/"},"sameAs":["https:\/\/www.facebook.com\/uni.lu","https:\/\/www.linkedin.com\/school\/university-of-luxembourg\/","https:\/\/www.instagram.com\/uni.lu","https:\/\/www.youtube.com\/@uni_lu","https:\/\/en.wikipedia.org\/wiki\/University_of_Luxembourg"]}]}},"ticketed":false,"_links":{"self":[{"href":"https:\/\/www.uni.lu\/de\/wp-json\/wp\/v2\/pages\/2566"}],"collection":[{"href":"https:\/\/www.uni.lu\/de\/wp-json\/wp\/v2\/pages"}],"about":[{"href":"https:\/\/www.uni.lu\/de\/wp-json\/wp\/v2\/types\/page"}],"author":[{"embeddable":true,"href":"https:\/\/www.uni.lu\/de\/wp-json\/wp\/v2\/users\/68"}],"replies":[{"embeddable":true,"href":"https:\/\/www.uni.lu\/de\/wp-json\/wp\/v2\/comments?post=2566"}],"version-history":[{"count":5,"href":"https:\/\/www.uni.lu\/de\/wp-json\/wp\/v2\/pages\/2566\/revisions"}],"predecessor-version":[{"id":9136,"href":"https:\/\/www.uni.lu\/de\/wp-json\/wp\/v2\/pages\/2566\/revisions\/9136"}],"up":[{"embeddable":true,"href":"https:\/\/www.uni.lu\/de\/wp-json\/wp\/v2\/pages\/2551"}],"wp:authorship":[{"embeddable":true,"href":"https:\/\/www.uni.lu\/de\/wp-json\/wp\/v2\/users\/68"},{"embeddable":true,"href":"https:\/\/www.uni.lu\/de\/wp-json\/wp\/v2\/users\/33"},{"embeddable":true,"href":"https:\/\/www.uni.lu\/de\/wp-json\/wp\/v2\/users\/210"},{"embeddable":true,"href":"https:\/\/www.uni.lu\/de\/wp-json\/wp\/v2\/users\/337"}],"wp:attachment":[{"href":"https:\/\/www.uni.lu\/de\/wp-json\/wp\/v2\/media?parent=2566"}],"wp:term":[{"taxonomy":"field-of-interest","embeddable":true,"href":"https:\/\/www.uni.lu\/de\/wp-json\/wp\/v2\/field-of-interest?post=2566"},{"taxonomy":"organisation","embeddable":true,"href":"https:\/\/www.uni.lu\/de\/wp-json\/wp\/v2\/organisation?post=2566"}],"curies":[{"name":"wp","href":"https:\/\/api.w.org\/{rel}","templated":true}]}}