{"id":2547,"date":"2024-01-10T14:22:16","date_gmt":"2024-01-10T13:22:16","guid":{"rendered":"https:\/\/www.uni.lu\/de\/?page_id=2547"},"modified":"2024-08-07T10:16:24","modified_gmt":"2024-08-07T08:16:24","slug":"beurlaubung","status":"publish","type":"page","link":"https:\/\/www.uni.lu\/de\/studium\/akademische-angelegenheiten\/sonstige-sonderregelungen\/beurlaubung\/","title":{"rendered":"Beurlaubung"},"content":{"rendered":"<div class=\"section py-0 static\">\n<section class=\"py-0 wp-block-unilux-blocks-free-section section\"><div class=\"container xl:max-w-screen-xl\"><!-- SecondaryNavigationMirror --><div class=\"js-secondary-nav--sticky wp-block-unilux-blocks-secondary-navigation\" id=\"29738f73-89ed-427b-9ba2-82fb6b2774f1\">\n    <nav id=\"secondary-navigation\" role=\"navigation\" aria-label=\"Secondary menu\" class=\"secondary-nav\">\n        <button class=\"secondary-nav__button btn btn-solid--primary w-full\" aria-expanded=\"false\" aria-controls=\"secondary-navigation__list\" title=\"The selected page is \u00dcbersicht\" type=\"button\">\n            <span class=\"btn__name mr-auto\">\u00dcbersicht<\/span>\n            <svg aria-hidden=\"true\" focusable=\"false\" class=\"icon icon-outline icon--xs\">\n                <use xlink:href=\"https:\/\/www.uni.lu\/wp-content\/themes\/unilux-theme\/assets\/images\/icons\/icons-outline.svg#icon--arrow-down\" \/>\n            <\/svg>\n        <\/button>\n\n        <ul id=\"secondary-navigation__list\" class=\"secondary-nav__list\">\n            <li class=\"secondary-nav__item\">\n    <a href=\"https:\/\/www.uni.lu\/de\/studium\/akademische-angelegenheiten\/\" target=\"\" rel=\"noreferrer noopener\" class=\"secondary-nav__link \">\n        <svg aria-hidden=\"true\" focusable=\"false\" class=\"icon icon-outline icon--xs\">\n            <use xlink:href=\"https:\/\/www.uni.lu\/wp-content\/themes\/unilux-theme\/assets\/images\/icons\/icons-outline.svg#icon--arrow-right\" \/>\n        <\/svg>\n        <span class=\"secondary-nav__name\">\u00dcbersicht<\/span>\n    <\/a>\n<\/li>\n<li class=\"secondary-nav__item\">\n    <a href=\"https:\/\/www.uni.lu\/de\/studium\/akademische-angelegenheiten\/studierendenstatus\/\" target=\"\" rel=\"noreferrer noopener\" class=\"secondary-nav__link \">\n        <svg aria-hidden=\"true\" focusable=\"false\" class=\"icon icon-outline icon--xs\">\n            <use xlink:href=\"https:\/\/www.uni.lu\/wp-content\/themes\/unilux-theme\/assets\/images\/icons\/icons-outline.svg#icon--arrow-right\" \/>\n        <\/svg>\n        <span class=\"secondary-nav__name\">Studierendenstatus<\/span>\n    <\/a>\n<\/li>\n<li class=\"secondary-nav__item\">\n    <a href=\"https:\/\/www.uni.lu\/de\/studium\/akademische-angelegenheiten\/studienverlauf\/\" target=\"\" rel=\"noreferrer noopener\" class=\"secondary-nav__link \">\n        <svg aria-hidden=\"true\" focusable=\"false\" class=\"icon icon-outline icon--xs\">\n            <use xlink:href=\"https:\/\/www.uni.lu\/wp-content\/themes\/unilux-theme\/assets\/images\/icons\/icons-outline.svg#icon--arrow-right\" \/>\n        <\/svg>\n        <span class=\"secondary-nav__name\">Studienverlauf<\/span>\n    <\/a>\n<\/li>\n<li class=\"secondary-nav__item\">\n    <a href=\"https:\/\/www.uni.lu\/de\/studium\/akademische-angelegenheiten\/sonstige-sonderregelungen\/\" target=\"\" rel=\"noreferrer noopener\" class=\"secondary-nav__link \">\n        <svg aria-hidden=\"true\" focusable=\"false\" class=\"icon icon-outline icon--xs\">\n            <use xlink:href=\"https:\/\/www.uni.lu\/wp-content\/themes\/unilux-theme\/assets\/images\/icons\/icons-outline.svg#icon--arrow-right\" \/>\n        <\/svg>\n        <span class=\"secondary-nav__name\">Sonderregelungen<\/span>\n    <\/a>\n<\/li>\n<li class=\"secondary-nav__item\">\n    <a href=\"https:\/\/www.uni.lu\/de\/studium\/akademische-angelegenheiten\/korrektes-akademisches-verhalten\/\" target=\"\" rel=\"noreferrer noopener\" class=\"secondary-nav__link \">\n        <svg aria-hidden=\"true\" focusable=\"false\" class=\"icon icon-outline icon--xs\">\n            <use xlink:href=\"https:\/\/www.uni.lu\/wp-content\/themes\/unilux-theme\/assets\/images\/icons\/icons-outline.svg#icon--arrow-right\" \/>\n        <\/svg>\n        <span class=\"secondary-nav__name\">Korrektes akademisches Verhalten<\/span>\n    <\/a>\n<\/li>\n<li class=\"secondary-nav__item\">\n    <a href=\"https:\/\/www.uni.lu\/de\/studium\/akademische-angelegenheiten\/rechtsbehelfe\/\" target=\"\" rel=\"noreferrer noopener\" class=\"secondary-nav__link \">\n        <svg aria-hidden=\"true\" focusable=\"false\" class=\"icon icon-outline icon--xs\">\n            <use xlink:href=\"https:\/\/www.uni.lu\/wp-content\/themes\/unilux-theme\/assets\/images\/icons\/icons-outline.svg#icon--arrow-right\" \/>\n        <\/svg>\n        <span class=\"secondary-nav__name\">Rechtsbehelfe<\/span>\n    <\/a>\n<\/li>\n        <\/ul>\n    <\/nav>\n<\/div>\n<!-- end SecondaryNavigationMirror --><\/div><\/section>\n\n\n\n<section class=\"wp-block-unilux-blocks-free-section section\"><div class=\"container xl:max-w-screen-xl\">\n<h1 class=\"has-text-align-left wp-block-unilux-blocks-heading\"        id=\"beurlaubung\"\n    >\nBeurlaubung<\/h1>\n\n\n\n<p>Studierende, die in einem Bachelor- oder Masterstudiengang an der Universit\u00e4t eingeschrieben sind, k\u00f6nnen unter bestimmten Voraussetzungen eine Beurlaubung beantragen. W\u00e4hrend einer Beurlaubung bleiben Studierende in ihrem Studiengang eingeschrieben, nehmen aber nicht an Lehrveranstaltungen und Pr\u00fcfungen teil. Der Zeitraum der Beurlaubung wird bei der Berechnung der maximalen Studiendauer nicht ber\u00fccksichtigt.<\/p>\n\n\n\n<p>Eine Beurlaubung kann aus folgenden Gr\u00fcnden gew\u00e4hrt werden:<\/p>\n\n\n\n<ul class=\"ulux-list\">\n<li class=\"ulux-list-item\">Erkrankung,<\/li>\n\n\n\n<li class=\"ulux-list-item\">Pflege eines Partners oder eines Verwandten ersten Grades (Eltern, Kinder),<\/li>\n\n\n\n<li class=\"ulux-list-item\">Schwangerschaft und Mutterschaft\/Vaterschaft, innerhalb von drei Monaten nach der Geburt oder Adoption,<\/li>\n\n\n\n<li class=\"ulux-list-item\">Elternzeit bis zum dritten Geburtstag des Kindes,<\/li>\n\n\n\n<li class=\"ulux-list-item\">Wehr- oder Zivildienst.<\/li>\n\n\n\n<li class=\"ulux-list-item\">Bei Vorliegen anderer Gr\u00fcnde kann in Ausnahmef\u00e4llen eine Beurlaubung infrage kommen. Die Beurteilung erfolgt f\u00fcr den Einzelfall.<\/li>\n<\/ul>\n\n\n\n<p><strong>Welche Folgen hat eine Beurlaubung?<\/strong>&nbsp;<br>Beurlaubte Studierende sind weiterhin immatrikuliert, aber:&nbsp;<\/p>\n\n\n\n<ul class=\"ulux-list\">\n<li class=\"ulux-list-item\">sie d\u00fcrfen keine Lehrveranstaltungen besuchen,<\/li>\n\n\n\n<li class=\"ulux-list-item\">sie d\u00fcrfen keine Betreuung in Anspruch nehmen,<\/li>\n\n\n\n<li class=\"ulux-list-item\">sie d\u00fcrfen nicht an Pr\u00fcfungen oder anderen Leistungskontrollen teilnehmen,<\/li>\n\n\n\n<li class=\"ulux-list-item\">sie d\u00fcrfen nicht w\u00e4hlen oder als Studierendenvertreter gew\u00e4hlt werden oder fungieren.<\/li>\n<\/ul>\n\n\n\n<p>Beurlaubte Studierende:<\/p>\n\n\n\n<ul class=\"ulux-list\">\n<li class=\"ulux-list-item\">behalten ihren Studierendenausweis,<\/li>\n\n\n\n<li class=\"ulux-list-item\">k\u00f6nnen weiterhin in einer Studierendenunterkunft leben (Entscheidung je nach Verf\u00fcgbarkeit und Beurteilung der pers\u00f6nlichen Situation des Studierenden),<\/li>\n\n\n\n<li class=\"ulux-list-item\">haben Zugang zu den Einrichtungen der Universit\u00e4t, einschlie\u00dflich der Bibliothek, der Mensen und Sportanlagen.<\/li>\n<\/ul>\n\n\n\n<p>Beurlaubte Studierende m\u00fcssen auch weiterhin:<\/p>\n\n\n\n<ul class=\"ulux-list\">\n<li class=\"ulux-list-item\">die allgemeinen Zulassungsbedingungen erf\u00fcllen (d.\u202fh. sie verf\u00fcgen \u00fcber eine Aufenthaltsgenehmigung),<\/li>\n\n\n\n<li class=\"ulux-list-item\">krankenversichert sein,<\/li>\n\n\n\n<li class=\"ulux-list-item\">die im Nutzungsleitfaden (Anhang 1 der Studienordnung) festgelegten Verpflichtungen einhalten.<\/li>\n<\/ul>\n\n\n\n<p><strong>Beantragung einer Beurlaubung<\/strong><\/p>\n\n\n\n<p>Studierende, die eine Beurlaubung oder die Verl\u00e4ngerung einer laufenden Beurlaubung beantragen m\u00f6chten, m\u00fcssen das entsprechende Formular ausf\u00fcllen (siehe \u201e<a href=\"#nuetzliche-dokumente\">N\u00fctzliche Dokumente<\/a>\u201c) und es zusammen mit den notwendigen Unterlagen bei ihrem Direktor\/ihrer Direktorin des Studienzweigs einreichen.<\/p>\n\n\n\n<p>Die Antr\u00e4ge werden in der Regel innerhalb von vier (4) Wochen bearbeitet.<\/p>\n\n\n\n<p><strong>Bei Gew\u00e4hrung einer Beurlaubung<\/strong><\/p>\n\n\n\n<p>Eine Beurlaubung wird immer f\u00fcr einen begrenzten Zeitraum gew\u00e4hrt, in der Regel f\u00fcr die Dauer von ein bis maximal zwei Studiensemestern. Die Beurlaubung beginnt m\u00f6glichst zu Beginn des Semesters und muss mindestens vier (4) Wochen vor Beginn des Semesters beantragt werden. Von neu zugelassenen Studierenden werden im ersten Semester ihrer Immatrikulation keine Antr\u00e4ge auf Beurlaubung angenommen.<\/p>\n\n\n\n<p>Es kann keine Beurlaubung r\u00fcckwirkend oder f\u00fcr Umst\u00e4nde, die zum Zeitpunkt der Antragstellung nicht mehr vorliegen, gew\u00e4hrt werden.<\/p>\n\n\n\n<p>Antr\u00e4ge auf Verl\u00e4ngerung einer laufenden Beurlaubung m\u00fcssen mindestens vier (4) Wochen vor Ablauf der aktuellen Beurlaubung eingereicht werden.<\/p>\n\n\n\n<p>Eine Beurlaubung kann vor dem vereinbarten Datum beendet werden. Dazu m\u00fcssen Studierende einen Antrag auf Beendigung der Beurlaubung an die Zulassungsstelle der Studierenden-Dienststelle (SEVE) senden.<\/p>\n\n\n\n<p><strong><strong>Beratung und Unterst\u00fctzung<\/strong>&nbsp;<br><\/strong>Wenn Sie nicht sicher sind, ob f\u00fcr Sie eine Beurlaubung infrage kommt oder ob die Beantragung einer Beurlaubung eine gute Idee ist, k\u00f6nnen Sie sich an den Direktor\/die Direktorin Ihres Studienzweigs oder an den Studiengangsadministrator wenden, um Rat und Unterst\u00fctzung zu erhalten.&nbsp;<\/p>\n<\/div><\/section>\n\n\n\n<section class=\"py-0 wp-block-unilux-blocks-free-section section\"><div class=\"container xl:max-w-screen-xl\">\n<h2 class=\"has-text-align-left wp-block-unilux-blocks-heading\"        id=\"nuetzliche-dokumente\"\n    >\nN\u00fctzliche Dokumente<\/h2>\n\n\n<ul class=\"wp-block-unilux-blocks-button-list\">\n    <li class=\"wp-block-unilux-blocks-button-list-item\">\n    <a\n            href=\"https:\/\/www.uni.lu\/wp-content\/uploads\/sites\/9\/2023\/07\/VRA_memo2023_02_leaves_EN_20230315.pdf\"\n            class=\"quick-link wp-block-unilux-blocks-anchor\"        target=\"\"\n>\n    \n<span class=\"wp-block-unilux-blocks-wrapper quick-link__container\"><figure class=\"wp-block-dev4-reusable-blocks-image quick-link__img object-fit--scale-down\">\n        <\/figure>\n\n\n<span class=\"quick-link__name wp-block-unilux-blocks-plain-text\">Merkblatt zu Beurlaubungen (PDF) (EN)<\/span>\n\n<svg aria-hidden=\"true\" focusable=\"false\" class=\"icon icon-outline icon--download \"><use xlink:href=\"https:\/\/www.uni.lu\/wp-content\/themes\/unilux-theme\/assets\/images\/icons\/icons-outline.svg#icon--download\"><\/use><\/svg><\/span>\n<\/a>\n<\/li><li class=\"wp-block-unilux-blocks-button-list-item\">\n    <a\n            href=\"https:\/\/www.uni.lu\/wp-content\/uploads\/sites\/9\/2024\/03\/UL_leaves_form2023_v2_EN_f.docx\"\n            class=\"quick-link wp-block-unilux-blocks-anchor\"        target=\"_blank\"\n>\n    \n<span class=\"wp-block-unilux-blocks-wrapper quick-link__container\"><figure class=\"wp-block-dev4-reusable-blocks-image quick-link__img object-fit--scale-down\">\n        <\/figure>\n\n\n<span class=\"quick-link__name wp-block-unilux-blocks-plain-text\">Antragsformular f\u00fcr eine Beurlaubung (.docx) (EN)<\/span>\n\n<svg aria-hidden=\"true\" focusable=\"false\" class=\"icon icon-outline icon--download \"><use xlink:href=\"https:\/\/www.uni.lu\/wp-content\/themes\/unilux-theme\/assets\/images\/icons\/icons-outline.svg#icon--download\"><\/use><\/svg><\/span>\n<\/a>\n<\/li><\/ul>\n<\/div><\/section>\n\n\n\n<section class=\"wp-block-unilux-blocks-free-section section\"><div class=\"container xl:max-w-screen-xl\">\n<ul class=\"wp-block-unilux-blocks-custom-buttons btn-list\"><li class=\"wp-block-unilux-blocks-custom-button\"    aria-disabled=\"false\"\n    >\n    <a\n        role=\"link\"\n        aria-disabled=\"false\"\n                    href=\"https:\/\/www.uni.lu\/de\/studium\/akademische-angelegenheiten\/sonstige-sonderregelungen\/\"\n                target=\"_self\"\n        class=\"btn btn--primary\"\n            >Sonstige Sonderregelungen<\/a>\n<\/li>\n<\/ul>\n<\/div><\/section>\n<\/div>","protected":false},"excerpt":{"rendered":"","protected":false},"author":68,"featured_media":0,"parent":2543,"menu_order":0,"comment_status":"closed","ping_status":"closed","template":"","meta":{"featured_image_focal_point":[],"show_featured_caption":false,"ulux_newsletter_groups":"","uluxPostTitle":"Akademische Angelegenheiten","uluxPrePostTitle":"Studium","_trash_the_other_posts":false,"_price":"","_stock":"","_tribe_ticket_header":"","_tribe_default_ticket_provider":"","_tribe_ticket_capacity":"0","_ticket_start_date":"","_ticket_end_date":"","_tribe_ticket_show_description":"","_tribe_ticket_show_not_going":false,"_tribe_ticket_use_global_stock":"","_tribe_ticket_global_stock_level":"","_global_stock_mode":"","_global_stock_cap":"","_tribe_rsvp_for_event":"","_tribe_ticket_going_count":"","_tribe_ticket_not_going_count":"","_tribe_tickets_list":"[]","_tribe_ticket_has_attendee_info_fields":false,"footnotes":""},"field-of-interest":[],"organisation":[],"authorship":[68,33,210,337],"acf":[],"yoast_head":"<!-- This site is optimized with the Yoast SEO Premium plugin v22.3 (Yoast SEO v22.3) - https:\/\/yoast.com\/wordpress\/plugins\/seo\/ -->\n<title>Beurlaubung - Universit\u00e4t Luxemburg<\/title>\n<meta name=\"description\" content=\"Studierende, an der Universit\u00e4t eingeschrieben sind, k\u00f6nnen unter bestimmten Voraussetzungen eine Beurlaubung beantragen.\" \/>\n<meta name=\"robots\" content=\"index, follow, max-snippet:-1, max-image-preview:large, max-video-preview:-1\" \/>\n<link rel=\"canonical\" href=\"https:\/\/www.uni.lu\/de\/studium\/akademische-angelegenheiten\/sonstige-sonderregelungen\/beurlaubung\/\" \/>\n<meta property=\"og:locale\" content=\"de_DE\" \/>\n<meta property=\"og:type\" content=\"article\" \/>\n<meta property=\"og:title\" content=\"Beurlaubung\" \/>\n<meta property=\"og:description\" content=\"Studierende, an der Universit\u00e4t eingeschrieben sind, k\u00f6nnen unter bestimmten Voraussetzungen eine Beurlaubung beantragen.\" \/>\n<meta property=\"og:url\" content=\"https:\/\/www.uni.lu\/de\/studium\/akademische-angelegenheiten\/sonstige-sonderregelungen\/beurlaubung\/\" \/>\n<meta property=\"og:site_name\" content=\"UNI DE\" \/>\n<meta property=\"article:publisher\" content=\"https:\/\/www.facebook.com\/uni.lu\" \/>\n<meta property=\"article:modified_time\" content=\"2024-08-07T08:16:24+00:00\" \/>\n<meta property=\"og:image\" content=\"https:\/\/www.uni.lu\/wp-content\/uploads\/sites\/10\/2026\/03\/03120000\/UNIV_SM-Profile_1600x1600px-scaled.jpg\" \/>\n\t<meta property=\"og:image:width\" content=\"2560\" \/>\n\t<meta property=\"og:image:height\" content=\"2560\" \/>\n\t<meta property=\"og:image:type\" content=\"image\/jpeg\" \/>\n<meta name=\"twitter:card\" content=\"summary_large_image\" \/>\n<meta name=\"twitter:label1\" content=\"Gesch\u00e4tzte Lesezeit\" \/>\n\t<meta name=\"twitter:data1\" content=\"3 Minuten\" \/>\n<script type=\"application\/ld+json\" class=\"yoast-schema-graph\">{\"@context\":\"https:\/\/schema.org\",\"@graph\":[{\"@type\":\"WebPage\",\"@id\":\"https:\/\/www.uni.lu\/de\/studium\/akademische-angelegenheiten\/sonstige-sonderregelungen\/beurlaubung\/\",\"url\":\"https:\/\/www.uni.lu\/de\/studium\/akademische-angelegenheiten\/sonstige-sonderregelungen\/beurlaubung\/\",\"name\":\"Beurlaubung - Universit\u00e4t Luxemburg\",\"isPartOf\":{\"@id\":\"https:\/\/www.uni.lu\/de\/#website\"},\"datePublished\":\"2024-01-10T13:22:16+00:00\",\"dateModified\":\"2024-08-07T08:16:24+00:00\",\"description\":\"Studierende, an der Universit\u00e4t eingeschrieben sind, k\u00f6nnen unter bestimmten Voraussetzungen eine Beurlaubung beantragen.\",\"breadcrumb\":{\"@id\":\"https:\/\/www.uni.lu\/de\/studium\/akademische-angelegenheiten\/sonstige-sonderregelungen\/beurlaubung\/#breadcrumb\"},\"inLanguage\":\"de-DE\",\"potentialAction\":[{\"@type\":\"ReadAction\",\"target\":[\"https:\/\/www.uni.lu\/de\/studium\/akademische-angelegenheiten\/sonstige-sonderregelungen\/beurlaubung\/\"]}]},{\"@type\":\"BreadcrumbList\",\"@id\":\"https:\/\/www.uni.lu\/de\/studium\/akademische-angelegenheiten\/sonstige-sonderregelungen\/beurlaubung\/#breadcrumb\",\"itemListElement\":[{\"@type\":\"ListItem\",\"position\":1,\"name\":\"Home\",\"item\":\"https:\/\/www.uni.lu\/de\/\"},{\"@type\":\"ListItem\",\"position\":2,\"name\":\"Studium\",\"item\":\"https:\/\/www.uni.lu\/de\/studium\/\"},{\"@type\":\"ListItem\",\"position\":3,\"name\":\"Akademische Angelegenheiten\",\"item\":\"https:\/\/www.uni.lu\/de\/studium\/akademische-angelegenheiten\/\"},{\"@type\":\"ListItem\",\"position\":4,\"name\":\"Sonstige Sonderregelungen\",\"item\":\"https:\/\/www.uni.lu\/de\/studium\/akademische-angelegenheiten\/sonstige-sonderregelungen\/\"},{\"@type\":\"ListItem\",\"position\":5,\"name\":\"Beurlaubung\"}]},{\"@type\":\"WebSite\",\"@id\":\"https:\/\/www.uni.lu\/de\/#website\",\"url\":\"https:\/\/www.uni.lu\/de\/\",\"name\":\"Uni.lu\",\"description\":\"Universit\u00e4t Luxemburg\",\"publisher\":{\"@id\":\"https:\/\/www.uni.lu\/de\/#organization\"},\"alternateName\":\"Universit\u00e4t Luxemburg\",\"potentialAction\":[{\"@type\":\"SearchAction\",\"target\":{\"@type\":\"EntryPoint\",\"urlTemplate\":\"https:\/\/www.uni.lu\/de\/?s={search_term_string}\"},\"query-input\":\"required name=search_term_string\"}],\"inLanguage\":\"de-DE\"},{\"@type\":\"Organization\",\"@id\":\"https:\/\/www.uni.lu\/de\/#organization\",\"name\":\"Universit\u00e4t Luxemburg\",\"alternateName\":\"Uni.lu\",\"url\":\"https:\/\/www.uni.lu\/de\/\",\"logo\":{\"@type\":\"ImageObject\",\"inLanguage\":\"de-DE\",\"@id\":\"https:\/\/www.uni.lu\/de\/#\/schema\/logo\/image\/\",\"url\":\"https:\/\/www.uni.lu\/wp-content\/uploads\/sites\/10\/2026\/03\/03120000\/UNIV_SM-Profile_1600x1600px-scaled.jpg\",\"contentUrl\":\"https:\/\/www.uni.lu\/wp-content\/uploads\/sites\/10\/2026\/03\/03120000\/UNIV_SM-Profile_1600x1600px-scaled.jpg\",\"width\":2560,\"height\":2560,\"caption\":\"Universit\u00e4t Luxemburg\"},\"image\":{\"@id\":\"https:\/\/www.uni.lu\/de\/#\/schema\/logo\/image\/\"},\"sameAs\":[\"https:\/\/www.facebook.com\/uni.lu\",\"https:\/\/www.linkedin.com\/school\/university-of-luxembourg\/\",\"https:\/\/www.instagram.com\/uni.lu\",\"https:\/\/www.youtube.com\/@uni_lu\",\"https:\/\/en.wikipedia.org\/wiki\/University_of_Luxembourg\"]}]}<\/script>\n<!-- \/ Yoast SEO Premium plugin. -->","yoast_head_json":{"title":"Beurlaubung - Universit\u00e4t Luxemburg","description":"Studierende, an der Universit\u00e4t eingeschrieben sind, k\u00f6nnen unter bestimmten Voraussetzungen eine Beurlaubung beantragen.","robots":{"index":"index","follow":"follow","max-snippet":"max-snippet:-1","max-image-preview":"max-image-preview:large","max-video-preview":"max-video-preview:-1"},"canonical":"https:\/\/www.uni.lu\/de\/studium\/akademische-angelegenheiten\/sonstige-sonderregelungen\/beurlaubung\/","og_locale":"de_DE","og_type":"article","og_title":"Beurlaubung","og_description":"Studierende, an der Universit\u00e4t eingeschrieben sind, k\u00f6nnen unter bestimmten Voraussetzungen eine Beurlaubung beantragen.","og_url":"https:\/\/www.uni.lu\/de\/studium\/akademische-angelegenheiten\/sonstige-sonderregelungen\/beurlaubung\/","og_site_name":"UNI DE","article_publisher":"https:\/\/www.facebook.com\/uni.lu","article_modified_time":"2024-08-07T08:16:24+00:00","og_image":[{"width":2560,"height":2560,"url":"https:\/\/www.uni.lu\/wp-content\/uploads\/sites\/10\/2026\/03\/03120000\/UNIV_SM-Profile_1600x1600px-scaled.jpg","type":"image\/jpeg"}],"twitter_card":"summary_large_image","twitter_misc":{"Gesch\u00e4tzte Lesezeit":"3 Minuten"},"schema":{"@context":"https:\/\/schema.org","@graph":[{"@type":"WebPage","@id":"https:\/\/www.uni.lu\/de\/studium\/akademische-angelegenheiten\/sonstige-sonderregelungen\/beurlaubung\/","url":"https:\/\/www.uni.lu\/de\/studium\/akademische-angelegenheiten\/sonstige-sonderregelungen\/beurlaubung\/","name":"Beurlaubung - Universit\u00e4t Luxemburg","isPartOf":{"@id":"https:\/\/www.uni.lu\/de\/#website"},"datePublished":"2024-01-10T13:22:16+00:00","dateModified":"2024-08-07T08:16:24+00:00","description":"Studierende, an der Universit\u00e4t eingeschrieben sind, k\u00f6nnen unter bestimmten Voraussetzungen eine Beurlaubung beantragen.","breadcrumb":{"@id":"https:\/\/www.uni.lu\/de\/studium\/akademische-angelegenheiten\/sonstige-sonderregelungen\/beurlaubung\/#breadcrumb"},"inLanguage":"de-DE","potentialAction":[{"@type":"ReadAction","target":["https:\/\/www.uni.lu\/de\/studium\/akademische-angelegenheiten\/sonstige-sonderregelungen\/beurlaubung\/"]}]},{"@type":"BreadcrumbList","@id":"https:\/\/www.uni.lu\/de\/studium\/akademische-angelegenheiten\/sonstige-sonderregelungen\/beurlaubung\/#breadcrumb","itemListElement":[{"@type":"ListItem","position":1,"name":"Home","item":"https:\/\/www.uni.lu\/de\/"},{"@type":"ListItem","position":2,"name":"Studium","item":"https:\/\/www.uni.lu\/de\/studium\/"},{"@type":"ListItem","position":3,"name":"Akademische Angelegenheiten","item":"https:\/\/www.uni.lu\/de\/studium\/akademische-angelegenheiten\/"},{"@type":"ListItem","position":4,"name":"Sonstige Sonderregelungen","item":"https:\/\/www.uni.lu\/de\/studium\/akademische-angelegenheiten\/sonstige-sonderregelungen\/"},{"@type":"ListItem","position":5,"name":"Beurlaubung"}]},{"@type":"WebSite","@id":"https:\/\/www.uni.lu\/de\/#website","url":"https:\/\/www.uni.lu\/de\/","name":"Uni.lu","description":"Universit\u00e4t Luxemburg","publisher":{"@id":"https:\/\/www.uni.lu\/de\/#organization"},"alternateName":"Universit\u00e4t Luxemburg","potentialAction":[{"@type":"SearchAction","target":{"@type":"EntryPoint","urlTemplate":"https:\/\/www.uni.lu\/de\/?s={search_term_string}"},"query-input":"required name=search_term_string"}],"inLanguage":"de-DE"},{"@type":"Organization","@id":"https:\/\/www.uni.lu\/de\/#organization","name":"Universit\u00e4t Luxemburg","alternateName":"Uni.lu","url":"https:\/\/www.uni.lu\/de\/","logo":{"@type":"ImageObject","inLanguage":"de-DE","@id":"https:\/\/www.uni.lu\/de\/#\/schema\/logo\/image\/","url":"https:\/\/www.uni.lu\/wp-content\/uploads\/sites\/10\/2026\/03\/03120000\/UNIV_SM-Profile_1600x1600px-scaled.jpg","contentUrl":"https:\/\/www.uni.lu\/wp-content\/uploads\/sites\/10\/2026\/03\/03120000\/UNIV_SM-Profile_1600x1600px-scaled.jpg","width":2560,"height":2560,"caption":"Universit\u00e4t Luxemburg"},"image":{"@id":"https:\/\/www.uni.lu\/de\/#\/schema\/logo\/image\/"},"sameAs":["https:\/\/www.facebook.com\/uni.lu","https:\/\/www.linkedin.com\/school\/university-of-luxembourg\/","https:\/\/www.instagram.com\/uni.lu","https:\/\/www.youtube.com\/@uni_lu","https:\/\/en.wikipedia.org\/wiki\/University_of_Luxembourg"]}]}},"ticketed":false,"_links":{"self":[{"href":"https:\/\/www.uni.lu\/de\/wp-json\/wp\/v2\/pages\/2547"}],"collection":[{"href":"https:\/\/www.uni.lu\/de\/wp-json\/wp\/v2\/pages"}],"about":[{"href":"https:\/\/www.uni.lu\/de\/wp-json\/wp\/v2\/types\/page"}],"author":[{"embeddable":true,"href":"https:\/\/www.uni.lu\/de\/wp-json\/wp\/v2\/users\/68"}],"replies":[{"embeddable":true,"href":"https:\/\/www.uni.lu\/de\/wp-json\/wp\/v2\/comments?post=2547"}],"version-history":[{"count":4,"href":"https:\/\/www.uni.lu\/de\/wp-json\/wp\/v2\/pages\/2547\/revisions"}],"predecessor-version":[{"id":3630,"href":"https:\/\/www.uni.lu\/de\/wp-json\/wp\/v2\/pages\/2547\/revisions\/3630"}],"up":[{"embeddable":true,"href":"https:\/\/www.uni.lu\/de\/wp-json\/wp\/v2\/pages\/2543"}],"wp:authorship":[{"embeddable":true,"href":"https:\/\/www.uni.lu\/de\/wp-json\/wp\/v2\/users\/68"},{"embeddable":true,"href":"https:\/\/www.uni.lu\/de\/wp-json\/wp\/v2\/users\/33"},{"embeddable":true,"href":"https:\/\/www.uni.lu\/de\/wp-json\/wp\/v2\/users\/210"},{"embeddable":true,"href":"https:\/\/www.uni.lu\/de\/wp-json\/wp\/v2\/users\/337"}],"wp:attachment":[{"href":"https:\/\/www.uni.lu\/de\/wp-json\/wp\/v2\/media?parent=2547"}],"wp:term":[{"taxonomy":"field-of-interest","embeddable":true,"href":"https:\/\/www.uni.lu\/de\/wp-json\/wp\/v2\/field-of-interest?post=2547"},{"taxonomy":"organisation","embeddable":true,"href":"https:\/\/www.uni.lu\/de\/wp-json\/wp\/v2\/organisation?post=2547"}],"curies":[{"name":"wp","href":"https:\/\/api.w.org\/{rel}","templated":true}]}}