{"id":2531,"date":"2024-01-10T11:45:19","date_gmt":"2024-01-10T10:45:19","guid":{"rendered":"https:\/\/www.uni.lu\/de\/?page_id=2531"},"modified":"2026-01-23T15:45:04","modified_gmt":"2026-01-23T14:45:04","slug":"phase-2","status":"publish","type":"page","link":"https:\/\/www.uni.lu\/de\/studium\/akademische-angelegenheiten\/rechtsbehelfe\/phase-2\/","title":{"rendered":"Phase 2"},"content":{"rendered":"<div class=\"section py-0 static\">\n<section class=\"py-0 wp-block-unilux-blocks-free-section section\"><div class=\"container xl:max-w-screen-xl\"><!-- SecondaryNavigationMirror --><div class=\"js-secondary-nav--sticky wp-block-unilux-blocks-secondary-navigation\" id=\"29738f73-89ed-427b-9ba2-82fb6b2774f1\">\n    <nav id=\"secondary-navigation\" role=\"navigation\" aria-label=\"Secondary menu\" class=\"secondary-nav\">\n        <button class=\"secondary-nav__button btn btn-solid--primary w-full\" aria-expanded=\"false\" aria-controls=\"secondary-navigation__list\" title=\"The selected page is \u00dcbersicht\" type=\"button\">\n            <span class=\"btn__name mr-auto\">\u00dcbersicht<\/span>\n            <svg aria-hidden=\"true\" focusable=\"false\" class=\"icon icon-outline icon--xs\">\n                <use xlink:href=\"https:\/\/www.uni.lu\/wp-content\/themes\/unilux-theme\/assets\/images\/icons\/icons-outline.svg#icon--arrow-down\" \/>\n            <\/svg>\n        <\/button>\n\n        <ul id=\"secondary-navigation__list\" class=\"secondary-nav__list\">\n            <li class=\"secondary-nav__item\">\n    <a href=\"https:\/\/www.uni.lu\/de\/studium\/akademische-angelegenheiten\/\" target=\"\" rel=\"noreferrer noopener\" class=\"secondary-nav__link \">\n        <svg aria-hidden=\"true\" focusable=\"false\" class=\"icon icon-outline icon--xs\">\n            <use xlink:href=\"https:\/\/www.uni.lu\/wp-content\/themes\/unilux-theme\/assets\/images\/icons\/icons-outline.svg#icon--arrow-right\" \/>\n        <\/svg>\n        <span class=\"secondary-nav__name\">\u00dcbersicht<\/span>\n    <\/a>\n<\/li>\n<li class=\"secondary-nav__item\">\n    <a href=\"https:\/\/www.uni.lu\/de\/studium\/akademische-angelegenheiten\/studierendenstatus\/\" target=\"\" rel=\"noreferrer noopener\" class=\"secondary-nav__link \">\n        <svg aria-hidden=\"true\" focusable=\"false\" class=\"icon icon-outline icon--xs\">\n            <use xlink:href=\"https:\/\/www.uni.lu\/wp-content\/themes\/unilux-theme\/assets\/images\/icons\/icons-outline.svg#icon--arrow-right\" \/>\n        <\/svg>\n        <span class=\"secondary-nav__name\">Studierendenstatus<\/span>\n    <\/a>\n<\/li>\n<li class=\"secondary-nav__item\">\n    <a href=\"https:\/\/www.uni.lu\/de\/studium\/akademische-angelegenheiten\/studienverlauf\/\" target=\"\" rel=\"noreferrer noopener\" class=\"secondary-nav__link \">\n        <svg aria-hidden=\"true\" focusable=\"false\" class=\"icon icon-outline icon--xs\">\n            <use xlink:href=\"https:\/\/www.uni.lu\/wp-content\/themes\/unilux-theme\/assets\/images\/icons\/icons-outline.svg#icon--arrow-right\" \/>\n        <\/svg>\n        <span class=\"secondary-nav__name\">Studienverlauf<\/span>\n    <\/a>\n<\/li>\n<li class=\"secondary-nav__item\">\n    <a href=\"https:\/\/www.uni.lu\/de\/studium\/akademische-angelegenheiten\/sonstige-sonderregelungen\/\" target=\"\" rel=\"noreferrer noopener\" class=\"secondary-nav__link \">\n        <svg aria-hidden=\"true\" focusable=\"false\" class=\"icon icon-outline icon--xs\">\n            <use xlink:href=\"https:\/\/www.uni.lu\/wp-content\/themes\/unilux-theme\/assets\/images\/icons\/icons-outline.svg#icon--arrow-right\" \/>\n        <\/svg>\n        <span class=\"secondary-nav__name\">Sonderregelungen<\/span>\n    <\/a>\n<\/li>\n<li class=\"secondary-nav__item\">\n    <a href=\"https:\/\/www.uni.lu\/de\/studium\/akademische-angelegenheiten\/korrektes-akademisches-verhalten\/\" target=\"\" rel=\"noreferrer noopener\" class=\"secondary-nav__link \">\n        <svg aria-hidden=\"true\" focusable=\"false\" class=\"icon icon-outline icon--xs\">\n            <use xlink:href=\"https:\/\/www.uni.lu\/wp-content\/themes\/unilux-theme\/assets\/images\/icons\/icons-outline.svg#icon--arrow-right\" \/>\n        <\/svg>\n        <span class=\"secondary-nav__name\">Korrektes akademisches Verhalten<\/span>\n    <\/a>\n<\/li>\n<li class=\"secondary-nav__item\">\n    <a href=\"https:\/\/www.uni.lu\/de\/studium\/akademische-angelegenheiten\/rechtsbehelfe\/\" target=\"\" rel=\"noreferrer noopener\" class=\"secondary-nav__link \">\n        <svg aria-hidden=\"true\" focusable=\"false\" class=\"icon icon-outline icon--xs\">\n            <use xlink:href=\"https:\/\/www.uni.lu\/wp-content\/themes\/unilux-theme\/assets\/images\/icons\/icons-outline.svg#icon--arrow-right\" \/>\n        <\/svg>\n        <span class=\"secondary-nav__name\">Rechtsbehelfe<\/span>\n    <\/a>\n<\/li>\n        <\/ul>\n    <\/nav>\n<\/div>\n<!-- end SecondaryNavigationMirror --><\/div><\/section>\n\n\n\n<section class=\"wp-block-unilux-blocks-free-section section\"><div class=\"container xl:max-w-screen-xl\">\n<p><strong>Phase 2<\/strong><\/p>\n\n\n\n<h1 class=\"has-text-align-left wp-block-unilux-blocks-heading\"        id=\"berufung-bei-der-widerspruchskommission\"\n    >\nBerufung bei der Widerspruchskommission<\/h1>\n\n\n\n<p>Die Widerspruchskommission der Universit\u00e4t regelt Streitigkeiten zwischen Nutzern der Universit\u00e4t und Entscheidungsgremien auf Grundlage eines kontradiktorischen Verfahrens. Ihr geh\u00f6ren Lehrende, Studierende und Mitarbeitende der Universit\u00e4t aus den Bereichen Verwaltung, Technik und Finanzen an. Sie entscheidet unabh\u00e4ngig. Sie \u00fcberpr\u00fcft angefochtene Entscheidungen auf ihre Rechtm\u00e4\u00dfigkeit und sachliche Richtigkeit.<\/p>\n\n\n\n<p>Die Zust\u00e4ndigkeit der Widerspruchskommission beschr\u00e4nkt sich auf Widerspr\u00fcche gegen:<\/p>\n\n\n\n<ol class=\"ulux-list\">\n<li class=\"ulux-list-item\">Beschl\u00fcsse gem\u00e4\u00df Artikel 32\u201337 und Artikel 39 des Universit\u00e4tsgesetzes,<\/li>\n\n\n\n<li class=\"ulux-list-item\">Beschl\u00fcsse \u00fcber <a href=\"https:\/\/www.uni.lu\/de\/studium\/akademische-angelegenheiten\/korrektes-akademisches-verhalten\/#mehr-akademisches-fehlverhalten\">Disziplinarma\u00dfnahmen<\/a>.<\/li>\n<\/ol>\n\n\n\n<p>Ein Widerspruch bei der Widerspruchskommission muss innerhalb eines (1) Monats nach Mitteilung der anzufechtenden Entscheidung oder innerhalb eines (1) Monats nach Mitteilung \u00fcber die Ablehnung des au\u00dferordentlichen Widerspruchs gegen die urspr\u00fcngliche Entscheidung eingereicht werden.<\/p>\n\n\n\n<p>Widerspr\u00fcche gegen eine Disziplinarstrafe m\u00fcssen innerhalb von sieben (7) Tagen nach Mitteilung der anzufechtenden Entscheidung eingereicht werden.<\/p>\n\n\n\n<p>Der Einspruch muss unter Verwendung dieses <a href=\"https:\/\/uni-lu-advocate.symplicity.com\/collections\/uni\/674bd0afdf691f3641f5f3f189cb652e\" target=\"_blank\" rel=\"noreferrer noopener\">Widerspruchsformulars<\/a>. Da die geltenden Rechtstexte in franz\u00f6sischer Sprache abgefasst sind, empfiehlt die Widerspruchskommission nachdr\u00fccklich die Verwendung der franz\u00f6sischen Sprache. Von Ausnahmef\u00e4llen abgesehen wird die Entscheidung in franz\u00f6sischer Sprache verk\u00fcndet.<\/p>\n\n\n\n<p>Der Widerspruch muss folgende Informationen enthalten:<\/p>\n\n\n\n<ul class=\"ulux-list\">\n<li class=\"ulux-list-item\">Pers\u00f6nliche Angaben und Kontaktdaten des Antragstellers: vollst\u00e4ndiger Name, Matrikelnummer (sofern vorhanden), E-Mail-Adresse.<\/li>\n\n\n\n<li class=\"ulux-list-item\">Angaben zu der anzufechtenden Entscheidung: Datum, Form der Bekanntgabe, Name der f\u00fcr die Entscheidung verantwortlichen Person oder Stelle, Studiengang, Art und Inhalt der Entscheidung.<\/li>\n\n\n\n<li class=\"ulux-list-item\">Angaben zu den Gr\u00fcnden, weshalb die Entscheidung angefochten wird.<\/li>\n\n\n\n<li class=\"ulux-list-item\">Geeignete Beweise.<\/li>\n<\/ul>\n\n\n\n<p>Die Widerspruchskommission pr\u00fcft zun\u00e4chst die Zul\u00e4ssigkeit des Widerspruchs. Ist der Widerspruch zul\u00e4ssig, pr\u00fcft die Kommission, ob die angefochtene Entscheidung allen an der Universit\u00e4t geltenden Vorschriften entspricht.<\/p>\n\n\n\n<p>Es handelt sich um ein kontradiktorisches Verfahren. Der Widerspruch wird der anderen Partei, d.\u202fh. der Stelle\/Person, die die angefochtene Entscheidung getroffen hat, \u00fcbermittelt. Die Kommission kann die andere Partei zur Abgabe einer schriftlichen Stellungnahme auffordern, die sie an den Antragsteller weiterleitet.<\/p>\n\n\n\n<p>K\u00f6nnen im schriftlichen Verfahren nicht alle Streitpunkte gekl\u00e4rt werden, kann die Widerspruchskommission beide Parteien zu einer Anh\u00f6rung laden. Bei der Anh\u00f6rung kann jede der Parteien von einer Person ihrer Wahl (z.\u202fB. einem Rechtsanwalt) begleitet werden. Diese Person kann sich an der Diskussion beteiligen.<\/p>\n\n\n\n<p>Die Mitglieder der Kommission entscheiden vollkommen unabh\u00e4ngig. Die Widerspruchskommission kann die Entscheidung best\u00e4tigen und den Widerspruch ablehnen oder dem Widerspruch teilweise oder vollst\u00e4ndig stattgeben. Ist letzteres der Fall, kann Sie die Entscheidung aufheben (der Verantwortliche f\u00fcr die angefochtene Entscheidung muss eine neue Entscheidung treffen) oder die Entscheidung \u00e4ndern (indem die angefochtene Entscheidung durch eine Entscheidung der Kommission ersetzt wird).<\/p>\n\n\n\n<p>Antragsteller und Antragsgegner werden per E-Mail \u00fcber die Entscheidung informiert. Erh\u00e4lt der Antragsteller innerhalb eines Monats nach Einreichung des Widerspruchs keine Antwort, ist die Beschwerde als stillschweigend abgelehnt zu betrachten.<\/p>\n\n\n\n<p>Antragsteller k\u00f6nnen die Entscheidung der Widerspruchskommission anfechten, indem sie beim Luxemburger Verwaltungsgericht (<em>Tribunal administratif<\/em>) eine Beantragung der Aufhebung (<em>recours en annulation<\/em>) einreichen. Der Antrag muss innerhalb eines (1) Monats nach Mitteilung der Entscheidung eingelegt werden.<\/p>\n<\/div><\/section>\n\n\n\n<section class=\"py-0 wp-block-unilux-blocks-free-section section\"><div class=\"container xl:max-w-screen-xl\">\n<h2 class=\"has-text-align-left wp-block-unilux-blocks-heading\"        id=\"nuetzliche-kontakte\"\n    >\nN\u00fctzliche Kontakte<\/h2>\n\n\n\n<ul class=\"wp-block-unilux-blocks-quick-link-highlight quick-link-list\">\n<li class=\"wp-block-unilux-blocks-quick-link-highlight-item\">\n    <a\n                    href=\"https:\/\/www.uni.lu\/de\/ueber-uns\/universitaetsleitung\/widerspruchskommission\/\"\n                    class=\"quick-link\"\n            target=\"\"\n    >\n            <span class=\"quick-link__container\">\n                <span class=\"quick-link__body\">\n                    <span class=\"quick-link__number\">\n                                            <\/span>\n                    <span class=\"quick-link__title\">\n                        \u200bWiderspruchskommission                    <\/span>\n                    <span class=\"quick-link__action\">\n                                            <\/span>\n                <\/span>\n                <svg aria-hidden=\"true\" focusable=\"false\" class=\"icon icon-outline icon--arrow-right \"><use xlink:href=\"https:\/\/www.uni.lu\/wp-content\/themes\/unilux-theme\/assets\/images\/icons\/icons-outline.svg#icon--arrow-right\"><\/use><\/svg>            <\/span>\n    <\/a>\n<\/li>\n<\/ul>\n<\/div><\/section>\n<\/div>","protected":false},"excerpt":{"rendered":"","protected":false},"author":68,"featured_media":0,"parent":2527,"menu_order":0,"comment_status":"closed","ping_status":"closed","template":"","meta":{"featured_image_focal_point":[],"show_featured_caption":false,"ulux_newsletter_groups":"","uluxPostTitle":"Akademische Angelegenheiten","uluxPrePostTitle":"Studium","_trash_the_other_posts":false,"_price":"","_stock":"","_tribe_ticket_header":"","_tribe_default_ticket_provider":"","_tribe_ticket_capacity":"0","_ticket_start_date":"","_ticket_end_date":"","_tribe_ticket_show_description":"","_tribe_ticket_show_not_going":false,"_tribe_ticket_use_global_stock":"","_tribe_ticket_global_stock_level":"","_global_stock_mode":"","_global_stock_cap":"","_tribe_rsvp_for_event":"","_tribe_ticket_going_count":"","_tribe_ticket_not_going_count":"","_tribe_tickets_list":"[]","_tribe_ticket_has_attendee_info_fields":false,"footnotes":""},"field-of-interest":[],"organisation":[],"authorship":[68,33,210,337],"acf":[],"yoast_head":"<!-- This site is optimized with the Yoast SEO Premium plugin v22.3 (Yoast SEO v22.3) - https:\/\/yoast.com\/wordpress\/plugins\/seo\/ -->\n<title>Phase 2 - Universit\u00e4t Luxemburg<\/title>\n<meta name=\"description\" content=\"Die Widerspruchskommission regelt Streitigkeiten zwischen Nutzern und Entscheidungsgremien auf Grundlage eines kontradiktorischen Verfahrens.\" \/>\n<meta name=\"robots\" content=\"index, follow, max-snippet:-1, max-image-preview:large, max-video-preview:-1\" \/>\n<link rel=\"canonical\" href=\"https:\/\/www.uni.lu\/de\/studium\/akademische-angelegenheiten\/rechtsbehelfe\/phase-2\/\" \/>\n<meta property=\"og:locale\" content=\"de_DE\" \/>\n<meta property=\"og:type\" content=\"article\" \/>\n<meta property=\"og:title\" content=\"Phase 2\" \/>\n<meta property=\"og:description\" content=\"Die Widerspruchskommission regelt Streitigkeiten zwischen Nutzern und Entscheidungsgremien auf Grundlage eines kontradiktorischen Verfahrens.\" \/>\n<meta property=\"og:url\" content=\"https:\/\/www.uni.lu\/de\/studium\/akademische-angelegenheiten\/rechtsbehelfe\/phase-2\/\" \/>\n<meta property=\"og:site_name\" content=\"UNI DE\" \/>\n<meta property=\"article:publisher\" content=\"https:\/\/www.facebook.com\/uni.lu\" \/>\n<meta property=\"article:modified_time\" content=\"2026-01-23T14:45:04+00:00\" \/>\n<meta property=\"og:image\" content=\"https:\/\/www.uni.lu\/wp-content\/uploads\/sites\/10\/2026\/03\/03120000\/UNIV_SM-Profile_1600x1600px-scaled.jpg\" \/>\n\t<meta property=\"og:image:width\" content=\"2560\" \/>\n\t<meta property=\"og:image:height\" content=\"2560\" \/>\n\t<meta property=\"og:image:type\" content=\"image\/jpeg\" \/>\n<meta name=\"twitter:card\" content=\"summary_large_image\" \/>\n<meta name=\"twitter:label1\" content=\"Gesch\u00e4tzte Lesezeit\" \/>\n\t<meta name=\"twitter:data1\" content=\"3 Minuten\" \/>\n<script type=\"application\/ld+json\" class=\"yoast-schema-graph\">{\"@context\":\"https:\/\/schema.org\",\"@graph\":[{\"@type\":\"WebPage\",\"@id\":\"https:\/\/www.uni.lu\/de\/studium\/akademische-angelegenheiten\/rechtsbehelfe\/phase-2\/\",\"url\":\"https:\/\/www.uni.lu\/de\/studium\/akademische-angelegenheiten\/rechtsbehelfe\/phase-2\/\",\"name\":\"Phase 2 - Universit\u00e4t Luxemburg\",\"isPartOf\":{\"@id\":\"https:\/\/www.uni.lu\/de\/#website\"},\"datePublished\":\"2024-01-10T10:45:19+00:00\",\"dateModified\":\"2026-01-23T14:45:04+00:00\",\"description\":\"Die Widerspruchskommission regelt Streitigkeiten zwischen Nutzern und Entscheidungsgremien auf Grundlage eines kontradiktorischen Verfahrens.\",\"breadcrumb\":{\"@id\":\"https:\/\/www.uni.lu\/de\/studium\/akademische-angelegenheiten\/rechtsbehelfe\/phase-2\/#breadcrumb\"},\"inLanguage\":\"de-DE\",\"potentialAction\":[{\"@type\":\"ReadAction\",\"target\":[\"https:\/\/www.uni.lu\/de\/studium\/akademische-angelegenheiten\/rechtsbehelfe\/phase-2\/\"]}]},{\"@type\":\"BreadcrumbList\",\"@id\":\"https:\/\/www.uni.lu\/de\/studium\/akademische-angelegenheiten\/rechtsbehelfe\/phase-2\/#breadcrumb\",\"itemListElement\":[{\"@type\":\"ListItem\",\"position\":1,\"name\":\"Home\",\"item\":\"https:\/\/www.uni.lu\/de\/\"},{\"@type\":\"ListItem\",\"position\":2,\"name\":\"Studium\",\"item\":\"https:\/\/www.uni.lu\/de\/studium\/\"},{\"@type\":\"ListItem\",\"position\":3,\"name\":\"Akademische Angelegenheiten\",\"item\":\"https:\/\/www.uni.lu\/de\/studium\/akademische-angelegenheiten\/\"},{\"@type\":\"ListItem\",\"position\":4,\"name\":\"Rechtsbehelfe\",\"item\":\"https:\/\/www.uni.lu\/de\/studium\/akademische-angelegenheiten\/rechtsbehelfe\/\"},{\"@type\":\"ListItem\",\"position\":5,\"name\":\"Phase 2\"}]},{\"@type\":\"WebSite\",\"@id\":\"https:\/\/www.uni.lu\/de\/#website\",\"url\":\"https:\/\/www.uni.lu\/de\/\",\"name\":\"Uni.lu\",\"description\":\"Universit\u00e4t Luxemburg\",\"publisher\":{\"@id\":\"https:\/\/www.uni.lu\/de\/#organization\"},\"alternateName\":\"Universit\u00e4t Luxemburg\",\"potentialAction\":[{\"@type\":\"SearchAction\",\"target\":{\"@type\":\"EntryPoint\",\"urlTemplate\":\"https:\/\/www.uni.lu\/de\/?s={search_term_string}\"},\"query-input\":\"required name=search_term_string\"}],\"inLanguage\":\"de-DE\"},{\"@type\":\"Organization\",\"@id\":\"https:\/\/www.uni.lu\/de\/#organization\",\"name\":\"Universit\u00e4t Luxemburg\",\"alternateName\":\"Uni.lu\",\"url\":\"https:\/\/www.uni.lu\/de\/\",\"logo\":{\"@type\":\"ImageObject\",\"inLanguage\":\"de-DE\",\"@id\":\"https:\/\/www.uni.lu\/de\/#\/schema\/logo\/image\/\",\"url\":\"https:\/\/www.uni.lu\/wp-content\/uploads\/sites\/10\/2026\/03\/03120000\/UNIV_SM-Profile_1600x1600px-scaled.jpg\",\"contentUrl\":\"https:\/\/www.uni.lu\/wp-content\/uploads\/sites\/10\/2026\/03\/03120000\/UNIV_SM-Profile_1600x1600px-scaled.jpg\",\"width\":2560,\"height\":2560,\"caption\":\"Universit\u00e4t Luxemburg\"},\"image\":{\"@id\":\"https:\/\/www.uni.lu\/de\/#\/schema\/logo\/image\/\"},\"sameAs\":[\"https:\/\/www.facebook.com\/uni.lu\",\"https:\/\/www.linkedin.com\/school\/university-of-luxembourg\/\",\"https:\/\/www.instagram.com\/uni.lu\",\"https:\/\/www.youtube.com\/@uni_lu\",\"https:\/\/en.wikipedia.org\/wiki\/University_of_Luxembourg\"]}]}<\/script>\n<!-- \/ Yoast SEO Premium plugin. -->","yoast_head_json":{"title":"Phase 2 - Universit\u00e4t Luxemburg","description":"Die Widerspruchskommission regelt Streitigkeiten zwischen Nutzern und Entscheidungsgremien auf Grundlage eines kontradiktorischen Verfahrens.","robots":{"index":"index","follow":"follow","max-snippet":"max-snippet:-1","max-image-preview":"max-image-preview:large","max-video-preview":"max-video-preview:-1"},"canonical":"https:\/\/www.uni.lu\/de\/studium\/akademische-angelegenheiten\/rechtsbehelfe\/phase-2\/","og_locale":"de_DE","og_type":"article","og_title":"Phase 2","og_description":"Die Widerspruchskommission regelt Streitigkeiten zwischen Nutzern und Entscheidungsgremien auf Grundlage eines kontradiktorischen Verfahrens.","og_url":"https:\/\/www.uni.lu\/de\/studium\/akademische-angelegenheiten\/rechtsbehelfe\/phase-2\/","og_site_name":"UNI DE","article_publisher":"https:\/\/www.facebook.com\/uni.lu","article_modified_time":"2026-01-23T14:45:04+00:00","og_image":[{"width":2560,"height":2560,"url":"https:\/\/www.uni.lu\/wp-content\/uploads\/sites\/10\/2026\/03\/03120000\/UNIV_SM-Profile_1600x1600px-scaled.jpg","type":"image\/jpeg"}],"twitter_card":"summary_large_image","twitter_misc":{"Gesch\u00e4tzte Lesezeit":"3 Minuten"},"schema":{"@context":"https:\/\/schema.org","@graph":[{"@type":"WebPage","@id":"https:\/\/www.uni.lu\/de\/studium\/akademische-angelegenheiten\/rechtsbehelfe\/phase-2\/","url":"https:\/\/www.uni.lu\/de\/studium\/akademische-angelegenheiten\/rechtsbehelfe\/phase-2\/","name":"Phase 2 - Universit\u00e4t Luxemburg","isPartOf":{"@id":"https:\/\/www.uni.lu\/de\/#website"},"datePublished":"2024-01-10T10:45:19+00:00","dateModified":"2026-01-23T14:45:04+00:00","description":"Die Widerspruchskommission regelt Streitigkeiten zwischen Nutzern und Entscheidungsgremien auf Grundlage eines kontradiktorischen Verfahrens.","breadcrumb":{"@id":"https:\/\/www.uni.lu\/de\/studium\/akademische-angelegenheiten\/rechtsbehelfe\/phase-2\/#breadcrumb"},"inLanguage":"de-DE","potentialAction":[{"@type":"ReadAction","target":["https:\/\/www.uni.lu\/de\/studium\/akademische-angelegenheiten\/rechtsbehelfe\/phase-2\/"]}]},{"@type":"BreadcrumbList","@id":"https:\/\/www.uni.lu\/de\/studium\/akademische-angelegenheiten\/rechtsbehelfe\/phase-2\/#breadcrumb","itemListElement":[{"@type":"ListItem","position":1,"name":"Home","item":"https:\/\/www.uni.lu\/de\/"},{"@type":"ListItem","position":2,"name":"Studium","item":"https:\/\/www.uni.lu\/de\/studium\/"},{"@type":"ListItem","position":3,"name":"Akademische Angelegenheiten","item":"https:\/\/www.uni.lu\/de\/studium\/akademische-angelegenheiten\/"},{"@type":"ListItem","position":4,"name":"Rechtsbehelfe","item":"https:\/\/www.uni.lu\/de\/studium\/akademische-angelegenheiten\/rechtsbehelfe\/"},{"@type":"ListItem","position":5,"name":"Phase 2"}]},{"@type":"WebSite","@id":"https:\/\/www.uni.lu\/de\/#website","url":"https:\/\/www.uni.lu\/de\/","name":"Uni.lu","description":"Universit\u00e4t Luxemburg","publisher":{"@id":"https:\/\/www.uni.lu\/de\/#organization"},"alternateName":"Universit\u00e4t Luxemburg","potentialAction":[{"@type":"SearchAction","target":{"@type":"EntryPoint","urlTemplate":"https:\/\/www.uni.lu\/de\/?s={search_term_string}"},"query-input":"required name=search_term_string"}],"inLanguage":"de-DE"},{"@type":"Organization","@id":"https:\/\/www.uni.lu\/de\/#organization","name":"Universit\u00e4t Luxemburg","alternateName":"Uni.lu","url":"https:\/\/www.uni.lu\/de\/","logo":{"@type":"ImageObject","inLanguage":"de-DE","@id":"https:\/\/www.uni.lu\/de\/#\/schema\/logo\/image\/","url":"https:\/\/www.uni.lu\/wp-content\/uploads\/sites\/10\/2026\/03\/03120000\/UNIV_SM-Profile_1600x1600px-scaled.jpg","contentUrl":"https:\/\/www.uni.lu\/wp-content\/uploads\/sites\/10\/2026\/03\/03120000\/UNIV_SM-Profile_1600x1600px-scaled.jpg","width":2560,"height":2560,"caption":"Universit\u00e4t Luxemburg"},"image":{"@id":"https:\/\/www.uni.lu\/de\/#\/schema\/logo\/image\/"},"sameAs":["https:\/\/www.facebook.com\/uni.lu","https:\/\/www.linkedin.com\/school\/university-of-luxembourg\/","https:\/\/www.instagram.com\/uni.lu","https:\/\/www.youtube.com\/@uni_lu","https:\/\/en.wikipedia.org\/wiki\/University_of_Luxembourg"]}]}},"ticketed":false,"_links":{"self":[{"href":"https:\/\/www.uni.lu\/de\/wp-json\/wp\/v2\/pages\/2531"}],"collection":[{"href":"https:\/\/www.uni.lu\/de\/wp-json\/wp\/v2\/pages"}],"about":[{"href":"https:\/\/www.uni.lu\/de\/wp-json\/wp\/v2\/types\/page"}],"author":[{"embeddable":true,"href":"https:\/\/www.uni.lu\/de\/wp-json\/wp\/v2\/users\/68"}],"replies":[{"embeddable":true,"href":"https:\/\/www.uni.lu\/de\/wp-json\/wp\/v2\/comments?post=2531"}],"version-history":[{"count":4,"href":"https:\/\/www.uni.lu\/de\/wp-json\/wp\/v2\/pages\/2531\/revisions"}],"predecessor-version":[{"id":8489,"href":"https:\/\/www.uni.lu\/de\/wp-json\/wp\/v2\/pages\/2531\/revisions\/8489"}],"up":[{"embeddable":true,"href":"https:\/\/www.uni.lu\/de\/wp-json\/wp\/v2\/pages\/2527"}],"wp:authorship":[{"embeddable":true,"href":"https:\/\/www.uni.lu\/de\/wp-json\/wp\/v2\/users\/68"},{"embeddable":true,"href":"https:\/\/www.uni.lu\/de\/wp-json\/wp\/v2\/users\/33"},{"embeddable":true,"href":"https:\/\/www.uni.lu\/de\/wp-json\/wp\/v2\/users\/210"},{"embeddable":true,"href":"https:\/\/www.uni.lu\/de\/wp-json\/wp\/v2\/users\/337"}],"wp:attachment":[{"href":"https:\/\/www.uni.lu\/de\/wp-json\/wp\/v2\/media?parent=2531"}],"wp:term":[{"taxonomy":"field-of-interest","embeddable":true,"href":"https:\/\/www.uni.lu\/de\/wp-json\/wp\/v2\/field-of-interest?post=2531"},{"taxonomy":"organisation","embeddable":true,"href":"https:\/\/www.uni.lu\/de\/wp-json\/wp\/v2\/organisation?post=2531"}],"curies":[{"name":"wp","href":"https:\/\/api.w.org\/{rel}","templated":true}]}}