{"id":2529,"date":"2024-01-10T11:43:25","date_gmt":"2024-01-10T10:43:25","guid":{"rendered":"https:\/\/www.uni.lu\/de\/?page_id=2529"},"modified":"2024-08-09T10:25:17","modified_gmt":"2024-08-09T08:25:17","slug":"phase-1","status":"publish","type":"page","link":"https:\/\/www.uni.lu\/de\/studium\/akademische-angelegenheiten\/rechtsbehelfe\/phase-1\/","title":{"rendered":"Phase 1"},"content":{"rendered":"<div class=\"section py-0 static\">\n<section class=\"py-0 wp-block-unilux-blocks-free-section section\"><div class=\"container xl:max-w-screen-xl\"><!-- SecondaryNavigationMirror --><div class=\"js-secondary-nav--sticky wp-block-unilux-blocks-secondary-navigation\" id=\"29738f73-89ed-427b-9ba2-82fb6b2774f1\">\n    <nav id=\"secondary-navigation\" role=\"navigation\" aria-label=\"Secondary menu\" class=\"secondary-nav\">\n        <button class=\"secondary-nav__button btn btn-solid--primary w-full\" aria-expanded=\"false\" aria-controls=\"secondary-navigation__list\" title=\"The selected page is \u00dcbersicht\" type=\"button\">\n            <span class=\"btn__name mr-auto\">\u00dcbersicht<\/span>\n            <svg aria-hidden=\"true\" focusable=\"false\" class=\"icon icon-outline icon--xs\">\n                <use xlink:href=\"https:\/\/www.uni.lu\/wp-content\/themes\/unilux-theme\/assets\/images\/icons\/icons-outline.svg#icon--arrow-down\" \/>\n            <\/svg>\n        <\/button>\n\n        <ul id=\"secondary-navigation__list\" class=\"secondary-nav__list\">\n            <li class=\"secondary-nav__item\">\n    <a href=\"https:\/\/www.uni.lu\/de\/studium\/akademische-angelegenheiten\/\" target=\"\" rel=\"noreferrer noopener\" class=\"secondary-nav__link \">\n        <svg aria-hidden=\"true\" focusable=\"false\" class=\"icon icon-outline icon--xs\">\n            <use xlink:href=\"https:\/\/www.uni.lu\/wp-content\/themes\/unilux-theme\/assets\/images\/icons\/icons-outline.svg#icon--arrow-right\" \/>\n        <\/svg>\n        <span class=\"secondary-nav__name\">\u00dcbersicht<\/span>\n    <\/a>\n<\/li>\n<li class=\"secondary-nav__item\">\n    <a href=\"https:\/\/www.uni.lu\/de\/studium\/akademische-angelegenheiten\/studierendenstatus\/\" target=\"\" rel=\"noreferrer noopener\" class=\"secondary-nav__link \">\n        <svg aria-hidden=\"true\" focusable=\"false\" class=\"icon icon-outline icon--xs\">\n            <use xlink:href=\"https:\/\/www.uni.lu\/wp-content\/themes\/unilux-theme\/assets\/images\/icons\/icons-outline.svg#icon--arrow-right\" \/>\n        <\/svg>\n        <span class=\"secondary-nav__name\">Studierendenstatus<\/span>\n    <\/a>\n<\/li>\n<li class=\"secondary-nav__item\">\n    <a href=\"https:\/\/www.uni.lu\/de\/studium\/akademische-angelegenheiten\/studienverlauf\/\" target=\"\" rel=\"noreferrer noopener\" class=\"secondary-nav__link \">\n        <svg aria-hidden=\"true\" focusable=\"false\" class=\"icon icon-outline icon--xs\">\n            <use xlink:href=\"https:\/\/www.uni.lu\/wp-content\/themes\/unilux-theme\/assets\/images\/icons\/icons-outline.svg#icon--arrow-right\" \/>\n        <\/svg>\n        <span class=\"secondary-nav__name\">Studienverlauf<\/span>\n    <\/a>\n<\/li>\n<li class=\"secondary-nav__item\">\n    <a href=\"https:\/\/www.uni.lu\/de\/studium\/akademische-angelegenheiten\/sonstige-sonderregelungen\/\" target=\"\" rel=\"noreferrer noopener\" class=\"secondary-nav__link \">\n        <svg aria-hidden=\"true\" focusable=\"false\" class=\"icon icon-outline icon--xs\">\n            <use xlink:href=\"https:\/\/www.uni.lu\/wp-content\/themes\/unilux-theme\/assets\/images\/icons\/icons-outline.svg#icon--arrow-right\" \/>\n        <\/svg>\n        <span class=\"secondary-nav__name\">Sonderregelungen<\/span>\n    <\/a>\n<\/li>\n<li class=\"secondary-nav__item\">\n    <a href=\"https:\/\/www.uni.lu\/de\/studium\/akademische-angelegenheiten\/korrektes-akademisches-verhalten\/\" target=\"\" rel=\"noreferrer noopener\" class=\"secondary-nav__link \">\n        <svg aria-hidden=\"true\" focusable=\"false\" class=\"icon icon-outline icon--xs\">\n            <use xlink:href=\"https:\/\/www.uni.lu\/wp-content\/themes\/unilux-theme\/assets\/images\/icons\/icons-outline.svg#icon--arrow-right\" \/>\n        <\/svg>\n        <span class=\"secondary-nav__name\">Korrektes akademisches Verhalten<\/span>\n    <\/a>\n<\/li>\n<li class=\"secondary-nav__item\">\n    <a href=\"https:\/\/www.uni.lu\/de\/studium\/akademische-angelegenheiten\/rechtsbehelfe\/\" target=\"\" rel=\"noreferrer noopener\" class=\"secondary-nav__link \">\n        <svg aria-hidden=\"true\" focusable=\"false\" class=\"icon icon-outline icon--xs\">\n            <use xlink:href=\"https:\/\/www.uni.lu\/wp-content\/themes\/unilux-theme\/assets\/images\/icons\/icons-outline.svg#icon--arrow-right\" \/>\n        <\/svg>\n        <span class=\"secondary-nav__name\">Rechtsbehelfe<\/span>\n    <\/a>\n<\/li>\n        <\/ul>\n    <\/nav>\n<\/div>\n<!-- end SecondaryNavigationMirror --><\/div><\/section>\n\n\n\n<section class=\"py-0 wp-block-unilux-blocks-free-section section\"><div class=\"container xl:max-w-screen-xl\">\n<p><strong>Phase 1<\/strong><\/p>\n\n\n\n<h1 class=\"has-text-align-left wp-block-unilux-blocks-heading\"        id=\"widerspruchsverfahren-beim-fuer-die-entscheidung-verantwortlichen-recours-gracieux\"\n    >\n<strong>Widerspruchsverfahren beim f\u00fcr die Entscheidung Verantwortlichen <em>(recours gracieux<\/em>)<\/strong>\u00a0<\/h1>\n\n\n\n<p>Ein au\u00dferordentliches Widerspruchsverfahren ist eine interne administrative Beschwerde bei der Person oder Stelle, die f\u00fcr die jeweilige Entscheidung verantwortlich war.<\/p>\n\n\n\n<p>Studierende oder Studienbewerber, die einen au\u00dferordentlichen Widerspruch einlegen wollen, m\u00fcssen dies innerhalb der in der Entscheidung angegebenen Frist tun:<\/p>\n\n\n\n<ul class=\"ulux-list\">\n<li class=\"ulux-list-item\">Au\u00dferordentliche Widerspr\u00fcche gegen Zulassungsentscheidungen m\u00fcssen innerhalb von sieben (7) Tagen nach Ver\u00f6ffentlichung der Entscheidung im Online-Zulassungsportal eingereicht werden (Beispiel: Mitteilung erfolgt an einem Dienstag, die Frist l\u00e4uft am Dienstag der folgenden Woche um 24.00\u202fUhr ab).<\/li>\n\n\n\n<li class=\"ulux-list-item\">Au\u00dferordentliche Widerspr\u00fcche gegen Ergebnisse von Beurteilungen m\u00fcssen innerhalb eines (1) Monats nach Bekanntgabe des Ergebnisses eingereicht werden (1 Monat = der Tag nach dem Datum der Bekanntgabe im Folgemonat, z.\u202fB. Bekanntgabe am 3.\u202fFebruar, Frist = 4.\u202fM\u00e4rz um 24.00\u202fUhr).<\/li>\n\n\n\n<li class=\"ulux-list-item\">F\u00fcr alle anderen Entscheidungen betr\u00e4gt die Frist vierzehn (14) Tage nach Erhalt der Entscheidung, sofern in der Mitteilung zur Entscheidung nichts anderes angegeben ist.<\/li>\n<\/ul>\n\n\n\n<p>Wird der au\u00dferordentliche Widerspruch zugelassen (d.\u202fh. der Empf\u00e4nger pr\u00fcft die Beschwerde), verl\u00e4ngert sich die Frist f\u00fcr die Einreichung eines offiziellen Widerspruchs bei der Schlichtungskommission der Universit\u00e4t (siehe\u202f<a href=\"https:\/\/www.uni.lu\/de\/studium\/akademische-angelegenheiten\/rechtsbehelfe\/phase-2\/\">Phase 2<\/a>). Wird der au\u00dferordentliche Widerspruch aus verfahrensrechtlichen Gr\u00fcnden zur\u00fcckgewiesen, gibt es keine solche Fristverl\u00e4ngerung.<\/p>\n\n\n\n<p>Ein au\u00dferordentlicher Widerspruch ist per Einschreiben in einer der drei offiziellen Sprachen der Universit\u00e4t (Franz\u00f6sisch, Deutsch oder Englisch) an die Stelle zu richten, die die Entscheidung getroffen hat (in der Regel an den Absender des Schreibens, in dem die Entscheidung mitgeteilt wird).<\/p>\n\n\n\n<p>Wenn ein Widerspruch \u00fcber die Online-Plattform des Studierendenportals (\u201eGuichet Etudiant\u201c) der Universit\u00e4t eingereicht werden kann, m\u00fcssen Studierende und Studienbewerber von dieser M\u00f6glichkeit Gebrauch machen. Dies gilt beispielsweise f\u00fcr au\u00dferordentliche Widerspr\u00fcche gegen Zulassungsentscheidungen.<\/p>\n\n\n\n<p>Der Widerspruch muss folgende Informationen enthalten:<\/p>\n\n\n\n<ul class=\"ulux-list\">\n<li class=\"ulux-list-item\">vollst\u00e4ndiger Name des Antragstellers,<\/li>\n\n\n\n<li class=\"ulux-list-item\">Matrikelnummer (10-stellige Nummer auf dem Studierendenausweis oder Antragsformular),<\/li>\n\n\n\n<li class=\"ulux-list-item\">den betreffenden Studiengang,<\/li>\n\n\n\n<li class=\"ulux-list-item\">genaue Angaben zu der Entscheidung, gegen die Widerspruch eingelegt wird,<\/li>\n\n\n\n<li class=\"ulux-list-item\">eine ausf\u00fchrliche Begr\u00fcndung, aus der hervorgeht, weshalb eine \u00dcberpr\u00fcfung der Entscheidung beantragt wird, wie in den\u202f<a href=\"https:\/\/www.uni.lu\/de\/studium\/akademische-angelegenheiten\/rechtsbehelfe\/#mehr-zum-thema-rechtsbehelfe\">FAQ<\/a> beschrieben. Wenn sich die Begr\u00fcndung auf akademische Regeln und Verordnungen beruft, m\u00fcssen diese unter Angabe der korrekten Quelle und Referenz klar benannt werden.<\/li>\n<\/ul>\n\n\n\n<p>Die Person oder Stelle, bei der der Widerspruch eingegangen ist, best\u00e4tigt den Eingang und teilt dem Antragsteller mit, ob sie den Widerspruch aus verfahrensrechtlichen Gr\u00fcnden zur\u00fcckweist (Widerspruch nicht zugelassen).<\/p>\n\n\n\n<p>Die Entscheidung \u00fcber die Annahme oder Ablehnung eines zugelassenen Widerspruchs wird innerhalb von vier (4) Wochen nach Eingang des Widerspruchs getroffen, sofern nichts anderes mitgeteilt wird. Erh\u00e4lt der Antragsteller innerhalb dieser Frist keine Antwort, muss der Widerspruch als abgelehnt betrachtet werden. In diesem Fall haben Studierende oder Studienbewerber einen Monat Zeit, um vor der Schlichtungskommission Widerspruch einzulegen, wenn sie dies w\u00fcnschen (siehe\u202f<a href=\"https:\/\/www.uni.lu\/de\/studium\/akademische-angelegenheiten\/rechtsbehelfe\/phase-2\/\">Phase 2<\/a>).<\/p>\n\n\n\n<p>Gr\u00fcnde f\u00fcr eine Ablehnung k\u00f6nnen sein:<\/p>\n\n\n\n<ul class=\"ulux-list\">\n<li class=\"ulux-list-item\">Versp\u00e4tete Einreichung des Widerspruchs,<\/li>\n\n\n\n<li class=\"ulux-list-item\">Mangel an relevanten Gr\u00fcnden,<\/li>\n\n\n\n<li class=\"ulux-list-item\">unzul\u00e4ssige Grundlage f\u00fcr einen Widerspruch,<\/li>\n\n\n\n<li class=\"ulux-list-item\">Mangel an Beweisen,<\/li>\n\n\n\n<li class=\"ulux-list-item\">Beweise, die nicht als Nachweis der geltend gemachten Umst\u00e4nde geeignet sind.<\/li>\n<\/ul>\n\n\n<div class=\"wp-block-unilux-blocks-spacer is-spacer-size-sm\"><\/div><\/div><\/section>\n\n\n\n<section class=\"wp-block-unilux-blocks-free-section section\"><div class=\"container xl:max-w-screen-xl\">\n<h2 class=\"has-text-align-left wp-block-unilux-blocks-heading\"        id=\"nuetzliche-kontakte\"\n    >\nN\u00fctzliche Kontakte<\/h2>\n\n\n\n<ul class=\"wp-block-unilux-blocks-quick-link-highlight quick-link-list\">\n<li class=\"wp-block-unilux-blocks-quick-link-highlight-item\">\n    <a\n                    href=\"https:\/\/www.uni.lu\/de\/ueber-uns\/universitaetsleitung\/widerspruchskommission\/\"\n                    class=\"quick-link\"\n            target=\"\"\n    >\n            <span class=\"quick-link__container\">\n                <span class=\"quick-link__body\">\n                    <span class=\"quick-link__number\">\n                                            <\/span>\n                    <span class=\"quick-link__title\">\n                        \u200bWiderspruchskommission                    <\/span>\n                    <span class=\"quick-link__action\">\n                                            <\/span>\n                <\/span>\n                <svg aria-hidden=\"true\" focusable=\"false\" class=\"icon icon-outline icon--arrow-right \"><use xlink:href=\"https:\/\/www.uni.lu\/wp-content\/themes\/unilux-theme\/assets\/images\/icons\/icons-outline.svg#icon--arrow-right\"><\/use><\/svg>            <\/span>\n    <\/a>\n<\/li>\n<\/ul>\n<\/div><\/section>\n<\/div>","protected":false},"excerpt":{"rendered":"","protected":false},"author":68,"featured_media":0,"parent":2527,"menu_order":0,"comment_status":"closed","ping_status":"closed","template":"","meta":{"featured_image_focal_point":[],"show_featured_caption":false,"ulux_newsletter_groups":"","uluxPostTitle":"Akademische Angelegenheiten","uluxPrePostTitle":"Studium","_trash_the_other_posts":false,"_price":"","_stock":"","_tribe_ticket_header":"","_tribe_default_ticket_provider":"","_tribe_ticket_capacity":"0","_ticket_start_date":"","_ticket_end_date":"","_tribe_ticket_show_description":"","_tribe_ticket_show_not_going":false,"_tribe_ticket_use_global_stock":"","_tribe_ticket_global_stock_level":"","_global_stock_mode":"","_global_stock_cap":"","_tribe_rsvp_for_event":"","_tribe_ticket_going_count":"","_tribe_ticket_not_going_count":"","_tribe_tickets_list":"[]","_tribe_ticket_has_attendee_info_fields":false,"footnotes":""},"field-of-interest":[],"organisation":[],"authorship":[68,33,210,337],"acf":[],"yoast_head":"<!-- This site is optimized with the Yoast SEO Premium plugin v22.3 (Yoast SEO v22.3) - https:\/\/yoast.com\/wordpress\/plugins\/seo\/ -->\n<title>Phase 1 - Universit\u00e4t Luxemburg<\/title>\n<meta name=\"description\" content=\"Ein au\u00dferordentliches Widerspruchsverfahren ist eine interne administrative Beschwerde bei der Person oder Stelle.\" \/>\n<meta name=\"robots\" content=\"index, follow, max-snippet:-1, max-image-preview:large, max-video-preview:-1\" \/>\n<link rel=\"canonical\" href=\"https:\/\/www.uni.lu\/de\/studium\/akademische-angelegenheiten\/rechtsbehelfe\/phase-1\/\" \/>\n<meta property=\"og:locale\" content=\"de_DE\" \/>\n<meta property=\"og:type\" content=\"article\" \/>\n<meta property=\"og:title\" content=\"Phase 1\" \/>\n<meta property=\"og:description\" content=\"Ein au\u00dferordentliches Widerspruchsverfahren ist eine interne administrative Beschwerde bei der Person oder Stelle.\" \/>\n<meta property=\"og:url\" content=\"https:\/\/www.uni.lu\/de\/studium\/akademische-angelegenheiten\/rechtsbehelfe\/phase-1\/\" \/>\n<meta property=\"og:site_name\" content=\"UNI DE\" \/>\n<meta property=\"article:publisher\" content=\"https:\/\/www.facebook.com\/uni.lu\" \/>\n<meta property=\"article:modified_time\" content=\"2024-08-09T08:25:17+00:00\" \/>\n<meta property=\"og:image\" content=\"https:\/\/www.uni.lu\/wp-content\/uploads\/sites\/10\/2026\/03\/03120000\/UNIV_SM-Profile_1600x1600px-scaled.jpg\" \/>\n\t<meta property=\"og:image:width\" content=\"2560\" \/>\n\t<meta property=\"og:image:height\" content=\"2560\" \/>\n\t<meta property=\"og:image:type\" content=\"image\/jpeg\" \/>\n<meta name=\"twitter:card\" content=\"summary_large_image\" \/>\n<meta name=\"twitter:label1\" content=\"Gesch\u00e4tzte Lesezeit\" \/>\n\t<meta name=\"twitter:data1\" content=\"3 Minuten\" \/>\n<script type=\"application\/ld+json\" class=\"yoast-schema-graph\">{\"@context\":\"https:\/\/schema.org\",\"@graph\":[{\"@type\":\"WebPage\",\"@id\":\"https:\/\/www.uni.lu\/de\/studium\/akademische-angelegenheiten\/rechtsbehelfe\/phase-1\/\",\"url\":\"https:\/\/www.uni.lu\/de\/studium\/akademische-angelegenheiten\/rechtsbehelfe\/phase-1\/\",\"name\":\"Phase 1 - Universit\u00e4t Luxemburg\",\"isPartOf\":{\"@id\":\"https:\/\/www.uni.lu\/de\/#website\"},\"datePublished\":\"2024-01-10T10:43:25+00:00\",\"dateModified\":\"2024-08-09T08:25:17+00:00\",\"description\":\"Ein au\u00dferordentliches Widerspruchsverfahren ist eine interne administrative Beschwerde bei der Person oder Stelle.\",\"breadcrumb\":{\"@id\":\"https:\/\/www.uni.lu\/de\/studium\/akademische-angelegenheiten\/rechtsbehelfe\/phase-1\/#breadcrumb\"},\"inLanguage\":\"de-DE\",\"potentialAction\":[{\"@type\":\"ReadAction\",\"target\":[\"https:\/\/www.uni.lu\/de\/studium\/akademische-angelegenheiten\/rechtsbehelfe\/phase-1\/\"]}]},{\"@type\":\"BreadcrumbList\",\"@id\":\"https:\/\/www.uni.lu\/de\/studium\/akademische-angelegenheiten\/rechtsbehelfe\/phase-1\/#breadcrumb\",\"itemListElement\":[{\"@type\":\"ListItem\",\"position\":1,\"name\":\"Home\",\"item\":\"https:\/\/www.uni.lu\/de\/\"},{\"@type\":\"ListItem\",\"position\":2,\"name\":\"Studium\",\"item\":\"https:\/\/www.uni.lu\/de\/studium\/\"},{\"@type\":\"ListItem\",\"position\":3,\"name\":\"Akademische Angelegenheiten\",\"item\":\"https:\/\/www.uni.lu\/de\/studium\/akademische-angelegenheiten\/\"},{\"@type\":\"ListItem\",\"position\":4,\"name\":\"Rechtsbehelfe\",\"item\":\"https:\/\/www.uni.lu\/de\/studium\/akademische-angelegenheiten\/rechtsbehelfe\/\"},{\"@type\":\"ListItem\",\"position\":5,\"name\":\"Phase 1\"}]},{\"@type\":\"WebSite\",\"@id\":\"https:\/\/www.uni.lu\/de\/#website\",\"url\":\"https:\/\/www.uni.lu\/de\/\",\"name\":\"Uni.lu\",\"description\":\"Universit\u00e4t Luxemburg\",\"publisher\":{\"@id\":\"https:\/\/www.uni.lu\/de\/#organization\"},\"alternateName\":\"Universit\u00e4t Luxemburg\",\"potentialAction\":[{\"@type\":\"SearchAction\",\"target\":{\"@type\":\"EntryPoint\",\"urlTemplate\":\"https:\/\/www.uni.lu\/de\/?s={search_term_string}\"},\"query-input\":\"required name=search_term_string\"}],\"inLanguage\":\"de-DE\"},{\"@type\":\"Organization\",\"@id\":\"https:\/\/www.uni.lu\/de\/#organization\",\"name\":\"Universit\u00e4t Luxemburg\",\"alternateName\":\"Uni.lu\",\"url\":\"https:\/\/www.uni.lu\/de\/\",\"logo\":{\"@type\":\"ImageObject\",\"inLanguage\":\"de-DE\",\"@id\":\"https:\/\/www.uni.lu\/de\/#\/schema\/logo\/image\/\",\"url\":\"https:\/\/www.uni.lu\/wp-content\/uploads\/sites\/10\/2026\/03\/03120000\/UNIV_SM-Profile_1600x1600px-scaled.jpg\",\"contentUrl\":\"https:\/\/www.uni.lu\/wp-content\/uploads\/sites\/10\/2026\/03\/03120000\/UNIV_SM-Profile_1600x1600px-scaled.jpg\",\"width\":2560,\"height\":2560,\"caption\":\"Universit\u00e4t Luxemburg\"},\"image\":{\"@id\":\"https:\/\/www.uni.lu\/de\/#\/schema\/logo\/image\/\"},\"sameAs\":[\"https:\/\/www.facebook.com\/uni.lu\",\"https:\/\/www.linkedin.com\/school\/university-of-luxembourg\/\",\"https:\/\/www.instagram.com\/uni.lu\",\"https:\/\/www.youtube.com\/@uni_lu\",\"https:\/\/en.wikipedia.org\/wiki\/University_of_Luxembourg\"]}]}<\/script>\n<!-- \/ Yoast SEO Premium plugin. -->","yoast_head_json":{"title":"Phase 1 - Universit\u00e4t Luxemburg","description":"Ein au\u00dferordentliches Widerspruchsverfahren ist eine interne administrative Beschwerde bei der Person oder Stelle.","robots":{"index":"index","follow":"follow","max-snippet":"max-snippet:-1","max-image-preview":"max-image-preview:large","max-video-preview":"max-video-preview:-1"},"canonical":"https:\/\/www.uni.lu\/de\/studium\/akademische-angelegenheiten\/rechtsbehelfe\/phase-1\/","og_locale":"de_DE","og_type":"article","og_title":"Phase 1","og_description":"Ein au\u00dferordentliches Widerspruchsverfahren ist eine interne administrative Beschwerde bei der Person oder Stelle.","og_url":"https:\/\/www.uni.lu\/de\/studium\/akademische-angelegenheiten\/rechtsbehelfe\/phase-1\/","og_site_name":"UNI DE","article_publisher":"https:\/\/www.facebook.com\/uni.lu","article_modified_time":"2024-08-09T08:25:17+00:00","og_image":[{"width":2560,"height":2560,"url":"https:\/\/www.uni.lu\/wp-content\/uploads\/sites\/10\/2026\/03\/03120000\/UNIV_SM-Profile_1600x1600px-scaled.jpg","type":"image\/jpeg"}],"twitter_card":"summary_large_image","twitter_misc":{"Gesch\u00e4tzte Lesezeit":"3 Minuten"},"schema":{"@context":"https:\/\/schema.org","@graph":[{"@type":"WebPage","@id":"https:\/\/www.uni.lu\/de\/studium\/akademische-angelegenheiten\/rechtsbehelfe\/phase-1\/","url":"https:\/\/www.uni.lu\/de\/studium\/akademische-angelegenheiten\/rechtsbehelfe\/phase-1\/","name":"Phase 1 - Universit\u00e4t Luxemburg","isPartOf":{"@id":"https:\/\/www.uni.lu\/de\/#website"},"datePublished":"2024-01-10T10:43:25+00:00","dateModified":"2024-08-09T08:25:17+00:00","description":"Ein au\u00dferordentliches Widerspruchsverfahren ist eine interne administrative Beschwerde bei der Person oder Stelle.","breadcrumb":{"@id":"https:\/\/www.uni.lu\/de\/studium\/akademische-angelegenheiten\/rechtsbehelfe\/phase-1\/#breadcrumb"},"inLanguage":"de-DE","potentialAction":[{"@type":"ReadAction","target":["https:\/\/www.uni.lu\/de\/studium\/akademische-angelegenheiten\/rechtsbehelfe\/phase-1\/"]}]},{"@type":"BreadcrumbList","@id":"https:\/\/www.uni.lu\/de\/studium\/akademische-angelegenheiten\/rechtsbehelfe\/phase-1\/#breadcrumb","itemListElement":[{"@type":"ListItem","position":1,"name":"Home","item":"https:\/\/www.uni.lu\/de\/"},{"@type":"ListItem","position":2,"name":"Studium","item":"https:\/\/www.uni.lu\/de\/studium\/"},{"@type":"ListItem","position":3,"name":"Akademische Angelegenheiten","item":"https:\/\/www.uni.lu\/de\/studium\/akademische-angelegenheiten\/"},{"@type":"ListItem","position":4,"name":"Rechtsbehelfe","item":"https:\/\/www.uni.lu\/de\/studium\/akademische-angelegenheiten\/rechtsbehelfe\/"},{"@type":"ListItem","position":5,"name":"Phase 1"}]},{"@type":"WebSite","@id":"https:\/\/www.uni.lu\/de\/#website","url":"https:\/\/www.uni.lu\/de\/","name":"Uni.lu","description":"Universit\u00e4t Luxemburg","publisher":{"@id":"https:\/\/www.uni.lu\/de\/#organization"},"alternateName":"Universit\u00e4t Luxemburg","potentialAction":[{"@type":"SearchAction","target":{"@type":"EntryPoint","urlTemplate":"https:\/\/www.uni.lu\/de\/?s={search_term_string}"},"query-input":"required name=search_term_string"}],"inLanguage":"de-DE"},{"@type":"Organization","@id":"https:\/\/www.uni.lu\/de\/#organization","name":"Universit\u00e4t Luxemburg","alternateName":"Uni.lu","url":"https:\/\/www.uni.lu\/de\/","logo":{"@type":"ImageObject","inLanguage":"de-DE","@id":"https:\/\/www.uni.lu\/de\/#\/schema\/logo\/image\/","url":"https:\/\/www.uni.lu\/wp-content\/uploads\/sites\/10\/2026\/03\/03120000\/UNIV_SM-Profile_1600x1600px-scaled.jpg","contentUrl":"https:\/\/www.uni.lu\/wp-content\/uploads\/sites\/10\/2026\/03\/03120000\/UNIV_SM-Profile_1600x1600px-scaled.jpg","width":2560,"height":2560,"caption":"Universit\u00e4t Luxemburg"},"image":{"@id":"https:\/\/www.uni.lu\/de\/#\/schema\/logo\/image\/"},"sameAs":["https:\/\/www.facebook.com\/uni.lu","https:\/\/www.linkedin.com\/school\/university-of-luxembourg\/","https:\/\/www.instagram.com\/uni.lu","https:\/\/www.youtube.com\/@uni_lu","https:\/\/en.wikipedia.org\/wiki\/University_of_Luxembourg"]}]}},"ticketed":false,"_links":{"self":[{"href":"https:\/\/www.uni.lu\/de\/wp-json\/wp\/v2\/pages\/2529"}],"collection":[{"href":"https:\/\/www.uni.lu\/de\/wp-json\/wp\/v2\/pages"}],"about":[{"href":"https:\/\/www.uni.lu\/de\/wp-json\/wp\/v2\/types\/page"}],"author":[{"embeddable":true,"href":"https:\/\/www.uni.lu\/de\/wp-json\/wp\/v2\/users\/68"}],"replies":[{"embeddable":true,"href":"https:\/\/www.uni.lu\/de\/wp-json\/wp\/v2\/comments?post=2529"}],"version-history":[{"count":5,"href":"https:\/\/www.uni.lu\/de\/wp-json\/wp\/v2\/pages\/2529\/revisions"}],"predecessor-version":[{"id":4354,"href":"https:\/\/www.uni.lu\/de\/wp-json\/wp\/v2\/pages\/2529\/revisions\/4354"}],"up":[{"embeddable":true,"href":"https:\/\/www.uni.lu\/de\/wp-json\/wp\/v2\/pages\/2527"}],"wp:authorship":[{"embeddable":true,"href":"https:\/\/www.uni.lu\/de\/wp-json\/wp\/v2\/users\/68"},{"embeddable":true,"href":"https:\/\/www.uni.lu\/de\/wp-json\/wp\/v2\/users\/33"},{"embeddable":true,"href":"https:\/\/www.uni.lu\/de\/wp-json\/wp\/v2\/users\/210"},{"embeddable":true,"href":"https:\/\/www.uni.lu\/de\/wp-json\/wp\/v2\/users\/337"}],"wp:attachment":[{"href":"https:\/\/www.uni.lu\/de\/wp-json\/wp\/v2\/media?parent=2529"}],"wp:term":[{"taxonomy":"field-of-interest","embeddable":true,"href":"https:\/\/www.uni.lu\/de\/wp-json\/wp\/v2\/field-of-interest?post=2529"},{"taxonomy":"organisation","embeddable":true,"href":"https:\/\/www.uni.lu\/de\/wp-json\/wp\/v2\/organisation?post=2529"}],"curies":[{"name":"wp","href":"https:\/\/api.w.org\/{rel}","templated":true}]}}