{"id":2257,"date":"2023-11-08T15:31:52","date_gmt":"2023-11-08T14:31:52","guid":{"rendered":"https:\/\/www.uni.lu\/de\/?page_id=2257"},"modified":"2025-08-11T14:02:37","modified_gmt":"2025-08-11T12:02:37","slug":"buero-fuer-partnerschaften-wissens-und-technologietransfer-der-universitaet-luxemburg","status":"publish","type":"page","link":"https:\/\/www.uni.lu\/de\/ueber-uns\/organisation\/verwaltung\/buero-fuer-partnerschaften-wissens-und-technologietransfer-der-universitaet-luxemburg\/","title":{"rendered":"B\u00fcro f\u00fcr Partnerschaften, Wissens- und Technologietransfer der Universit\u00e4t Luxemburg"},"content":{"rendered":"<section class=\"section section pb-0 wp-block-unilux-blocks-page-intro\">\n    \n<div class=\"wp-block-unilux-blocks-wrapper container xl:max-w-screen-xl\">\n<div class=\"wp-block-unilux-blocks-wrapper flex flex-wrap -mx-16\">\n<div class=\"wp-block-unilux-blocks-wrapper flex-1 mb-48 px-16\">\n<h1 class=\"has-text-align-left wp-block-unilux-blocks-heading\"        id=\"buero-fuer-partnerschaften-wissens-und-technologietransfer-der-universitaet-luxemburg\"\n    >\nB\u00fcro f\u00fcr Partnerschaften, Wissens- und Technologietransfer der Universit\u00e4t Luxemburg<\/h1>\n\n\n\n<p>Die Universit\u00e4t Luxemburg ist ihrem Auftrag verpflichtet, Wissen und Technologie zum <strong>Nutzen der Gesellschaft<\/strong> zu transferieren.<br>Das <strong>Office for Partnership, Knowledge and Technology Transfer<\/strong> (PaKTT Office) dient Forschern, der Zivilgesellschaft und Unternehmen und ist Ihre erste Anlaufstelle in diesem Bereich.<\/p>\n\n\n\n<ul class=\"wp-block-unilux-blocks-custom-buttons btn-list\"><li class=\"wp-block-unilux-blocks-custom-button\"    aria-disabled=\"false\"\n    >\n    <a\n        role=\"link\"\n        aria-disabled=\"false\"\n                    href=\"mailto:paktto@uni.lu\"\n                target=\"_self\"\n        class=\"btn btn--primary\"\n            >Kontakt<\/a>\n<\/li>\n<\/ul>\n<\/div>\n\n\n\n<div class=\"wp-block-unilux-blocks-wrapper w-full md:w-auto px-16\">\n<div class=\"wp-block-unilux-blocks-wrapper flex flex-col items-center\">\n<h2 class=\"text-h4 has-text-align-left wp-block-unilux-blocks-heading\"        id=\"verfuegbare-technologien\"\n    >\nVerf\u00fcgbare Technologien<\/h2>\n\n\n<a class=\"wp-block-unilux-blocks-button-highlight-square\"\n    href=\"https:\/\/researchluxembourg.portals.in-part.com\/\"\n    target=\"_blank\"\n>\n    <span class=\"btn-highlight-square__container\">\n        <div class=\"btn-highlight-square__body\">\n    <svg aria-hidden=\"true\" focusable=\"false\" class=\"icon icon-outline icon--external-link icon--xl\"><use xlink:href=\"https:\/\/www.uni.lu\/wp-content\/themes\/unilux-theme\/assets\/images\/icons\/icons-outline.svg#icon--external-link\"><\/use><\/svg>    <span class=\"btn btn--dark\">\n        \n<span class=\"btn__name wp-block-unilux-blocks-plain-text\">Unser Portfolio<\/span>    <\/span>\n<\/div><figure class=\"wp-block-dev4-reusable-blocks-image image-bg object-fit--contain\">\n    \n<img decoding=\"async\" class=\"wp-block-image unilux-custom-image-block\"\n                alt=\"ein bl\u00e4ulicher Kreis mit zwei diagonal angeordneten Punkten und dem Wort \u201einpart\u201c.\"\n            src=\"https:\/\/www.uni.lu\/wp-content\/uploads\/sites\/10\/2025\/07\/15085212\/INPART-logo-2024.png\"\n                srcset=\"https:\/\/www.uni.lu\/wp-content\/uploads\/sites\/10\/2025\/07\/15085212\/INPART-logo-2024-300x145.png 300w, https:\/\/www.uni.lu\/wp-content\/uploads\/sites\/10\/2025\/07\/15085212\/INPART-logo-2024.png 576w\"\n                style=\"object-position: 52.00% 34.00%; font-family: &quot;object-fit: contain; object-position: 52.00% 34.00%;&quot;; aspect-ratio: 3\/4; object-fit: contain; width: 100%;\"\n        loading=\"lazy\"\n\/>    <\/figure>    <\/span>\n<\/a><\/div>\n<\/div>\n<\/div>\n<\/div>\n<\/section>\n\n\n<section class=\"wp-block-unilux-blocks-free-section section\"><div class=\"container xl:max-w-screen-xl\">\n<p>Das PaKTT Office bietet Unterst\u00fctzung f\u00fcr Projekte von der Konzeption bis zur <strong>Anwendung der erzielten wissenschaftlichen Ergebnisse<\/strong>. Zusammen mit der Abteilung f\u00fcr Forschungsf\u00f6rderung (RSD) und den Rechts- und Finanzteams der Universit\u00e4t ist das B\u00fcro an verschiedenen Aspekten im Zusammenhang mit der Einrichtung von Projekten, Vertr\u00e4gen, dem Schutz des geistigen Eigentums (IP), Partnerschaften und der Suche nach Anwendungen f\u00fcr Forschungsergebnisse beteiligt.<\/p>\n\n\n\n<p>Unsere Hauptziele sind die F\u00f6rderung der Wissenschaft, die Verbreitung von Wissen und die Unterst\u00fctzung sozialer Innovationen und positiver Auswirkungen durch die&nbsp;<strong>\u00dcbertragung<\/strong>&nbsp;von Rechten an geistigem Eigentum an&nbsp;<strong>bestehende Unternehmen<\/strong>, neu gegr\u00fcndete<strong>&nbsp;Spin-offs, \u00f6ffentliche Einrichtungen&nbsp;<\/strong>und<strong>&nbsp;zivilgesellschaftliche Organisationen.<\/strong><\/p>\n\n\n\n<p>Unsere Arbeit umfasst Forschung, die von der Universit\u00e4t selbst oder in Zusammenarbeit mit \u00f6ffentlichen und privaten Institutionen und Interessengruppen durchgef\u00fchrt wird. Viele der Partnerschaften der Universit\u00e4t mit sozio\u00f6konomischen Akteuren profitieren von&nbsp;<strong>regionaler, nationaler und europ\u00e4ischer Unterst\u00fctzung<\/strong>. Das PaKTT Office beteiligt sich aktiv an der Entwicklung des luxemburgischen Innovations\u00f6kosystems.<\/p>\n\n\n\n<p>Das B\u00fcro spielt auch eine Schl\u00fcsselrolle bei der Umsetzung der Verpflichtungen in der Wissenstransferpolitik der Universit\u00e4t und der Entwicklung ihrer Strategie in diesem Bereich.<\/p>\n\n\n<div class=\"wp-block-unilux-blocks-spacer is-spacer-size-md\"><\/div>\n\n\n<h2 class=\"has-text-align-left wp-block-unilux-blocks-heading\"        id=\"wissenstransferprozess-des-paktt-office\"\n    >\nWissenstransferprozess des PaKTT Office<\/h2>\n\n\n<figure class=\"wp-block-dev4-reusable-blocks-image  object-fit--contain\">\n    \n<img decoding=\"async\" class=\"wp-block-image unilux-custom-image-block\"\n                alt=\"Graph of PAkTTO process in German\"\n            src=\"https:\/\/www.uni.lu\/wp-content\/uploads\/sites\/10\/2024\/02\/20240221_TTO_Process_SIMPLIFIED_German_version.png\"\n                srcset=\"https:\/\/www.uni.lu\/wp-content\/uploads\/sites\/10\/2024\/02\/20240221_TTO_Process_SIMPLIFIED_German_version-300x150.png 300w, https:\/\/www.uni.lu\/wp-content\/uploads\/sites\/10\/2024\/02\/20240221_TTO_Process_SIMPLIFIED_German_version-1024x512.png 1024w, https:\/\/www.uni.lu\/wp-content\/uploads\/sites\/10\/2024\/02\/20240221_TTO_Process_SIMPLIFIED_German_version-768x384.png 768w, https:\/\/www.uni.lu\/wp-content\/uploads\/sites\/10\/2024\/02\/20240221_TTO_Process_SIMPLIFIED_German_version.png 1144w\"\n                style=\"object-position: 50.00% 50.00%; font-family: &quot;object-fit: contain; object-position: 50.00% 50.00%;&quot;; aspect-ratio: 16\/9; object-fit: contain; width: 100%;\"\n        loading=\"lazy\"\n\/>            <p class=\"wp-block-dev4-reusable-blocks-image-caption\">\n            Ausgehend von den Forschungsergebnissen, die durch eine schriftliche Erfindungsmeldung oder eine Software-Meldung identifiziert und formalisiert werden, wird eine umfassende Bewertung der Ergebnisse durchgef\u00fchrt, um geistiges Eigentum, rechtliche und technische Aspekte sowie die Anforderungen des Marktes\/der Nutzer zu analysieren. Gegebenenfalls wird w\u00e4hrend des gesamten Wissenstransfers ein angemessener Schutz des geistigen Eigentums bereitgestellt und konsolidiert. W\u00e4hrend der anschlie\u00dfenden Entwicklungsphase wird Unterst\u00fctzung f\u00fcr Proof-of-Concept-Anwendungen mit regelm\u00e4\u00dfigen Follow-ups w\u00e4hrend des PoC-Projektlebenszyklus gew\u00e4hrleistet. Nach all diesen Phasen ist das Projekt bereit, nach einem Prozess der Prospektion, Verhandlung und Lizenzierung an eine Gemeinschaft von Nutzern, ein Spin-off-Unternehmen oder bestehende Unternehmen \u00fcbertragen zu werden.        <\/p>\n    <\/figure><\/div><\/section>\n\n\n\n<section class=\"wp-block-unilux-blocks-content-free-and-virtual-tour section\">\n<div class=\"wp-block-unilux-blocks-wrapper container 2xl:max-w-screen-2xl\">\n<div class=\"wp-block-unilux-blocks-wrapper 2xl:w-11\/12 2xl:ml-auto\">\n<h2 class=\"has-text-align-left wp-block-unilux-blocks-heading\"        id=\"kontakt\"\n    >\nKontakt<\/h2>\n\n\n\n<div class=\"wp-block-unilux-blocks-wrapper flex flex-wrap lg:-mx-32\">\n<div class=\"wp-block-unilux-blocks-wrapper w-full lg:w-7\/12 lg:order-2 lg:px-32\">\n<section class=\"wp-block-unilux-blocks-image-video-wrapper\">\n    <\/section><\/div>\n\n\n\n<div class=\"wp-block-unilux-blocks-wrapper w-full lg:w-5\/12 lg:order-1 lg:px-32\">\n<h3 class=\"has-text-align-left wp-block-unilux-blocks-heading\"    >\n<\/h3>\n\n\n\n<p>Unsere Teammitglieder verf\u00fcgen \u00fcber eine spezialisierte <strong>Ausbildung<\/strong> und einen reichen <strong>Erfahrungsschatz<\/strong>, den sie sowohl im akademischen Bereich als auch in der Wirtschaft erworben haben, und zwar in den Bereichen Wissenschaft, Technik, Handel, Marketing, Recht und gewerbliches Eigentum (Patente, Marken und Lizenzen).<\/p>\n\n\n\n<ul class=\"wp-block-unilux-blocks-quick-link-underline\">\n    \n<li class=\"wp-block-unilux-blocks-quick-link-underline-item\">\n    <a\n            href=\"https:\/\/www.uni.lu\/research-de\/zusammenarbeit-und-engagement\/ktt\/\"\n            class=\"wp-block-unilux-blocks-anchor\"        target=\"\"\n>\n    \n<span class=\"hero__title__subject wp-block-unilux-blocks-plain-text\">Wissens- und Technologietransfer<\/span><svg aria-hidden=\"true\" focusable=\"false\" class=\"icon icon-outline icon--arrow-right \"><use xlink:href=\"https:\/\/www.uni.lu\/wp-content\/themes\/unilux-theme\/assets\/images\/icons\/icons-outline.svg#icon--arrow-right\"><\/use><\/svg><\/a>\n<\/li>\n\n<li class=\"wp-block-unilux-blocks-quick-link-underline-item\">\n    <a\n            href=\"mailto:paktto@uni.lu\"\n            class=\"wp-block-unilux-blocks-anchor\"        target=\"\"\n>\n    \n<span class=\"hero__title__subject wp-block-unilux-blocks-plain-text\">Partner werden<\/span><svg aria-hidden=\"true\" focusable=\"false\" class=\"icon icon-outline icon--arrow-right \"><use xlink:href=\"https:\/\/www.uni.lu\/wp-content\/themes\/unilux-theme\/assets\/images\/icons\/icons-outline.svg#icon--arrow-right\"><\/use><\/svg><\/a>\n<\/li>\n<\/ul><\/div>\n<\/div>\n<\/div>\n<\/div>\n<\/section>\n","protected":false},"excerpt":{"rendered":"","protected":false},"author":58,"featured_media":0,"parent":1432,"menu_order":0,"comment_status":"closed","ping_status":"closed","template":"","meta":{"featured_image_focal_point":[],"show_featured_caption":false,"ulux_newsletter_groups":"","uluxPostTitle":"","uluxPrePostTitle":"","_trash_the_other_posts":false,"_price":"","_stock":"","_tribe_ticket_header":"","_tribe_default_ticket_provider":"","_tribe_ticket_capacity":"0","_ticket_start_date":"","_ticket_end_date":"","_tribe_ticket_show_description":"","_tribe_ticket_show_not_going":false,"_tribe_ticket_use_global_stock":"","_tribe_ticket_global_stock_level":"","_global_stock_mode":"","_global_stock_cap":"","_tribe_rsvp_for_event":"","_tribe_ticket_going_count":"","_tribe_ticket_not_going_count":"","_tribe_tickets_list":"[]","_tribe_ticket_has_attendee_info_fields":false,"footnotes":""},"field-of-interest":[],"organisation":[],"authorship":[58,33],"acf":[],"yoast_head":"<!-- This site is optimized with the Yoast SEO Premium plugin v22.3 (Yoast SEO v22.3) - https:\/\/yoast.com\/wordpress\/plugins\/seo\/ -->\n<title>B\u00fcro f\u00fcr Partnerschaften, Wissens- und Technologietransfer der Universit\u00e4t Luxemburg I Uni.lu<\/title>\n<meta name=\"description\" content=\"Das Office for Partnership, Knowledge and Technology Transfer (PaKTT) dient Forschern und der Zivilgesellschaft.\" \/>\n<meta name=\"robots\" content=\"index, follow, max-snippet:-1, max-image-preview:large, max-video-preview:-1\" \/>\n<link rel=\"canonical\" href=\"https:\/\/www.uni.lu\/de\/ueber-uns\/organisation\/verwaltung\/buero-fuer-partnerschaften-wissens-und-technologietransfer-der-universitaet-luxemburg\/\" \/>\n<meta property=\"og:locale\" content=\"de_DE\" \/>\n<meta property=\"og:type\" content=\"article\" \/>\n<meta property=\"og:title\" content=\"B\u00fcro f\u00fcr Partnerschaften, Wissens- und Technologietransfer der Universit\u00e4t Luxemburg\" \/>\n<meta property=\"og:description\" content=\"Das Office for Partnership, Knowledge and Technology Transfer (PaKTT) dient Forschern und der Zivilgesellschaft.\" \/>\n<meta property=\"og:url\" content=\"https:\/\/www.uni.lu\/de\/ueber-uns\/organisation\/verwaltung\/buero-fuer-partnerschaften-wissens-und-technologietransfer-der-universitaet-luxemburg\/\" \/>\n<meta property=\"og:site_name\" content=\"UNI DE\" \/>\n<meta property=\"article:publisher\" content=\"https:\/\/www.facebook.com\/uni.lu\" \/>\n<meta property=\"article:modified_time\" content=\"2025-08-11T12:02:37+00:00\" \/>\n<meta property=\"og:image\" content=\"https:\/\/www.uni.lu\/wp-content\/uploads\/sites\/10\/2026\/03\/03120000\/UNIV_SM-Profile_1600x1600px-scaled.jpg\" \/>\n\t<meta property=\"og:image:width\" content=\"2560\" \/>\n\t<meta property=\"og:image:height\" content=\"2560\" \/>\n\t<meta property=\"og:image:type\" content=\"image\/jpeg\" \/>\n<meta name=\"twitter:card\" content=\"summary_large_image\" \/>\n<meta name=\"twitter:label1\" content=\"Gesch\u00e4tzte Lesezeit\" \/>\n\t<meta name=\"twitter:data1\" content=\"2 Minuten\" \/>\n<script type=\"application\/ld+json\" class=\"yoast-schema-graph\">{\"@context\":\"https:\/\/schema.org\",\"@graph\":[{\"@type\":\"WebPage\",\"@id\":\"https:\/\/www.uni.lu\/de\/ueber-uns\/organisation\/verwaltung\/buero-fuer-partnerschaften-wissens-und-technologietransfer-der-universitaet-luxemburg\/\",\"url\":\"https:\/\/www.uni.lu\/de\/ueber-uns\/organisation\/verwaltung\/buero-fuer-partnerschaften-wissens-und-technologietransfer-der-universitaet-luxemburg\/\",\"name\":\"B\u00fcro f\u00fcr Partnerschaften, Wissens- und Technologietransfer der Universit\u00e4t Luxemburg I Uni.lu\",\"isPartOf\":{\"@id\":\"https:\/\/www.uni.lu\/de\/#website\"},\"datePublished\":\"2023-11-08T14:31:52+00:00\",\"dateModified\":\"2025-08-11T12:02:37+00:00\",\"description\":\"Das Office for Partnership, Knowledge and Technology Transfer (PaKTT) dient Forschern und der Zivilgesellschaft.\",\"breadcrumb\":{\"@id\":\"https:\/\/www.uni.lu\/de\/ueber-uns\/organisation\/verwaltung\/buero-fuer-partnerschaften-wissens-und-technologietransfer-der-universitaet-luxemburg\/#breadcrumb\"},\"inLanguage\":\"de-DE\",\"potentialAction\":[{\"@type\":\"ReadAction\",\"target\":[\"https:\/\/www.uni.lu\/de\/ueber-uns\/organisation\/verwaltung\/buero-fuer-partnerschaften-wissens-und-technologietransfer-der-universitaet-luxemburg\/\"]}]},{\"@type\":\"BreadcrumbList\",\"@id\":\"https:\/\/www.uni.lu\/de\/ueber-uns\/organisation\/verwaltung\/buero-fuer-partnerschaften-wissens-und-technologietransfer-der-universitaet-luxemburg\/#breadcrumb\",\"itemListElement\":[{\"@type\":\"ListItem\",\"position\":1,\"name\":\"Home\",\"item\":\"https:\/\/www.uni.lu\/de\/\"},{\"@type\":\"ListItem\",\"position\":2,\"name\":\"\u00dcber uns\",\"item\":\"https:\/\/www.uni.lu\/de\/ueber-uns\/\"},{\"@type\":\"ListItem\",\"position\":3,\"name\":\"Organisation\",\"item\":\"https:\/\/www.uni.lu\/de\/ueber-uns\/organisation\/\"},{\"@type\":\"ListItem\",\"position\":4,\"name\":\"Verwaltung\",\"item\":\"https:\/\/www.uni.lu\/de\/ueber-uns\/organisation\/verwaltung\/\"},{\"@type\":\"ListItem\",\"position\":5,\"name\":\"B\u00fcro f\u00fcr Partnerschaften, Wissens- und Technologietransfer der Universit\u00e4t Luxemburg\"}]},{\"@type\":\"WebSite\",\"@id\":\"https:\/\/www.uni.lu\/de\/#website\",\"url\":\"https:\/\/www.uni.lu\/de\/\",\"name\":\"Uni.lu\",\"description\":\"Universit\u00e4t Luxemburg\",\"publisher\":{\"@id\":\"https:\/\/www.uni.lu\/de\/#organization\"},\"alternateName\":\"Universit\u00e4t Luxemburg\",\"potentialAction\":[{\"@type\":\"SearchAction\",\"target\":{\"@type\":\"EntryPoint\",\"urlTemplate\":\"https:\/\/www.uni.lu\/de\/?s={search_term_string}\"},\"query-input\":\"required name=search_term_string\"}],\"inLanguage\":\"de-DE\"},{\"@type\":\"Organization\",\"@id\":\"https:\/\/www.uni.lu\/de\/#organization\",\"name\":\"Universit\u00e4t Luxemburg\",\"alternateName\":\"Uni.lu\",\"url\":\"https:\/\/www.uni.lu\/de\/\",\"logo\":{\"@type\":\"ImageObject\",\"inLanguage\":\"de-DE\",\"@id\":\"https:\/\/www.uni.lu\/de\/#\/schema\/logo\/image\/\",\"url\":\"https:\/\/www.uni.lu\/wp-content\/uploads\/sites\/10\/2026\/03\/03120000\/UNIV_SM-Profile_1600x1600px-scaled.jpg\",\"contentUrl\":\"https:\/\/www.uni.lu\/wp-content\/uploads\/sites\/10\/2026\/03\/03120000\/UNIV_SM-Profile_1600x1600px-scaled.jpg\",\"width\":2560,\"height\":2560,\"caption\":\"Universit\u00e4t Luxemburg\"},\"image\":{\"@id\":\"https:\/\/www.uni.lu\/de\/#\/schema\/logo\/image\/\"},\"sameAs\":[\"https:\/\/www.facebook.com\/uni.lu\",\"https:\/\/www.linkedin.com\/school\/university-of-luxembourg\/\",\"https:\/\/www.instagram.com\/uni.lu\",\"https:\/\/www.youtube.com\/@uni_lu\",\"https:\/\/en.wikipedia.org\/wiki\/University_of_Luxembourg\"]}]}<\/script>\n<!-- \/ Yoast SEO Premium plugin. -->","yoast_head_json":{"title":"B\u00fcro f\u00fcr Partnerschaften, Wissens- und Technologietransfer der Universit\u00e4t Luxemburg I Uni.lu","description":"Das Office for Partnership, Knowledge and Technology Transfer (PaKTT) dient Forschern und der Zivilgesellschaft.","robots":{"index":"index","follow":"follow","max-snippet":"max-snippet:-1","max-image-preview":"max-image-preview:large","max-video-preview":"max-video-preview:-1"},"canonical":"https:\/\/www.uni.lu\/de\/ueber-uns\/organisation\/verwaltung\/buero-fuer-partnerschaften-wissens-und-technologietransfer-der-universitaet-luxemburg\/","og_locale":"de_DE","og_type":"article","og_title":"B\u00fcro f\u00fcr Partnerschaften, Wissens- und Technologietransfer der Universit\u00e4t Luxemburg","og_description":"Das Office for Partnership, Knowledge and Technology Transfer (PaKTT) dient Forschern und der Zivilgesellschaft.","og_url":"https:\/\/www.uni.lu\/de\/ueber-uns\/organisation\/verwaltung\/buero-fuer-partnerschaften-wissens-und-technologietransfer-der-universitaet-luxemburg\/","og_site_name":"UNI DE","article_publisher":"https:\/\/www.facebook.com\/uni.lu","article_modified_time":"2025-08-11T12:02:37+00:00","og_image":[{"width":2560,"height":2560,"url":"https:\/\/www.uni.lu\/wp-content\/uploads\/sites\/10\/2026\/03\/03120000\/UNIV_SM-Profile_1600x1600px-scaled.jpg","type":"image\/jpeg"}],"twitter_card":"summary_large_image","twitter_misc":{"Gesch\u00e4tzte Lesezeit":"2 Minuten"},"schema":{"@context":"https:\/\/schema.org","@graph":[{"@type":"WebPage","@id":"https:\/\/www.uni.lu\/de\/ueber-uns\/organisation\/verwaltung\/buero-fuer-partnerschaften-wissens-und-technologietransfer-der-universitaet-luxemburg\/","url":"https:\/\/www.uni.lu\/de\/ueber-uns\/organisation\/verwaltung\/buero-fuer-partnerschaften-wissens-und-technologietransfer-der-universitaet-luxemburg\/","name":"B\u00fcro f\u00fcr Partnerschaften, Wissens- und Technologietransfer der Universit\u00e4t Luxemburg I Uni.lu","isPartOf":{"@id":"https:\/\/www.uni.lu\/de\/#website"},"datePublished":"2023-11-08T14:31:52+00:00","dateModified":"2025-08-11T12:02:37+00:00","description":"Das Office for Partnership, Knowledge and Technology Transfer (PaKTT) dient Forschern und der Zivilgesellschaft.","breadcrumb":{"@id":"https:\/\/www.uni.lu\/de\/ueber-uns\/organisation\/verwaltung\/buero-fuer-partnerschaften-wissens-und-technologietransfer-der-universitaet-luxemburg\/#breadcrumb"},"inLanguage":"de-DE","potentialAction":[{"@type":"ReadAction","target":["https:\/\/www.uni.lu\/de\/ueber-uns\/organisation\/verwaltung\/buero-fuer-partnerschaften-wissens-und-technologietransfer-der-universitaet-luxemburg\/"]}]},{"@type":"BreadcrumbList","@id":"https:\/\/www.uni.lu\/de\/ueber-uns\/organisation\/verwaltung\/buero-fuer-partnerschaften-wissens-und-technologietransfer-der-universitaet-luxemburg\/#breadcrumb","itemListElement":[{"@type":"ListItem","position":1,"name":"Home","item":"https:\/\/www.uni.lu\/de\/"},{"@type":"ListItem","position":2,"name":"\u00dcber uns","item":"https:\/\/www.uni.lu\/de\/ueber-uns\/"},{"@type":"ListItem","position":3,"name":"Organisation","item":"https:\/\/www.uni.lu\/de\/ueber-uns\/organisation\/"},{"@type":"ListItem","position":4,"name":"Verwaltung","item":"https:\/\/www.uni.lu\/de\/ueber-uns\/organisation\/verwaltung\/"},{"@type":"ListItem","position":5,"name":"B\u00fcro f\u00fcr Partnerschaften, Wissens- und Technologietransfer der Universit\u00e4t Luxemburg"}]},{"@type":"WebSite","@id":"https:\/\/www.uni.lu\/de\/#website","url":"https:\/\/www.uni.lu\/de\/","name":"Uni.lu","description":"Universit\u00e4t Luxemburg","publisher":{"@id":"https:\/\/www.uni.lu\/de\/#organization"},"alternateName":"Universit\u00e4t Luxemburg","potentialAction":[{"@type":"SearchAction","target":{"@type":"EntryPoint","urlTemplate":"https:\/\/www.uni.lu\/de\/?s={search_term_string}"},"query-input":"required name=search_term_string"}],"inLanguage":"de-DE"},{"@type":"Organization","@id":"https:\/\/www.uni.lu\/de\/#organization","name":"Universit\u00e4t Luxemburg","alternateName":"Uni.lu","url":"https:\/\/www.uni.lu\/de\/","logo":{"@type":"ImageObject","inLanguage":"de-DE","@id":"https:\/\/www.uni.lu\/de\/#\/schema\/logo\/image\/","url":"https:\/\/www.uni.lu\/wp-content\/uploads\/sites\/10\/2026\/03\/03120000\/UNIV_SM-Profile_1600x1600px-scaled.jpg","contentUrl":"https:\/\/www.uni.lu\/wp-content\/uploads\/sites\/10\/2026\/03\/03120000\/UNIV_SM-Profile_1600x1600px-scaled.jpg","width":2560,"height":2560,"caption":"Universit\u00e4t Luxemburg"},"image":{"@id":"https:\/\/www.uni.lu\/de\/#\/schema\/logo\/image\/"},"sameAs":["https:\/\/www.facebook.com\/uni.lu","https:\/\/www.linkedin.com\/school\/university-of-luxembourg\/","https:\/\/www.instagram.com\/uni.lu","https:\/\/www.youtube.com\/@uni_lu","https:\/\/en.wikipedia.org\/wiki\/University_of_Luxembourg"]}]}},"ticketed":false,"_links":{"self":[{"href":"https:\/\/www.uni.lu\/de\/wp-json\/wp\/v2\/pages\/2257"}],"collection":[{"href":"https:\/\/www.uni.lu\/de\/wp-json\/wp\/v2\/pages"}],"about":[{"href":"https:\/\/www.uni.lu\/de\/wp-json\/wp\/v2\/types\/page"}],"author":[{"embeddable":true,"href":"https:\/\/www.uni.lu\/de\/wp-json\/wp\/v2\/users\/58"}],"replies":[{"embeddable":true,"href":"https:\/\/www.uni.lu\/de\/wp-json\/wp\/v2\/comments?post=2257"}],"version-history":[{"count":5,"href":"https:\/\/www.uni.lu\/de\/wp-json\/wp\/v2\/pages\/2257\/revisions"}],"predecessor-version":[{"id":7214,"href":"https:\/\/www.uni.lu\/de\/wp-json\/wp\/v2\/pages\/2257\/revisions\/7214"}],"up":[{"embeddable":true,"href":"https:\/\/www.uni.lu\/de\/wp-json\/wp\/v2\/pages\/1432"}],"wp:authorship":[{"embeddable":true,"href":"https:\/\/www.uni.lu\/de\/wp-json\/wp\/v2\/users\/58"},{"embeddable":true,"href":"https:\/\/www.uni.lu\/de\/wp-json\/wp\/v2\/users\/33"}],"wp:attachment":[{"href":"https:\/\/www.uni.lu\/de\/wp-json\/wp\/v2\/media?parent=2257"}],"wp:term":[{"taxonomy":"field-of-interest","embeddable":true,"href":"https:\/\/www.uni.lu\/de\/wp-json\/wp\/v2\/field-of-interest?post=2257"},{"taxonomy":"organisation","embeddable":true,"href":"https:\/\/www.uni.lu\/de\/wp-json\/wp\/v2\/organisation?post=2257"}],"curies":[{"name":"wp","href":"https:\/\/api.w.org\/{rel}","templated":true}]}}