{"id":1758,"date":"2023-10-27T16:15:22","date_gmt":"2023-10-27T14:15:22","guid":{"rendered":"https:\/\/www.uni.lu\/de\/?page_id=1758"},"modified":"2025-12-16T10:01:51","modified_gmt":"2025-12-16T09:01:51","slug":"anmeldung","status":"publish","type":"page","link":"https:\/\/www.uni.lu\/de\/studium\/sprachenzentrum\/anmeldung\/","title":{"rendered":"Anmeldung"},"content":{"rendered":"<div class=\"section py-0 static\">\n<section class=\"py-0 wp-block-unilux-blocks-free-section section\"><div class=\"container xl:max-w-screen-xl\"><!-- SecondaryNavigationMirror --><div class=\"js-secondary-nav--sticky wp-block-unilux-blocks-secondary-navigation\" id=\"55a84274-10c9-4037-a11c-2fb48ebcd452\">\n    <nav id=\"secondary-navigation\" role=\"navigation\" aria-label=\"Secondary menu\" class=\"secondary-nav\">\n        <button class=\"secondary-nav__button btn btn-solid--primary w-full\" aria-expanded=\"false\" aria-controls=\"secondary-navigation__list\" title=\"The selected page is \u00dcbersicht\" type=\"button\">\n            <span class=\"btn__name mr-auto\">\u00dcbersicht<\/span>\n            <svg aria-hidden=\"true\" focusable=\"false\" class=\"icon icon-outline icon--xs\">\n                <use xlink:href=\"https:\/\/www.uni.lu\/wp-content\/themes\/unilux-theme\/assets\/images\/icons\/icons-outline.svg#icon--arrow-down\" \/>\n            <\/svg>\n        <\/button>\n\n        <ul id=\"secondary-navigation__list\" class=\"secondary-nav__list\">\n            <li class=\"secondary-nav__item\">\n    <a href=\"https:\/\/www.uni.lu\/de\/studium\/sprachenzentrum\/\" target=\"\" rel=\"noreferrer noopener\" class=\"secondary-nav__link \">\n        <svg aria-hidden=\"true\" focusable=\"false\" class=\"icon icon-outline icon--xs\">\n            <use xlink:href=\"https:\/\/www.uni.lu\/wp-content\/themes\/unilux-theme\/assets\/images\/icons\/icons-outline.svg#icon--arrow-right\" \/>\n        <\/svg>\n        <span class=\"secondary-nav__name\">\u00dcbersicht<\/span>\n    <\/a>\n<\/li>\n<li class=\"secondary-nav__item\">\n    <a href=\"https:\/\/www.uni.lu\/de\/studium\/sprachenzentrum\/kursangebot\/\" target=\"\" rel=\"noreferrer noopener\" class=\"secondary-nav__link \">\n        <svg aria-hidden=\"true\" focusable=\"false\" class=\"icon icon-outline icon--xs\">\n            <use xlink:href=\"https:\/\/www.uni.lu\/wp-content\/themes\/unilux-theme\/assets\/images\/icons\/icons-outline.svg#icon--arrow-right\" \/>\n        <\/svg>\n        <span class=\"secondary-nav__name\">Kursangebot<\/span>\n    <\/a>\n<\/li>\n<li class=\"secondary-nav__item\">\n    <a href=\"https:\/\/www.uni.lu\/de\/studium\/sprachenzentrum\/schreibberatung\/\" target=\"\" rel=\"noreferrer noopener\" class=\"secondary-nav__link \">\n        <svg aria-hidden=\"true\" focusable=\"false\" class=\"icon icon-outline icon--xs\">\n            <use xlink:href=\"https:\/\/www.uni.lu\/wp-content\/themes\/unilux-theme\/assets\/images\/icons\/icons-outline.svg#icon--arrow-right\" \/>\n        <\/svg>\n        <span class=\"secondary-nav__name\">Schreibberatung<\/span>\n    <\/a>\n<\/li>\n<li class=\"secondary-nav__item\">\n    <a href=\"https:\/\/www.uni.lu\/de\/studium\/sprachenzentrum\/peer-tutoring\/\" target=\"\" rel=\"noreferrer noopener\" class=\"secondary-nav__link \">\n        <svg aria-hidden=\"true\" focusable=\"false\" class=\"icon icon-outline icon--xs\">\n            <use xlink:href=\"https:\/\/www.uni.lu\/wp-content\/themes\/unilux-theme\/assets\/images\/icons\/icons-outline.svg#icon--arrow-right\" \/>\n        <\/svg>\n        <span class=\"secondary-nav__name\">Werden Sie Peer-TutorIn<\/span>\n    <\/a>\n<\/li>\n<li class=\"secondary-nav__item\">\n    <a href=\"https:\/\/www.uni.lu\/de\/studium\/sprachenzentrum\/autonomes-lernen\/\" target=\"\" rel=\"noreferrer noopener\" class=\"secondary-nav__link \">\n        <svg aria-hidden=\"true\" focusable=\"false\" class=\"icon icon-outline icon--xs\">\n            <use xlink:href=\"https:\/\/www.uni.lu\/wp-content\/themes\/unilux-theme\/assets\/images\/icons\/icons-outline.svg#icon--arrow-right\" \/>\n        <\/svg>\n        <span class=\"secondary-nav__name\">Autonomes Lernen<\/span>\n    <\/a>\n<\/li>\n<li class=\"secondary-nav__item\">\n    <a href=\"https:\/\/www.uni.lu\/de\/studium\/sprachenzentrum\/forschung\/\" target=\"\" rel=\"noreferrer noopener\" class=\"secondary-nav__link \">\n        <svg aria-hidden=\"true\" focusable=\"false\" class=\"icon icon-outline icon--xs\">\n            <use xlink:href=\"https:\/\/www.uni.lu\/wp-content\/themes\/unilux-theme\/assets\/images\/icons\/icons-outline.svg#icon--arrow-right\" \/>\n        <\/svg>\n        <span class=\"secondary-nav__name\">Forschung<\/span>\n    <\/a>\n<\/li>\n<li class=\"secondary-nav__item\">\n    <a href=\"https:\/\/www.uni.lu\/de\/studium\/sprachenzentrum\/kontakt\/\" target=\"\" rel=\"noreferrer noopener\" class=\"secondary-nav__link \">\n        <svg aria-hidden=\"true\" focusable=\"false\" class=\"icon icon-outline icon--xs\">\n            <use xlink:href=\"https:\/\/www.uni.lu\/wp-content\/themes\/unilux-theme\/assets\/images\/icons\/icons-outline.svg#icon--arrow-right\" \/>\n        <\/svg>\n        <span class=\"secondary-nav__name\">Kontakt<\/span>\n    <\/a>\n<\/li>\n        <\/ul>\n    <\/nav>\n<\/div>\n<!-- end SecondaryNavigationMirror --><\/div><\/section>\n\n\n\n<section class=\"wp-block-unilux-blocks-free-section section\"><div class=\"container xl:max-w-screen-xl\">\n<h2 class=\"has-text-align-left wp-block-unilux-blocks-heading\"        id=\"anmeldung\"\n    >\nAnmeldung<\/h2>\n\n\n\n<p>Die Kurse im Sprachzentrum sind den Studierenden der Universit\u00e4t Luxemburg vorbehalten<\/p>\n\n\n\n<p><strong>Einschreibezeitraum<\/strong><br>Sommersemester &#8211; Austauschstudierende: vom 9. Februar bis zum 1. M\u00e4rz 2026<br>Sommersemester &#8211; regul\u00e4re Studenten : vom 16. Februar bis zum 1. M\u00e4rz 2026<\/p>\n\n\n\n<p><strong>Nachweis von Sprachkenntnissen<\/strong><br>Sie m\u00fcssen kein Zertifikat vorlegen, um sich f\u00fcr einen Sprachkurs anzumelden. Stattdessen k\u00f6nnen Sie eine Selbsteinsch\u00e4tzung vornehmen,  anhand des <a href=\"https:\/\/www.uni.lu\/wp-content\/uploads\/sites\/10\/2025\/02\/assessment_grid_german.pdf\">Gemeinsamen Europ\u00e4ischen Referenzrahmens f\u00fcr Sprachen<\/a> (GeR), wenn Sie sich \u00fcber Ihre Sprachkenntnisse nicht sicher sind.<\/p>\n\n\n\n<ul class=\"wp-block-unilux-blocks-highlighted-list list-highlighted list-highlighted--architectural\"><li class=\"list-highlighted__item  wp-block-unilux-blocks-highlighted-list-item\">\n    <header class=\"list-highlighted__header wp-block-unilux-blocks-highlighted-list-item-header\">\n    \n<h4 class=\"title text-18 font-bold has-text-align-left wp-block-unilux-blocks-heading\"        id=\"wie-kann-man-sich-einschreiben\"\n    >\nWie kann man sich einschreiben<\/h4>\n<div class=\"wp-block-unilux-blocks-bigtext\">\n    <span>\n        \n    <\/span>\n<\/div><\/header><div class=\"list-highlighted__body wp-block-unilux-blocks-highlighted-list-item-body\">\n    <div class=\"wp-block-unilux-blocks-highlighted-list-item-free-content-area\">\n    \n<p><strong>Studierende und Doktoranden<\/strong><\/p>\n\n<ul class=\"wp-block-unilux-blocks-button-list-v2\">\n<li class=\"wp-block-unilux-blocks-button-list-item-v2\"><a class=\"quick-link\" href=\"https:\/\/inscription.uni.lu\/inscriptions\/student\/guichetetudiant\" target=\"_blank\" role=\"link\" rel=\"noopener\" tabindex=\"0\"><span class=\"quick-link__container\">\n<div class=\"wp-block-unilux-blocks-block-inserter quick-link__img\"><\/div>\n\n\n\n<span class=\"quick-link__name wp-block-unilux-blocks-plain-text\">Guichet \u00c9tudiant (Beschr\u00e4nkter Zugang)<\/span>\n\n<svg aria-hidden=\"true\" focusable=\"false\" class=\"icon icon-outline icon--external-link \"><use xlink:href=\"https:\/\/www.uni.lu\/wp-content\/themes\/unilux-theme\/assets\/images\/icons\/icons-outline.svg#icon--external-link\"><\/use><\/svg><\/span><\/a><\/li>\n<\/ul>\n<\/div><\/div><\/li>\n\n<li class=\"list-highlighted__item  wp-block-unilux-blocks-highlighted-list-item\">\n    <header class=\"list-highlighted__header wp-block-unilux-blocks-highlighted-list-item-header\">\n    \n<h4 class=\"title text-18 font-bold has-text-align-left wp-block-unilux-blocks-heading\"        id=\"wo-finde-ich-das-sprachkursangebot-auf-dem-guichet-etudiant\"\n    >\n<strong>Wo finde ich das Sprachkursangebot auf dem Guichet Etudiant<\/strong>?<\/h4>\n<div class=\"wp-block-unilux-blocks-bigtext\">\n    <span>\n        \n    <\/span>\n<\/div><\/header><div class=\"list-highlighted__body wp-block-unilux-blocks-highlighted-list-item-body\">\n    <div class=\"wp-block-unilux-blocks-highlighted-list-item-free-content-area\">\n    \n<p><strong><strong>Bachelor- und Master-Studierende<\/strong><\/strong><br>unter \u201eAndere Kurse\u201c oder direkt in der Kursliste, wenn der betreffende Kurs in Ihren Studiengang integriert ist<\/p>\n\n<p><strong><strong>Doktorandinnen und Doktoranden<\/strong><\/strong><br>unter \u201eAndere Kurse\u201c.<\/p>\n<\/div><\/div><\/li>\n\n<li class=\"list-highlighted__item  wp-block-unilux-blocks-highlighted-list-item\">\n    <header class=\"list-highlighted__header wp-block-unilux-blocks-highlighted-list-item-header\">\n    \n<h4 class=\"title text-18 font-bold has-text-align-left wp-block-unilux-blocks-heading\"        id=\"wie-funktioniert-die-einschreibung\"\n    >\n<strong>Wie funktioniert die Einschreibung?<\/strong><\/h4>\n<div class=\"wp-block-unilux-blocks-bigtext\">\n    <span>\n        \n    <\/span>\n<\/div><\/header><div class=\"list-highlighted__body wp-block-unilux-blocks-highlighted-list-item-body\">\n    <div class=\"wp-block-unilux-blocks-highlighted-list-item-free-content-area\">\n    \n<ul class=\"ulux-list\">\n<li class=\"ulux-list-item\">Eine Einschreibung ist nur m\u00f6glich, wenn noch Pl\u00e4tze frei sind und\/oder wenn der Kurs f\u00fcr Ihren Studiengang oder Ihr Studienniveau offen ist.<\/li>\n\n\n\n<li class=\"ulux-list-item\">Informieren Sie sich \u00fcber die Kursinhalte und pr\u00fcfen Sie, ob die Zeiten des Sprachkurses mit Ihrem Kursplan vereinbar sind.<\/li>\n\n\n\n<li class=\"ulux-list-item\">Einschreibung beantragen: F\u00fcr einige Kurse wird die Einschreibung automatisch genehmigt. In anderen F\u00e4llen dauert es eine Weile, bis Ihre Einschreibung best\u00e4tigt wird.<\/li>\n<\/ul>\n<\/div><\/div><\/li>\n\n<li class=\"list-highlighted__item  wp-block-unilux-blocks-highlighted-list-item\">\n    <header class=\"list-highlighted__header wp-block-unilux-blocks-highlighted-list-item-header\">\n    \n<h4 class=\"title text-18 font-bold has-text-align-left wp-block-unilux-blocks-heading\"        id=\"gibt-es-eine-warteliste-wenn-ein-kurs-voll-ist\"\n    >\nGibt es eine Warteliste, wenn ein Kurs voll ist?<\/h4>\n<div class=\"wp-block-unilux-blocks-bigtext\">\n    <span>\n        \n    <\/span>\n<\/div><\/header><div class=\"list-highlighted__body wp-block-unilux-blocks-highlighted-list-item-body\">\n    <div class=\"wp-block-unilux-blocks-highlighted-list-item-free-content-area\">\n    \n<p>Es gibt keine Warteliste.<\/p>\n\n<p>&nbsp;Wenn w\u00e4hrend des Anmeldezeitraums ein Platz frei wird, ist dieser \u00fcber den Guichet Etudiant verf\u00fcgbar. Es ist daher zu empfehlen, w\u00e4hrend des Einschreibezeitraums regelm\u00e4\u00dfig die Verf\u00fcgbarkeit zu \u00fcberpr\u00fcfen.<\/p>\n<\/div><\/div><\/li>\n\n<li class=\"list-highlighted__item  wp-block-unilux-blocks-highlighted-list-item\">\n    <header class=\"list-highlighted__header wp-block-unilux-blocks-highlighted-list-item-header\">\n    \n<h4 class=\"title text-18 font-bold has-text-align-left wp-block-unilux-blocks-heading\"        id=\"wie-erhalte-ich-nach-der-einschreibung-im-guichet-etudiant-zugang-zu-den-unterlagen-und-kursinhalten\"\n    >\nWie erhalte ich nach der Einschreibung im Guichet Etudiant Zugang zu den Unterlagen und Kursinhalten?<\/h4>\n<div class=\"wp-block-unilux-blocks-bigtext\">\n    <span>\n        \n    <\/span>\n<\/div><\/header><div class=\"list-highlighted__body wp-block-unilux-blocks-highlighted-list-item-body\">\n    <div class=\"wp-block-unilux-blocks-highlighted-list-item-free-content-area\">\n    \n<p><strong>Der Guichet Etudiant ist mit der Moodle-Plattform synchronisiert.<\/strong><br>Die Synchronisierung erfolgt nicht sofort, sondern mehrmals am Tag. Studierende, die im Guichet eingeschrieben sind, sind also automatisch auf der Moodle-Seite des betreffenden Kurses registriert.<br><\/p>\n\n<p> Please do not wait until the start of the course to check that you can access it.<\/p>\n\n<p><strong>DoktorandInnen<\/strong><br>Bitte beachten Sie, dass die Registrierung auf Moodle mit Ihrer Studierenden-IDs erfolgt. <\/p>\n\n<p>You&#8217;ll need to use your student ID to log into Moodle. Please contact the IT helpdesk if you need assistance.<\/p>\n<div class=\"icon-info-wrapper\">\n    <ul class=\"wp-block-unilux-blocks-icon-info\">\n        <li class=\"wp-block-unilux-blocks-icon-info-item\">\n    \n<div class=\"wp-block-unilux-blocks-wrapper icon-info\">\n<div class=\"icon--primary icon--secondary-2  wp-block-unilux-blocks-icon-picker\">\n    <svg aria-hidden=\"true\" focusable=\"false\" class=\"icon icon-solid icon--link \"><use xlink:href=\"https:\/\/www.uni.lu\/wp-content\/themes\/unilux-theme\/assets\/images\/icons\/icons-solid.svg#icon--link\"><\/use><\/svg><\/div>\n\n\n<p class=\"has-1-125-rem-font-size\"><a href=\"https:\/\/www.uni.lu\/life-en\/it-technology\/\">IT Student Care<\/a><\/p>\n<\/div>\n<\/li>\n    <\/ul>\n<\/div>\n<\/div><\/div><\/li>\n\n<li class=\"list-highlighted__item  wp-block-unilux-blocks-highlighted-list-item\">\n    <header class=\"list-highlighted__header wp-block-unilux-blocks-highlighted-list-item-header\">\n    \n<h4 class=\"title text-18 font-bold has-text-align-left wp-block-unilux-blocks-heading\"        id=\"wie-kann-ich-eine-einschreibung-stornieren\"\n    >\nWie kann ich eine Einschreibung stornieren?<\/h4>\n<div class=\"wp-block-unilux-blocks-bigtext\">\n    <span>\n        \n    <\/span>\n<\/div><\/header><div class=\"list-highlighted__body wp-block-unilux-blocks-highlighted-list-item-body\">\n    <div class=\"wp-block-unilux-blocks-highlighted-list-item-free-content-area\">\n    \n<p>Sie k\u00f6nnen Ihre Einschreibung w\u00e4hrend des <strong>Einschreibezeitraums<\/strong> \u00fcber den Guichet Etudiant stornieren.<\/p>\n\n<p>Nach Ablauf dieser Frist und nach der Best\u00e4tigung Ihres Studiengangs wird Ihre Anmeldung endg\u00fcltig.<\/p>\n<\/div><\/div><\/li>\n\n<li class=\"list-highlighted__item  wp-block-unilux-blocks-highlighted-list-item\">\n    <header class=\"list-highlighted__header wp-block-unilux-blocks-highlighted-list-item-header\">\n    \n<h4 class=\"title text-18 font-bold has-text-align-left wp-block-unilux-blocks-heading\"        id=\"wie-erhalte-ich-das-ergebnis-note-ects-punkte-des-sprachkurses-den-ich-belegt-und-validiert-habe\"\n    >\nWie erhalte ich das Ergebnis (Note, ECTS-Punkte) des Sprachkurses, den ich belegt und validiert habe?<\/h4>\n<div class=\"wp-block-unilux-blocks-bigtext\">\n    <span>\n        \n    <\/span>\n<\/div><\/header><div class=\"list-highlighted__body wp-block-unilux-blocks-highlighted-list-item-body\">\n    <div class=\"wp-block-unilux-blocks-highlighted-list-item-free-content-area\">\n    \n<ul class=\"ulux-list\">\n<li class=\"ulux-list-item\">Die Methode zur Bewertung der Kurse ist auf dem Guichet Etudiant ausf\u00fchrlich beschrieben. Die meisten Sprachkurse werden in Form einer kontinuierlichen bzw. einer kombinierten Bewertung bewertet: Kontinuierliche Bewertung w\u00e4hrend des Semesters und eine Abschlusspr\u00fcfung in der Vorlesungszeit<\/li>\n\n\n\n<li class=\"ulux-list-item\">Die Noten werden vor Ende des Semesters an alle Studieng\u00e4nge und Doctoral Schools \u00fcbermittelt. Sie m\u00fcssen sich nicht an das Sprachzentrum oder die Lehrperson wenden, um Ihre Note zu erfahren<\/li>\n\n\n\n<li class=\"ulux-list-item\"><strong>Das Sprachzentrum stellt keine Zertifikate aus. <\/strong>Die erreichte Note und die entsprechenden ECTS- Punkte werden in Ihrem Zeugnis (Haupt- oder Zusatzzeugnis) aufgef\u00fchrt.<\/li>\n<\/ul>\n<\/div><\/div><\/li><\/ul>\n<\/div><\/section>\n<\/div>","protected":false},"excerpt":{"rendered":"","protected":false},"author":382,"featured_media":0,"parent":1733,"menu_order":0,"comment_status":"closed","ping_status":"closed","template":"","meta":{"featured_image_focal_point":[],"show_featured_caption":false,"ulux_newsletter_groups":"","uluxPostTitle":"Sprachenzentrum","uluxPrePostTitle":"Studium","_trash_the_other_posts":false,"_price":"","_stock":"","_tribe_ticket_header":"","_tribe_default_ticket_provider":"","_tribe_ticket_capacity":"0","_ticket_start_date":"","_ticket_end_date":"","_tribe_ticket_show_description":"","_tribe_ticket_show_not_going":false,"_tribe_ticket_use_global_stock":"","_tribe_ticket_global_stock_level":"","_global_stock_mode":"","_global_stock_cap":"","_tribe_rsvp_for_event":"","_tribe_ticket_going_count":"","_tribe_ticket_not_going_count":"","_tribe_tickets_list":"[]","_tribe_ticket_has_attendee_info_fields":false,"footnotes":""},"field-of-interest":[],"organisation":[],"authorship":[208,204,328,382,33],"acf":[],"yoast_head":"<!-- This site is optimized with the Yoast SEO Premium plugin v22.3 (Yoast SEO v22.3) - https:\/\/yoast.com\/wordpress\/plugins\/seo\/ -->\n<title>Anmeldung - Universit\u00e4t Luxemburg<\/title>\n<meta name=\"description\" content=\"Anmeldung und Einschreibung: Die Kurse im Sprachzentrum sind den Studierenden der Universit\u00e4t Luxemburg vorbehalten.\" \/>\n<meta name=\"robots\" content=\"index, follow, max-snippet:-1, max-image-preview:large, max-video-preview:-1\" \/>\n<link rel=\"canonical\" href=\"https:\/\/www.uni.lu\/de\/studium\/sprachenzentrum\/anmeldung\/\" \/>\n<meta property=\"og:locale\" content=\"de_DE\" \/>\n<meta property=\"og:type\" content=\"article\" \/>\n<meta property=\"og:title\" content=\"Anmeldung\" \/>\n<meta property=\"og:description\" content=\"Anmeldung und Einschreibung: Die Kurse im Sprachzentrum sind den Studierenden der Universit\u00e4t Luxemburg vorbehalten.\" \/>\n<meta property=\"og:url\" content=\"https:\/\/www.uni.lu\/de\/studium\/sprachenzentrum\/anmeldung\/\" \/>\n<meta property=\"og:site_name\" content=\"UNI DE\" \/>\n<meta property=\"article:publisher\" content=\"https:\/\/www.facebook.com\/uni.lu\" \/>\n<meta property=\"article:modified_time\" content=\"2025-12-16T09:01:51+00:00\" \/>\n<meta property=\"og:image\" content=\"https:\/\/www.uni.lu\/wp-content\/uploads\/sites\/10\/2026\/03\/03120000\/UNIV_SM-Profile_1600x1600px-scaled.jpg\" \/>\n\t<meta property=\"og:image:width\" content=\"2560\" \/>\n\t<meta property=\"og:image:height\" content=\"2560\" \/>\n\t<meta property=\"og:image:type\" content=\"image\/jpeg\" \/>\n<meta name=\"twitter:card\" content=\"summary_large_image\" \/>\n<meta name=\"twitter:label1\" content=\"Gesch\u00e4tzte Lesezeit\" \/>\n\t<meta name=\"twitter:data1\" content=\"2 Minuten\" \/>\n<script type=\"application\/ld+json\" class=\"yoast-schema-graph\">{\"@context\":\"https:\/\/schema.org\",\"@graph\":[{\"@type\":\"WebPage\",\"@id\":\"https:\/\/www.uni.lu\/de\/studium\/sprachenzentrum\/anmeldung\/\",\"url\":\"https:\/\/www.uni.lu\/de\/studium\/sprachenzentrum\/anmeldung\/\",\"name\":\"Anmeldung - Universit\u00e4t Luxemburg\",\"isPartOf\":{\"@id\":\"https:\/\/www.uni.lu\/de\/#website\"},\"datePublished\":\"2023-10-27T14:15:22+00:00\",\"dateModified\":\"2025-12-16T09:01:51+00:00\",\"description\":\"Anmeldung und Einschreibung: Die Kurse im Sprachzentrum sind den Studierenden der Universit\u00e4t Luxemburg vorbehalten.\",\"breadcrumb\":{\"@id\":\"https:\/\/www.uni.lu\/de\/studium\/sprachenzentrum\/anmeldung\/#breadcrumb\"},\"inLanguage\":\"de-DE\",\"potentialAction\":[{\"@type\":\"ReadAction\",\"target\":[\"https:\/\/www.uni.lu\/de\/studium\/sprachenzentrum\/anmeldung\/\"]}]},{\"@type\":\"BreadcrumbList\",\"@id\":\"https:\/\/www.uni.lu\/de\/studium\/sprachenzentrum\/anmeldung\/#breadcrumb\",\"itemListElement\":[{\"@type\":\"ListItem\",\"position\":1,\"name\":\"Home\",\"item\":\"https:\/\/www.uni.lu\/de\/\"},{\"@type\":\"ListItem\",\"position\":2,\"name\":\"Studium\",\"item\":\"https:\/\/www.uni.lu\/de\/studium\/\"},{\"@type\":\"ListItem\",\"position\":3,\"name\":\"Sprachenzentrum\",\"item\":\"https:\/\/www.uni.lu\/de\/studium\/sprachenzentrum\/\"},{\"@type\":\"ListItem\",\"position\":4,\"name\":\"Anmeldung\"}]},{\"@type\":\"WebSite\",\"@id\":\"https:\/\/www.uni.lu\/de\/#website\",\"url\":\"https:\/\/www.uni.lu\/de\/\",\"name\":\"Uni.lu\",\"description\":\"Universit\u00e4t Luxemburg\",\"publisher\":{\"@id\":\"https:\/\/www.uni.lu\/de\/#organization\"},\"alternateName\":\"Universit\u00e4t Luxemburg\",\"potentialAction\":[{\"@type\":\"SearchAction\",\"target\":{\"@type\":\"EntryPoint\",\"urlTemplate\":\"https:\/\/www.uni.lu\/de\/?s={search_term_string}\"},\"query-input\":\"required name=search_term_string\"}],\"inLanguage\":\"de-DE\"},{\"@type\":\"Organization\",\"@id\":\"https:\/\/www.uni.lu\/de\/#organization\",\"name\":\"Universit\u00e4t Luxemburg\",\"alternateName\":\"Uni.lu\",\"url\":\"https:\/\/www.uni.lu\/de\/\",\"logo\":{\"@type\":\"ImageObject\",\"inLanguage\":\"de-DE\",\"@id\":\"https:\/\/www.uni.lu\/de\/#\/schema\/logo\/image\/\",\"url\":\"https:\/\/www.uni.lu\/wp-content\/uploads\/sites\/10\/2026\/03\/03120000\/UNIV_SM-Profile_1600x1600px-scaled.jpg\",\"contentUrl\":\"https:\/\/www.uni.lu\/wp-content\/uploads\/sites\/10\/2026\/03\/03120000\/UNIV_SM-Profile_1600x1600px-scaled.jpg\",\"width\":2560,\"height\":2560,\"caption\":\"Universit\u00e4t Luxemburg\"},\"image\":{\"@id\":\"https:\/\/www.uni.lu\/de\/#\/schema\/logo\/image\/\"},\"sameAs\":[\"https:\/\/www.facebook.com\/uni.lu\",\"https:\/\/www.linkedin.com\/school\/university-of-luxembourg\/\",\"https:\/\/www.instagram.com\/uni.lu\",\"https:\/\/www.youtube.com\/@uni_lu\",\"https:\/\/en.wikipedia.org\/wiki\/University_of_Luxembourg\"]}]}<\/script>\n<!-- \/ Yoast SEO Premium plugin. -->","yoast_head_json":{"title":"Anmeldung - Universit\u00e4t Luxemburg","description":"Anmeldung und Einschreibung: Die Kurse im Sprachzentrum sind den Studierenden der Universit\u00e4t Luxemburg vorbehalten.","robots":{"index":"index","follow":"follow","max-snippet":"max-snippet:-1","max-image-preview":"max-image-preview:large","max-video-preview":"max-video-preview:-1"},"canonical":"https:\/\/www.uni.lu\/de\/studium\/sprachenzentrum\/anmeldung\/","og_locale":"de_DE","og_type":"article","og_title":"Anmeldung","og_description":"Anmeldung und Einschreibung: Die Kurse im Sprachzentrum sind den Studierenden der Universit\u00e4t Luxemburg vorbehalten.","og_url":"https:\/\/www.uni.lu\/de\/studium\/sprachenzentrum\/anmeldung\/","og_site_name":"UNI DE","article_publisher":"https:\/\/www.facebook.com\/uni.lu","article_modified_time":"2025-12-16T09:01:51+00:00","og_image":[{"width":2560,"height":2560,"url":"https:\/\/www.uni.lu\/wp-content\/uploads\/sites\/10\/2026\/03\/03120000\/UNIV_SM-Profile_1600x1600px-scaled.jpg","type":"image\/jpeg"}],"twitter_card":"summary_large_image","twitter_misc":{"Gesch\u00e4tzte Lesezeit":"2 Minuten"},"schema":{"@context":"https:\/\/schema.org","@graph":[{"@type":"WebPage","@id":"https:\/\/www.uni.lu\/de\/studium\/sprachenzentrum\/anmeldung\/","url":"https:\/\/www.uni.lu\/de\/studium\/sprachenzentrum\/anmeldung\/","name":"Anmeldung - Universit\u00e4t Luxemburg","isPartOf":{"@id":"https:\/\/www.uni.lu\/de\/#website"},"datePublished":"2023-10-27T14:15:22+00:00","dateModified":"2025-12-16T09:01:51+00:00","description":"Anmeldung und Einschreibung: Die Kurse im Sprachzentrum sind den Studierenden der Universit\u00e4t Luxemburg vorbehalten.","breadcrumb":{"@id":"https:\/\/www.uni.lu\/de\/studium\/sprachenzentrum\/anmeldung\/#breadcrumb"},"inLanguage":"de-DE","potentialAction":[{"@type":"ReadAction","target":["https:\/\/www.uni.lu\/de\/studium\/sprachenzentrum\/anmeldung\/"]}]},{"@type":"BreadcrumbList","@id":"https:\/\/www.uni.lu\/de\/studium\/sprachenzentrum\/anmeldung\/#breadcrumb","itemListElement":[{"@type":"ListItem","position":1,"name":"Home","item":"https:\/\/www.uni.lu\/de\/"},{"@type":"ListItem","position":2,"name":"Studium","item":"https:\/\/www.uni.lu\/de\/studium\/"},{"@type":"ListItem","position":3,"name":"Sprachenzentrum","item":"https:\/\/www.uni.lu\/de\/studium\/sprachenzentrum\/"},{"@type":"ListItem","position":4,"name":"Anmeldung"}]},{"@type":"WebSite","@id":"https:\/\/www.uni.lu\/de\/#website","url":"https:\/\/www.uni.lu\/de\/","name":"Uni.lu","description":"Universit\u00e4t Luxemburg","publisher":{"@id":"https:\/\/www.uni.lu\/de\/#organization"},"alternateName":"Universit\u00e4t Luxemburg","potentialAction":[{"@type":"SearchAction","target":{"@type":"EntryPoint","urlTemplate":"https:\/\/www.uni.lu\/de\/?s={search_term_string}"},"query-input":"required name=search_term_string"}],"inLanguage":"de-DE"},{"@type":"Organization","@id":"https:\/\/www.uni.lu\/de\/#organization","name":"Universit\u00e4t Luxemburg","alternateName":"Uni.lu","url":"https:\/\/www.uni.lu\/de\/","logo":{"@type":"ImageObject","inLanguage":"de-DE","@id":"https:\/\/www.uni.lu\/de\/#\/schema\/logo\/image\/","url":"https:\/\/www.uni.lu\/wp-content\/uploads\/sites\/10\/2026\/03\/03120000\/UNIV_SM-Profile_1600x1600px-scaled.jpg","contentUrl":"https:\/\/www.uni.lu\/wp-content\/uploads\/sites\/10\/2026\/03\/03120000\/UNIV_SM-Profile_1600x1600px-scaled.jpg","width":2560,"height":2560,"caption":"Universit\u00e4t Luxemburg"},"image":{"@id":"https:\/\/www.uni.lu\/de\/#\/schema\/logo\/image\/"},"sameAs":["https:\/\/www.facebook.com\/uni.lu","https:\/\/www.linkedin.com\/school\/university-of-luxembourg\/","https:\/\/www.instagram.com\/uni.lu","https:\/\/www.youtube.com\/@uni_lu","https:\/\/en.wikipedia.org\/wiki\/University_of_Luxembourg"]}]}},"ticketed":false,"_links":{"self":[{"href":"https:\/\/www.uni.lu\/de\/wp-json\/wp\/v2\/pages\/1758"}],"collection":[{"href":"https:\/\/www.uni.lu\/de\/wp-json\/wp\/v2\/pages"}],"about":[{"href":"https:\/\/www.uni.lu\/de\/wp-json\/wp\/v2\/types\/page"}],"author":[{"embeddable":true,"href":"https:\/\/www.uni.lu\/de\/wp-json\/wp\/v2\/users\/382"}],"replies":[{"embeddable":true,"href":"https:\/\/www.uni.lu\/de\/wp-json\/wp\/v2\/comments?post=1758"}],"version-history":[{"count":5,"href":"https:\/\/www.uni.lu\/de\/wp-json\/wp\/v2\/pages\/1758\/revisions"}],"predecessor-version":[{"id":8269,"href":"https:\/\/www.uni.lu\/de\/wp-json\/wp\/v2\/pages\/1758\/revisions\/8269"}],"up":[{"embeddable":true,"href":"https:\/\/www.uni.lu\/de\/wp-json\/wp\/v2\/pages\/1733"}],"wp:authorship":[{"embeddable":true,"href":"https:\/\/www.uni.lu\/de\/wp-json\/wp\/v2\/users\/208"},{"embeddable":true,"href":"https:\/\/www.uni.lu\/de\/wp-json\/wp\/v2\/users\/204"},{"embeddable":true,"href":"https:\/\/www.uni.lu\/de\/wp-json\/wp\/v2\/users\/328"},{"embeddable":true,"href":"https:\/\/www.uni.lu\/de\/wp-json\/wp\/v2\/users\/382"},{"embeddable":true,"href":"https:\/\/www.uni.lu\/de\/wp-json\/wp\/v2\/users\/33"}],"wp:attachment":[{"href":"https:\/\/www.uni.lu\/de\/wp-json\/wp\/v2\/media?parent=1758"}],"wp:term":[{"taxonomy":"field-of-interest","embeddable":true,"href":"https:\/\/www.uni.lu\/de\/wp-json\/wp\/v2\/field-of-interest?post=1758"},{"taxonomy":"organisation","embeddable":true,"href":"https:\/\/www.uni.lu\/de\/wp-json\/wp\/v2\/organisation?post=1758"}],"curies":[{"name":"wp","href":"https:\/\/api.w.org\/{rel}","templated":true}]}}