{"id":1651,"date":"2023-10-27T09:00:28","date_gmt":"2023-10-27T07:00:28","guid":{"rendered":"https:\/\/www.uni.lu\/de\/?page_id=1651"},"modified":"2026-01-30T15:45:23","modified_gmt":"2026-01-30T14:45:23","slug":"universitaetsrat","status":"publish","type":"page","link":"https:\/\/www.uni.lu\/de\/ueber-uns\/universitaetsleitung\/universitaetsrat\/","title":{"rendered":"Universit\u00e4tsrat"},"content":{"rendered":"\n<section class=\"py-0 wp-block-unilux-blocks-free-section section\"><div class=\"container xl:max-w-screen-xl\">\n<h1 class=\"has-text-align-left wp-block-unilux-blocks-heading\"        id=\"universitaetsrat\"\n    >\nUniversit\u00e4tsrat<\/h1>\n\n\n\n<p>Der Universit\u00e4tsrat unterst\u00fctzt den Rektor bei der Organisation von Lehr- und Forschungsaktivit\u00e4ten, entscheidet \u00fcber den Fokus von Studieng\u00e4ngen und gibt Stellungnahmen zu internen Verordnungen, zur Ernennung von Rektoratsmitgliedern, zum Vierjahresplan, zum Budget und zu sonstigen strategischen Entscheidungen ab.<\/p>\n\n\n\n<p>Prof. Dr. Georg Mein- Gew\u00e4hlt vom Universit\u00e4tsrat  in seiner konstituierenden Sitzung am 7. November 2023<\/p>\n<\/div><\/section>\n\n\n\n<section class=\"wp-block-unilux-blocks-free-section section\"><div class=\"container xl:max-w-screen-xl\"><div class=\"py-48 first:pt-0 last:pb-0 wp-block-unilux-blocks-people-list\">\n    \n<h2 class=\"has-text-align-left wp-block-unilux-blocks-heading\"        id=\"praesident-des-universitaetsrates\"\n    >\nPr\u00e4sident des Universit\u00e4tsrates<\/h2>\n<ul class=\"flex flex-wrap -mx-16 wp-block-unilux-blocks-people-item-wrapper\">\n    <li class=\"w-full md:w-1\/2 p-16 wp-block-unilux-blocks-people-item-automated\"><div class=\"ulux-card card-people bg-theme\"><div class=\"list-people bg-theme\">\n    <div class=\"list-people__container\">\n        <div class=\"list-people__visual\">\n            <figure class=\"wp-block-dev4-reusable-blocks-image\">\n                <!-- Template Image Component: default -->\n<img decoding=\"async\" class=\"w-full\" width=\"\" height=\"\" rel=\"\" alt=\"Prof Georg MEIN\" src=\"https:\/\/www.uni.lu\/en\/person-image\/NTAwMDIzNjhfX0dlb3JnIE1FSU4=\" srcset=\"https:\/\/www.uni.lu\/en\/person-image\/NTAwMDIzNjhfX0dlb3JnIE1FSU4=--thumbnail 150w,https:\/\/www.uni.lu\/en\/person-image\/NTAwMDIzNjhfX0dlb3JnIE1FSU4=--medium 300w,https:\/\/www.uni.lu\/en\/person-image\/NTAwMDIzNjhfX0dlb3JnIE1FSU4=--medium_large 768w,https:\/\/www.uni.lu\/en\/person-image\/NTAwMDIzNjhfX0dlb3JnIE1FSU4=--large 1024w,https:\/\/www.uni.lu\/en\/person-image\/NTAwMDIzNjhfX0dlb3JnIE1FSU4=--1536x1536 1536w,https:\/\/www.uni.lu\/en\/person-image\/NTAwMDIzNjhfX0dlb3JnIE1FSU4=--2048x2048 2048w\" loading=\"lazy\" \/><!-- end Image Component -->\n            <\/figure>\n        <\/div>\n        <div class=\"list-people__body\">\n            <h3 class=\"list-people__title\">Prof Georg MEIN<\/h3>\n            <p class=\"list-people__description\">Head of ULIDE, Full professor<\/p>\n            <div class=\"wp-block-unilux-blocks-simple-cta wp-block-unilux-blocks-people-item-automated\">\n    <a\n        href=\"https:\/\/www.uni.lu\/fhse-en\/people\/georg-mein\/\"\n        title=\"Prof Georg MEIN\"\n        class=\"link-text link-text--icon list-people__link link-absolute\"\n        target=\"\"\n    >\n        <span class=\"link-text__body\">\n            <span class=\"link-text__name\">Profil anzeigen<\/span>\n        <\/span>\n        <svg aria-hidden=\"true\" focusable=\"false\" class=\"icon icon-outline icon--arrow-right \"><use xlink:href=\"https:\/\/www.uni.lu\/wp-content\/themes\/unilux-theme\/assets\/images\/icons\/icons-outline.svg#icon--arrow-right\"><\/use><\/svg>    <\/a>\n<\/div>\n        <\/div>\n    <\/div>\n<\/div>\n<\/div><\/li><\/ul>\n\n<\/div>\n\n\n\n<div class=\"wp-block-unilux-blocks-spacer is-spacer-size-sm\"><\/div>\n\n\n<h3 class=\"has-text-align-left wp-block-unilux-blocks-heading\"        id=\"mitglieder\"\n    >\nMitglieder<\/h3>\n\n\n\n<p>Ab dem 1. November 2023 und gem\u00e4\u00df dem <a href=\"https:\/\/www.uni.lu\/wp-content\/uploads\/sites\/9\/2023\/11\/Loi-du-27-juin-2018-modifiee-ayant-pour-objet-lorganisation-de-lUniversite-du-Luxembourg.pdf\" target=\"_blank\" rel=\"noreferrer noopener\">Gesetz vom 27. Juni 2018 (FR)<\/a>, das am 1. August 2018 in Kraft getreten ist, setzt sich der Universit\u00e4tsrat wie folgt aus 24 Mitgliedern zusammen:<\/p>\n\n\n\n<div class=\"wp-block-unilux-blocks-accordion accordion accordion--theme accordion-standard\" data-reference=\"95ce21de-5d66-4ab2-97a3-c5ce19de85a1\" data-accordion-type=\"standard\"><div class=\"accordion__item  wp-block-unilux-blocks-accordion-item\">\n    <h3 class=\"accordion__header\"\n                    id=\"mitglieder\"\n        >\n        <button\n            type=\"button\"\n            id=\"accordion-labelledby-7f761980-b2c0-47ed-a0fc-e567af4cdfc0\"\n            class=\"accordion__button collapsed\"\n            aria-expanded=\"false\"\n            aria-controls=\"accordion-panel-7f761980-b2c0-47ed-a0fc-e567af4cdfc0\"\n            data-bs-toggle=\"collapse\"\n            data-bs-target=\"#accordion-panel-7f761980-b2c0-47ed-a0fc-e567af4cdfc0\"\n        >\n            <span class=\"accordion__title\">\n                                Mitglieder            <\/span>\n\n            <svg aria-hidden=\"true\" focusable=\"false\" class=\"icon icon-outline icon--arrow-down \"><use xlink:href=\"https:\/\/www.uni.lu\/wp-content\/themes\/unilux-theme\/assets\/images\/icons\/icons-outline.svg#icon--arrow-down\"><\/use><\/svg>        <\/button>\n    <\/h3>\n    <div id=\"accordion-panel-7f761980-b2c0-47ed-a0fc-e567af4cdfc0\"\n        class=\"accordion__collapse collapse\"\n        aria-labelledby=\"accordion-labelledby-7f761980-b2c0-47ed-a0fc-e567af4cdfc0\"\n        data-bs-parent=\"[data-reference=&quot;95ce21de-5d66-4ab2-97a3-c5ce19de85a1&quot;]\"\n    >\n        <div class=\"accordion__body \">\n            \n<p><strong>Von den FHSE-Professoren gew\u00e4hlte Mitglieder<\/strong><\/p>\n\n<ul class=\"ulux-list\">\n<li class=\"ulux-list-item\">Georg MEIN, Chair of the University Council<\/li>\n\n\n\n<li class=\"ulux-list-item\">Conchita D&#8217;AMBROSIO<\/li>\n<\/ul>\n\n<p><strong>Von den wissenschaftlichen Mitarbeitern der FHSE gew\u00e4hlte Mitglieder<\/strong><\/p>\n\n<ul class=\"ulux-list\">\n<li class=\"ulux-list-item\">Dominic HARION<\/li>\n\n\n\n<li class=\"ulux-list-item\">Johannes PAUSE<\/li>\n<\/ul>\n\n<p><strong>Von den FDEF-Professoren gew\u00e4hlte Mitglieder<\/strong><\/p>\n\n<ul class=\"ulux-list\">\n<li class=\"ulux-list-item\">Nicolas JONARD<\/li>\n\n\n\n<li class=\"ulux-list-item\">Diane PIERRET<\/li>\n<\/ul>\n\n<p><strong>Von den wissenschaftlichen Mitarbeitern der FDEF gew\u00e4hlte Mitglieder<\/strong><\/p>\n\n<ul class=\"ulux-list\">\n<li class=\"ulux-list-item\">Laura AADE<\/li>\n\n\n\n<li class=\"ulux-list-item\">Imen DEROUICHE<\/li>\n<\/ul>\n\n<p><strong>Von den FSTM-Professoren gew\u00e4hlte Mitglieder<\/strong><\/p>\n\n<ul class=\"ulux-list\">\n<li class=\"ulux-list-item\">Luis LEIVA<\/li>\n\n\n\n<li class=\"ulux-list-item\">Ludger WIRTZ<\/li>\n<\/ul>\n\n<p><strong>Von den wissenschaftlichen Mitarbeitern der FSTM gew\u00e4hlte Mitglieder<\/strong><\/p>\n\n<ul class=\"ulux-list\">\n<li class=\"ulux-list-item\">J\u00f6rg BALLER<\/li>\n\n\n\n<li class=\"ulux-list-item\">Elisabeth SCHAFFNER-RECKINGER<\/li>\n<\/ul>\n\n<p><strong>Von den Professoren der interdisziplin\u00e4ren Zentren gew\u00e4hlte Mitglieder<\/strong><\/p>\n\n<ul class=\"ulux-list\">\n<li class=\"ulux-list-item\">Rapha\u00ebl FRANK (SnT)<\/li>\n\n\n\n<li class=\"ulux-list-item\">Jacques KLEIN (SnT)<\/li>\n<\/ul>\n\n<p><strong>Von den wissenschaftlichen Mitarbeitern der interdisziplin\u00e4ren Zentren gew\u00e4hlte Mitglieder<\/strong><\/p>\n\n<ul class=\"ulux-list\">\n<li class=\"ulux-list-item\">Elena DANESCU (C\u00b2DH)<\/li>\n\n\n\n<li class=\"ulux-list-item\">Cedric LACZNY (LCSB)<\/li>\n<\/ul>\n\n<p><strong>Vom Verwaltungs-, Finanz- und technischen Personal gew\u00e4hlte Mitglieder<\/strong><\/p>\n\n<ul class=\"ulux-list\">\n<li class=\"ulux-list-item\">Oliver GLASSL (FSTM)<\/li>\n\n\n\n<li class=\"ulux-list-item\">Adolfo SOMMARRIBAS (FHSE)<\/li>\n<\/ul>\n\n<p><strong>Von der Studierendendelegation gew\u00e4hlte Mitglieder<\/strong><\/p>\n\n<ul class=\"ulux-list\">\n<li class=\"ulux-list-item\">Stefan Vladimir CAPITANESCU (FSTM)<\/li>\n\n\n\n<li class=\"ulux-list-item\">Harsh CHAURASIA (FSTM)<\/li>\n\n\n\n<li class=\"ulux-list-item\">Robert KOSTANDYAN (FDEF)<\/li>\n\n\n\n<li class=\"ulux-list-item\">Karl PIROTTA (FHSE)<\/li>\n\n\n\n<li class=\"ulux-list-item\">Re\u0161ad RAMDEDOVI\u0106 (FHSE)<\/li>\n\n\n\n<li class=\"ulux-list-item\">Alexandra SOME\u015eAN (FHSE)<\/li>\n<\/ul>\n        <\/div>\n    <\/div>\n<\/div>\n\n<div class=\"accordion__item  wp-block-unilux-blocks-accordion-item\">\n    <h3 class=\"accordion__header\"\n                    id=\"nicht-stimmberechtigte-teilnehmer\"\n        >\n        <button\n            type=\"button\"\n            id=\"accordion-labelledby-3432b724-09cc-43f0-a230-996ea1d4aca0\"\n            class=\"accordion__button collapsed\"\n            aria-expanded=\"false\"\n            aria-controls=\"accordion-panel-3432b724-09cc-43f0-a230-996ea1d4aca0\"\n            data-bs-toggle=\"collapse\"\n            data-bs-target=\"#accordion-panel-3432b724-09cc-43f0-a230-996ea1d4aca0\"\n        >\n            <span class=\"accordion__title\">\n                                Nicht stimmberechtigte Teilnehmer            <\/span>\n\n            <svg aria-hidden=\"true\" focusable=\"false\" class=\"icon icon-outline icon--arrow-down \"><use xlink:href=\"https:\/\/www.uni.lu\/wp-content\/themes\/unilux-theme\/assets\/images\/icons\/icons-outline.svg#icon--arrow-down\"><\/use><\/svg>        <\/button>\n    <\/h3>\n    <div id=\"accordion-panel-3432b724-09cc-43f0-a230-996ea1d4aca0\"\n        class=\"accordion__collapse collapse\"\n        aria-labelledby=\"accordion-labelledby-3432b724-09cc-43f0-a230-996ea1d4aca0\"\n        data-bs-parent=\"[data-reference=&quot;95ce21de-5d66-4ab2-97a3-c5ce19de85a1&quot;]\"\n    >\n        <div class=\"accordion__body \">\n            \n<ul class=\"ulux-list\">\n<li class=\"ulux-list-item\">Jens KREISEL, Rector<\/li>\n\n\n\n<li class=\"ulux-list-item\">Marie-H\u00e9l\u00e8ne JOBIN, Vice-Rector<\/li>\n\n\n\n<li class=\"ulux-list-item\">Philippe HILIGSMANN, Vice-Rector<\/li>\n\n\n\n<li class=\"ulux-list-item\">Simone NICLOU, Vice-Rector<\/li>\n\n\n\n<li class=\"ulux-list-item\">Marc GRABOWSKI , Director of Administration and Finance<\/li>\n\n\n\n<li class=\"ulux-list-item\">Massimo MALVETTI, General Secretary of the Board of Governors<\/li>\n\n\n\n<li class=\"ulux-list-item\">Pascal BOUVRY, FSTM Dean<\/li>\n\n\n\n<li class=\"ulux-list-item\">Katalin LIGETI, FDEF Dean<\/li>\n\n\n\n<li class=\"ulux-list-item\">Robert HARMSEN, FHSE Dean<\/li>\n\n\n\n<li class=\"ulux-list-item\">Andreas FICKERS, Director of C<sup>2<\/sup>DH<\/li>\n\n\n\n<li class=\"ulux-list-item\">Michael HENEKA, Director of LCSB&nbsp;<\/li>\n\n\n\n<li class=\"ulux-list-item\">Yves LE TRAON, Director of SnT<\/li>\n\n\n\n<li class=\"ulux-list-item\">Takis TRIDIMAS, Director of LCEL<\/li>\n\n\n\n<li class=\"ulux-list-item\">Ralf SEPPELT, Director of LCSES<\/li>\n\n\n\n<li class=\"ulux-list-item\">J\u00f6rg GERKRATH, member appointed by the Staff Delegation<\/li>\n\n\n\n<li class=\"ulux-list-item\">Joanna WEST, Inclusion Officer<\/li>\n\n\n\n<li class=\"ulux-list-item\">Skerdilajda ZANAJ, Gender Delegate<\/li>\n<\/ul>\n        <\/div>\n    <\/div>\n<\/div><\/div>\n\n\n\n<h4 class=\"has-text-align-left wp-block-unilux-blocks-heading\"        id=\"administration\"\n    >\nAdministration<\/h4>\n\n\n\n<ul class=\"ulux-list\">\n<li class=\"ulux-list-item\">Nathalie Klopfenstein, Administrator<\/li>\n<\/ul>\n<\/div><\/section>\n\n\n\n<section class=\"py-0 wp-block-unilux-blocks-free-section section\"><div class=\"container xl:max-w-screen-xl\">\n<h5 class=\"has-text-align-left wp-block-unilux-blocks-heading\"        id=\"also-supporting-the-university-governance-authorities\"\n    >\nAlso supporting the University governance authorities<\/h5>\n\n\n\n<p>The <a href=\"https:\/\/www.uni.lu\/de\/ueber-uns\/universitaetsleitung\/kommission-fuer-die-gleichstellung-der-geschlechter\/\">Gender Equality Officer<\/a>, Skerdilajda Zanaj, advises and supports the Rectorate in the development and implementation of the University&#8217;s gender action plan.<\/p>\n\n\n\n<p>The <a href=\"https:\/\/www.uni.lu\/en\/about\/governance\/committee-for-reasonable-adjustments\/\">Inclusion Officer (EN)<\/a> (<em>D\u00e9l\u00e9gu\u00e9e aux am\u00e9nagements raisonnables<\/em>), Joanna West, advises and supports the Rectorate in the management of reasonable accommodations for users with special educational needs.<\/p>\n\n\n\n<p>The <a href=\"https:\/\/www.uni.lu\/en\/about\/governance\/student-delegation\/\">Student Delegation (EN)<\/a> is mandated for representing the University students and defend and promote their interests relating to the study programmes and the University management.<\/p>\n\n\n\n<p>The <a href=\"https:\/\/www.uni.lu\/en\/about\/governance\/staff-delegation\/\">Staff Delegation (EN)<\/a>&#8217;s mission is to safeguard and defend the interests of the University employees in terms of working conditions, job security and social status.<\/p>\n\n\n\n<h5 class=\"has-text-align-left wp-block-unilux-blocks-heading\"        id=\"research-and-doctoral-education-are-carried-out-within-each-of-the-three-faculties-and-the-three-inderdisciplinary-centres\"\n    >\nResearch and doctoral education are carried out within each of the three faculties and the three inderdisciplinary centres<\/h5>\n\n\n\n<p>The Faculty of Science, Technology and Medicine (Dean: Pascal Bouvry)<br>The Faculty of Law, Economics and Finance (Dean: Katalin Ligeti)<br>The Faculty of Humanities, Education and Social Sciences (Dean: Robert Harmsen)<\/p>\n\n\n\n<p>Interdisciplinary Centre for Security, Reliability and Trust (Director: Bj\u00f6rn Ottersten)<br>Luxembourg Centre for Systems Biomedicine (Director: Michael Heneka)<br>Luxembourg Centre for Contemporary and Digital History (Director: Andreas Fickers)<\/p>\n\n\n\n<p>Courses at Bachelor and Master level, and certificate programmes are delivered by our faculties as well as our University of Luxembourg Competence Centre.<\/p>\n<\/div><\/section>\n","protected":false},"excerpt":{"rendered":"","protected":false},"author":33,"featured_media":0,"parent":1260,"menu_order":5,"comment_status":"closed","ping_status":"closed","template":"","meta":{"featured_image_focal_point":[],"show_featured_caption":false,"ulux_newsletter_groups":"","uluxPostTitle":"","uluxPrePostTitle":"","_trash_the_other_posts":false,"_price":"","_stock":"","_tribe_ticket_header":"","_tribe_default_ticket_provider":"","_tribe_ticket_capacity":"0","_ticket_start_date":"","_ticket_end_date":"","_tribe_ticket_show_description":"","_tribe_ticket_show_not_going":false,"_tribe_ticket_use_global_stock":"","_tribe_ticket_global_stock_level":"","_global_stock_mode":"","_global_stock_cap":"","_tribe_rsvp_for_event":"","_tribe_ticket_going_count":"","_tribe_ticket_not_going_count":"","_tribe_tickets_list":"[]","_tribe_ticket_has_attendee_info_fields":false,"footnotes":""},"field-of-interest":[],"organisation":[],"authorship":[33],"acf":[],"yoast_head":"<!-- This site is optimized with the Yoast SEO Premium plugin v22.3 (Yoast SEO v22.3) - https:\/\/yoast.com\/wordpress\/plugins\/seo\/ -->\n<title>Universit\u00e4tsrat - Universit\u00e4t Luxemburg<\/title>\n<meta name=\"description\" content=\"Der Universit\u00e4tsrat unterst\u00fctzt den Rektor bei der Organisation von Lehr- und Forschungsaktivit\u00e4ten der Universit\u00e4t.\" \/>\n<meta name=\"robots\" content=\"index, follow, max-snippet:-1, max-image-preview:large, max-video-preview:-1\" \/>\n<link rel=\"canonical\" href=\"https:\/\/www.uni.lu\/de\/ueber-uns\/universitaetsleitung\/universitaetsrat\/\" \/>\n<meta property=\"og:locale\" content=\"de_DE\" \/>\n<meta property=\"og:type\" content=\"article\" \/>\n<meta property=\"og:title\" content=\"Universit\u00e4tsrat\" \/>\n<meta property=\"og:description\" content=\"Der Universit\u00e4tsrat unterst\u00fctzt den Rektor bei der Organisation von Lehr- und Forschungsaktivit\u00e4ten der Universit\u00e4t.\" \/>\n<meta property=\"og:url\" content=\"https:\/\/www.uni.lu\/de\/ueber-uns\/universitaetsleitung\/universitaetsrat\/\" \/>\n<meta property=\"og:site_name\" content=\"UNI DE\" \/>\n<meta property=\"article:publisher\" content=\"https:\/\/www.facebook.com\/uni.lu\" \/>\n<meta property=\"article:modified_time\" content=\"2026-01-30T14:45:23+00:00\" \/>\n<meta property=\"og:image\" content=\"https:\/\/www.uni.lu\/wp-content\/uploads\/sites\/10\/2026\/03\/03120000\/UNIV_SM-Profile_1600x1600px-scaled.jpg\" \/>\n\t<meta property=\"og:image:width\" content=\"2560\" \/>\n\t<meta property=\"og:image:height\" content=\"2560\" \/>\n\t<meta property=\"og:image:type\" content=\"image\/jpeg\" \/>\n<meta name=\"twitter:card\" content=\"summary_large_image\" \/>\n<meta name=\"twitter:label1\" content=\"Gesch\u00e4tzte Lesezeit\" \/>\n\t<meta name=\"twitter:data1\" content=\"3 Minuten\" \/>\n<script type=\"application\/ld+json\" class=\"yoast-schema-graph\">{\"@context\":\"https:\/\/schema.org\",\"@graph\":[{\"@type\":\"WebPage\",\"@id\":\"https:\/\/www.uni.lu\/de\/ueber-uns\/universitaetsleitung\/universitaetsrat\/\",\"url\":\"https:\/\/www.uni.lu\/de\/ueber-uns\/universitaetsleitung\/universitaetsrat\/\",\"name\":\"Universit\u00e4tsrat - Universit\u00e4t Luxemburg\",\"isPartOf\":{\"@id\":\"https:\/\/www.uni.lu\/de\/#website\"},\"datePublished\":\"2023-10-27T07:00:28+00:00\",\"dateModified\":\"2026-01-30T14:45:23+00:00\",\"description\":\"Der Universit\u00e4tsrat unterst\u00fctzt den Rektor bei der Organisation von Lehr- und Forschungsaktivit\u00e4ten der Universit\u00e4t.\",\"breadcrumb\":{\"@id\":\"https:\/\/www.uni.lu\/de\/ueber-uns\/universitaetsleitung\/universitaetsrat\/#breadcrumb\"},\"inLanguage\":\"de-DE\",\"potentialAction\":[{\"@type\":\"ReadAction\",\"target\":[\"https:\/\/www.uni.lu\/de\/ueber-uns\/universitaetsleitung\/universitaetsrat\/\"]}]},{\"@type\":\"BreadcrumbList\",\"@id\":\"https:\/\/www.uni.lu\/de\/ueber-uns\/universitaetsleitung\/universitaetsrat\/#breadcrumb\",\"itemListElement\":[{\"@type\":\"ListItem\",\"position\":1,\"name\":\"Home\",\"item\":\"https:\/\/www.uni.lu\/de\/\"},{\"@type\":\"ListItem\",\"position\":2,\"name\":\"\u00dcber uns\",\"item\":\"https:\/\/www.uni.lu\/de\/ueber-uns\/\"},{\"@type\":\"ListItem\",\"position\":3,\"name\":\"Universit\u00e4tsleitung\",\"item\":\"https:\/\/www.uni.lu\/de\/ueber-uns\/universitaetsleitung\/\"},{\"@type\":\"ListItem\",\"position\":4,\"name\":\"Universit\u00e4tsrat\"}]},{\"@type\":\"WebSite\",\"@id\":\"https:\/\/www.uni.lu\/de\/#website\",\"url\":\"https:\/\/www.uni.lu\/de\/\",\"name\":\"Uni.lu\",\"description\":\"Universit\u00e4t Luxemburg\",\"publisher\":{\"@id\":\"https:\/\/www.uni.lu\/de\/#organization\"},\"alternateName\":\"Universit\u00e4t Luxemburg\",\"potentialAction\":[{\"@type\":\"SearchAction\",\"target\":{\"@type\":\"EntryPoint\",\"urlTemplate\":\"https:\/\/www.uni.lu\/de\/?s={search_term_string}\"},\"query-input\":\"required name=search_term_string\"}],\"inLanguage\":\"de-DE\"},{\"@type\":\"Organization\",\"@id\":\"https:\/\/www.uni.lu\/de\/#organization\",\"name\":\"Universit\u00e4t Luxemburg\",\"alternateName\":\"Uni.lu\",\"url\":\"https:\/\/www.uni.lu\/de\/\",\"logo\":{\"@type\":\"ImageObject\",\"inLanguage\":\"de-DE\",\"@id\":\"https:\/\/www.uni.lu\/de\/#\/schema\/logo\/image\/\",\"url\":\"https:\/\/www.uni.lu\/wp-content\/uploads\/sites\/10\/2026\/03\/03120000\/UNIV_SM-Profile_1600x1600px-scaled.jpg\",\"contentUrl\":\"https:\/\/www.uni.lu\/wp-content\/uploads\/sites\/10\/2026\/03\/03120000\/UNIV_SM-Profile_1600x1600px-scaled.jpg\",\"width\":2560,\"height\":2560,\"caption\":\"Universit\u00e4t Luxemburg\"},\"image\":\"https:\/\/www.uni.lu\/wp-content\/uploads\/sites\/10\/2026\/04\/24144329\/20200609-Belval-Campus_Henri-Goergen-23.jpg\",\"sameAs\":[\"https:\/\/www.facebook.com\/uni.lu\",\"https:\/\/www.linkedin.com\/school\/university-of-luxembourg\/\",\"https:\/\/www.instagram.com\/uni.lu\",\"https:\/\/www.youtube.com\/@uni_lu\",\"https:\/\/en.wikipedia.org\/wiki\/University_of_Luxembourg\"],\"email\":\"communication@uni.lu\",\"telephone\":\"+3524666441\",\"address\":{\"@type\":\"PostalAddress\",\"streetAddress\":\"2, place de l\u2019Universit\u00e9\",\"addressLocality\":\"Esch-sur-Alzette\",\"postalCode\":\"4365\",\"addressCountry\":\"LU\"},\"description\":\"Universit\u00e4t Luxemburg\"}]}<\/script>\n<!-- \/ Yoast SEO Premium plugin. -->","yoast_head_json":{"title":"Universit\u00e4tsrat - Universit\u00e4t Luxemburg","description":"Der Universit\u00e4tsrat unterst\u00fctzt den Rektor bei der Organisation von Lehr- und Forschungsaktivit\u00e4ten der Universit\u00e4t.","robots":{"index":"index","follow":"follow","max-snippet":"max-snippet:-1","max-image-preview":"max-image-preview:large","max-video-preview":"max-video-preview:-1"},"canonical":"https:\/\/www.uni.lu\/de\/ueber-uns\/universitaetsleitung\/universitaetsrat\/","og_locale":"de_DE","og_type":"article","og_title":"Universit\u00e4tsrat","og_description":"Der Universit\u00e4tsrat unterst\u00fctzt den Rektor bei der Organisation von Lehr- und Forschungsaktivit\u00e4ten der Universit\u00e4t.","og_url":"https:\/\/www.uni.lu\/de\/ueber-uns\/universitaetsleitung\/universitaetsrat\/","og_site_name":"UNI DE","article_publisher":"https:\/\/www.facebook.com\/uni.lu","article_modified_time":"2026-01-30T14:45:23+00:00","og_image":[{"width":2560,"height":2560,"url":"https:\/\/www.uni.lu\/wp-content\/uploads\/sites\/10\/2026\/03\/03120000\/UNIV_SM-Profile_1600x1600px-scaled.jpg","type":"image\/jpeg"}],"twitter_card":"summary_large_image","twitter_misc":{"Gesch\u00e4tzte Lesezeit":"3 Minuten"},"schema":{"@context":"https:\/\/schema.org","@graph":[{"@type":"WebPage","@id":"https:\/\/www.uni.lu\/de\/ueber-uns\/universitaetsleitung\/universitaetsrat\/","url":"https:\/\/www.uni.lu\/de\/ueber-uns\/universitaetsleitung\/universitaetsrat\/","name":"Universit\u00e4tsrat - Universit\u00e4t Luxemburg","isPartOf":{"@id":"https:\/\/www.uni.lu\/de\/#website"},"datePublished":"2023-10-27T07:00:28+00:00","dateModified":"2026-01-30T14:45:23+00:00","description":"Der Universit\u00e4tsrat unterst\u00fctzt den Rektor bei der Organisation von Lehr- und Forschungsaktivit\u00e4ten der Universit\u00e4t.","breadcrumb":{"@id":"https:\/\/www.uni.lu\/de\/ueber-uns\/universitaetsleitung\/universitaetsrat\/#breadcrumb"},"inLanguage":"de-DE","potentialAction":[{"@type":"ReadAction","target":["https:\/\/www.uni.lu\/de\/ueber-uns\/universitaetsleitung\/universitaetsrat\/"]}]},{"@type":"BreadcrumbList","@id":"https:\/\/www.uni.lu\/de\/ueber-uns\/universitaetsleitung\/universitaetsrat\/#breadcrumb","itemListElement":[{"@type":"ListItem","position":1,"name":"Home","item":"https:\/\/www.uni.lu\/de\/"},{"@type":"ListItem","position":2,"name":"\u00dcber uns","item":"https:\/\/www.uni.lu\/de\/ueber-uns\/"},{"@type":"ListItem","position":3,"name":"Universit\u00e4tsleitung","item":"https:\/\/www.uni.lu\/de\/ueber-uns\/universitaetsleitung\/"},{"@type":"ListItem","position":4,"name":"Universit\u00e4tsrat"}]},{"@type":"WebSite","@id":"https:\/\/www.uni.lu\/de\/#website","url":"https:\/\/www.uni.lu\/de\/","name":"Uni.lu","description":"Universit\u00e4t Luxemburg","publisher":{"@id":"https:\/\/www.uni.lu\/de\/#organization"},"alternateName":"Universit\u00e4t Luxemburg","potentialAction":[{"@type":"SearchAction","target":{"@type":"EntryPoint","urlTemplate":"https:\/\/www.uni.lu\/de\/?s={search_term_string}"},"query-input":"required name=search_term_string"}],"inLanguage":"de-DE"},{"@type":"Organization","@id":"https:\/\/www.uni.lu\/de\/#organization","name":"Universit\u00e4t Luxemburg","alternateName":"Uni.lu","url":"https:\/\/www.uni.lu\/de\/","logo":{"@type":"ImageObject","inLanguage":"de-DE","@id":"https:\/\/www.uni.lu\/de\/#\/schema\/logo\/image\/","url":"https:\/\/www.uni.lu\/wp-content\/uploads\/sites\/10\/2026\/03\/03120000\/UNIV_SM-Profile_1600x1600px-scaled.jpg","contentUrl":"https:\/\/www.uni.lu\/wp-content\/uploads\/sites\/10\/2026\/03\/03120000\/UNIV_SM-Profile_1600x1600px-scaled.jpg","width":2560,"height":2560,"caption":"Universit\u00e4t Luxemburg"},"image":"https:\/\/www.uni.lu\/wp-content\/uploads\/sites\/10\/2026\/04\/24144329\/20200609-Belval-Campus_Henri-Goergen-23.jpg","sameAs":["https:\/\/www.facebook.com\/uni.lu","https:\/\/www.linkedin.com\/school\/university-of-luxembourg\/","https:\/\/www.instagram.com\/uni.lu","https:\/\/www.youtube.com\/@uni_lu","https:\/\/en.wikipedia.org\/wiki\/University_of_Luxembourg"],"email":"communication@uni.lu","telephone":"+3524666441","address":{"@type":"PostalAddress","streetAddress":"2, place de l\u2019Universit\u00e9","addressLocality":"Esch-sur-Alzette","postalCode":"4365","addressCountry":"LU"},"description":"Universit\u00e4t Luxemburg"}]}},"ticketed":false,"_links":{"self":[{"href":"https:\/\/www.uni.lu\/de\/wp-json\/wp\/v2\/pages\/1651"}],"collection":[{"href":"https:\/\/www.uni.lu\/de\/wp-json\/wp\/v2\/pages"}],"about":[{"href":"https:\/\/www.uni.lu\/de\/wp-json\/wp\/v2\/types\/page"}],"author":[{"embeddable":true,"href":"https:\/\/www.uni.lu\/de\/wp-json\/wp\/v2\/users\/33"}],"replies":[{"embeddable":true,"href":"https:\/\/www.uni.lu\/de\/wp-json\/wp\/v2\/comments?post=1651"}],"version-history":[{"count":4,"href":"https:\/\/www.uni.lu\/de\/wp-json\/wp\/v2\/pages\/1651\/revisions"}],"predecessor-version":[{"id":8592,"href":"https:\/\/www.uni.lu\/de\/wp-json\/wp\/v2\/pages\/1651\/revisions\/8592"}],"up":[{"embeddable":true,"href":"https:\/\/www.uni.lu\/de\/wp-json\/wp\/v2\/pages\/1260"}],"wp:authorship":[{"embeddable":true,"href":"https:\/\/www.uni.lu\/de\/wp-json\/wp\/v2\/users\/33"}],"wp:attachment":[{"href":"https:\/\/www.uni.lu\/de\/wp-json\/wp\/v2\/media?parent=1651"}],"wp:term":[{"taxonomy":"field-of-interest","embeddable":true,"href":"https:\/\/www.uni.lu\/de\/wp-json\/wp\/v2\/field-of-interest?post=1651"},{"taxonomy":"organisation","embeddable":true,"href":"https:\/\/www.uni.lu\/de\/wp-json\/wp\/v2\/organisation?post=1651"}],"curies":[{"name":"wp","href":"https:\/\/api.w.org\/{rel}","templated":true}]}}