{"id":1649,"date":"2023-10-27T08:57:27","date_gmt":"2023-10-27T06:57:27","guid":{"rendered":"https:\/\/www.uni.lu\/de\/?page_id=1649"},"modified":"2025-05-05T16:10:46","modified_gmt":"2025-05-05T14:10:46","slug":"innenrevision","status":"publish","type":"page","link":"https:\/\/www.uni.lu\/de\/ueber-uns\/universitaetsleitung\/aufsichtsrat\/innenrevision\/","title":{"rendered":"Innenrevision"},"content":{"rendered":"\n<section class=\"wp-block-unilux-blocks-free-section section\"><div class=\"container xl:max-w-screen-xl\">\n<h1 class=\"has-text-align-left wp-block-unilux-blocks-heading\"        id=\"innenrevision\"\n    >\n<strong>Innenrevision<\/strong><\/h1>\n\n\n\n<p><strong>Die Abteilung \u201eInnenrevision\u201c f\u00fchrt eine unabh\u00e4ngige, objektive Qualit\u00e4tssicherung und Beratung durch<\/strong>, um die Effektivit\u00e4t von Risikomanagement-, Kontroll- und Entscheidungsprozessen zu beurteilen und zu optimieren. Der periodische<strong>\u202fAuditplan<\/strong>\u202fwird vom\u202f<a href=\"https:\/\/www.uni.lu\/de\/ueber-uns\/universitaetsleitung\/aufsichtsrat\/\">Aufsichtsrat<\/a> genehmigt, dem Innenrevision unterstellt ist.<\/p>\n\n\n\n<h2 class=\"has-text-align-left wp-block-unilux-blocks-heading\"        id=\"auftrag-und-ziele\"\n    >\nAuftrag und Ziele<\/h2>\n\n\n\n<p>\u201e[\u2026] Innenrevision ist eine unabh\u00e4ngige, objektive Pr\u00fcfungs- und Beratungst\u00e4tigkeit, die darauf abzielt, einen Mehrwert zu schaffen und die Abl\u00e4ufe in einer Organisation zu verbessern. [\u2026]\u201c (Quelle: Institut der Innenrevisoren)<\/p>\n\n\n\n<p>Die Innenrevision unterst\u00fctzt die Universit\u00e4t bei der Erreichung ihrer Ziele, indem sie einen systematischen, disziplinierten Ansatz zur Bewertung und Verbesserung der Effektivit\u00e4t von Risikomanagement-, Kontroll- und Governance-Prozessen einbringt.<\/p>\n\n\n\n<h2 class=\"has-text-align-left wp-block-unilux-blocks-heading\"        id=\"arbeitsbereich\"\n    >\nArbeitsbereich<\/h2>\n\n\n\n<p>Die Pr\u00fcfungsauftr\u00e4ge werden im regelm\u00e4\u00dfigen Pr\u00fcfungsplan festgelegt, der vom\u202fAufsichtsrat genehmigt wird.<\/p>\n\n\n\n<p>Alle Themen, die f\u00fcr die Entscheidungsfindung des Aufsichtsrates von Bedeutung sind, k\u00f6nnen gepr\u00fcft werden. Die breite Palette der\u202f<strong>Dienstleistungen<\/strong>\u202fumfasst:<\/p>\n\n\n\n<ul class=\"ulux-list\">\n<li class=\"ulux-list-item\">Durchf\u00fchrung von Audits zur \u00dcberpr\u00fcfung der eingerichteten Systeme der internen Kontrolle;<\/li>\n\n\n\n<li class=\"ulux-list-item\">\u00dcberpr\u00fcfung der Einhaltung von Richtlinien, Verfahren, Gesetzen und Vorschriften;<\/li>\n\n\n\n<li class=\"ulux-list-item\">Bewertung der Zuverl\u00e4ssigkeit und Integrit\u00e4t von Finanz-, Management- und Betriebsinformationen;<\/li>\n\n\n\n<li class=\"ulux-list-item\">Bewertung der Mittel zur Sicherung der Verm\u00f6genswerte;<\/li>\n\n\n\n<li class=\"ulux-list-item\">Bewertung von Systemen zur F\u00f6rderung der wirtschaftlichen und effektiven Nutzung von Ressourcen;<\/li>\n\n\n\n<li class=\"ulux-list-item\">Beteiligung an neuen Produkten oder Systementwicklungen durch \u00dcberpr\u00fcfung von Projekten zu bestimmten Meilensteinen.<\/li>\n<\/ul>\n\n\n\n<p>Je nach Verf\u00fcgbarkeit von Ressourcen k\u00f6nnen Ad-hoc-Aktivit\u00e4ten durchgef\u00fchrt werden:<\/p>\n\n\n\n<ul class=\"ulux-list\">\n<li class=\"ulux-list-item\">Erbringung von Beratungsdienstleistungen in den Bereichen Governance, Risikomanagement und Kontrolle;<\/li>\n\n\n\n<li class=\"ulux-list-item\">Beratung f\u00fcr die Zwecke externer Pr\u00fcfungen (z.B. Rechnungshof, Jahresabschlusspr\u00fcfung, Europ\u00e4ische Kommission, FNR usw.)<\/li>\n<\/ul>\n\n\n\n<h2 class=\"has-text-align-left wp-block-unilux-blocks-heading\"        id=\"organisation-und-unabhaengigkeit\"\n    >\nOrganisation und Unabh\u00e4ngigkeit<\/h2>\n\n\n\n<p>Um die Unabh\u00e4ngigkeit der Innenrevision zu wahren,\u202f<strong>untersteht die Innenrevision dem Aufsichtsrat<\/strong>.<\/p>\n\n\n\n<p>Alle internen Auditt\u00e4tigkeiten m\u00fcssen frei von jeglichem Einfluss der Universit\u00e4t Luxemburg bleiben, damit die Revisoren eine unabh\u00e4ngige und objektive Meinung bewahren k\u00f6nnen. Dazu geh\u00f6ren Fragen der Auswahl, des Umfangs, der Verfahren, der H\u00e4ufigkeit und des Zeitpunkts der Pr\u00fcfung sowie des Inhalts der Pr\u00fcfungsberichte.<\/p>\n<\/div><\/section>\n\n\n\n<section class=\"wp-block-unilux-blocks-free-section section\"><div class=\"container xl:max-w-screen-xl\"><div class=\"py-48 first:pt-0 last:pb-0 wp-block-unilux-blocks-people-list\">\n    \n<h2 class=\"has-text-align-left wp-block-unilux-blocks-heading\"        id=\"teamleiter-der-innenrevision\"\n    >\nTeamleiter der Innenrevision<\/h2>\n<ul class=\"flex flex-wrap -mx-16 wp-block-unilux-blocks-people-item-wrapper\">\n    <li class=\"w-full md:w-1\/2 p-16 wp-block-unilux-blocks-people-item-automated\"><div class=\"ulux-card card-people bg-theme\"><div class=\"list-people bg-theme\">\n    <div class=\"list-people__container\">\n        <div class=\"list-people__visual\">\n            <figure class=\"wp-block-dev4-reusable-blocks-image\">\n                <!-- Template Image Component: default -->\n<img decoding=\"async\" class=\"w-full\" width=\"\" height=\"\" rel=\"\" alt=\"Vinciane LABASSE\" src=\"https:\/\/www.uni.lu\/en\/person-image\/NTAwOTM5ODRfX1ZpbmNpYW5lIExBQkFTU0U=\" srcset=\"https:\/\/www.uni.lu\/en\/person-image\/NTAwOTM5ODRfX1ZpbmNpYW5lIExBQkFTU0U=--thumbnail 150w,https:\/\/www.uni.lu\/en\/person-image\/NTAwOTM5ODRfX1ZpbmNpYW5lIExBQkFTU0U=--medium 300w,https:\/\/www.uni.lu\/en\/person-image\/NTAwOTM5ODRfX1ZpbmNpYW5lIExBQkFTU0U=--medium_large 768w,https:\/\/www.uni.lu\/en\/person-image\/NTAwOTM5ODRfX1ZpbmNpYW5lIExBQkFTU0U=--large 1024w,https:\/\/www.uni.lu\/en\/person-image\/NTAwOTM5ODRfX1ZpbmNpYW5lIExBQkFTU0U=--1536x1536 1536w,https:\/\/www.uni.lu\/en\/person-image\/NTAwOTM5ODRfX1ZpbmNpYW5lIExBQkFTU0U=--2048x2048 2048w\" loading=\"lazy\" \/><!-- end Image Component -->\n            <\/figure>\n        <\/div>\n        <div class=\"list-people__body\">\n            <h3 class=\"list-people__title\">Vinciane LABASSE<\/h3>\n            <p class=\"list-people__description\">Team Leader of Internal Audit team<\/p>\n            <div class=\"wp-block-unilux-blocks-simple-cta wp-block-unilux-blocks-people-item-automated\">\n    <a\n        href=\"https:\/\/www.uni.lu\/en\/people\/vinciane-labasse\/\"\n        title=\"Vinciane LABASSE\"\n        class=\"link-text link-text--icon list-people__link link-absolute\"\n        target=\"\"\n    >\n        <span class=\"link-text__body\">\n            <span class=\"link-text__name\">Profil anzeigen<\/span>\n        <\/span>\n        <svg aria-hidden=\"true\" focusable=\"false\" class=\"icon icon-outline icon--arrow-right \"><use xlink:href=\"https:\/\/www.uni.lu\/wp-content\/themes\/unilux-theme\/assets\/images\/icons\/icons-outline.svg#icon--arrow-right\"><\/use><\/svg>    <\/a>\n<\/div>\n        <\/div>\n    <\/div>\n<\/div>\n<\/div><\/li><\/ul>\n\n<\/div>\n\n\n\n<div class=\"py-48 first:pt-0 last:pb-0 wp-block-unilux-blocks-people-list\">\n    \n<h2 class=\"has-text-align-left wp-block-unilux-blocks-heading\"        id=\"innenrevisoren\"\n    >\nInnenrevisoren<\/h2>\n<ul class=\"flex flex-wrap -mx-16 wp-block-unilux-blocks-people-item-wrapper\">\n    <li class=\"w-full md:w-1\/2 p-16 wp-block-unilux-blocks-people-item-automated\"><div class=\"ulux-card card-people bg-theme\"><div class=\"list-people bg-theme\">\n    <div class=\"list-people__container\">\n        <div class=\"list-people__visual\">\n            <figure class=\"wp-block-dev4-reusable-blocks-image\">\n                <!-- Template Image Component: default -->\n<img decoding=\"async\" class=\"w-full\" width=\"\" height=\"\" rel=\"\" alt=\"Tuan Minh NGUYEN\" src=\"https:\/\/www.uni.lu\/en\/person-image\/NTAwNzIyMzVfX1R1YW4gTWluaCBOR1VZRU4=\" srcset=\"https:\/\/www.uni.lu\/en\/person-image\/NTAwNzIyMzVfX1R1YW4gTWluaCBOR1VZRU4=--thumbnail 150w,https:\/\/www.uni.lu\/en\/person-image\/NTAwNzIyMzVfX1R1YW4gTWluaCBOR1VZRU4=--medium 300w,https:\/\/www.uni.lu\/en\/person-image\/NTAwNzIyMzVfX1R1YW4gTWluaCBOR1VZRU4=--medium_large 768w,https:\/\/www.uni.lu\/en\/person-image\/NTAwNzIyMzVfX1R1YW4gTWluaCBOR1VZRU4=--large 1024w,https:\/\/www.uni.lu\/en\/person-image\/NTAwNzIyMzVfX1R1YW4gTWluaCBOR1VZRU4=--1536x1536 1536w,https:\/\/www.uni.lu\/en\/person-image\/NTAwNzIyMzVfX1R1YW4gTWluaCBOR1VZRU4=--2048x2048 2048w\" loading=\"lazy\" \/><!-- end Image Component -->\n            <\/figure>\n        <\/div>\n        <div class=\"list-people__body\">\n            <h3 class=\"list-people__title\">Tuan Minh NGUYEN<\/h3>\n            <p class=\"list-people__description\">Internal Auditor<\/p>\n            <div class=\"wp-block-unilux-blocks-simple-cta wp-block-unilux-blocks-people-item-automated\">\n    <a\n        href=\"https:\/\/www.uni.lu\/en\/people\/tuan-minh-nguyen\/\"\n        title=\"Tuan Minh NGUYEN\"\n        class=\"link-text link-text--icon list-people__link link-absolute\"\n        target=\"\"\n    >\n        <span class=\"link-text__body\">\n            <span class=\"link-text__name\">Profil anzeigen<\/span>\n        <\/span>\n        <svg aria-hidden=\"true\" focusable=\"false\" class=\"icon icon-outline icon--arrow-right \"><use xlink:href=\"https:\/\/www.uni.lu\/wp-content\/themes\/unilux-theme\/assets\/images\/icons\/icons-outline.svg#icon--arrow-right\"><\/use><\/svg>    <\/a>\n<\/div>\n        <\/div>\n    <\/div>\n<\/div>\n<\/div><\/li><li class=\"w-full md:w-1\/2 p-16 wp-block-unilux-blocks-people-item-automated\"><div class=\"ulux-card card-people bg-theme\"><div class=\"list-people bg-theme\">\n    <div class=\"list-people__container\">\n        <div class=\"list-people__visual\">\n            <figure class=\"wp-block-dev4-reusable-blocks-image\">\n                <!-- Template Image Component: default -->\n<img decoding=\"async\" class=\"w-full\" width=\"\" height=\"\" rel=\"\" alt=\"Abdurahim LASHAB\" src=\"https:\/\/www.uni.lu\/en\/person-image\/NTAwMTgzNjNfX0FiZHVyYWhpbSBMQVNIQUI=\" srcset=\"https:\/\/www.uni.lu\/en\/person-image\/NTAwMTgzNjNfX0FiZHVyYWhpbSBMQVNIQUI=--thumbnail 150w,https:\/\/www.uni.lu\/en\/person-image\/NTAwMTgzNjNfX0FiZHVyYWhpbSBMQVNIQUI=--medium 300w,https:\/\/www.uni.lu\/en\/person-image\/NTAwMTgzNjNfX0FiZHVyYWhpbSBMQVNIQUI=--medium_large 768w,https:\/\/www.uni.lu\/en\/person-image\/NTAwMTgzNjNfX0FiZHVyYWhpbSBMQVNIQUI=--large 1024w,https:\/\/www.uni.lu\/en\/person-image\/NTAwMTgzNjNfX0FiZHVyYWhpbSBMQVNIQUI=--1536x1536 1536w,https:\/\/www.uni.lu\/en\/person-image\/NTAwMTgzNjNfX0FiZHVyYWhpbSBMQVNIQUI=--2048x2048 2048w\" loading=\"lazy\" \/><!-- end Image Component -->\n            <\/figure>\n        <\/div>\n        <div class=\"list-people__body\">\n            <h3 class=\"list-people__title\">Abdurahim LASHAB<\/h3>\n            <p class=\"list-people__description\">Internal Auditor<\/p>\n            <div class=\"wp-block-unilux-blocks-simple-cta wp-block-unilux-blocks-people-item-automated\">\n    <a\n        href=\"https:\/\/www.uni.lu\/en\/people\/abdurahim-lashab\/\"\n        title=\"Abdurahim LASHAB\"\n        class=\"link-text link-text--icon list-people__link link-absolute\"\n        target=\"\"\n    >\n        <span class=\"link-text__body\">\n            <span class=\"link-text__name\">Profil anzeigen<\/span>\n        <\/span>\n        <svg aria-hidden=\"true\" focusable=\"false\" class=\"icon icon-outline icon--arrow-right \"><use xlink:href=\"https:\/\/www.uni.lu\/wp-content\/themes\/unilux-theme\/assets\/images\/icons\/icons-outline.svg#icon--arrow-right\"><\/use><\/svg>    <\/a>\n<\/div>\n        <\/div>\n    <\/div>\n<\/div>\n<\/div><\/li><\/ul>\n\n<\/div>\n\n<\/div><\/section>\n","protected":false},"excerpt":{"rendered":"","protected":false},"author":33,"featured_media":0,"parent":1262,"menu_order":1,"comment_status":"closed","ping_status":"closed","template":"","meta":{"featured_image_focal_point":[],"show_featured_caption":false,"ulux_newsletter_groups":"","uluxPostTitle":"","uluxPrePostTitle":"","_trash_the_other_posts":false,"_price":"","_stock":"","_tribe_ticket_header":"","_tribe_default_ticket_provider":"","_tribe_ticket_capacity":"0","_ticket_start_date":"","_ticket_end_date":"","_tribe_ticket_show_description":"","_tribe_ticket_show_not_going":false,"_tribe_ticket_use_global_stock":"","_tribe_ticket_global_stock_level":"","_global_stock_mode":"","_global_stock_cap":"","_tribe_rsvp_for_event":"","_tribe_ticket_going_count":"","_tribe_ticket_not_going_count":"","_tribe_tickets_list":"[]","_tribe_ticket_has_attendee_info_fields":false,"footnotes":""},"field-of-interest":[],"organisation":[],"authorship":[33],"acf":[],"yoast_head":"<!-- This site is optimized with the Yoast SEO Premium plugin v22.3 (Yoast SEO v22.3) - https:\/\/yoast.com\/wordpress\/plugins\/seo\/ -->\n<title>Innenrevision - Universit\u00e4t Luxemburg<\/title>\n<meta name=\"description\" content=\"Die Abteilung \u201eInnenrevision\u201c f\u00fchrt eine unabh\u00e4ngige, objektive Qualit\u00e4tssicherung und Beratung durch um die Effektivit\u00e4t von Prozessen.\" \/>\n<meta name=\"robots\" content=\"index, follow, max-snippet:-1, max-image-preview:large, max-video-preview:-1\" \/>\n<link rel=\"canonical\" href=\"https:\/\/www.uni.lu\/de\/ueber-uns\/universitaetsleitung\/aufsichtsrat\/innenrevision\/\" \/>\n<meta property=\"og:locale\" content=\"de_DE\" \/>\n<meta property=\"og:type\" content=\"article\" \/>\n<meta property=\"og:title\" content=\"Innenrevision\" \/>\n<meta property=\"og:description\" content=\"Die Abteilung \u201eInnenrevision\u201c f\u00fchrt eine unabh\u00e4ngige, objektive Qualit\u00e4tssicherung und Beratung durch um die Effektivit\u00e4t von Prozessen.\" \/>\n<meta property=\"og:url\" content=\"https:\/\/www.uni.lu\/de\/ueber-uns\/universitaetsleitung\/aufsichtsrat\/innenrevision\/\" \/>\n<meta property=\"og:site_name\" content=\"UNI DE\" \/>\n<meta property=\"article:publisher\" content=\"https:\/\/www.facebook.com\/uni.lu\" \/>\n<meta property=\"article:modified_time\" content=\"2025-05-05T14:10:46+00:00\" \/>\n<meta property=\"og:image\" content=\"https:\/\/www.uni.lu\/wp-content\/uploads\/sites\/10\/2026\/03\/03120000\/UNIV_SM-Profile_1600x1600px-scaled.jpg\" \/>\n\t<meta property=\"og:image:width\" content=\"2560\" \/>\n\t<meta property=\"og:image:height\" content=\"2560\" \/>\n\t<meta property=\"og:image:type\" content=\"image\/jpeg\" \/>\n<meta name=\"twitter:card\" content=\"summary_large_image\" \/>\n<meta name=\"twitter:label1\" content=\"Gesch\u00e4tzte Lesezeit\" \/>\n\t<meta name=\"twitter:data1\" content=\"2 Minuten\" \/>\n<script type=\"application\/ld+json\" class=\"yoast-schema-graph\">{\"@context\":\"https:\/\/schema.org\",\"@graph\":[{\"@type\":\"WebPage\",\"@id\":\"https:\/\/www.uni.lu\/de\/ueber-uns\/universitaetsleitung\/aufsichtsrat\/innenrevision\/\",\"url\":\"https:\/\/www.uni.lu\/de\/ueber-uns\/universitaetsleitung\/aufsichtsrat\/innenrevision\/\",\"name\":\"Innenrevision - Universit\u00e4t Luxemburg\",\"isPartOf\":{\"@id\":\"https:\/\/www.uni.lu\/de\/#website\"},\"datePublished\":\"2023-10-27T06:57:27+00:00\",\"dateModified\":\"2025-05-05T14:10:46+00:00\",\"description\":\"Die Abteilung \u201eInnenrevision\u201c f\u00fchrt eine unabh\u00e4ngige, objektive Qualit\u00e4tssicherung und Beratung durch um die Effektivit\u00e4t von Prozessen.\",\"breadcrumb\":{\"@id\":\"https:\/\/www.uni.lu\/de\/ueber-uns\/universitaetsleitung\/aufsichtsrat\/innenrevision\/#breadcrumb\"},\"inLanguage\":\"de-DE\",\"potentialAction\":[{\"@type\":\"ReadAction\",\"target\":[\"https:\/\/www.uni.lu\/de\/ueber-uns\/universitaetsleitung\/aufsichtsrat\/innenrevision\/\"]}]},{\"@type\":\"BreadcrumbList\",\"@id\":\"https:\/\/www.uni.lu\/de\/ueber-uns\/universitaetsleitung\/aufsichtsrat\/innenrevision\/#breadcrumb\",\"itemListElement\":[{\"@type\":\"ListItem\",\"position\":1,\"name\":\"Home\",\"item\":\"https:\/\/www.uni.lu\/de\/\"},{\"@type\":\"ListItem\",\"position\":2,\"name\":\"\u00dcber uns\",\"item\":\"https:\/\/www.uni.lu\/de\/ueber-uns\/\"},{\"@type\":\"ListItem\",\"position\":3,\"name\":\"Universit\u00e4tsleitung\",\"item\":\"https:\/\/www.uni.lu\/de\/ueber-uns\/universitaetsleitung\/\"},{\"@type\":\"ListItem\",\"position\":4,\"name\":\"Aufsichtsrat\",\"item\":\"https:\/\/www.uni.lu\/de\/ueber-uns\/universitaetsleitung\/aufsichtsrat\/\"},{\"@type\":\"ListItem\",\"position\":5,\"name\":\"Innenrevision\"}]},{\"@type\":\"WebSite\",\"@id\":\"https:\/\/www.uni.lu\/de\/#website\",\"url\":\"https:\/\/www.uni.lu\/de\/\",\"name\":\"Uni.lu\",\"description\":\"Universit\u00e4t Luxemburg\",\"publisher\":{\"@id\":\"https:\/\/www.uni.lu\/de\/#organization\"},\"alternateName\":\"Universit\u00e4t Luxemburg\",\"potentialAction\":[{\"@type\":\"SearchAction\",\"target\":{\"@type\":\"EntryPoint\",\"urlTemplate\":\"https:\/\/www.uni.lu\/de\/?s={search_term_string}\"},\"query-input\":\"required name=search_term_string\"}],\"inLanguage\":\"de-DE\"},{\"@type\":\"Organization\",\"@id\":\"https:\/\/www.uni.lu\/de\/#organization\",\"name\":\"Universit\u00e4t Luxemburg\",\"alternateName\":\"Uni.lu\",\"url\":\"https:\/\/www.uni.lu\/de\/\",\"logo\":{\"@type\":\"ImageObject\",\"inLanguage\":\"de-DE\",\"@id\":\"https:\/\/www.uni.lu\/de\/#\/schema\/logo\/image\/\",\"url\":\"https:\/\/www.uni.lu\/wp-content\/uploads\/sites\/10\/2026\/03\/03120000\/UNIV_SM-Profile_1600x1600px-scaled.jpg\",\"contentUrl\":\"https:\/\/www.uni.lu\/wp-content\/uploads\/sites\/10\/2026\/03\/03120000\/UNIV_SM-Profile_1600x1600px-scaled.jpg\",\"width\":2560,\"height\":2560,\"caption\":\"Universit\u00e4t Luxemburg\"},\"image\":{\"@id\":\"https:\/\/www.uni.lu\/de\/#\/schema\/logo\/image\/\"},\"sameAs\":[\"https:\/\/www.facebook.com\/uni.lu\",\"https:\/\/www.linkedin.com\/school\/university-of-luxembourg\/\",\"https:\/\/www.instagram.com\/uni.lu\",\"https:\/\/www.youtube.com\/@uni_lu\",\"https:\/\/en.wikipedia.org\/wiki\/University_of_Luxembourg\"]}]}<\/script>\n<!-- \/ Yoast SEO Premium plugin. -->","yoast_head_json":{"title":"Innenrevision - Universit\u00e4t Luxemburg","description":"Die Abteilung \u201eInnenrevision\u201c f\u00fchrt eine unabh\u00e4ngige, objektive Qualit\u00e4tssicherung und Beratung durch um die Effektivit\u00e4t von Prozessen.","robots":{"index":"index","follow":"follow","max-snippet":"max-snippet:-1","max-image-preview":"max-image-preview:large","max-video-preview":"max-video-preview:-1"},"canonical":"https:\/\/www.uni.lu\/de\/ueber-uns\/universitaetsleitung\/aufsichtsrat\/innenrevision\/","og_locale":"de_DE","og_type":"article","og_title":"Innenrevision","og_description":"Die Abteilung \u201eInnenrevision\u201c f\u00fchrt eine unabh\u00e4ngige, objektive Qualit\u00e4tssicherung und Beratung durch um die Effektivit\u00e4t von Prozessen.","og_url":"https:\/\/www.uni.lu\/de\/ueber-uns\/universitaetsleitung\/aufsichtsrat\/innenrevision\/","og_site_name":"UNI DE","article_publisher":"https:\/\/www.facebook.com\/uni.lu","article_modified_time":"2025-05-05T14:10:46+00:00","og_image":[{"width":2560,"height":2560,"url":"https:\/\/www.uni.lu\/wp-content\/uploads\/sites\/10\/2026\/03\/03120000\/UNIV_SM-Profile_1600x1600px-scaled.jpg","type":"image\/jpeg"}],"twitter_card":"summary_large_image","twitter_misc":{"Gesch\u00e4tzte Lesezeit":"2 Minuten"},"schema":{"@context":"https:\/\/schema.org","@graph":[{"@type":"WebPage","@id":"https:\/\/www.uni.lu\/de\/ueber-uns\/universitaetsleitung\/aufsichtsrat\/innenrevision\/","url":"https:\/\/www.uni.lu\/de\/ueber-uns\/universitaetsleitung\/aufsichtsrat\/innenrevision\/","name":"Innenrevision - Universit\u00e4t Luxemburg","isPartOf":{"@id":"https:\/\/www.uni.lu\/de\/#website"},"datePublished":"2023-10-27T06:57:27+00:00","dateModified":"2025-05-05T14:10:46+00:00","description":"Die Abteilung \u201eInnenrevision\u201c f\u00fchrt eine unabh\u00e4ngige, objektive Qualit\u00e4tssicherung und Beratung durch um die Effektivit\u00e4t von Prozessen.","breadcrumb":{"@id":"https:\/\/www.uni.lu\/de\/ueber-uns\/universitaetsleitung\/aufsichtsrat\/innenrevision\/#breadcrumb"},"inLanguage":"de-DE","potentialAction":[{"@type":"ReadAction","target":["https:\/\/www.uni.lu\/de\/ueber-uns\/universitaetsleitung\/aufsichtsrat\/innenrevision\/"]}]},{"@type":"BreadcrumbList","@id":"https:\/\/www.uni.lu\/de\/ueber-uns\/universitaetsleitung\/aufsichtsrat\/innenrevision\/#breadcrumb","itemListElement":[{"@type":"ListItem","position":1,"name":"Home","item":"https:\/\/www.uni.lu\/de\/"},{"@type":"ListItem","position":2,"name":"\u00dcber uns","item":"https:\/\/www.uni.lu\/de\/ueber-uns\/"},{"@type":"ListItem","position":3,"name":"Universit\u00e4tsleitung","item":"https:\/\/www.uni.lu\/de\/ueber-uns\/universitaetsleitung\/"},{"@type":"ListItem","position":4,"name":"Aufsichtsrat","item":"https:\/\/www.uni.lu\/de\/ueber-uns\/universitaetsleitung\/aufsichtsrat\/"},{"@type":"ListItem","position":5,"name":"Innenrevision"}]},{"@type":"WebSite","@id":"https:\/\/www.uni.lu\/de\/#website","url":"https:\/\/www.uni.lu\/de\/","name":"Uni.lu","description":"Universit\u00e4t Luxemburg","publisher":{"@id":"https:\/\/www.uni.lu\/de\/#organization"},"alternateName":"Universit\u00e4t Luxemburg","potentialAction":[{"@type":"SearchAction","target":{"@type":"EntryPoint","urlTemplate":"https:\/\/www.uni.lu\/de\/?s={search_term_string}"},"query-input":"required name=search_term_string"}],"inLanguage":"de-DE"},{"@type":"Organization","@id":"https:\/\/www.uni.lu\/de\/#organization","name":"Universit\u00e4t Luxemburg","alternateName":"Uni.lu","url":"https:\/\/www.uni.lu\/de\/","logo":{"@type":"ImageObject","inLanguage":"de-DE","@id":"https:\/\/www.uni.lu\/de\/#\/schema\/logo\/image\/","url":"https:\/\/www.uni.lu\/wp-content\/uploads\/sites\/10\/2026\/03\/03120000\/UNIV_SM-Profile_1600x1600px-scaled.jpg","contentUrl":"https:\/\/www.uni.lu\/wp-content\/uploads\/sites\/10\/2026\/03\/03120000\/UNIV_SM-Profile_1600x1600px-scaled.jpg","width":2560,"height":2560,"caption":"Universit\u00e4t Luxemburg"},"image":{"@id":"https:\/\/www.uni.lu\/de\/#\/schema\/logo\/image\/"},"sameAs":["https:\/\/www.facebook.com\/uni.lu","https:\/\/www.linkedin.com\/school\/university-of-luxembourg\/","https:\/\/www.instagram.com\/uni.lu","https:\/\/www.youtube.com\/@uni_lu","https:\/\/en.wikipedia.org\/wiki\/University_of_Luxembourg"]}]}},"ticketed":false,"_links":{"self":[{"href":"https:\/\/www.uni.lu\/de\/wp-json\/wp\/v2\/pages\/1649"}],"collection":[{"href":"https:\/\/www.uni.lu\/de\/wp-json\/wp\/v2\/pages"}],"about":[{"href":"https:\/\/www.uni.lu\/de\/wp-json\/wp\/v2\/types\/page"}],"author":[{"embeddable":true,"href":"https:\/\/www.uni.lu\/de\/wp-json\/wp\/v2\/users\/33"}],"replies":[{"embeddable":true,"href":"https:\/\/www.uni.lu\/de\/wp-json\/wp\/v2\/comments?post=1649"}],"version-history":[{"count":5,"href":"https:\/\/www.uni.lu\/de\/wp-json\/wp\/v2\/pages\/1649\/revisions"}],"predecessor-version":[{"id":6647,"href":"https:\/\/www.uni.lu\/de\/wp-json\/wp\/v2\/pages\/1649\/revisions\/6647"}],"up":[{"embeddable":true,"href":"https:\/\/www.uni.lu\/de\/wp-json\/wp\/v2\/pages\/1262"}],"wp:authorship":[{"embeddable":true,"href":"https:\/\/www.uni.lu\/de\/wp-json\/wp\/v2\/users\/33"}],"wp:attachment":[{"href":"https:\/\/www.uni.lu\/de\/wp-json\/wp\/v2\/media?parent=1649"}],"wp:term":[{"taxonomy":"field-of-interest","embeddable":true,"href":"https:\/\/www.uni.lu\/de\/wp-json\/wp\/v2\/field-of-interest?post=1649"},{"taxonomy":"organisation","embeddable":true,"href":"https:\/\/www.uni.lu\/de\/wp-json\/wp\/v2\/organisation?post=1649"}],"curies":[{"name":"wp","href":"https:\/\/api.w.org\/{rel}","templated":true}]}}