{"id":1614,"date":"2023-10-26T14:21:10","date_gmt":"2023-10-26T12:21:10","guid":{"rendered":"https:\/\/www.uni.lu\/de\/?page_id=1614"},"modified":"2026-03-30T09:38:25","modified_gmt":"2026-03-30T07:38:25","slug":"rueckmeldung","status":"publish","type":"page","link":"https:\/\/www.uni.lu\/de\/zulassung\/rueckmeldung\/","title":{"rendered":"R\u00fcckmeldung"},"content":{"rendered":"\n<section class=\"py-0 wp-block-unilux-blocks-free-section section\"><div class=\"container xl:max-w-screen-xl\">\n<h1 class=\"has-text-align-left wp-block-unilux-blocks-heading\"        id=\"rueckmeldung-wiedereinschreibung\"\n    >\nR\u00fcckmeldung \/ Wiedereinschreibung<\/h1>\n\n\n\n<p><strong>Sie m\u00fcssen sich jedes Semester an der Universit\u00e4t erneut einschreiben. <\/strong>Alle Studierenden m\u00fcssen sich erneut f\u00fcr Ihren Studiengang, und gegebenenfalls f\u00fcr Ihren Studienzweig r\u00fcckmelden, f\u00fcr den Sie sich zuvor eingeschrieben waren (Art. 12 der Studienverordnungen).<\/p>\n\n\n\n<p>In den folgenden F\u00e4llen k\u00f6nnen Sie sich nicht erneut einschreiben:<\/p>\n\n\n\n<ul class=\"ulux-list\">\n<li class=\"ulux-list-item\">Wenn Sie die Pflichtdokumente nicht vorlegen k\u00f6nnen (Krankenversicherung, Eintrag im Register f\u00fcr Bildungsnachweise, Aufenthaltsgenehmigung usw.)<\/li>\n\n\n\n<li class=\"ulux-list-item\">Wenn Sie die maximale Studiendauer \u00fcberschritten haben (Art.&nbsp;30 der Studienverordnungen)<\/li>\n\n\n\n<li class=\"ulux-list-item\">Wenn Ihre Studienleistung (Notendurchschnitt) nicht ausreichend ist (Art.&nbsp;19 der Studienverordnungen)<\/li>\n<\/ul>\n\n\n\n<p>Die Rechnung der Studiengeb\u00fchren kann nicht versendet werden, wenn die pers\u00f6nlichen Daten des Studierenden nicht aktuell sind (wenn beispielsweise kein akademischer Grad in das Studentenmanagementsystem eingegeben wurde, die Sozialversicherungskarte oder die Aufenthaltsgenehmigung des Studierenden abgelaufen ist, der Student seine Diplomanerkennung nicht eingereicht hat usw.). Der Zahlungsaufruf wird automatisch versandt, sobald diese Daten aktualisiert wurden.<\/p>\n\n\n\n<p>Die Studierenden m\u00fcssen sich \u00fcber das Zulassungsportal (siehe Link unten) nach Eingabe ihrer Matrikelnummer, die sie bei der ersten Bewerbung erhalten haben, wieder einschreiben.<\/p>\n\n\n\n<p>Hinweis: Die <strong>Matrikelnummer ist lebenslang g\u00fcltig<\/strong> und mit Ihrer akademischen Karriere verbunden. Wenn Sie den Studiengang wechseln oder f\u00fcr einen bestimmten Zeitraum nicht an den Lehrveranstaltungen der Universit\u00e4t Luxemburg teilgenommen haben, m\u00fcssen Sie zwingend die Matrikelnummer verwenden, die Ihnen bei der ersten Bewerbung zugeordnet wurde.<\/p>\n\n\n\n<p>Wenn Sie uns zus\u00e4tzliche Dokumente zukommen lassen m\u00fcssen, um Ihre Akte im Rahmen der Wiedereinschreibung zu aktualisieren, m\u00fcssen Sie sich auf unserer Zulassungsplattform mit Ihrer Matrikelnummer anmelden und die n\u00f6tigen Dokumente hochladen. Wenn Sie uns zus\u00e4tzliche Dokumente zukommen lassen m\u00fcssen, um Ihre Akte \u00fcber das restliche akademische Jahr zu aktualisieren, melden Sie sich auf dem <a href=\"https:\/\/service.uni.lu\/ssp\" target=\"_blank\" rel=\"noreferrer noopener\">Student Service Portal<\/a> mit Ihrer Matrikelnummer an und w\u00e4hlen Sie \u201eVerwaltung\u201c und anschlie\u00dfend \u201eErneute Bewerbung\u201c.<\/p>\n\n\n<div class=\"wp-block-unilux-blocks-spacer is-spacer-size-sm\"><\/div>\n\n\n<ul class=\"wp-block-unilux-blocks-button-list-v2\">\n<li class=\"wp-block-unilux-blocks-button-list-item-v2\"><a class=\"quick-link\" href=\"https:\/\/www.uni.lu\/de\/studium\/akademische-angelegenheiten\/studierendenstatus\/zahlung\/\" target=\"\" role=\"link\" rel=\"noopener\" tabindex=\"0\"><span class=\"quick-link__container\">\n<div class=\"wp-block-unilux-blocks-block-inserter quick-link__img\">\n<div class=\"icon--primary icon--gray-2 icon--xl wp-block-unilux-blocks-icon-picker\">\n    <svg aria-hidden=\"true\" focusable=\"false\" class=\"icon icon-outline icon--budget \"><use xlink:href=\"https:\/\/www.uni.lu\/wp-content\/themes\/unilux-theme\/assets\/images\/icons\/icons-outline.svg#icon--budget\"><\/use><\/svg><\/div><\/div>\n\n\n\n<span class=\"quick-link__name wp-block-unilux-blocks-plain-text\">Zahlungsverfahren<\/span>\n\n<svg aria-hidden=\"true\" focusable=\"false\" class=\"icon icon-outline icon--arrow-right \"><use xlink:href=\"https:\/\/www.uni.lu\/wp-content\/themes\/unilux-theme\/assets\/images\/icons\/icons-outline.svg#icon--arrow-right\"><\/use><\/svg><\/span><\/a><\/li>\n<\/ul>\n\n\n<div class=\"wp-block-unilux-blocks-spacer is-spacer-size-sm\"><\/div>\n\n\n<h2 class=\"has-text-align-left wp-block-unilux-blocks-heading\"        id=\"daten-fuer-die-wiedereinschreibung-fuer-das-sommersemester-2025-2026\"\n    >\nDaten f\u00fcr die Wiedereinschreibung f\u00fcr das Sommersemester 2025\u20132026<\/h2>\n\n\n<ul class=\"flex flex-wrap mt-24 -mx-16  wp-block-unilux-blocks-free-content-card\">\n    <li class=\"w-full sm:w-1\/2 lg:w-1\/3 px-16  wp-block-unilux-blocks-free-content-card-item\">\n    <div class=\"ulux-card card-workspace bg-theme\">\n        <div class=\"ulux-card__container card__container\">\n                        <div class=\"ulux-card__visual wp-block-unilux-blocks-free-content-card-item-visual\">\n    \n<div class=\"wp-block-unilux-blocks-image-video-wrapper\">\n    <\/div><\/div><div class=\"ulux-card__body wp-block-unilux-blocks-free-content-card-item-body\">\n    \n<span class=\"ulux-card__category wp-block-unilux-blocks-plain-text\"><\/span>\n<h4 class=\"ulux-card__title has-text-align-left wp-block-unilux-blocks-heading\"        id=\"fuer-alle-bachelor-master-und-sonstige-qualifikationen\"\n    >\n<strong>F\u00fcr alle Bachelor-, Master- und sonstige Qualifikationen<\/strong><\/h4>\n<div class=\"ulux-card__description wp-block-unilux-blocks-free-content-card-item-free-content-area\">\n    \n<p>Daten f\u00fcr die Online-R\u00fcckmeldung:<br><strong>26. Januar \u2013 06. M\u00e4rz 2026<\/strong><\/p>\n\n<p>Zahlungsfrist der Studiengeb\u00fchren: <strong>13. M\u00e4rz<\/strong> <strong>2026<\/strong><\/p>\n<\/div><div class=\"self-center link-absolute wp-block-unilux-blocks-custom-button\"    aria-disabled=\"false\"\n    >\n    <a\n        role=\"link\"\n        aria-disabled=\"false\"\n                    href=\"https:\/\/inscription.uni.lu\/Inscriptions\/Public\/Admission?lang=de\"\n                target=\"_blank\"\n        class=\"btn btn--primary\"\n            >Online-Formular<\/a>\n<\/div>\n<\/div>        <\/div>\n    <\/div>\n<\/li><li class=\"w-full sm:w-1\/2 lg:w-1\/3 px-16  wp-block-unilux-blocks-free-content-card-item\">\n    <div class=\"ulux-card card-workspace bg-theme\">\n        <div class=\"ulux-card__container card__container\">\n                        <div class=\"ulux-card__visual wp-block-unilux-blocks-free-content-card-item-visual\">\n    \n<div class=\"wp-block-unilux-blocks-image-video-wrapper\">\n    <\/div><\/div><div class=\"ulux-card__body wp-block-unilux-blocks-free-content-card-item-body\">\n    \n<span class=\"ulux-card__category wp-block-unilux-blocks-plain-text\"><\/span>\n<h4 class=\"ulux-card__title has-text-align-left wp-block-unilux-blocks-heading\"        id=\"ccre-und-ccec\"\n    >\n<strong>CCRE und CCEC<\/strong><\/h4>\n<div class=\"ulux-card__description wp-block-unilux-blocks-free-content-card-item-free-content-area\">\n    \n<p>Daten f\u00fcr die Online-R\u00fcckmeldung:<br><strong>17. November<\/strong> <strong>\u2013 16. Dezember 2025<\/strong><\/p>\n\n<p>Abgabefrist der Bewerbung:<br><strong>17. <strong>Dezember<\/strong> 2025<\/strong><\/p>\n\n<p>Zahlungsfrist der Studiengeb\u00fchren:<br><strong><strong>16. Januar 2026<\/strong><\/strong><\/p>\n<\/div><div class=\"self-center link-absolute wp-block-unilux-blocks-custom-button\"    aria-disabled=\"false\"\n    >\n    <a\n        role=\"link\"\n        aria-disabled=\"false\"\n                    href=\"https:\/\/inscription.uni.lu\/Inscriptions\/Public\/Admission\/Login\"\n                target=\"_blank\"\n        class=\"btn btn--primary\"\n            >Online-Formular<\/a>\n<\/div>\n<\/div>        <\/div>\n    <\/div>\n<\/li><li class=\"w-full sm:w-1\/2 lg:w-1\/3 px-16  wp-block-unilux-blocks-free-content-card-item\">\n    <div class=\"ulux-card card-workspace bg-theme\">\n        <div class=\"ulux-card__container card__container\">\n                        <div class=\"ulux-card__visual wp-block-unilux-blocks-free-content-card-item-visual\">\n    \n<div class=\"wp-block-unilux-blocks-image-video-wrapper\">\n    <\/div><\/div><div class=\"ulux-card__body wp-block-unilux-blocks-free-content-card-item-body\">\n    \n<span class=\"ulux-card__category wp-block-unilux-blocks-plain-text\"><\/span>\n<h4 class=\"ulux-card__title has-text-align-left wp-block-unilux-blocks-heading\"        id=\"esavs-lehrveranstaltungen\"\n    >\n<strong>ESAVS-Lehrveranstaltungen<\/strong><\/h4>\n<div class=\"ulux-card__description wp-block-unilux-blocks-free-content-card-item-free-content-area\">\n    \n<p>Daten f\u00fcr die Online-R\u00fcckmeldung:<br><strong><strong><strong><strong><strong><strong>26. Januar \u2013 06. M\u00e4rz 2026<\/strong><\/strong><\/strong><\/strong><\/strong><\/strong><\/p>\n\n<p>Zahlungsfrist der Studiengeb\u00fchren f\u00fcr Wiedereinschreibungen:<br><strong><strong><strong><strong>1<strong>3. M\u00e4rz<\/strong> <strong>2026<\/strong><\/strong><\/strong><\/strong><\/strong><\/p>\n<\/div><div class=\"self-center link-absolute wp-block-unilux-blocks-custom-button\"    aria-disabled=\"false\"\n    >\n    <a\n        role=\"link\"\n        aria-disabled=\"false\"\n                    href=\"https:\/\/inscription.uni.lu\/Inscriptions\/Public\/Admission\/Login\"\n                target=\"_blank\"\n        class=\"btn btn--primary\"\n            >Online-Formular<\/a>\n<\/div>\n<\/div>        <\/div>\n    <\/div>\n<\/li><li class=\"w-full sm:w-1\/2 lg:w-1\/3 px-16  wp-block-unilux-blocks-free-content-card-item\">\n    <div class=\"ulux-card card-workspace bg-theme\">\n        <div class=\"ulux-card__container card__container\">\n                        <div class=\"ulux-card__visual wp-block-unilux-blocks-free-content-card-item-visual\">\n    \n<div class=\"wp-block-unilux-blocks-image-video-wrapper\">\n    <\/div><\/div><div class=\"ulux-card__body wp-block-unilux-blocks-free-content-card-item-body\">\n    \n<span class=\"ulux-card__category wp-block-unilux-blocks-plain-text\"><\/span>\n<h4 class=\"ulux-card__title has-text-align-left wp-block-unilux-blocks-heading\"        id=\"doktoranden\"\n    >\n<strong>Doktoranden<\/strong><\/h4>\n<div class=\"ulux-card__description wp-block-unilux-blocks-free-content-card-item-free-content-area\">\n    \n<p>Daten f\u00fcr die Online-R\u00fcckmeldung:<br><strong>12. Januar \u2013 15. Februar<\/strong> <strong>2026<\/strong><\/p>\n\n<p>Zahlungsfrist der Studiengeb\u00fchren f\u00fcr Wiedereinschreibungen:<br><strong><strong>15. Februar 2026<\/strong><\/strong><\/p>\n<\/div><div class=\"self-center link-absolute wp-block-unilux-blocks-custom-button\"    aria-disabled=\"false\"\n    >\n    <a\n        role=\"link\"\n        aria-disabled=\"false\"\n                    href=\"https:\/\/www.uni.lu\/en\/admissions\/re-enrolment-for-doctoral-candidates\/\"\n                target=\"_self\"\n        class=\"btn btn--primary\"\n            >Re-enrolment for doctoral candidates<\/a>\n<\/div>\n<\/div>        <\/div>\n    <\/div>\n<\/li><li class=\"w-full sm:w-1\/2 lg:w-1\/3 px-16  wp-block-unilux-blocks-free-content-card-item\">\n    <div class=\"ulux-card card-workspace bg-theme\">\n        <div class=\"ulux-card__container card__container\">\n                        <div class=\"ulux-card__visual wp-block-unilux-blocks-free-content-card-item-visual\">\n    \n<div class=\"wp-block-unilux-blocks-image-video-wrapper\">\n    <\/div><\/div><div class=\"ulux-card__body wp-block-unilux-blocks-free-content-card-item-body\">\n    \n<span class=\"ulux-card__category wp-block-unilux-blocks-plain-text\"><\/span>\n<h4 class=\"ulux-card__title has-text-align-left wp-block-unilux-blocks-heading\"        id=\"unigr-gaststudierende\"\n    >\nUniGR-Gaststudierende<\/h4>\n<div class=\"ulux-card__description wp-block-unilux-blocks-free-content-card-item-free-content-area\">\n    \n<p>Daten f\u00fcr die Online-R\u00fcckmeldung:<br><strong>06. Januar \u2013 18. Februar 2026<\/strong><\/p>\n\n<p>Abgabefrist der Bewerbung:<br><strong>25. <strong>Februar<\/strong> 2026<\/strong><\/p>\n<\/div><div class=\"self-center link-absolute wp-block-unilux-blocks-custom-button\"    aria-disabled=\"false\"\n    >\n    <a\n        role=\"link\"\n        aria-disabled=\"false\"\n                    href=\"https:\/\/inscription.uni.lu\/Inscriptions\/Public\/Admission\/Login\"\n                target=\"_blank\"\n        class=\"btn btn--primary\"\n            >Online-Formular<\/a>\n<\/div>\n<\/div>        <\/div>\n    <\/div>\n<\/li><\/ul><\/div><\/section>\n","protected":false},"excerpt":{"rendered":"","protected":false},"author":68,"featured_media":0,"parent":16,"menu_order":0,"comment_status":"closed","ping_status":"closed","template":"","meta":{"featured_image_focal_point":[],"show_featured_caption":false,"ulux_newsletter_groups":"","uluxPostTitle":"","uluxPrePostTitle":"","_trash_the_other_posts":false,"_price":"","_stock":"","_tribe_ticket_header":"","_tribe_default_ticket_provider":"","_tribe_ticket_capacity":"0","_ticket_start_date":"","_ticket_end_date":"","_tribe_ticket_show_description":"","_tribe_ticket_show_not_going":false,"_tribe_ticket_use_global_stock":"","_tribe_ticket_global_stock_level":"","_global_stock_mode":"","_global_stock_cap":"","_tribe_rsvp_for_event":"","_tribe_ticket_going_count":"","_tribe_ticket_not_going_count":"","_tribe_tickets_list":"[]","_tribe_ticket_has_attendee_info_fields":false,"footnotes":""},"field-of-interest":[],"organisation":[],"authorship":[68,337,214,287,210],"acf":[],"yoast_head":"<!-- This site is optimized with the Yoast SEO Premium plugin v22.3 (Yoast SEO v22.3) - https:\/\/yoast.com\/wordpress\/plugins\/seo\/ -->\n<title>R\u00fcckmeldung - Universit\u00e4t Luxemburg<\/title>\n<meta name=\"description\" content=\"Alle Studierenden m\u00fcssen sich f\u00fcr ihren Studiengang und gegebenenfalls f\u00fcr ihre Studienrichtung r\u00fcckmelden.\" \/>\n<meta name=\"robots\" content=\"index, follow, max-snippet:-1, max-image-preview:large, max-video-preview:-1\" \/>\n<link rel=\"canonical\" href=\"https:\/\/www.uni.lu\/de\/zulassung\/rueckmeldung\/\" \/>\n<meta property=\"og:locale\" content=\"de_DE\" \/>\n<meta property=\"og:type\" content=\"article\" \/>\n<meta property=\"og:title\" content=\"R\u00fcckmeldung\" \/>\n<meta property=\"og:description\" content=\"Alle Studierenden m\u00fcssen sich f\u00fcr ihren Studiengang und gegebenenfalls f\u00fcr ihre Studienrichtung r\u00fcckmelden.\" \/>\n<meta property=\"og:url\" content=\"https:\/\/www.uni.lu\/de\/zulassung\/rueckmeldung\/\" \/>\n<meta property=\"og:site_name\" content=\"UNI DE\" \/>\n<meta property=\"article:publisher\" content=\"https:\/\/www.facebook.com\/uni.lu\" \/>\n<meta property=\"article:modified_time\" content=\"2026-03-30T07:38:25+00:00\" \/>\n<meta property=\"og:image\" content=\"https:\/\/www.uni.lu\/wp-content\/uploads\/sites\/10\/2026\/03\/03120000\/UNIV_SM-Profile_1600x1600px-scaled.jpg\" \/>\n\t<meta property=\"og:image:width\" content=\"2560\" \/>\n\t<meta property=\"og:image:height\" content=\"2560\" \/>\n\t<meta property=\"og:image:type\" content=\"image\/jpeg\" \/>\n<meta name=\"twitter:card\" content=\"summary_large_image\" \/>\n<meta name=\"twitter:label1\" content=\"Gesch\u00e4tzte Lesezeit\" \/>\n\t<meta name=\"twitter:data1\" content=\"3 Minuten\" \/>\n<script type=\"application\/ld+json\" class=\"yoast-schema-graph\">{\"@context\":\"https:\/\/schema.org\",\"@graph\":[{\"@type\":\"WebPage\",\"@id\":\"https:\/\/www.uni.lu\/de\/zulassung\/rueckmeldung\/\",\"url\":\"https:\/\/www.uni.lu\/de\/zulassung\/rueckmeldung\/\",\"name\":\"R\u00fcckmeldung - Universit\u00e4t Luxemburg\",\"isPartOf\":{\"@id\":\"https:\/\/www.uni.lu\/de\/#website\"},\"datePublished\":\"2023-10-26T12:21:10+00:00\",\"dateModified\":\"2026-03-30T07:38:25+00:00\",\"description\":\"Alle Studierenden m\u00fcssen sich f\u00fcr ihren Studiengang und gegebenenfalls f\u00fcr ihre Studienrichtung r\u00fcckmelden.\",\"breadcrumb\":{\"@id\":\"https:\/\/www.uni.lu\/de\/zulassung\/rueckmeldung\/#breadcrumb\"},\"inLanguage\":\"de-DE\",\"potentialAction\":[{\"@type\":\"ReadAction\",\"target\":[\"https:\/\/www.uni.lu\/de\/zulassung\/rueckmeldung\/\"]}]},{\"@type\":\"BreadcrumbList\",\"@id\":\"https:\/\/www.uni.lu\/de\/zulassung\/rueckmeldung\/#breadcrumb\",\"itemListElement\":[{\"@type\":\"ListItem\",\"position\":1,\"name\":\"Home\",\"item\":\"https:\/\/www.uni.lu\/de\/\"},{\"@type\":\"ListItem\",\"position\":2,\"name\":\"Zulassung\",\"item\":\"https:\/\/www.uni.lu\/de\/zulassung\/\"},{\"@type\":\"ListItem\",\"position\":3,\"name\":\"R\u00fcckmeldung\"}]},{\"@type\":\"WebSite\",\"@id\":\"https:\/\/www.uni.lu\/de\/#website\",\"url\":\"https:\/\/www.uni.lu\/de\/\",\"name\":\"Uni.lu\",\"description\":\"Universit\u00e4t Luxemburg\",\"publisher\":{\"@id\":\"https:\/\/www.uni.lu\/de\/#organization\"},\"alternateName\":\"Universit\u00e4t Luxemburg\",\"potentialAction\":[{\"@type\":\"SearchAction\",\"target\":{\"@type\":\"EntryPoint\",\"urlTemplate\":\"https:\/\/www.uni.lu\/de\/?s={search_term_string}\"},\"query-input\":\"required name=search_term_string\"}],\"inLanguage\":\"de-DE\"},{\"@type\":\"Organization\",\"@id\":\"https:\/\/www.uni.lu\/de\/#organization\",\"name\":\"Universit\u00e4t Luxemburg\",\"alternateName\":\"Uni.lu\",\"url\":\"https:\/\/www.uni.lu\/de\/\",\"logo\":{\"@type\":\"ImageObject\",\"inLanguage\":\"de-DE\",\"@id\":\"https:\/\/www.uni.lu\/de\/#\/schema\/logo\/image\/\",\"url\":\"https:\/\/www.uni.lu\/wp-content\/uploads\/sites\/10\/2026\/03\/03120000\/UNIV_SM-Profile_1600x1600px-scaled.jpg\",\"contentUrl\":\"https:\/\/www.uni.lu\/wp-content\/uploads\/sites\/10\/2026\/03\/03120000\/UNIV_SM-Profile_1600x1600px-scaled.jpg\",\"width\":2560,\"height\":2560,\"caption\":\"Universit\u00e4t Luxemburg\"},\"image\":{\"@id\":\"https:\/\/www.uni.lu\/de\/#\/schema\/logo\/image\/\"},\"sameAs\":[\"https:\/\/www.facebook.com\/uni.lu\",\"https:\/\/www.linkedin.com\/school\/university-of-luxembourg\/\",\"https:\/\/www.instagram.com\/uni.lu\",\"https:\/\/www.youtube.com\/@uni_lu\",\"https:\/\/en.wikipedia.org\/wiki\/University_of_Luxembourg\"]}]}<\/script>\n<!-- \/ Yoast SEO Premium plugin. -->","yoast_head_json":{"title":"R\u00fcckmeldung - Universit\u00e4t Luxemburg","description":"Alle Studierenden m\u00fcssen sich f\u00fcr ihren Studiengang und gegebenenfalls f\u00fcr ihre Studienrichtung r\u00fcckmelden.","robots":{"index":"index","follow":"follow","max-snippet":"max-snippet:-1","max-image-preview":"max-image-preview:large","max-video-preview":"max-video-preview:-1"},"canonical":"https:\/\/www.uni.lu\/de\/zulassung\/rueckmeldung\/","og_locale":"de_DE","og_type":"article","og_title":"R\u00fcckmeldung","og_description":"Alle Studierenden m\u00fcssen sich f\u00fcr ihren Studiengang und gegebenenfalls f\u00fcr ihre Studienrichtung r\u00fcckmelden.","og_url":"https:\/\/www.uni.lu\/de\/zulassung\/rueckmeldung\/","og_site_name":"UNI DE","article_publisher":"https:\/\/www.facebook.com\/uni.lu","article_modified_time":"2026-03-30T07:38:25+00:00","og_image":[{"width":2560,"height":2560,"url":"https:\/\/www.uni.lu\/wp-content\/uploads\/sites\/10\/2026\/03\/03120000\/UNIV_SM-Profile_1600x1600px-scaled.jpg","type":"image\/jpeg"}],"twitter_card":"summary_large_image","twitter_misc":{"Gesch\u00e4tzte Lesezeit":"3 Minuten"},"schema":{"@context":"https:\/\/schema.org","@graph":[{"@type":"WebPage","@id":"https:\/\/www.uni.lu\/de\/zulassung\/rueckmeldung\/","url":"https:\/\/www.uni.lu\/de\/zulassung\/rueckmeldung\/","name":"R\u00fcckmeldung - Universit\u00e4t Luxemburg","isPartOf":{"@id":"https:\/\/www.uni.lu\/de\/#website"},"datePublished":"2023-10-26T12:21:10+00:00","dateModified":"2026-03-30T07:38:25+00:00","description":"Alle Studierenden m\u00fcssen sich f\u00fcr ihren Studiengang und gegebenenfalls f\u00fcr ihre Studienrichtung r\u00fcckmelden.","breadcrumb":{"@id":"https:\/\/www.uni.lu\/de\/zulassung\/rueckmeldung\/#breadcrumb"},"inLanguage":"de-DE","potentialAction":[{"@type":"ReadAction","target":["https:\/\/www.uni.lu\/de\/zulassung\/rueckmeldung\/"]}]},{"@type":"BreadcrumbList","@id":"https:\/\/www.uni.lu\/de\/zulassung\/rueckmeldung\/#breadcrumb","itemListElement":[{"@type":"ListItem","position":1,"name":"Home","item":"https:\/\/www.uni.lu\/de\/"},{"@type":"ListItem","position":2,"name":"Zulassung","item":"https:\/\/www.uni.lu\/de\/zulassung\/"},{"@type":"ListItem","position":3,"name":"R\u00fcckmeldung"}]},{"@type":"WebSite","@id":"https:\/\/www.uni.lu\/de\/#website","url":"https:\/\/www.uni.lu\/de\/","name":"Uni.lu","description":"Universit\u00e4t Luxemburg","publisher":{"@id":"https:\/\/www.uni.lu\/de\/#organization"},"alternateName":"Universit\u00e4t Luxemburg","potentialAction":[{"@type":"SearchAction","target":{"@type":"EntryPoint","urlTemplate":"https:\/\/www.uni.lu\/de\/?s={search_term_string}"},"query-input":"required name=search_term_string"}],"inLanguage":"de-DE"},{"@type":"Organization","@id":"https:\/\/www.uni.lu\/de\/#organization","name":"Universit\u00e4t Luxemburg","alternateName":"Uni.lu","url":"https:\/\/www.uni.lu\/de\/","logo":{"@type":"ImageObject","inLanguage":"de-DE","@id":"https:\/\/www.uni.lu\/de\/#\/schema\/logo\/image\/","url":"https:\/\/www.uni.lu\/wp-content\/uploads\/sites\/10\/2026\/03\/03120000\/UNIV_SM-Profile_1600x1600px-scaled.jpg","contentUrl":"https:\/\/www.uni.lu\/wp-content\/uploads\/sites\/10\/2026\/03\/03120000\/UNIV_SM-Profile_1600x1600px-scaled.jpg","width":2560,"height":2560,"caption":"Universit\u00e4t Luxemburg"},"image":{"@id":"https:\/\/www.uni.lu\/de\/#\/schema\/logo\/image\/"},"sameAs":["https:\/\/www.facebook.com\/uni.lu","https:\/\/www.linkedin.com\/school\/university-of-luxembourg\/","https:\/\/www.instagram.com\/uni.lu","https:\/\/www.youtube.com\/@uni_lu","https:\/\/en.wikipedia.org\/wiki\/University_of_Luxembourg"]}]}},"ticketed":false,"_links":{"self":[{"href":"https:\/\/www.uni.lu\/de\/wp-json\/wp\/v2\/pages\/1614"}],"collection":[{"href":"https:\/\/www.uni.lu\/de\/wp-json\/wp\/v2\/pages"}],"about":[{"href":"https:\/\/www.uni.lu\/de\/wp-json\/wp\/v2\/types\/page"}],"author":[{"embeddable":true,"href":"https:\/\/www.uni.lu\/de\/wp-json\/wp\/v2\/users\/68"}],"replies":[{"embeddable":true,"href":"https:\/\/www.uni.lu\/de\/wp-json\/wp\/v2\/comments?post=1614"}],"version-history":[{"count":5,"href":"https:\/\/www.uni.lu\/de\/wp-json\/wp\/v2\/pages\/1614\/revisions"}],"predecessor-version":[{"id":9135,"href":"https:\/\/www.uni.lu\/de\/wp-json\/wp\/v2\/pages\/1614\/revisions\/9135"}],"up":[{"embeddable":true,"href":"https:\/\/www.uni.lu\/de\/wp-json\/wp\/v2\/pages\/16"}],"wp:authorship":[{"embeddable":true,"href":"https:\/\/www.uni.lu\/de\/wp-json\/wp\/v2\/users\/68"},{"embeddable":true,"href":"https:\/\/www.uni.lu\/de\/wp-json\/wp\/v2\/users\/337"},{"embeddable":true,"href":"https:\/\/www.uni.lu\/de\/wp-json\/wp\/v2\/users\/214"},{"embeddable":true,"href":"https:\/\/www.uni.lu\/de\/wp-json\/wp\/v2\/users\/287"},{"embeddable":true,"href":"https:\/\/www.uni.lu\/de\/wp-json\/wp\/v2\/users\/210"}],"wp:attachment":[{"href":"https:\/\/www.uni.lu\/de\/wp-json\/wp\/v2\/media?parent=1614"}],"wp:term":[{"taxonomy":"field-of-interest","embeddable":true,"href":"https:\/\/www.uni.lu\/de\/wp-json\/wp\/v2\/field-of-interest?post=1614"},{"taxonomy":"organisation","embeddable":true,"href":"https:\/\/www.uni.lu\/de\/wp-json\/wp\/v2\/organisation?post=1614"}],"curies":[{"name":"wp","href":"https:\/\/api.w.org\/{rel}","templated":true}]}}