{"id":1612,"date":"2023-10-26T14:19:52","date_gmt":"2023-10-26T12:19:52","guid":{"rendered":"https:\/\/www.uni.lu\/de\/?page_id=1612"},"modified":"2026-02-11T10:59:52","modified_gmt":"2026-02-11T09:59:52","slug":"studienzulassung-durch-berufserfahrung","status":"publish","type":"page","link":"https:\/\/www.uni.lu\/de\/zulassung\/anerkennung-der-vorerfahrung\/studienzulassung-durch-berufserfahrung\/","title":{"rendered":"Studienzulassung durch Berufserfahrung"},"content":{"rendered":"\n<section class=\"wp-block-unilux-blocks-free-section section\"><div class=\"container xl:max-w-screen-xl\">\n<h1 class=\"has-text-align-left wp-block-unilux-blocks-heading\"        id=\"studienzulassung-durch-berufserfahrung\"\n    >\nStudienzulassung durch Berufserfahrung<\/h1>\n\n\n\n<p>Wenn Sie sich f\u00fcr einen Bachelor- oder Masterstudiengang an der Universit\u00e4t Luxemburg bewerben m\u00f6chten und \u00fcber kein geeignetes Diplom verf\u00fcgen, k\u00f6nnen Sie sich eventuell dennoch bewerben, wenn Sie Ihre Berufserfahrung anerkennen lassen. Durch dieses Anerkennungsverfahren bewertet die Universit\u00e4t, ob Ihre Berufserfahrung und Qualifikationen dem n\u00f6tigen Wissensstand des gew\u00fcnschten Studiengangs, f\u00fcr den Sie sich bewerben, entsprechen.<\/p>\n\n\n\n<p>Sie m\u00fcssen mindestens drei Jahre (3) Berufserfahrung Vollzeit\u00e4quivalent in einem Bereich nachweisen k\u00f6nnen, der dem Fachbereich des Studiengangs entspricht (z. B. drei Jahre Vollzeit- oder sechs Jahre Halbtagsarbeit). Alle Arten der Berufserfahrung k\u00f6nnen sich eignen, ob als Angestellter, Freiberufler, Freiwilligenarbeit oder Selbstst\u00e4ndiger.<\/p>\n\n\n\n<p>Bitte beachten Sie, dass die Anerkennung der Berufserfahrung nur Personen aus der EU, dem EWR oder der Schweiz zug\u00e4nglich ist.<\/p>\n\n\n\n<div class=\"wp-block-unilux-blocks-accordion accordion accordion--theme accordion-standard\" data-reference=\"e2a0f22d-70c4-4a0a-9892-cc61e2940acd\" data-accordion-type=\"standard\"><div class=\"accordion__item  wp-block-unilux-blocks-accordion-item\">\n    <h3 class=\"accordion__header\"\n        >\n        <button\n            type=\"button\"\n            id=\"accordion-labelledby-5252cf76-f520-4a4f-9f6b-b907da25ee4d\"\n            class=\"accordion__button collapsed\"\n            aria-expanded=\"false\"\n            aria-controls=\"accordion-panel-5252cf76-f520-4a4f-9f6b-b907da25ee4d\"\n            data-bs-toggle=\"collapse\"\n            data-bs-target=\"#accordion-panel-5252cf76-f520-4a4f-9f6b-b907da25ee4d\"\n        >\n            <span class=\"accordion__title\">\n                                So bewerben Sie sich            <\/span>\n\n            <svg aria-hidden=\"true\" focusable=\"false\" class=\"icon icon-outline icon--arrow-down \"><use xlink:href=\"https:\/\/www.uni.lu\/wp-content\/themes\/unilux-theme\/assets\/images\/icons\/icons-outline.svg#icon--arrow-down\"><\/use><\/svg>        <\/button>\n    <\/h3>\n    <div id=\"accordion-panel-5252cf76-f520-4a4f-9f6b-b907da25ee4d\"\n        class=\"accordion__collapse collapse\"\n        aria-labelledby=\"accordion-labelledby-5252cf76-f520-4a4f-9f6b-b907da25ee4d\"\n        data-bs-parent=\"[data-reference=&quot;e2a0f22d-70c4-4a0a-9892-cc61e2940acd&quot;]\"\n    >\n        <div class=\"accordion__body \">\n            \n<p>Bitte folgen Sie dem Bewerbungsverfahren, so wie dieses auf den Webpages der <a href=\"https:\/\/www.uni.lu\/de\/bewerbung\/\">Studierenden-Dienststelle (SEVE)<\/a> erkl\u00e4rt wird, um sich f\u00fcr einen Bachelor- oder Masterstudiengang, basierend auf der Berufserfahrung, zu bewerben. Bitte lesen Sie die Zulassungsinformationen des jeweiligen Studiengangs aufmerksam durch, f\u00fcr den Sie sich bewerben m\u00f6chten. Weitere Informationen finden Sie auf den <a href=\"https:\/\/www.uni.lu\/en\/education\/study-programme-list\/\">Webpages der jeweiligen Studieng\u00e4nge<\/a> (EN).<\/p>\n\n<p>Bitte geben Sie bei Ihrer Bewerbung an, dass Sie mindestens drei Jahre Vollzeit\u00e4quivalent Berufserfahrung haben.<\/p>\n\n<p>Die Anerkennung der Berufserfahrung wird durch die Universit\u00e4t selbst durchgef\u00fchrt, nachdem Sie Ihre Bewerbung eingereicht haben. Wenn die Universit\u00e4t Ihre Bewerbung ber\u00fccksichtigt und Sie nicht \u00fcber das erforderliche Diplom verf\u00fcgen, jedoch \u00fcber eine entsprechende Berufserfahrung, leitet die Universit\u00e4t das Anerkennungsverfahren der Berufserfahrung ein. In diesem Fall wird Sie die SEVE bitten, zus\u00e4tzliche Nachweise f\u00fcr Ihre Berufserfahrung einzureichen. Der akademische Ausschuss, der f\u00fcr die Bewertung Ihrer fr\u00fcheren Erfahrungen verantwortlich ist, kann Sie ebenfalls um ein Gespr\u00e4ch (online) bitten.<\/p>\n\n<p>Wenn Sie Ihre Bewerbung zu einem bestimmten Zeitpunkt zur\u00fcckziehen m\u00f6chten, wenden Sie sich an die&nbsp;SEVE.<\/p>\n        <\/div>\n    <\/div>\n<\/div>\n\n<div class=\"accordion__item  wp-block-unilux-blocks-accordion-item\">\n    <h3 class=\"accordion__header\"\n        >\n        <button\n            type=\"button\"\n            id=\"accordion-labelledby-cdf6f20e-0559-421d-b6b6-613b7e3cca68\"\n            class=\"accordion__button collapsed\"\n            aria-expanded=\"false\"\n            aria-controls=\"accordion-panel-cdf6f20e-0559-421d-b6b6-613b7e3cca68\"\n            data-bs-toggle=\"collapse\"\n            data-bs-target=\"#accordion-panel-cdf6f20e-0559-421d-b6b6-613b7e3cca68\"\n        >\n            <span class=\"accordion__title\">\n                                <strong>So weisen Sie Ihre Berufserfahrung nach<\/strong>            <\/span>\n\n            <svg aria-hidden=\"true\" focusable=\"false\" class=\"icon icon-outline icon--arrow-down \"><use xlink:href=\"https:\/\/www.uni.lu\/wp-content\/themes\/unilux-theme\/assets\/images\/icons\/icons-outline.svg#icon--arrow-down\"><\/use><\/svg>        <\/button>\n    <\/h3>\n    <div id=\"accordion-panel-cdf6f20e-0559-421d-b6b6-613b7e3cca68\"\n        class=\"accordion__collapse collapse\"\n        aria-labelledby=\"accordion-labelledby-cdf6f20e-0559-421d-b6b6-613b7e3cca68\"\n        data-bs-parent=\"[data-reference=&quot;e2a0f22d-70c4-4a0a-9892-cc61e2940acd&quot;]\"\n    >\n        <div class=\"accordion__body \">\n            \n<p>Wir empfehlen Ihnen, sich vom <a href=\"https:\/\/www.uni.lu\/en\/education\/competence-centre\/\">University of Luxembourg Competence Centre<\/a> (EN) (Managementzentrum f\u00fcr die universit\u00e4re Fort- und Berufsbildung) unterst\u00fctzen zu lassen, um die n\u00f6tigen Nachweise f\u00fcr Ihre Berufserfahrung vorzubereiten. Leiten Sie in diesem Sinne die von der SEVE erhaltene Informationsanfrage an die folgende E-Mail-Adresse weiter:&nbsp;<a href=\"mailto:vae.professionnelle@uni.lu\" target=\"_blank\" rel=\"noreferrer noopener\">vae.professionnelle@uni.lu<\/a>.<\/p>\n\n<p>Die Dokumente m\u00fcssen:<\/p>\n\n<ul class=\"ulux-list\">\n<li class=\"ulux-list-item\">sich auf berufliche Aktivit\u00e4ten beziehen, einschlie\u00dflich des n\u00f6tigen Wissens, der F\u00e4higkeiten und Expertise f\u00fcr den jeweiligen Studiengang (Stufe&nbsp;4\u20135 des Europ\u00e4ischen\/Luxemburger Qualifikationsrahmens f\u00fcr Bachelorstudieng\u00e4nge, Stufe&nbsp;5\u20136 f\u00fcr Masterstudieng\u00e4nge);<\/li>\n\n\n\n<li class=\"ulux-list-item\">so weit wie m\u00f6glich authentisch und zertifiziert sein (z.&nbsp;B. Kopie der Original- Zertifikat mit offiziellem Stempel oder offizieller Unterschrift, Original-Berufs- oder Projektbeschreibungen, Original-Dokumente\/Unterlagen, die Teil Ihrer Arbeit sind);<\/li>\n\n\n\n<li class=\"ulux-list-item\">den Bewerbungsvoraussetzungen des Studiengangs entsprechen, f\u00fcr den Sie sich bewerben. Die Nachweise f\u00fcr Ihre Berufserfahrung sollten beispielsweise den Fachbereichen entsprechen, die denen des gew\u00e4hlten Studienganges entsprechen.<\/li>\n<\/ul>\n\n<p>Die Referenzen m\u00fcssen Referenten entsprechen, die eine direkte Rolle bei Ihrer Arbeit gespielt haben (z.&nbsp;B. Vorgesetzter, Kollege, Kunden).<\/p>\n        <\/div>\n    <\/div>\n<\/div>\n\n<div class=\"accordion__item  wp-block-unilux-blocks-accordion-item\">\n    <h3 class=\"accordion__header\"\n        >\n        <button\n            type=\"button\"\n            id=\"accordion-labelledby-a050d856-e8d7-4b4b-b8d2-deefd4279c5e\"\n            class=\"accordion__button collapsed\"\n            aria-expanded=\"false\"\n            aria-controls=\"accordion-panel-a050d856-e8d7-4b4b-b8d2-deefd4279c5e\"\n            data-bs-toggle=\"collapse\"\n            data-bs-target=\"#accordion-panel-a050d856-e8d7-4b4b-b8d2-deefd4279c5e\"\n        >\n            <span class=\"accordion__title\">\n                                Wie wird meine Vorerfahrung bewertet?            <\/span>\n\n            <svg aria-hidden=\"true\" focusable=\"false\" class=\"icon icon-outline icon--arrow-down \"><use xlink:href=\"https:\/\/www.uni.lu\/wp-content\/themes\/unilux-theme\/assets\/images\/icons\/icons-outline.svg#icon--arrow-down\"><\/use><\/svg>        <\/button>\n    <\/h3>\n    <div id=\"accordion-panel-a050d856-e8d7-4b4b-b8d2-deefd4279c5e\"\n        class=\"accordion__collapse collapse\"\n        aria-labelledby=\"accordion-labelledby-a050d856-e8d7-4b4b-b8d2-deefd4279c5e\"\n        data-bs-parent=\"[data-reference=&quot;e2a0f22d-70c4-4a0a-9892-cc61e2940acd&quot;]\"\n    >\n        <div class=\"accordion__body \">\n            \n<p>Nachdem Sie alle n\u00f6tigen Dokumente vorbereitet und eingereicht haben, werden diese vom Direktor des Studiengangs \u00fcberpr\u00fcft, f\u00fcr das Sie sich beworben haben, und von einem Ausschuss bestehend aus Fachleuten und Fachpersonal bewertet. Der akademische Ausschuss entscheidet, ob die eingereichten Nachweise authentisch sind und sich f\u00fcr den Antrag eignen. Er legt anschlie\u00dfend fest, inwieweit Ihre Berufserfahrung der n\u00f6tigen Qualifikationsstufe des gew\u00fcnschten Studiengangs entspricht.<\/p>\n\n<p>Wenn der Ausschuss seine Entscheidung eingereicht hat, informiert Sie die SEVE, ob Sie zugelassen sind oder nicht.<\/p>\n\n<p>Bitte beachten Sie, dass das Anerkennungsverfahren mehrere Wochen Zeit in Anspruch nehmen kann. Sie werden von der Universit\u00e4t benachrichtigt, falls weitere Informationen n\u00f6tig sein sollten.<\/p>\n        <\/div>\n    <\/div>\n<\/div>\n\n<div class=\"accordion__item  wp-block-unilux-blocks-accordion-item\">\n    <h3 class=\"accordion__header\"\n        >\n        <button\n            type=\"button\"\n            id=\"accordion-labelledby-29f21145-c568-4e6f-a8cc-51ac8f8f5aa5\"\n            class=\"accordion__button collapsed\"\n            aria-expanded=\"false\"\n            aria-controls=\"accordion-panel-29f21145-c568-4e6f-a8cc-51ac8f8f5aa5\"\n            data-bs-toggle=\"collapse\"\n            data-bs-target=\"#accordion-panel-29f21145-c568-4e6f-a8cc-51ac8f8f5aa5\"\n        >\n            <span class=\"accordion__title\">\n                                Was passiert, wenn ich um ein Gespr\u00e4ch gebeten werde?            <\/span>\n\n            <svg aria-hidden=\"true\" focusable=\"false\" class=\"icon icon-outline icon--arrow-down \"><use xlink:href=\"https:\/\/www.uni.lu\/wp-content\/themes\/unilux-theme\/assets\/images\/icons\/icons-outline.svg#icon--arrow-down\"><\/use><\/svg>        <\/button>\n    <\/h3>\n    <div id=\"accordion-panel-29f21145-c568-4e6f-a8cc-51ac8f8f5aa5\"\n        class=\"accordion__collapse collapse\"\n        aria-labelledby=\"accordion-labelledby-29f21145-c568-4e6f-a8cc-51ac8f8f5aa5\"\n        data-bs-parent=\"[data-reference=&quot;e2a0f22d-70c4-4a0a-9892-cc61e2940acd&quot;]\"\n    >\n        <div class=\"accordion__body \">\n            \n<p>Der f\u00fcr die Anerkennung verantwortliche Ausschuss kann Sie zu einem Gespr\u00e4ch (online) bitten, um die Art und den Umfang Ihrer Erfahrung zu ermitteln. Sie erhalten eine rechtzeitige Einladung per E-Mail, die alle Details zu dem Gespr\u00e4ch enth\u00e4lt. Wenn der Ausschuss spezifische Fragen hat, werden Ihnen diese vor dem Gespr\u00e4ch \u00fcbermittelt. Bitte bereiten Sie die entsprechenden Antworten auf diese und weitere Fragen zu den eingereichten Dokumenten vor.<\/p>\n        <\/div>\n    <\/div>\n<\/div>\n\n<div class=\"accordion__item  wp-block-unilux-blocks-accordion-item\">\n    <h3 class=\"accordion__header\"\n        >\n        <button\n            type=\"button\"\n            id=\"accordion-labelledby-f88484ac-cd2b-4a8b-871a-531727c52196\"\n            class=\"accordion__button collapsed\"\n            aria-expanded=\"false\"\n            aria-controls=\"accordion-panel-f88484ac-cd2b-4a8b-871a-531727c52196\"\n            data-bs-toggle=\"collapse\"\n            data-bs-target=\"#accordion-panel-f88484ac-cd2b-4a8b-871a-531727c52196\"\n        >\n            <span class=\"accordion__title\">\n                                Wie kann ich eine Anerkennung erhalten, um den Anforderungen des Studiengangs (z. B. um mit einem h\u00f6heren Semester zu beginnen) gerecht zu werden?            <\/span>\n\n            <svg aria-hidden=\"true\" focusable=\"false\" class=\"icon icon-outline icon--arrow-down \"><use xlink:href=\"https:\/\/www.uni.lu\/wp-content\/themes\/unilux-theme\/assets\/images\/icons\/icons-outline.svg#icon--arrow-down\"><\/use><\/svg>        <\/button>\n    <\/h3>\n    <div id=\"accordion-panel-f88484ac-cd2b-4a8b-871a-531727c52196\"\n        class=\"accordion__collapse collapse\"\n        aria-labelledby=\"accordion-labelledby-f88484ac-cd2b-4a8b-871a-531727c52196\"\n        data-bs-parent=\"[data-reference=&quot;e2a0f22d-70c4-4a0a-9892-cc61e2940acd&quot;]\"\n    >\n        <div class=\"accordion__body \">\n            \n<p>Wenn Sie der Meinung sein sollten, das Ihre Erfahrung einige Teile des Studiengangs, f\u00fcr den Sie sich bewerben, entspricht, k\u00f6nnen Sie die Bewertung Ihrer Vorerfahrung beantragen, um von einigen Studienanforderungen befreit zu werden oder mit einem h\u00f6heren Semester zu beginnen. Genauere Informationen zur Einreichung Ihres Antrags und zum Anerkennungsverfahren finden Sie im Abschnitt \u201e<a href=\"https:\/\/www.uni.lu\/en\/education\/academic-matters\/special-arrangements\/exemptions-from-study-requirements\/\">Befreiung von Studienanforderungen und Beginn in einem h\u00f6heren Studienjahr<\/a> (EN)\u201c.<\/p>\n\n<p>Wir weisen Sie darauf hin, dass die Universit\u00e4t Ihren Antrag nur ber\u00fccksichtigt, wenn Sie zugelassen sind.<\/p>\n        <\/div>\n    <\/div>\n<\/div><\/div>\n<\/div><\/section>\n\n\n<section class=\"section section wp-block-unilux-blocks-quick-link-discover-section py-0\">\n    <div class=\"container xl:max-w-screen-xl\">\n        \n<h2 class=\"has-text-align-left wp-block-unilux-blocks-heading\"        id=\"zulassungsprozess\"\n    >\nZulassungsprozess<\/h2>\n\n<ul class=\"wp-block-unilux-blocks-quick-link-discover quick-link-list\">\n<li class=\"wp-block-unilux-blocks-quick-link-discover-item\">\n    <a\n                    href=\"https:\/\/www.uni.lu\/de\/zulassung\/bachelor-master\/#erforderliche-dokumente\"\n                    class=\"quick-link\"\n            target=\"\"\n    >\n            <span class=\"quick-link__container\">\n                <span class=\"quick-link__text\">\n                    Welche weiteren Dokumente sind erforderlich?                <\/span>\n                <svg aria-hidden=\"true\" focusable=\"false\" class=\"icon icon-outline icon--arrow-right \"><use xlink:href=\"https:\/\/www.uni.lu\/wp-content\/themes\/unilux-theme\/assets\/images\/icons\/icons-outline.svg#icon--arrow-right\"><\/use><\/svg>            <\/span>\n    <\/a>\n<\/li>\n<\/ul>\n    <\/div>\n<\/section>","protected":false},"excerpt":{"rendered":"","protected":false},"author":210,"featured_media":0,"parent":1609,"menu_order":0,"comment_status":"closed","ping_status":"closed","template":"","meta":{"featured_image_focal_point":[],"show_featured_caption":false,"ulux_newsletter_groups":"","uluxPostTitle":"Anerkennung der Vorerfahrung","uluxPrePostTitle":"Zulassung","_trash_the_other_posts":false,"_price":"","_stock":"","_tribe_ticket_header":"","_tribe_default_ticket_provider":"","_tribe_ticket_capacity":"0","_ticket_start_date":"","_ticket_end_date":"","_tribe_ticket_show_description":"","_tribe_ticket_show_not_going":false,"_tribe_ticket_use_global_stock":"","_tribe_ticket_global_stock_level":"","_global_stock_mode":"","_global_stock_cap":"","_tribe_rsvp_for_event":"","_tribe_ticket_going_count":"","_tribe_ticket_not_going_count":"","_tribe_tickets_list":"[]","_tribe_ticket_has_attendee_info_fields":false,"footnotes":""},"field-of-interest":[],"organisation":[],"authorship":[210,68,337],"acf":[],"yoast_head":"<!-- This site is optimized with the Yoast SEO Premium plugin v22.3 (Yoast SEO v22.3) - https:\/\/yoast.com\/wordpress\/plugins\/seo\/ -->\n<title>Studienzulassung durch Berufserfahrung I Uni.lu<\/title>\n<meta name=\"description\" content=\"Die Anerkennung der Berufserfahrung wird durch die Universit\u00e4t selbst durchgef\u00fchrt, nachdem Sie Ihre Bewerbung eingereicht haben.\" \/>\n<meta name=\"robots\" content=\"index, follow, max-snippet:-1, max-image-preview:large, max-video-preview:-1\" \/>\n<link rel=\"canonical\" href=\"https:\/\/www.uni.lu\/de\/zulassung\/anerkennung-der-vorerfahrung\/studienzulassung-durch-berufserfahrung\/\" \/>\n<meta property=\"og:locale\" content=\"de_DE\" \/>\n<meta property=\"og:type\" content=\"article\" \/>\n<meta property=\"og:title\" content=\"Studienzulassung durch Berufserfahrung\" \/>\n<meta property=\"og:description\" content=\"Die Anerkennung der Berufserfahrung wird durch die Universit\u00e4t selbst durchgef\u00fchrt, nachdem Sie Ihre Bewerbung eingereicht haben.\" \/>\n<meta property=\"og:url\" content=\"https:\/\/www.uni.lu\/de\/zulassung\/anerkennung-der-vorerfahrung\/studienzulassung-durch-berufserfahrung\/\" \/>\n<meta property=\"og:site_name\" content=\"UNI DE\" \/>\n<meta property=\"article:publisher\" content=\"https:\/\/www.facebook.com\/uni.lu\" \/>\n<meta property=\"article:modified_time\" content=\"2026-02-11T09:59:52+00:00\" \/>\n<meta property=\"og:image\" content=\"https:\/\/www.uni.lu\/wp-content\/uploads\/sites\/10\/2026\/03\/03120000\/UNIV_SM-Profile_1600x1600px-scaled.jpg\" \/>\n\t<meta property=\"og:image:width\" content=\"2560\" \/>\n\t<meta property=\"og:image:height\" content=\"2560\" \/>\n\t<meta property=\"og:image:type\" content=\"image\/jpeg\" \/>\n<meta name=\"twitter:card\" content=\"summary_large_image\" \/>\n<meta name=\"twitter:label1\" content=\"Gesch\u00e4tzte Lesezeit\" \/>\n\t<meta name=\"twitter:data1\" content=\"4 Minuten\" \/>\n<script type=\"application\/ld+json\" class=\"yoast-schema-graph\">{\"@context\":\"https:\/\/schema.org\",\"@graph\":[{\"@type\":\"WebPage\",\"@id\":\"https:\/\/www.uni.lu\/de\/zulassung\/anerkennung-der-vorerfahrung\/studienzulassung-durch-berufserfahrung\/\",\"url\":\"https:\/\/www.uni.lu\/de\/zulassung\/anerkennung-der-vorerfahrung\/studienzulassung-durch-berufserfahrung\/\",\"name\":\"Studienzulassung durch Berufserfahrung I Uni.lu\",\"isPartOf\":{\"@id\":\"https:\/\/www.uni.lu\/de\/#website\"},\"datePublished\":\"2023-10-26T12:19:52+00:00\",\"dateModified\":\"2026-02-11T09:59:52+00:00\",\"description\":\"Die Anerkennung der Berufserfahrung wird durch die Universit\u00e4t selbst durchgef\u00fchrt, nachdem Sie Ihre Bewerbung eingereicht haben.\",\"breadcrumb\":{\"@id\":\"https:\/\/www.uni.lu\/de\/zulassung\/anerkennung-der-vorerfahrung\/studienzulassung-durch-berufserfahrung\/#breadcrumb\"},\"inLanguage\":\"de-DE\",\"potentialAction\":[{\"@type\":\"ReadAction\",\"target\":[\"https:\/\/www.uni.lu\/de\/zulassung\/anerkennung-der-vorerfahrung\/studienzulassung-durch-berufserfahrung\/\"]}]},{\"@type\":\"BreadcrumbList\",\"@id\":\"https:\/\/www.uni.lu\/de\/zulassung\/anerkennung-der-vorerfahrung\/studienzulassung-durch-berufserfahrung\/#breadcrumb\",\"itemListElement\":[{\"@type\":\"ListItem\",\"position\":1,\"name\":\"Home\",\"item\":\"https:\/\/www.uni.lu\/de\/\"},{\"@type\":\"ListItem\",\"position\":2,\"name\":\"Zulassung\",\"item\":\"https:\/\/www.uni.lu\/de\/zulassung\/\"},{\"@type\":\"ListItem\",\"position\":3,\"name\":\"Anerkennung der Vorerfahrung\",\"item\":\"https:\/\/www.uni.lu\/de\/zulassung\/anerkennung-der-vorerfahrung\/\"},{\"@type\":\"ListItem\",\"position\":4,\"name\":\"Studienzulassung durch Berufserfahrung\"}]},{\"@type\":\"WebSite\",\"@id\":\"https:\/\/www.uni.lu\/de\/#website\",\"url\":\"https:\/\/www.uni.lu\/de\/\",\"name\":\"Uni.lu\",\"description\":\"Universit\u00e4t Luxemburg\",\"publisher\":{\"@id\":\"https:\/\/www.uni.lu\/de\/#organization\"},\"alternateName\":\"Universit\u00e4t Luxemburg\",\"potentialAction\":[{\"@type\":\"SearchAction\",\"target\":{\"@type\":\"EntryPoint\",\"urlTemplate\":\"https:\/\/www.uni.lu\/de\/?s={search_term_string}\"},\"query-input\":\"required name=search_term_string\"}],\"inLanguage\":\"de-DE\"},{\"@type\":\"Organization\",\"@id\":\"https:\/\/www.uni.lu\/de\/#organization\",\"name\":\"Universit\u00e4t Luxemburg\",\"alternateName\":\"Uni.lu\",\"url\":\"https:\/\/www.uni.lu\/de\/\",\"logo\":{\"@type\":\"ImageObject\",\"inLanguage\":\"de-DE\",\"@id\":\"https:\/\/www.uni.lu\/de\/#\/schema\/logo\/image\/\",\"url\":\"https:\/\/www.uni.lu\/wp-content\/uploads\/sites\/10\/2026\/03\/03120000\/UNIV_SM-Profile_1600x1600px-scaled.jpg\",\"contentUrl\":\"https:\/\/www.uni.lu\/wp-content\/uploads\/sites\/10\/2026\/03\/03120000\/UNIV_SM-Profile_1600x1600px-scaled.jpg\",\"width\":2560,\"height\":2560,\"caption\":\"Universit\u00e4t Luxemburg\"},\"image\":{\"@id\":\"https:\/\/www.uni.lu\/de\/#\/schema\/logo\/image\/\"},\"sameAs\":[\"https:\/\/www.facebook.com\/uni.lu\",\"https:\/\/www.linkedin.com\/school\/university-of-luxembourg\/\",\"https:\/\/www.instagram.com\/uni.lu\",\"https:\/\/www.youtube.com\/@uni_lu\",\"https:\/\/en.wikipedia.org\/wiki\/University_of_Luxembourg\"]}]}<\/script>\n<!-- \/ Yoast SEO Premium plugin. -->","yoast_head_json":{"title":"Studienzulassung durch Berufserfahrung I Uni.lu","description":"Die Anerkennung der Berufserfahrung wird durch die Universit\u00e4t selbst durchgef\u00fchrt, nachdem Sie Ihre Bewerbung eingereicht haben.","robots":{"index":"index","follow":"follow","max-snippet":"max-snippet:-1","max-image-preview":"max-image-preview:large","max-video-preview":"max-video-preview:-1"},"canonical":"https:\/\/www.uni.lu\/de\/zulassung\/anerkennung-der-vorerfahrung\/studienzulassung-durch-berufserfahrung\/","og_locale":"de_DE","og_type":"article","og_title":"Studienzulassung durch Berufserfahrung","og_description":"Die Anerkennung der Berufserfahrung wird durch die Universit\u00e4t selbst durchgef\u00fchrt, nachdem Sie Ihre Bewerbung eingereicht haben.","og_url":"https:\/\/www.uni.lu\/de\/zulassung\/anerkennung-der-vorerfahrung\/studienzulassung-durch-berufserfahrung\/","og_site_name":"UNI DE","article_publisher":"https:\/\/www.facebook.com\/uni.lu","article_modified_time":"2026-02-11T09:59:52+00:00","og_image":[{"width":2560,"height":2560,"url":"https:\/\/www.uni.lu\/wp-content\/uploads\/sites\/10\/2026\/03\/03120000\/UNIV_SM-Profile_1600x1600px-scaled.jpg","type":"image\/jpeg"}],"twitter_card":"summary_large_image","twitter_misc":{"Gesch\u00e4tzte Lesezeit":"4 Minuten"},"schema":{"@context":"https:\/\/schema.org","@graph":[{"@type":"WebPage","@id":"https:\/\/www.uni.lu\/de\/zulassung\/anerkennung-der-vorerfahrung\/studienzulassung-durch-berufserfahrung\/","url":"https:\/\/www.uni.lu\/de\/zulassung\/anerkennung-der-vorerfahrung\/studienzulassung-durch-berufserfahrung\/","name":"Studienzulassung durch Berufserfahrung I Uni.lu","isPartOf":{"@id":"https:\/\/www.uni.lu\/de\/#website"},"datePublished":"2023-10-26T12:19:52+00:00","dateModified":"2026-02-11T09:59:52+00:00","description":"Die Anerkennung der Berufserfahrung wird durch die Universit\u00e4t selbst durchgef\u00fchrt, nachdem Sie Ihre Bewerbung eingereicht haben.","breadcrumb":{"@id":"https:\/\/www.uni.lu\/de\/zulassung\/anerkennung-der-vorerfahrung\/studienzulassung-durch-berufserfahrung\/#breadcrumb"},"inLanguage":"de-DE","potentialAction":[{"@type":"ReadAction","target":["https:\/\/www.uni.lu\/de\/zulassung\/anerkennung-der-vorerfahrung\/studienzulassung-durch-berufserfahrung\/"]}]},{"@type":"BreadcrumbList","@id":"https:\/\/www.uni.lu\/de\/zulassung\/anerkennung-der-vorerfahrung\/studienzulassung-durch-berufserfahrung\/#breadcrumb","itemListElement":[{"@type":"ListItem","position":1,"name":"Home","item":"https:\/\/www.uni.lu\/de\/"},{"@type":"ListItem","position":2,"name":"Zulassung","item":"https:\/\/www.uni.lu\/de\/zulassung\/"},{"@type":"ListItem","position":3,"name":"Anerkennung der Vorerfahrung","item":"https:\/\/www.uni.lu\/de\/zulassung\/anerkennung-der-vorerfahrung\/"},{"@type":"ListItem","position":4,"name":"Studienzulassung durch Berufserfahrung"}]},{"@type":"WebSite","@id":"https:\/\/www.uni.lu\/de\/#website","url":"https:\/\/www.uni.lu\/de\/","name":"Uni.lu","description":"Universit\u00e4t Luxemburg","publisher":{"@id":"https:\/\/www.uni.lu\/de\/#organization"},"alternateName":"Universit\u00e4t Luxemburg","potentialAction":[{"@type":"SearchAction","target":{"@type":"EntryPoint","urlTemplate":"https:\/\/www.uni.lu\/de\/?s={search_term_string}"},"query-input":"required name=search_term_string"}],"inLanguage":"de-DE"},{"@type":"Organization","@id":"https:\/\/www.uni.lu\/de\/#organization","name":"Universit\u00e4t Luxemburg","alternateName":"Uni.lu","url":"https:\/\/www.uni.lu\/de\/","logo":{"@type":"ImageObject","inLanguage":"de-DE","@id":"https:\/\/www.uni.lu\/de\/#\/schema\/logo\/image\/","url":"https:\/\/www.uni.lu\/wp-content\/uploads\/sites\/10\/2026\/03\/03120000\/UNIV_SM-Profile_1600x1600px-scaled.jpg","contentUrl":"https:\/\/www.uni.lu\/wp-content\/uploads\/sites\/10\/2026\/03\/03120000\/UNIV_SM-Profile_1600x1600px-scaled.jpg","width":2560,"height":2560,"caption":"Universit\u00e4t Luxemburg"},"image":{"@id":"https:\/\/www.uni.lu\/de\/#\/schema\/logo\/image\/"},"sameAs":["https:\/\/www.facebook.com\/uni.lu","https:\/\/www.linkedin.com\/school\/university-of-luxembourg\/","https:\/\/www.instagram.com\/uni.lu","https:\/\/www.youtube.com\/@uni_lu","https:\/\/en.wikipedia.org\/wiki\/University_of_Luxembourg"]}]}},"ticketed":false,"_links":{"self":[{"href":"https:\/\/www.uni.lu\/de\/wp-json\/wp\/v2\/pages\/1612"}],"collection":[{"href":"https:\/\/www.uni.lu\/de\/wp-json\/wp\/v2\/pages"}],"about":[{"href":"https:\/\/www.uni.lu\/de\/wp-json\/wp\/v2\/types\/page"}],"author":[{"embeddable":true,"href":"https:\/\/www.uni.lu\/de\/wp-json\/wp\/v2\/users\/210"}],"replies":[{"embeddable":true,"href":"https:\/\/www.uni.lu\/de\/wp-json\/wp\/v2\/comments?post=1612"}],"version-history":[{"count":5,"href":"https:\/\/www.uni.lu\/de\/wp-json\/wp\/v2\/pages\/1612\/revisions"}],"predecessor-version":[{"id":8708,"href":"https:\/\/www.uni.lu\/de\/wp-json\/wp\/v2\/pages\/1612\/revisions\/8708"}],"up":[{"embeddable":true,"href":"https:\/\/www.uni.lu\/de\/wp-json\/wp\/v2\/pages\/1609"}],"wp:authorship":[{"embeddable":true,"href":"https:\/\/www.uni.lu\/de\/wp-json\/wp\/v2\/users\/210"},{"embeddable":true,"href":"https:\/\/www.uni.lu\/de\/wp-json\/wp\/v2\/users\/68"},{"embeddable":true,"href":"https:\/\/www.uni.lu\/de\/wp-json\/wp\/v2\/users\/337"}],"wp:attachment":[{"href":"https:\/\/www.uni.lu\/de\/wp-json\/wp\/v2\/media?parent=1612"}],"wp:term":[{"taxonomy":"field-of-interest","embeddable":true,"href":"https:\/\/www.uni.lu\/de\/wp-json\/wp\/v2\/field-of-interest?post=1612"},{"taxonomy":"organisation","embeddable":true,"href":"https:\/\/www.uni.lu\/de\/wp-json\/wp\/v2\/organisation?post=1612"}],"curies":[{"name":"wp","href":"https:\/\/api.w.org\/{rel}","templated":true}]}}