{"id":1589,"date":"2023-10-26T13:28:03","date_gmt":"2023-10-26T11:28:03","guid":{"rendered":"https:\/\/www.uni.lu\/de\/?page_id=1589"},"modified":"2026-02-11T10:54:30","modified_gmt":"2026-02-11T09:54:30","slug":"diplomanerkennung","status":"publish","type":"page","link":"https:\/\/www.uni.lu\/de\/zulassung\/diplomanerkennung\/","title":{"rendered":"Diplomanerkennung"},"content":{"rendered":"\n<section class=\"py-0 wp-block-unilux-blocks-free-section section\"><div class=\"container xl:max-w-screen-xl\">\n<h1 class=\"has-text-align-left wp-block-unilux-blocks-heading\"        id=\"diplomanerkennung\"\n    >\n<strong>Diplomanerkennung<\/strong><\/h1>\n\n\n\n<div class=\"wp-block-unilux-blocks-accordion accordion accordion--theme accordion-standard\" data-reference=\"8dd86a3c-48f3-4aac-8c0e-c8fb6adc9e58\" data-accordion-type=\"standard\"><div class=\"accordion__item  wp-block-unilux-blocks-accordion-item\">\n    <h3 class=\"accordion__header\"\n                    id=\"bewerbungen-fuer-bachelorstudiengaenge\"\n        >\n        <button\n            type=\"button\"\n            id=\"accordion-labelledby-21a8dc8b-6ad3-41ba-b5f2-8d4ce691295a\"\n            class=\"accordion__button collapsed\"\n            aria-expanded=\"false\"\n            aria-controls=\"accordion-panel-21a8dc8b-6ad3-41ba-b5f2-8d4ce691295a\"\n            data-bs-toggle=\"collapse\"\n            data-bs-target=\"#accordion-panel-21a8dc8b-6ad3-41ba-b5f2-8d4ce691295a\"\n        >\n            <span class=\"accordion__title\">\n                                Bewerbungen f\u00fcr Bachelorstudieng\u00e4nge            <\/span>\n\n            <svg aria-hidden=\"true\" focusable=\"false\" class=\"icon icon-outline icon--arrow-down \"><use xlink:href=\"https:\/\/www.uni.lu\/wp-content\/themes\/unilux-theme\/assets\/images\/icons\/icons-outline.svg#icon--arrow-down\"><\/use><\/svg>        <\/button>\n    <\/h3>\n    <div id=\"accordion-panel-21a8dc8b-6ad3-41ba-b5f2-8d4ce691295a\"\n        class=\"accordion__collapse collapse\"\n        aria-labelledby=\"accordion-labelledby-21a8dc8b-6ad3-41ba-b5f2-8d4ce691295a\"\n        data-bs-parent=\"[data-reference=&quot;8dd86a3c-48f3-4aac-8c0e-c8fb6adc9e58&quot;]\"\n    >\n        <div class=\"accordion__body \">\n            \n<h2 class=\"has-text-align-left wp-block-unilux-blocks-heading\"        id=\"anerkennung-von-sekundarschulabschluessen-gleichwertigkeit-von-diplomen\"\n    >\nAnerkennung von Sekundarschulabschl\u00fcssen (Gleichwertigkeit von Diplomen)<\/h2>\n\n<p>Alle Bewerber*innen, deren Sekundarschulabschluss nicht vom luxemburgischen Bildungsministerium ausgestellt wurde, m\u00fcssen einen <strong>Antrag auf Anerkennung ihres Diploms<\/strong> beim luxemburgischen Bildungsministerium stellen.<\/p>\n\n<h3 class=\"has-text-align-left wp-block-unilux-blocks-heading\"        id=\"wer-ist-betroffen\"\n    >\nWer ist betroffen?<\/h3>\n\n<ul class=\"ulux-list\">\n<li class=\"ulux-list-item\">Alle Bewerber*innen, die im Besitz eines der folgenden Diplome sind:\n<ul class=\"ulux-list\">\n<li class=\"ulux-list-item\">International Baccalaureate<\/li>\n\n\n\n<li class=\"ulux-list-item\">IGCSE, AS-Level und A-Level<\/li>\n\n\n\n<li class=\"ulux-list-item\">Alle Diplome, die nicht vom Ministerium f\u00fcr Bildung, Kinder und Jugend (z. B. das franz\u00f6sische oder das amerikanische Diplom) ausgestellt wurden<\/li>\n<\/ul>\n<\/li>\n<\/ul>\n\n<ul class=\"ulux-list\">\n<li class=\"ulux-list-item\">Alle Bewerber*innen der folgenden Sekundarschulen in Luxemburg, die nicht dem offiziellen Lehrplan des luxemburgischen Bildungsministeriums folgen:\n<ul class=\"ulux-list\">\n<li class=\"ulux-list-item\">International School (International Baccalaureate)<\/li>\n\n\n\n<li class=\"ulux-list-item\">\u00c9cole priv\u00e9e Grandjean<\/li>\n\n\n\n<li class=\"ulux-list-item\">St. George\u2019s International School<\/li>\n\n\n\n<li class=\"ulux-list-item\">Lyc\u00e9e fran\u00e7ais du Luxembourg (Vauban)<\/li>\n\n\n\n<li class=\"ulux-list-item\">Fr\u00e4i-\u00ebffentlech-Waldorfschoul L\u00ebtzebuerg<\/li>\n\n\n\n<li class=\"ulux-list-item\">OTR International School<\/li>\n\n\n\n<li class=\"ulux-list-item\">Andere Schulen k\u00f6nnten ebenfalls betroffen sein, abh\u00e4ngig von ihrem Lehrplan<\/li>\n<\/ul>\n<\/li>\n<\/ul>\n\n<ul class=\"ulux-list\">\n<li class=\"ulux-list-item\">Alle Bewerber<strong>*<\/strong>innen mit einem Sekundarschulabschluss einer Institution in einem der Unterzeichnerstaaten des Pariser Abkommens \u00fcber die Anerkennung von Diplomen oder der Lissabon-Konvention \u00fcber die Anerkennung von Diplomen.<\/li>\n\n\n\n<li class=\"ulux-list-item\">Alle Bewerber<strong>*<\/strong>innen mit einem Sekundarschulabschluss aus einem Mitgliedstaat der Europ\u00e4ischen Union.<\/li>\n\n\n\n<li class=\"ulux-list-item\">Alle Bewerber*innen mit einem Diplom, das au\u00dferhalb der EU\/des EWR erworben wurde.<\/li>\n<\/ul>\n\n<p><strong>Hinweis:<\/strong> F\u00fcr dieses Verfahren m\u00fcssen die Bewerber*innen im Besitz eines Sekundarschulabschlusses oder Diploms sein.<br><\/p>\n\n<ul class=\"wp-block-unilux-blocks-button-list-v2\">\n<li class=\"wp-block-unilux-blocks-button-list-item-v2\"><a class=\"quick-link\" href=\"https:\/\/guichet.public.lu\/de\/citoyens\/famille-education\/enseignement-secondaire\/jeune-recemment-arrive-pays\/reconnaissance-etudes\/reconnaissance-bac-maturite.html\" target=\"_blank\" role=\"link\" rel=\"noopener\" tabindex=\"0\"><span class=\"quick-link__container\">\n<div class=\"wp-block-unilux-blocks-block-inserter quick-link__img\">\n<div class=\"icon--primary icon--secondary-2 icon--xl wp-block-unilux-blocks-icon-picker\">\n    <svg aria-hidden=\"true\" focusable=\"false\" class=\"icon icon-outline icon--register \"><use xlink:href=\"https:\/\/www.uni.lu\/wp-content\/themes\/unilux-theme\/assets\/images\/icons\/icons-outline.svg#icon--register\"><\/use><\/svg><\/div><\/div>\n\n\n\n<span class=\"quick-link__name wp-block-unilux-blocks-plain-text\">Antrag auf Anerkennung von Sekundarschulabschl\u00fcssen (Gleichwertigkeit)<\/span>\n\n<svg aria-hidden=\"true\" focusable=\"false\" class=\"icon icon-outline icon--external-link \"><use xlink:href=\"https:\/\/www.uni.lu\/wp-content\/themes\/unilux-theme\/assets\/images\/icons\/icons-outline.svg#icon--external-link\"><\/use><\/svg><\/span><\/a><\/li>\n\n\n\n<li class=\"wp-block-unilux-blocks-button-list-item-v2\"><a class=\"quick-link\" href=\"mailto:reconnaissance@men.lu\" target=\"\" role=\"link\" rel=\"noopener\" tabindex=\"0\"><span class=\"quick-link__container\">\n<div class=\"wp-block-unilux-blocks-block-inserter quick-link__img\">\n<div class=\"icon--primary icon--secondary-2 icon--xl wp-block-unilux-blocks-icon-picker\">\n    <svg aria-hidden=\"true\" focusable=\"false\" class=\"icon icon-outline icon--email \"><use xlink:href=\"https:\/\/www.uni.lu\/wp-content\/themes\/unilux-theme\/assets\/images\/icons\/icons-outline.svg#icon--email\"><\/use><\/svg><\/div><\/div>\n\n\n\n<span class=\"quick-link__name wp-block-unilux-blocks-plain-text\">Wenden Sie sich an das luxemburgischen Bildungsministerium<\/span>\n\n<svg aria-hidden=\"true\" focusable=\"false\" class=\"icon icon-outline icon--external-link \"><use xlink:href=\"https:\/\/www.uni.lu\/wp-content\/themes\/unilux-theme\/assets\/images\/icons\/icons-outline.svg#icon--external-link\"><\/use><\/svg><\/span><\/a><\/li>\n<\/ul>\n        <\/div>\n    <\/div>\n<\/div>\n\n<div class=\"accordion__item  wp-block-unilux-blocks-accordion-item\">\n    <h3 class=\"accordion__header\"\n                    id=\"bewerbungen-fuer-masterstudiengaenge\"\n        >\n        <button\n            type=\"button\"\n            id=\"accordion-labelledby-95054136-38af-4967-b077-262590d72ba3\"\n            class=\"accordion__button collapsed\"\n            aria-expanded=\"false\"\n            aria-controls=\"accordion-panel-95054136-38af-4967-b077-262590d72ba3\"\n            data-bs-toggle=\"collapse\"\n            data-bs-target=\"#accordion-panel-95054136-38af-4967-b077-262590d72ba3\"\n        >\n            <span class=\"accordion__title\">\n                                <strong>Bewerbungen f\u00fcr Masterstudieng\u00e4nge<\/strong>            <\/span>\n\n            <svg aria-hidden=\"true\" focusable=\"false\" class=\"icon icon-outline icon--arrow-down \"><use xlink:href=\"https:\/\/www.uni.lu\/wp-content\/themes\/unilux-theme\/assets\/images\/icons\/icons-outline.svg#icon--arrow-down\"><\/use><\/svg>        <\/button>\n    <\/h3>\n    <div id=\"accordion-panel-95054136-38af-4967-b077-262590d72ba3\"\n        class=\"accordion__collapse collapse\"\n        aria-labelledby=\"accordion-labelledby-95054136-38af-4967-b077-262590d72ba3\"\n        data-bs-parent=\"[data-reference=&quot;8dd86a3c-48f3-4aac-8c0e-c8fb6adc9e58&quot;]\"\n    >\n        <div class=\"accordion__body \">\n            \n<h2 class=\"has-text-align-left wp-block-unilux-blocks-heading\"        id=\"anerkennung-von-hochschulabschluessen-registrierung-im-zertifikatsregister\"\n    >\nAnerkennung von Hochschulabschl\u00fcssen (Registrierung im Zertifikatsregister)<\/h2>\n\n<p>Zur Vorbereitung auf die Einschreibung in einen Masterstudiengang an der Universit\u00e4t Luxemburg muss jeder Studierende, der nicht im Besitz eines Bachelorabschlusses ist, der mindestens 180&nbsp;ECTS-Leistungspunkten entspricht (gem\u00e4\u00df dem Bologna-Qualifikationsrahmen), von einer Hochschuleinrichtung in einem anderen EU-\/EWR-Mitgliedstaat oder in der Schweizerischen Eidgenossenschaft ausgestellt wurde, von den zust\u00e4ndigen Beh\u00f6rden dieses Staates anerkannt worden sein, wobei der Studierende \u00fcber einen von denselben zust\u00e4ndigen Beh\u00f6rden anerkannte Bescheinigung verf\u00fcgt und die Registrierung seines Diploms bei der Hochschulabteilung des vom Ministerium f\u00fcr Hochschulwesen und Forschung in Luxemburg gef\u00fchrten Zeugnisregisters beantragt.<\/p>\n\n<p><strong>Das Titelregister ist bei der Bewerbung f\u00fcr den von Ihnen gew\u00e4hlten Studiengang nicht erforderlich<\/strong>, da es erst <strong>nach Ihrer Zulassung zur Universit\u00e4t<\/strong> beim Ministerium f\u00fcr Forschung und Hochschulbildung beantragt werden kann. Die vollst\u00e4ndigen Voraussetzungen sowie die erforderlichen Unterlagen entnehmen Sie bitte dem untenstehenden Link : <\/p>\n\n<ul class=\"wp-block-unilux-blocks-button-list-v2\">\n<li class=\"wp-block-unilux-blocks-button-list-item-v2\"><a class=\"quick-link\" href=\"https:\/\/guichet.public.lu\/de\/citoyens\/famille-education\/etudes-superieures\/reconnaissance-diplomes\/inscription-registre-titres.html\" target=\"_blank\" role=\"link\" rel=\"noopener\" tabindex=\"0\"><span class=\"quick-link__container\">\n<div class=\"wp-block-unilux-blocks-block-inserter quick-link__img\">\n<div class=\"icon--primary icon--secondary-2 icon--xl wp-block-unilux-blocks-icon-picker\">\n    <svg aria-hidden=\"true\" focusable=\"false\" class=\"icon icon-outline icon--register \"><use xlink:href=\"https:\/\/www.uni.lu\/wp-content\/themes\/unilux-theme\/assets\/images\/icons\/icons-outline.svg#icon--register\"><\/use><\/svg><\/div><\/div>\n\n\n\n<span class=\"quick-link__name wp-block-unilux-blocks-plain-text\">Antrag auf Registrierung Ihres Bachelorabschlusses im Titelregister<\/span>\n\n<svg aria-hidden=\"true\" focusable=\"false\" class=\"icon icon-outline icon--external-link \"><use xlink:href=\"https:\/\/www.uni.lu\/wp-content\/themes\/unilux-theme\/assets\/images\/icons\/icons-outline.svg#icon--external-link\"><\/use><\/svg><\/span><\/a><\/li>\n<\/ul>\n        <\/div>\n    <\/div>\n<\/div><\/div>\n\n\n<div class=\"wp-block-unilux-blocks-spacer is-spacer-size-sm\"><\/div>\n\n\n<h2 class=\"has-text-align-left wp-block-unilux-blocks-heading\"        id=\"wer-qualifiziert-sich-fuer-die-anerkennung-der-vorerfahrung\"\n    >\nWer qualifiziert sich f\u00fcr die Anerkennung der Vorerfahrung?<\/h2>\n\n\n\n<ul class=\"wp-block-unilux-blocks-quick-link-underline\">\n    \n<li class=\"wp-block-unilux-blocks-quick-link-underline-item\">\n    <a\n            href=\"https:\/\/www.uni.lu\/de\/zulassung\/anerkennung-der-vorerfahrung\/\"\n            class=\"wp-block-unilux-blocks-anchor\"        target=\"\"\n>\n    \n<span class=\"hero__title__subject wp-block-unilux-blocks-plain-text\">Anerkennung der Vorerfahrung<\/span><svg aria-hidden=\"true\" focusable=\"false\" class=\"icon icon-outline icon--arrow-right \"><use xlink:href=\"https:\/\/www.uni.lu\/wp-content\/themes\/unilux-theme\/assets\/images\/icons\/icons-outline.svg#icon--arrow-right\"><\/use><\/svg><\/a>\n<\/li>\n<\/ul><\/div><\/section>\n\n\n<section class=\"section section wp-block-unilux-blocks-quick-link-discover-section\">\n    <div class=\"container xl:max-w-screen-xl\">\n        \n<h2 class=\"has-text-align-left wp-block-unilux-blocks-heading\"        id=\"zulassungsprozess\"\n    >\nZulassungsprozess<\/h2>\n\n<ul class=\"wp-block-unilux-blocks-quick-link-discover quick-link-list\">\n<li class=\"wp-block-unilux-blocks-quick-link-discover-item\">\n    <a\n                    href=\"https:\/\/www.uni.lu\/de\/zulassung\/bachelor-master\/#erforderliche-dokumente\"\n                    class=\"quick-link\"\n            target=\"\"\n    >\n            <span class=\"quick-link__container\">\n                <span class=\"quick-link__text\">\n                    Welche weiteren Dokumente sind erforderlich?                <\/span>\n                <svg aria-hidden=\"true\" focusable=\"false\" class=\"icon icon-outline icon--arrow-right \"><use xlink:href=\"https:\/\/www.uni.lu\/wp-content\/themes\/unilux-theme\/assets\/images\/icons\/icons-outline.svg#icon--arrow-right\"><\/use><\/svg>            <\/span>\n    <\/a>\n<\/li>\n<\/ul>\n    <\/div>\n<\/section>","protected":false},"excerpt":{"rendered":"","protected":false},"author":210,"featured_media":0,"parent":16,"menu_order":0,"comment_status":"closed","ping_status":"closed","template":"","meta":{"featured_image_focal_point":[],"show_featured_caption":false,"ulux_newsletter_groups":"","uluxPostTitle":"Zulassung","uluxPrePostTitle":"","_trash_the_other_posts":false,"_price":"","_stock":"","_tribe_ticket_header":"","_tribe_default_ticket_provider":"","_tribe_ticket_capacity":"0","_ticket_start_date":"","_ticket_end_date":"","_tribe_ticket_show_description":"","_tribe_ticket_show_not_going":false,"_tribe_ticket_use_global_stock":"","_tribe_ticket_global_stock_level":"","_global_stock_mode":"","_global_stock_cap":"","_tribe_rsvp_for_event":"","_tribe_ticket_going_count":"","_tribe_ticket_not_going_count":"","_tribe_tickets_list":"[]","_tribe_ticket_has_attendee_info_fields":false,"footnotes":""},"field-of-interest":[],"organisation":[],"authorship":[210,68,337],"acf":[],"yoast_head":"<!-- This site is optimized with the Yoast SEO Premium plugin v22.3 (Yoast SEO v22.3) - https:\/\/yoast.com\/wordpress\/plugins\/seo\/ -->\n<title>Diplomanerkennung - Universit\u00e4t Luxemburg<\/title>\n<meta name=\"description\" content=\"Diplomanerkennung, Anerkennung von Sekundarschulabschl\u00fcssen, und Anerkennung von Hochschulabschl\u00fcssen\" \/>\n<meta name=\"robots\" content=\"index, follow, max-snippet:-1, max-image-preview:large, max-video-preview:-1\" \/>\n<link rel=\"canonical\" href=\"https:\/\/www.uni.lu\/de\/zulassung\/diplomanerkennung\/\" \/>\n<meta property=\"og:locale\" content=\"de_DE\" \/>\n<meta property=\"og:type\" content=\"article\" \/>\n<meta property=\"og:title\" content=\"Diplomanerkennung\" \/>\n<meta property=\"og:description\" content=\"Diplomanerkennung, Anerkennung von Sekundarschulabschl\u00fcssen, und Anerkennung von Hochschulabschl\u00fcssen\" \/>\n<meta property=\"og:url\" content=\"https:\/\/www.uni.lu\/de\/zulassung\/diplomanerkennung\/\" \/>\n<meta property=\"og:site_name\" content=\"UNI DE\" \/>\n<meta property=\"article:publisher\" content=\"https:\/\/www.facebook.com\/uni.lu\" \/>\n<meta property=\"article:modified_time\" content=\"2026-02-11T09:54:30+00:00\" \/>\n<meta property=\"og:image\" content=\"https:\/\/www.uni.lu\/wp-content\/uploads\/sites\/10\/2026\/03\/03120000\/UNIV_SM-Profile_1600x1600px-scaled.jpg\" \/>\n\t<meta property=\"og:image:width\" content=\"2560\" \/>\n\t<meta property=\"og:image:height\" content=\"2560\" \/>\n\t<meta property=\"og:image:type\" content=\"image\/jpeg\" \/>\n<meta name=\"twitter:card\" content=\"summary_large_image\" \/>\n<meta name=\"twitter:label1\" content=\"Gesch\u00e4tzte Lesezeit\" \/>\n\t<meta name=\"twitter:data1\" content=\"2 Minuten\" \/>\n<script type=\"application\/ld+json\" class=\"yoast-schema-graph\">{\"@context\":\"https:\/\/schema.org\",\"@graph\":[{\"@type\":\"WebPage\",\"@id\":\"https:\/\/www.uni.lu\/de\/zulassung\/diplomanerkennung\/\",\"url\":\"https:\/\/www.uni.lu\/de\/zulassung\/diplomanerkennung\/\",\"name\":\"Diplomanerkennung - Universit\u00e4t Luxemburg\",\"isPartOf\":{\"@id\":\"https:\/\/www.uni.lu\/de\/#website\"},\"datePublished\":\"2023-10-26T11:28:03+00:00\",\"dateModified\":\"2026-02-11T09:54:30+00:00\",\"description\":\"Diplomanerkennung, Anerkennung von Sekundarschulabschl\u00fcssen, und Anerkennung von Hochschulabschl\u00fcssen\",\"breadcrumb\":{\"@id\":\"https:\/\/www.uni.lu\/de\/zulassung\/diplomanerkennung\/#breadcrumb\"},\"inLanguage\":\"de-DE\",\"potentialAction\":[{\"@type\":\"ReadAction\",\"target\":[\"https:\/\/www.uni.lu\/de\/zulassung\/diplomanerkennung\/\"]}]},{\"@type\":\"BreadcrumbList\",\"@id\":\"https:\/\/www.uni.lu\/de\/zulassung\/diplomanerkennung\/#breadcrumb\",\"itemListElement\":[{\"@type\":\"ListItem\",\"position\":1,\"name\":\"Home\",\"item\":\"https:\/\/www.uni.lu\/de\/\"},{\"@type\":\"ListItem\",\"position\":2,\"name\":\"Zulassung\",\"item\":\"https:\/\/www.uni.lu\/de\/zulassung\/\"},{\"@type\":\"ListItem\",\"position\":3,\"name\":\"Diplomanerkennung\"}]},{\"@type\":\"WebSite\",\"@id\":\"https:\/\/www.uni.lu\/de\/#website\",\"url\":\"https:\/\/www.uni.lu\/de\/\",\"name\":\"Uni.lu\",\"description\":\"Universit\u00e4t Luxemburg\",\"publisher\":{\"@id\":\"https:\/\/www.uni.lu\/de\/#organization\"},\"alternateName\":\"Universit\u00e4t Luxemburg\",\"potentialAction\":[{\"@type\":\"SearchAction\",\"target\":{\"@type\":\"EntryPoint\",\"urlTemplate\":\"https:\/\/www.uni.lu\/de\/?s={search_term_string}\"},\"query-input\":\"required name=search_term_string\"}],\"inLanguage\":\"de-DE\"},{\"@type\":\"Organization\",\"@id\":\"https:\/\/www.uni.lu\/de\/#organization\",\"name\":\"Universit\u00e4t Luxemburg\",\"alternateName\":\"Uni.lu\",\"url\":\"https:\/\/www.uni.lu\/de\/\",\"logo\":{\"@type\":\"ImageObject\",\"inLanguage\":\"de-DE\",\"@id\":\"https:\/\/www.uni.lu\/de\/#\/schema\/logo\/image\/\",\"url\":\"https:\/\/www.uni.lu\/wp-content\/uploads\/sites\/10\/2026\/03\/03120000\/UNIV_SM-Profile_1600x1600px-scaled.jpg\",\"contentUrl\":\"https:\/\/www.uni.lu\/wp-content\/uploads\/sites\/10\/2026\/03\/03120000\/UNIV_SM-Profile_1600x1600px-scaled.jpg\",\"width\":2560,\"height\":2560,\"caption\":\"Universit\u00e4t Luxemburg\"},\"image\":{\"@id\":\"https:\/\/www.uni.lu\/de\/#\/schema\/logo\/image\/\"},\"sameAs\":[\"https:\/\/www.facebook.com\/uni.lu\",\"https:\/\/www.linkedin.com\/school\/university-of-luxembourg\/\",\"https:\/\/www.instagram.com\/uni.lu\",\"https:\/\/www.youtube.com\/@uni_lu\",\"https:\/\/en.wikipedia.org\/wiki\/University_of_Luxembourg\"]}]}<\/script>\n<!-- \/ Yoast SEO Premium plugin. -->","yoast_head_json":{"title":"Diplomanerkennung - Universit\u00e4t Luxemburg","description":"Diplomanerkennung, Anerkennung von Sekundarschulabschl\u00fcssen, und Anerkennung von Hochschulabschl\u00fcssen","robots":{"index":"index","follow":"follow","max-snippet":"max-snippet:-1","max-image-preview":"max-image-preview:large","max-video-preview":"max-video-preview:-1"},"canonical":"https:\/\/www.uni.lu\/de\/zulassung\/diplomanerkennung\/","og_locale":"de_DE","og_type":"article","og_title":"Diplomanerkennung","og_description":"Diplomanerkennung, Anerkennung von Sekundarschulabschl\u00fcssen, und Anerkennung von Hochschulabschl\u00fcssen","og_url":"https:\/\/www.uni.lu\/de\/zulassung\/diplomanerkennung\/","og_site_name":"UNI DE","article_publisher":"https:\/\/www.facebook.com\/uni.lu","article_modified_time":"2026-02-11T09:54:30+00:00","og_image":[{"width":2560,"height":2560,"url":"https:\/\/www.uni.lu\/wp-content\/uploads\/sites\/10\/2026\/03\/03120000\/UNIV_SM-Profile_1600x1600px-scaled.jpg","type":"image\/jpeg"}],"twitter_card":"summary_large_image","twitter_misc":{"Gesch\u00e4tzte Lesezeit":"2 Minuten"},"schema":{"@context":"https:\/\/schema.org","@graph":[{"@type":"WebPage","@id":"https:\/\/www.uni.lu\/de\/zulassung\/diplomanerkennung\/","url":"https:\/\/www.uni.lu\/de\/zulassung\/diplomanerkennung\/","name":"Diplomanerkennung - Universit\u00e4t Luxemburg","isPartOf":{"@id":"https:\/\/www.uni.lu\/de\/#website"},"datePublished":"2023-10-26T11:28:03+00:00","dateModified":"2026-02-11T09:54:30+00:00","description":"Diplomanerkennung, Anerkennung von Sekundarschulabschl\u00fcssen, und Anerkennung von Hochschulabschl\u00fcssen","breadcrumb":{"@id":"https:\/\/www.uni.lu\/de\/zulassung\/diplomanerkennung\/#breadcrumb"},"inLanguage":"de-DE","potentialAction":[{"@type":"ReadAction","target":["https:\/\/www.uni.lu\/de\/zulassung\/diplomanerkennung\/"]}]},{"@type":"BreadcrumbList","@id":"https:\/\/www.uni.lu\/de\/zulassung\/diplomanerkennung\/#breadcrumb","itemListElement":[{"@type":"ListItem","position":1,"name":"Home","item":"https:\/\/www.uni.lu\/de\/"},{"@type":"ListItem","position":2,"name":"Zulassung","item":"https:\/\/www.uni.lu\/de\/zulassung\/"},{"@type":"ListItem","position":3,"name":"Diplomanerkennung"}]},{"@type":"WebSite","@id":"https:\/\/www.uni.lu\/de\/#website","url":"https:\/\/www.uni.lu\/de\/","name":"Uni.lu","description":"Universit\u00e4t Luxemburg","publisher":{"@id":"https:\/\/www.uni.lu\/de\/#organization"},"alternateName":"Universit\u00e4t Luxemburg","potentialAction":[{"@type":"SearchAction","target":{"@type":"EntryPoint","urlTemplate":"https:\/\/www.uni.lu\/de\/?s={search_term_string}"},"query-input":"required name=search_term_string"}],"inLanguage":"de-DE"},{"@type":"Organization","@id":"https:\/\/www.uni.lu\/de\/#organization","name":"Universit\u00e4t Luxemburg","alternateName":"Uni.lu","url":"https:\/\/www.uni.lu\/de\/","logo":{"@type":"ImageObject","inLanguage":"de-DE","@id":"https:\/\/www.uni.lu\/de\/#\/schema\/logo\/image\/","url":"https:\/\/www.uni.lu\/wp-content\/uploads\/sites\/10\/2026\/03\/03120000\/UNIV_SM-Profile_1600x1600px-scaled.jpg","contentUrl":"https:\/\/www.uni.lu\/wp-content\/uploads\/sites\/10\/2026\/03\/03120000\/UNIV_SM-Profile_1600x1600px-scaled.jpg","width":2560,"height":2560,"caption":"Universit\u00e4t Luxemburg"},"image":{"@id":"https:\/\/www.uni.lu\/de\/#\/schema\/logo\/image\/"},"sameAs":["https:\/\/www.facebook.com\/uni.lu","https:\/\/www.linkedin.com\/school\/university-of-luxembourg\/","https:\/\/www.instagram.com\/uni.lu","https:\/\/www.youtube.com\/@uni_lu","https:\/\/en.wikipedia.org\/wiki\/University_of_Luxembourg"]}]}},"ticketed":false,"_links":{"self":[{"href":"https:\/\/www.uni.lu\/de\/wp-json\/wp\/v2\/pages\/1589"}],"collection":[{"href":"https:\/\/www.uni.lu\/de\/wp-json\/wp\/v2\/pages"}],"about":[{"href":"https:\/\/www.uni.lu\/de\/wp-json\/wp\/v2\/types\/page"}],"author":[{"embeddable":true,"href":"https:\/\/www.uni.lu\/de\/wp-json\/wp\/v2\/users\/210"}],"replies":[{"embeddable":true,"href":"https:\/\/www.uni.lu\/de\/wp-json\/wp\/v2\/comments?post=1589"}],"version-history":[{"count":4,"href":"https:\/\/www.uni.lu\/de\/wp-json\/wp\/v2\/pages\/1589\/revisions"}],"predecessor-version":[{"id":8705,"href":"https:\/\/www.uni.lu\/de\/wp-json\/wp\/v2\/pages\/1589\/revisions\/8705"}],"up":[{"embeddable":true,"href":"https:\/\/www.uni.lu\/de\/wp-json\/wp\/v2\/pages\/16"}],"wp:authorship":[{"embeddable":true,"href":"https:\/\/www.uni.lu\/de\/wp-json\/wp\/v2\/users\/210"},{"embeddable":true,"href":"https:\/\/www.uni.lu\/de\/wp-json\/wp\/v2\/users\/68"},{"embeddable":true,"href":"https:\/\/www.uni.lu\/de\/wp-json\/wp\/v2\/users\/337"}],"wp:attachment":[{"href":"https:\/\/www.uni.lu\/de\/wp-json\/wp\/v2\/media?parent=1589"}],"wp:term":[{"taxonomy":"field-of-interest","embeddable":true,"href":"https:\/\/www.uni.lu\/de\/wp-json\/wp\/v2\/field-of-interest?post=1589"},{"taxonomy":"organisation","embeddable":true,"href":"https:\/\/www.uni.lu\/de\/wp-json\/wp\/v2\/organisation?post=1589"}],"curies":[{"name":"wp","href":"https:\/\/api.w.org\/{rel}","templated":true}]}}