{"id":1583,"date":"2023-10-26T13:25:04","date_gmt":"2023-10-26T11:25:04","guid":{"rendered":"https:\/\/www.uni.lu\/de\/?page_id=1583"},"modified":"2025-07-04T11:44:51","modified_gmt":"2025-07-04T09:44:51","slug":"erforderliche-dokumente","status":"publish","type":"page","link":"https:\/\/www.uni.lu\/de\/zulassung\/bachelor-master\/erforderliche-dokumente\/","title":{"rendered":"Erforderliche Dokumente"},"content":{"rendered":"\n<section class=\"wp-block-unilux-blocks-free-section section\"><div class=\"container xl:max-w-screen-xl\">\n<h1 class=\"has-text-align-left wp-block-unilux-blocks-heading\"        id=\"erforderliche-dokumente\"\n    >\nErforderliche Dokumente<\/h1>\n\n\n\n<p>Wir empfehlen Ihnen, alle erforderlichen Dokumente vor Beginn Ihrer Bewerbung vorzubereiten. Die erforderlichen Dokumente sind je nach gew\u00e4hltem Studiengang und pers\u00f6nlichem Werdegang unterschiedlich. Nachstehend finden Sie eine <strong>Liste der Dokumente, die wir h\u00e4ufig anfragen<\/strong>. Diese Liste ist unverbindlich, wobei <strong>zus\u00e4tzliche Dokumente je nach gew\u00e4hltem Studiengang erforderlich sein k\u00f6nnen<\/strong>. W\u00e4hrend der Bewerbung gibt Ihnen das System an, welche Dokumente Sie hochladen m\u00fcssen, um Ihre Bewerbung f\u00fcr den gew\u00fcnschten Studiengang einzureichen.<\/p>\n\n\n\n<p>Alle Dokumente m\u00fcssen als <strong>PDF, JPG oder PNG<\/strong> hochgeladen werden.<strong> Maximale Gr\u00f6\u00dfe pro Dokument: 5&nbsp;MB.<\/strong><\/p>\n\n\n\n<div class=\"icon--primary icon--secondary-2 icon--2xl wp-block-unilux-blocks-icon-picker\">\n    <svg aria-hidden=\"true\" focusable=\"false\" class=\"icon icon-outline icon--warning \"><use xlink:href=\"https:\/\/www.uni.lu\/wp-content\/themes\/unilux-theme\/assets\/images\/icons\/icons-outline.svg#icon--warning\"><\/use><\/svg><\/div>\n\n<div class=\"wp-block-unilux-blocks-spacer is-spacer-size-sm\"><\/div>\n\n\n<p><strong>F\u00fcr Nicht-EU-Studenten:<\/strong> Im Falle der Zulassung m\u00fcssen Sie Ihr Strafregister beantragen, um das Einwanderungsverfahren durchzuf\u00fchren. Wir <strong>empfehlen<\/strong> <strong>Ihnen dringend<\/strong>, das <strong>Strafregister <\/strong>Ihres Wohnsitzlandes im Voraus anzufordern, um das Verfahren beim Ministerium f\u00fcr Ausw\u00e4rtige Angelegenheiten zu beschleunigen. Wir schlagen vor, dass Sie dieses Dokument sp\u00e4testens Anfang April anfordern, auch wenn Sie das Ergebnis Ihrer Bewerbung noch nicht erhalten haben.<\/p>\n\n\n<div class=\"wp-block-unilux-blocks-spacer is-spacer-size-sm\"><\/div>\n\n\n<p><strong><strong>Im Allgemeinen erforderliche Dokumente<\/strong><\/strong><\/p>\n\n\n\n<div class=\"wp-block-columns is-layout-flex wp-block-columns-is-layout-flex\">\n<div class=\"wp-block-column is-layout-flow wp-block-column-is-layout-flow\">\n<p><strong><strong>F\u00fcr Bachelor-Bewerbungen<\/strong><\/strong><\/p>\n\n\n\n<ul class=\"ulux-list\">\n<li class=\"ulux-list-item\">Passbild<\/li>\n\n\n\n<li class=\"ulux-list-item\">Kopie Ihres Personalausweises oder Reisepasses<\/li>\n\n\n\n<li class=\"ulux-list-item\">Kopie der europ\u00e4ischen Krankenversicherungskarte (beide Seiten); Studenten, die nicht aus der EU kommen, k\u00f6nnen diese Karte bei ihrer Ankunft in Luxemburg gegen Zahlung einer Geb\u00fchr erhalten<\/li>\n\n\n\n<li class=\"ulux-list-item\">Kopie Ihres Abschlusses der Sekundarstufe (weitere Informationen zu den Kriterien f\u00fcr Ihre spezielle Situation finden Sie in den Zulassungskriterien)<\/li>\n\n\n\n<li class=\"ulux-list-item\">Kopie des Gleichwertigkeitszertifikates der Sekundarschulabschl\u00fcsse, die nicht in Luxemburg erhalten wurden (siehe Seite zur Anerkennung der Gleichwertigkeit von Diplomen)<\/li>\n\n\n\n<li class=\"ulux-list-item\">\u00dcbersetzung des Diploms, wenn dieses in einer anderen Sprache als Englisch, Franz\u00f6sisch oder Deutsch ausgestellt wurde<\/li>\n\n\n\n<li class=\"ulux-list-item\">Kopie der detaillierten Abschrift Ihres Sekundarschulabschlusses<\/li>\n\n\n\n<li class=\"ulux-list-item\">Kopie der erhaltenen Noten fr\u00fcherer Semester<\/li>\n\n\n\n<li class=\"ulux-list-item\">Sprachzertifikat f\u00fcr alle im Studiengang verwendeten Lehrsprachen (<a href=\"https:\/\/www.uni.lu\/de\/bewerbung\/nachweis-von-sprachkenntnissen\/\">Erfahren Sie hier mehr \u00fcber die von uns akzeptierten Zertifikate<\/a>)<\/li>\n<\/ul>\n<\/div>\n\n\n\n<div class=\"wp-block-column is-layout-flow wp-block-column-is-layout-flow\">\n<p><strong><strong>F\u00fcr Master-Bewerbungen<\/strong><\/strong><\/p>\n\n\n\n<ul class=\"ulux-list\">\n<li class=\"ulux-list-item\">Passbild<\/li>\n\n\n\n<li class=\"ulux-list-item\">Kopie Ihres Personalausweises oder Reisepasses<\/li>\n\n\n\n<li class=\"ulux-list-item\">Kopie der europ\u00e4ischen Krankenversicherungskarte (beide Seiten); Studenten, die nicht aus der EU kommen, k\u00f6nnen diese Karte bei ihrer Ankunft in Luxemburg gegen Zahlung einer Geb\u00fchr erhalten<\/li>\n\n\n\n<li class=\"ulux-list-item\">Kopie Ihres Hochschulabschlusszeugnisses (weitere Informationen zu den Kriterien f\u00fcr Ihre spezielle Situation finden Sie in den Zulassungskriterien)<\/li>\n\n\n\n<li class=\"ulux-list-item\">\u00dcbersetzung des Diploms, wenn dieses in einer anderen Sprache als Englisch, Franz\u00f6sisch oder Deutsch ausgestellt wurde<\/li>\n\n\n\n<li class=\"ulux-list-item\">Detaillierte Abschrift aller Noten, die Sie in Ihrem Bachelorabschluss erhalten haben<\/li>\n\n\n\n<li class=\"ulux-list-item\">Kopie der Anerkennung oder Akkreditierung Ihres am weitesten fortgeschrittenen Abschlusses, wenn Sie Ihren Abschluss in einem Land erhalten haben, das kein Mitgliedstaat der Europ\u00e4ischen Union ist (dieses Dokument wird angefordert, nachdem Sie in der Universit\u00e4t akzeptiert wurden)<\/li>\n\n\n\n<li class=\"ulux-list-item\">Sprachzertifikat f\u00fcr alle im Studiengang verwendeten Lehrsprachen (<a href=\"https:\/\/www.uni.lu\/de\/bewerbung\/nachweis-von-sprachkenntnissen\/\">Erfahren Sie hier mehr \u00fcber die von uns akzeptierten Zertifikate<\/a>)<\/li>\n<\/ul>\n<\/div>\n<\/div>\n\n\n\n<p><em><em>In manchen F\u00e4llen fordern wir ebenfalls die folgenden Dokumente an:<\/em><\/em><\/p>\n\n\n\n<ul class=\"ulux-list\">\n<li class=\"ulux-list-item\">Bewerbungsschreiben (in dem Sie erkl\u00e4ren, weshalb Sie sich f\u00fcr den gew\u00fcnschten Bereich oder Studiengang interessieren, mit Schwerpunkt auf Ihre Karriereziele usw.)<\/li>\n\n\n\n<li class=\"ulux-list-item\">Detaillierter Lebenslauf<\/li>\n\n\n\n<li class=\"ulux-list-item\">Vollst\u00e4ndige Kontaktdaten von zwei&nbsp;Referenzen<\/li>\n\n\n\n<li class=\"ulux-list-item\">Empfehlungsschreiben<\/li>\n<\/ul>\n<\/div><\/section>\n","protected":false},"excerpt":{"rendered":"","protected":false},"author":337,"featured_media":0,"parent":33,"menu_order":0,"comment_status":"closed","ping_status":"closed","template":"","meta":{"featured_image_focal_point":[],"show_featured_caption":false,"ulux_newsletter_groups":"","uluxPostTitle":"Bachelor- und Masterstudieng\u00e4nge","uluxPrePostTitle":"Zulassung","_trash_the_other_posts":false,"_price":"","_stock":"","_tribe_ticket_header":"","_tribe_default_ticket_provider":"","_tribe_ticket_capacity":"0","_ticket_start_date":"","_ticket_end_date":"","_tribe_ticket_show_description":"","_tribe_ticket_show_not_going":false,"_tribe_ticket_use_global_stock":"","_tribe_ticket_global_stock_level":"","_global_stock_mode":"","_global_stock_cap":"","_tribe_rsvp_for_event":"","_tribe_ticket_going_count":"","_tribe_ticket_not_going_count":"","_tribe_tickets_list":"[]","_tribe_ticket_has_attendee_info_fields":false,"footnotes":""},"field-of-interest":[],"organisation":[],"authorship":[210,68,337],"acf":[],"yoast_head":"<!-- This site is optimized with the Yoast SEO Premium plugin v22.3 (Yoast SEO v22.3) - https:\/\/yoast.com\/wordpress\/plugins\/seo\/ -->\n<title>Erforderliche Dokumente - Universit\u00e4t Luxemburg<\/title>\n<meta name=\"description\" content=\"Die erforderlichen Dokumente sind je nach gew\u00e4hltem Studiengang und pers\u00f6nlichem Werdegang unterschiedlich.\" \/>\n<meta name=\"robots\" content=\"index, follow, max-snippet:-1, max-image-preview:large, max-video-preview:-1\" \/>\n<link rel=\"canonical\" href=\"https:\/\/www.uni.lu\/de\/zulassung\/bachelor-master\/erforderliche-dokumente\/\" \/>\n<meta property=\"og:locale\" content=\"de_DE\" \/>\n<meta property=\"og:type\" content=\"article\" \/>\n<meta property=\"og:title\" content=\"Erforderliche Dokumente\" \/>\n<meta property=\"og:description\" content=\"Die erforderlichen Dokumente sind je nach gew\u00e4hltem Studiengang und pers\u00f6nlichem Werdegang unterschiedlich.\" \/>\n<meta property=\"og:url\" content=\"https:\/\/www.uni.lu\/de\/zulassung\/bachelor-master\/erforderliche-dokumente\/\" \/>\n<meta property=\"og:site_name\" content=\"UNI DE\" \/>\n<meta property=\"article:publisher\" content=\"https:\/\/www.facebook.com\/uni.lu\" \/>\n<meta property=\"article:modified_time\" content=\"2025-07-04T09:44:51+00:00\" \/>\n<meta property=\"og:image\" content=\"https:\/\/www.uni.lu\/wp-content\/uploads\/sites\/10\/2026\/03\/03120000\/UNIV_SM-Profile_1600x1600px-scaled.jpg\" \/>\n\t<meta property=\"og:image:width\" content=\"2560\" \/>\n\t<meta property=\"og:image:height\" content=\"2560\" \/>\n\t<meta property=\"og:image:type\" content=\"image\/jpeg\" \/>\n<meta name=\"twitter:card\" content=\"summary_large_image\" \/>\n<meta name=\"twitter:label1\" content=\"Gesch\u00e4tzte Lesezeit\" \/>\n\t<meta name=\"twitter:data1\" content=\"3 Minuten\" \/>\n<script type=\"application\/ld+json\" class=\"yoast-schema-graph\">{\"@context\":\"https:\/\/schema.org\",\"@graph\":[{\"@type\":\"WebPage\",\"@id\":\"https:\/\/www.uni.lu\/de\/zulassung\/bachelor-master\/erforderliche-dokumente\/\",\"url\":\"https:\/\/www.uni.lu\/de\/zulassung\/bachelor-master\/erforderliche-dokumente\/\",\"name\":\"Erforderliche Dokumente - Universit\u00e4t Luxemburg\",\"isPartOf\":{\"@id\":\"https:\/\/www.uni.lu\/de\/#website\"},\"datePublished\":\"2023-10-26T11:25:04+00:00\",\"dateModified\":\"2025-07-04T09:44:51+00:00\",\"description\":\"Die erforderlichen Dokumente sind je nach gew\u00e4hltem Studiengang und pers\u00f6nlichem Werdegang unterschiedlich.\",\"breadcrumb\":{\"@id\":\"https:\/\/www.uni.lu\/de\/zulassung\/bachelor-master\/erforderliche-dokumente\/#breadcrumb\"},\"inLanguage\":\"de-DE\",\"potentialAction\":[{\"@type\":\"ReadAction\",\"target\":[\"https:\/\/www.uni.lu\/de\/zulassung\/bachelor-master\/erforderliche-dokumente\/\"]}]},{\"@type\":\"BreadcrumbList\",\"@id\":\"https:\/\/www.uni.lu\/de\/zulassung\/bachelor-master\/erforderliche-dokumente\/#breadcrumb\",\"itemListElement\":[{\"@type\":\"ListItem\",\"position\":1,\"name\":\"Home\",\"item\":\"https:\/\/www.uni.lu\/de\/\"},{\"@type\":\"ListItem\",\"position\":2,\"name\":\"Zulassung\",\"item\":\"https:\/\/www.uni.lu\/de\/zulassung\/\"},{\"@type\":\"ListItem\",\"position\":3,\"name\":\"Bachelor &amp; Master\",\"item\":\"https:\/\/www.uni.lu\/de\/zulassung\/bachelor-master\/\"},{\"@type\":\"ListItem\",\"position\":4,\"name\":\"Erforderliche Dokumente\"}]},{\"@type\":\"WebSite\",\"@id\":\"https:\/\/www.uni.lu\/de\/#website\",\"url\":\"https:\/\/www.uni.lu\/de\/\",\"name\":\"Uni.lu\",\"description\":\"Universit\u00e4t Luxemburg\",\"publisher\":{\"@id\":\"https:\/\/www.uni.lu\/de\/#organization\"},\"alternateName\":\"Universit\u00e4t Luxemburg\",\"potentialAction\":[{\"@type\":\"SearchAction\",\"target\":{\"@type\":\"EntryPoint\",\"urlTemplate\":\"https:\/\/www.uni.lu\/de\/?s={search_term_string}\"},\"query-input\":\"required name=search_term_string\"}],\"inLanguage\":\"de-DE\"},{\"@type\":\"Organization\",\"@id\":\"https:\/\/www.uni.lu\/de\/#organization\",\"name\":\"Universit\u00e4t Luxemburg\",\"alternateName\":\"Uni.lu\",\"url\":\"https:\/\/www.uni.lu\/de\/\",\"logo\":{\"@type\":\"ImageObject\",\"inLanguage\":\"de-DE\",\"@id\":\"https:\/\/www.uni.lu\/de\/#\/schema\/logo\/image\/\",\"url\":\"https:\/\/www.uni.lu\/wp-content\/uploads\/sites\/10\/2026\/03\/03120000\/UNIV_SM-Profile_1600x1600px-scaled.jpg\",\"contentUrl\":\"https:\/\/www.uni.lu\/wp-content\/uploads\/sites\/10\/2026\/03\/03120000\/UNIV_SM-Profile_1600x1600px-scaled.jpg\",\"width\":2560,\"height\":2560,\"caption\":\"Universit\u00e4t Luxemburg\"},\"image\":{\"@id\":\"https:\/\/www.uni.lu\/de\/#\/schema\/logo\/image\/\"},\"sameAs\":[\"https:\/\/www.facebook.com\/uni.lu\",\"https:\/\/www.linkedin.com\/school\/university-of-luxembourg\/\",\"https:\/\/www.instagram.com\/uni.lu\",\"https:\/\/www.youtube.com\/@uni_lu\",\"https:\/\/en.wikipedia.org\/wiki\/University_of_Luxembourg\"]}]}<\/script>\n<!-- \/ Yoast SEO Premium plugin. -->","yoast_head_json":{"title":"Erforderliche Dokumente - Universit\u00e4t Luxemburg","description":"Die erforderlichen Dokumente sind je nach gew\u00e4hltem Studiengang und pers\u00f6nlichem Werdegang unterschiedlich.","robots":{"index":"index","follow":"follow","max-snippet":"max-snippet:-1","max-image-preview":"max-image-preview:large","max-video-preview":"max-video-preview:-1"},"canonical":"https:\/\/www.uni.lu\/de\/zulassung\/bachelor-master\/erforderliche-dokumente\/","og_locale":"de_DE","og_type":"article","og_title":"Erforderliche Dokumente","og_description":"Die erforderlichen Dokumente sind je nach gew\u00e4hltem Studiengang und pers\u00f6nlichem Werdegang unterschiedlich.","og_url":"https:\/\/www.uni.lu\/de\/zulassung\/bachelor-master\/erforderliche-dokumente\/","og_site_name":"UNI DE","article_publisher":"https:\/\/www.facebook.com\/uni.lu","article_modified_time":"2025-07-04T09:44:51+00:00","og_image":[{"width":2560,"height":2560,"url":"https:\/\/www.uni.lu\/wp-content\/uploads\/sites\/10\/2026\/03\/03120000\/UNIV_SM-Profile_1600x1600px-scaled.jpg","type":"image\/jpeg"}],"twitter_card":"summary_large_image","twitter_misc":{"Gesch\u00e4tzte Lesezeit":"3 Minuten"},"schema":{"@context":"https:\/\/schema.org","@graph":[{"@type":"WebPage","@id":"https:\/\/www.uni.lu\/de\/zulassung\/bachelor-master\/erforderliche-dokumente\/","url":"https:\/\/www.uni.lu\/de\/zulassung\/bachelor-master\/erforderliche-dokumente\/","name":"Erforderliche Dokumente - Universit\u00e4t Luxemburg","isPartOf":{"@id":"https:\/\/www.uni.lu\/de\/#website"},"datePublished":"2023-10-26T11:25:04+00:00","dateModified":"2025-07-04T09:44:51+00:00","description":"Die erforderlichen Dokumente sind je nach gew\u00e4hltem Studiengang und pers\u00f6nlichem Werdegang unterschiedlich.","breadcrumb":{"@id":"https:\/\/www.uni.lu\/de\/zulassung\/bachelor-master\/erforderliche-dokumente\/#breadcrumb"},"inLanguage":"de-DE","potentialAction":[{"@type":"ReadAction","target":["https:\/\/www.uni.lu\/de\/zulassung\/bachelor-master\/erforderliche-dokumente\/"]}]},{"@type":"BreadcrumbList","@id":"https:\/\/www.uni.lu\/de\/zulassung\/bachelor-master\/erforderliche-dokumente\/#breadcrumb","itemListElement":[{"@type":"ListItem","position":1,"name":"Home","item":"https:\/\/www.uni.lu\/de\/"},{"@type":"ListItem","position":2,"name":"Zulassung","item":"https:\/\/www.uni.lu\/de\/zulassung\/"},{"@type":"ListItem","position":3,"name":"Bachelor &amp; Master","item":"https:\/\/www.uni.lu\/de\/zulassung\/bachelor-master\/"},{"@type":"ListItem","position":4,"name":"Erforderliche Dokumente"}]},{"@type":"WebSite","@id":"https:\/\/www.uni.lu\/de\/#website","url":"https:\/\/www.uni.lu\/de\/","name":"Uni.lu","description":"Universit\u00e4t Luxemburg","publisher":{"@id":"https:\/\/www.uni.lu\/de\/#organization"},"alternateName":"Universit\u00e4t Luxemburg","potentialAction":[{"@type":"SearchAction","target":{"@type":"EntryPoint","urlTemplate":"https:\/\/www.uni.lu\/de\/?s={search_term_string}"},"query-input":"required name=search_term_string"}],"inLanguage":"de-DE"},{"@type":"Organization","@id":"https:\/\/www.uni.lu\/de\/#organization","name":"Universit\u00e4t Luxemburg","alternateName":"Uni.lu","url":"https:\/\/www.uni.lu\/de\/","logo":{"@type":"ImageObject","inLanguage":"de-DE","@id":"https:\/\/www.uni.lu\/de\/#\/schema\/logo\/image\/","url":"https:\/\/www.uni.lu\/wp-content\/uploads\/sites\/10\/2026\/03\/03120000\/UNIV_SM-Profile_1600x1600px-scaled.jpg","contentUrl":"https:\/\/www.uni.lu\/wp-content\/uploads\/sites\/10\/2026\/03\/03120000\/UNIV_SM-Profile_1600x1600px-scaled.jpg","width":2560,"height":2560,"caption":"Universit\u00e4t Luxemburg"},"image":{"@id":"https:\/\/www.uni.lu\/de\/#\/schema\/logo\/image\/"},"sameAs":["https:\/\/www.facebook.com\/uni.lu","https:\/\/www.linkedin.com\/school\/university-of-luxembourg\/","https:\/\/www.instagram.com\/uni.lu","https:\/\/www.youtube.com\/@uni_lu","https:\/\/en.wikipedia.org\/wiki\/University_of_Luxembourg"]}]}},"ticketed":false,"_links":{"self":[{"href":"https:\/\/www.uni.lu\/de\/wp-json\/wp\/v2\/pages\/1583"}],"collection":[{"href":"https:\/\/www.uni.lu\/de\/wp-json\/wp\/v2\/pages"}],"about":[{"href":"https:\/\/www.uni.lu\/de\/wp-json\/wp\/v2\/types\/page"}],"author":[{"embeddable":true,"href":"https:\/\/www.uni.lu\/de\/wp-json\/wp\/v2\/users\/337"}],"replies":[{"embeddable":true,"href":"https:\/\/www.uni.lu\/de\/wp-json\/wp\/v2\/comments?post=1583"}],"version-history":[{"count":5,"href":"https:\/\/www.uni.lu\/de\/wp-json\/wp\/v2\/pages\/1583\/revisions"}],"predecessor-version":[{"id":4881,"href":"https:\/\/www.uni.lu\/de\/wp-json\/wp\/v2\/pages\/1583\/revisions\/4881"}],"up":[{"embeddable":true,"href":"https:\/\/www.uni.lu\/de\/wp-json\/wp\/v2\/pages\/33"}],"wp:authorship":[{"embeddable":true,"href":"https:\/\/www.uni.lu\/de\/wp-json\/wp\/v2\/users\/210"},{"embeddable":true,"href":"https:\/\/www.uni.lu\/de\/wp-json\/wp\/v2\/users\/68"},{"embeddable":true,"href":"https:\/\/www.uni.lu\/de\/wp-json\/wp\/v2\/users\/337"}],"wp:attachment":[{"href":"https:\/\/www.uni.lu\/de\/wp-json\/wp\/v2\/media?parent=1583"}],"wp:term":[{"taxonomy":"field-of-interest","embeddable":true,"href":"https:\/\/www.uni.lu\/de\/wp-json\/wp\/v2\/field-of-interest?post=1583"},{"taxonomy":"organisation","embeddable":true,"href":"https:\/\/www.uni.lu\/de\/wp-json\/wp\/v2\/organisation?post=1583"}],"curies":[{"name":"wp","href":"https:\/\/api.w.org\/{rel}","templated":true}]}}