{"id":1498,"date":"2023-10-19T15:17:01","date_gmt":"2023-10-19T13:17:01","guid":{"rendered":"https:\/\/www.uni.lu\/de\/?page_id=1498"},"modified":"2025-11-17T16:21:33","modified_gmt":"2025-11-17T15:21:33","slug":"kommission-fuer-die-gleichstellung-der-geschlechter","status":"publish","type":"page","link":"https:\/\/www.uni.lu\/de\/ueber-uns\/universitaetsleitung\/kommission-fuer-die-gleichstellung-der-geschlechter\/","title":{"rendered":"Kommission f\u00fcr die Gleichstellung der Geschlechter"},"content":{"rendered":"\n<section class=\"py-0 wp-block-unilux-blocks-free-section section\"><div class=\"container xl:max-w-screen-xl\">\n<h1 class=\"has-text-align-left wp-block-unilux-blocks-heading\"        id=\"kommission-fuer-die-gleichstellung-der-geschlechter\"\n    >\nKommission f\u00fcr die Gleichstellung der Geschlechter<\/h1>\n<\/div><\/section>\n\n\n\n<section class=\"wp-block-unilux-blocks-free-section section\"><div class=\"container xl:max-w-screen-xl\">\n<p>Die Gleichstellungsbeauftragte Prof. Dr. Skerdilajda Zanaj arbeitet mit den Mitarbeitern der Universit\u00e4t Luxemburg zusammen, um Hindernisse f\u00fcr die Gleichstellung der Geschlechter zu identifizieren und zu beseitigen. Sie unterst\u00fctzt das Rektorat bei der Entwicklung und Umsetzung einer Gleichstellungspolitik. Im Rahmen ihrer T\u00e4tigkeit beteiligt sich die Gleichstellungsbeauftragte an Diskussionen innerhalb nationaler und internationaler Organisationen.<\/p>\n\n\n\n<p>Die Position der Gleichstellungsbeauftragten ist in Artikel 10 des Gesetzes \u00fcber die Organisation der Universit\u00e4t Luxemburg festgelegt. Gem\u00e4\u00df der Universit\u00e4tsordnung (<em>R\u00e8glement d&#8217;Ordre Int\u00e9rieur<\/em>) leitet die Gleichstellungsbeauftragte den Gleichstellungsausschuss, der sich aus der Vorsitzenden und neun weiteren Mitgliedern zusammensetzt. Es handelt sich um ein geschlechterausgewogenes Team, das sowohl Mitarbeiter der Universit\u00e4t als auch Studierende aus der Studierendenvertretung repr\u00e4sentiert. Die Mitglieder des Ausschusses werden vom Universit\u00e4tsrat ernannt.<\/p>\n\n\n<div class=\"py-48 first:pt-0 last:pb-0 wp-block-unilux-blocks-people-list\">\n    \n<h2 class=\"has-text-align-left wp-block-unilux-blocks-heading\"        id=\"gender-equality-delegate\"\n    >\nGender Equality Delegate<\/h2>\n<ul class=\"flex flex-wrap -mx-16 wp-block-unilux-blocks-people-item-wrapper\">\n    <li class=\"w-full md:w-1\/2 p-16 wp-block-unilux-blocks-people-item-automated\"><div class=\"ulux-card card-people bg-theme\"><div class=\"list-people bg-theme\">\n    <div class=\"list-people__container\">\n        <div class=\"list-people__visual\">\n            <figure class=\"wp-block-dev4-reusable-blocks-image\">\n                <!-- Template Image Component: default -->\n<img decoding=\"async\" class=\"w-full\" width=\"\" height=\"\" rel=\"\" alt=\"Prof Skerdilajda ZANAJ\" src=\"https:\/\/www.uni.lu\/en\/person-image\/NTAwMDMzNTRfX1NrZXJkaWxhamRhIFpBTkFK\" srcset=\"https:\/\/www.uni.lu\/en\/person-image\/NTAwMDMzNTRfX1NrZXJkaWxhamRhIFpBTkFK--thumbnail 150w,https:\/\/www.uni.lu\/en\/person-image\/NTAwMDMzNTRfX1NrZXJkaWxhamRhIFpBTkFK--medium 300w,https:\/\/www.uni.lu\/en\/person-image\/NTAwMDMzNTRfX1NrZXJkaWxhamRhIFpBTkFK--medium_large 768w,https:\/\/www.uni.lu\/en\/person-image\/NTAwMDMzNTRfX1NrZXJkaWxhamRhIFpBTkFK--large 1024w,https:\/\/www.uni.lu\/en\/person-image\/NTAwMDMzNTRfX1NrZXJkaWxhamRhIFpBTkFK--1536x1536 1536w,https:\/\/www.uni.lu\/en\/person-image\/NTAwMDMzNTRfX1NrZXJkaWxhamRhIFpBTkFK--2048x2048 2048w\" loading=\"lazy\" \/><!-- end Image Component -->\n            <\/figure>\n        <\/div>\n        <div class=\"list-people__body\">\n            <h3 class=\"list-people__title\">Prof Skerdilajda ZANAJ<\/h3>\n            <p class=\"list-people__description\">Full professor in Economics<\/p>\n            <div class=\"wp-block-unilux-blocks-simple-cta wp-block-unilux-blocks-people-item-automated\">\n    <a\n        href=\"https:\/\/www.uni.lu\/fdef-en\/people\/skerdilajda-zanaj\/\"\n        title=\"Prof Skerdilajda ZANAJ\"\n        class=\"link-text link-text--icon list-people__link link-absolute\"\n        target=\"\"\n    >\n        <span class=\"link-text__body\">\n            <span class=\"link-text__name\">Profil anzeigen<\/span>\n        <\/span>\n        <svg aria-hidden=\"true\" focusable=\"false\" class=\"icon icon-outline icon--arrow-right \"><use xlink:href=\"https:\/\/www.uni.lu\/wp-content\/themes\/unilux-theme\/assets\/images\/icons\/icons-outline.svg#icon--arrow-right\"><\/use><\/svg>    <\/a>\n<\/div>\n        <\/div>\n    <\/div>\n<\/div>\n<\/div><\/li><\/ul>\n\n<\/div>\n\n\n\n<div class=\"wp-block-unilux-blocks-spacer is-spacer-size-sm\"><\/div>\n\n\n<p>Das Komitee setzt sich wie folgt zusammen:<\/p>\n\n\n\n<ul class=\"ulux-list\">\n<li class=\"ulux-list-item\">Skerdilajda Zanaj (Gender Equality Delegate (FDEF))<\/li>\n\n\n\n<li class=\"ulux-list-item\">Anne Gr\u00fcnewald (teacher\/researcher&nbsp;LCSB)<\/li>\n\n\n\n<li class=\"ulux-list-item\">Jean-Baptiste Habourdin (AFT staff representative)<\/li>\n\n\n\n<li class=\"ulux-list-item\">Jos\u00e9 Luis S\u00e1nchez L\u00f3pez (teacher\/researcher SnT)<\/li>\n\n\n\n<li class=\"ulux-list-item\">Immaculada Peral Alonso&nbsp;(teacher\/researcher FSTM)<\/li>\n\n\n\n<li class=\"ulux-list-item\">Agn\u00e8s Pr\u00fcm (teacher\/researcher FHSE)<\/li>\n\n\n\n<li class=\"ulux-list-item\">Stefan Vladimir Capitanescu (student FSTM)<\/li>\n\n\n\n<li class=\"ulux-list-item\">Alexandra Some\u015fan (student FHSE)<\/li>\n\n\n\n<li class=\"ulux-list-item\">Laetitia Richard (student FSTM)<\/li>\n\n\n\n<li class=\"ulux-list-item\">Christian Walter (AFT staff representative)<\/li>\n<\/ul>\n\n\n\n<p>Die Gleichstellungsbeauftragte der Personalvertretung ist ebenfalls Mitglied des Gleichstellungsausschusses, jedoch ohne Stimmrecht.<\/p>\n\n\n\n<p>Das Team des B\u00fcros f\u00fcr Gleichstellung nimmt an den Sitzungen teil (ohne Stimmrecht), ebenso wie andere Vertreter, die sich f\u00fcr die Unterst\u00fctzung des Gleichstellungsausschusses engagieren, darunter C\u00e9cile Duval (Gleichstellungsbeauftragte von C2DH), Oliver Glassl (FSTM), Camille Goffin (FDEF) und Christine Homolko (SnT).<\/p>\n\n\n<ul class=\"wp-block-unilux-blocks-button-list\">\n    <li class=\"wp-block-unilux-blocks-button-list-item\">\n    <a\n            href=\"https:\/\/www.uni.lu\/en\/about\/gender-equality\/#\"\n            class=\"quick-link wp-block-unilux-blocks-anchor\"        target=\"\"\n>\n    \n<span class=\"wp-block-unilux-blocks-wrapper quick-link__container\"><figure class=\"wp-block-dev4-reusable-blocks-image quick-link__img object-fit--scale-down\">\n        <\/figure>\n\n\n<span class=\"quick-link__name wp-block-unilux-blocks-plain-text\">Gender Equality at the University of Luxembourg<\/span>\n\n<svg aria-hidden=\"true\" focusable=\"false\" class=\"icon icon-outline icon--arrow-right \"><use xlink:href=\"https:\/\/www.uni.lu\/wp-content\/themes\/unilux-theme\/assets\/images\/icons\/icons-outline.svg#icon--arrow-right\"><\/use><\/svg><\/span>\n<\/a>\n<\/li><li class=\"wp-block-unilux-blocks-button-list-item\">\n    <a\n            href=\"https:\/\/www.uni.lu\/wp-content\/uploads\/sites\/9\/2023\/07\/Gender_Equality_Policy_Measures_2021-09.pdf\"\n            class=\"quick-link wp-block-unilux-blocks-anchor\"        target=\"_blank\"\n>\n    \n<span class=\"wp-block-unilux-blocks-wrapper quick-link__container\"><figure class=\"wp-block-dev4-reusable-blocks-image quick-link__img object-fit--scale-down\">\n        <\/figure>\n\n\n<span class=\"quick-link__name wp-block-unilux-blocks-plain-text\">Provisional implementation measures of the gender equality policy<\/span>\n\n<svg aria-hidden=\"true\" focusable=\"false\" class=\"icon icon-outline icon--download \"><use xlink:href=\"https:\/\/www.uni.lu\/wp-content\/themes\/unilux-theme\/assets\/images\/icons\/icons-outline.svg#icon--download\"><\/use><\/svg><\/span>\n<\/a>\n<\/li><\/ul>\n<\/div><\/section>\n","protected":false},"excerpt":{"rendered":"","protected":false},"author":33,"featured_media":0,"parent":1260,"menu_order":7,"comment_status":"closed","ping_status":"closed","template":"","meta":{"featured_image_focal_point":[],"show_featured_caption":false,"ulux_newsletter_groups":"","uluxPostTitle":"","uluxPrePostTitle":"","_trash_the_other_posts":false,"_price":"","_stock":"","_tribe_ticket_header":"","_tribe_default_ticket_provider":"","_tribe_ticket_capacity":"0","_ticket_start_date":"","_ticket_end_date":"","_tribe_ticket_show_description":"","_tribe_ticket_show_not_going":false,"_tribe_ticket_use_global_stock":"","_tribe_ticket_global_stock_level":"","_global_stock_mode":"","_global_stock_cap":"","_tribe_rsvp_for_event":"","_tribe_ticket_going_count":"","_tribe_ticket_not_going_count":"","_tribe_tickets_list":"[]","_tribe_ticket_has_attendee_info_fields":false,"footnotes":""},"field-of-interest":[],"organisation":[],"authorship":[33],"acf":[],"yoast_head":"<!-- This site is optimized with the Yoast SEO Premium plugin v22.3 (Yoast SEO v22.3) - https:\/\/yoast.com\/wordpress\/plugins\/seo\/ -->\n<title>Kommission f\u00fcr die Gleichstellung der Geschlechter I Uni.lu<\/title>\n<meta name=\"description\" content=\"Die Gleichstellungsbeauftragte Prof. Dr. Skerdilajda Zanaj arbeitet mit den Mitarbeitern der Universit\u00e4t Luxemburg zusammen, um Hindernisse f\u00fcr die\" \/>\n<meta name=\"robots\" content=\"index, follow, max-snippet:-1, max-image-preview:large, max-video-preview:-1\" \/>\n<link rel=\"canonical\" href=\"https:\/\/www.uni.lu\/de\/ueber-uns\/universitaetsleitung\/kommission-fuer-die-gleichstellung-der-geschlechter\/\" \/>\n<meta property=\"og:locale\" content=\"de_DE\" \/>\n<meta property=\"og:type\" content=\"article\" \/>\n<meta property=\"og:title\" content=\"Kommission f\u00fcr die Gleichstellung der Geschlechter\" \/>\n<meta property=\"og:description\" content=\"Die Gleichstellungsbeauftragte Prof. Dr. Skerdilajda Zanaj arbeitet mit den Mitarbeitern der Universit\u00e4t Luxemburg zusammen, um Hindernisse f\u00fcr die\" \/>\n<meta property=\"og:url\" content=\"https:\/\/www.uni.lu\/de\/ueber-uns\/universitaetsleitung\/kommission-fuer-die-gleichstellung-der-geschlechter\/\" \/>\n<meta property=\"og:site_name\" content=\"UNI DE\" \/>\n<meta property=\"article:publisher\" content=\"https:\/\/www.facebook.com\/uni.lu\" \/>\n<meta property=\"article:modified_time\" content=\"2025-11-17T15:21:33+00:00\" \/>\n<meta property=\"og:image\" content=\"https:\/\/www.uni.lu\/wp-content\/uploads\/sites\/10\/2026\/03\/03120000\/UNIV_SM-Profile_1600x1600px-scaled.jpg\" \/>\n\t<meta property=\"og:image:width\" content=\"2560\" \/>\n\t<meta property=\"og:image:height\" content=\"2560\" \/>\n\t<meta property=\"og:image:type\" content=\"image\/jpeg\" \/>\n<meta name=\"twitter:card\" content=\"summary_large_image\" \/>\n<meta name=\"twitter:label1\" content=\"Gesch\u00e4tzte Lesezeit\" \/>\n\t<meta name=\"twitter:data1\" content=\"2 Minuten\" \/>\n<script type=\"application\/ld+json\" class=\"yoast-schema-graph\">{\"@context\":\"https:\/\/schema.org\",\"@graph\":[{\"@type\":\"WebPage\",\"@id\":\"https:\/\/www.uni.lu\/de\/ueber-uns\/universitaetsleitung\/kommission-fuer-die-gleichstellung-der-geschlechter\/\",\"url\":\"https:\/\/www.uni.lu\/de\/ueber-uns\/universitaetsleitung\/kommission-fuer-die-gleichstellung-der-geschlechter\/\",\"name\":\"Kommission f\u00fcr die Gleichstellung der Geschlechter I Uni.lu\",\"isPartOf\":{\"@id\":\"https:\/\/www.uni.lu\/de\/#website\"},\"datePublished\":\"2023-10-19T13:17:01+00:00\",\"dateModified\":\"2025-11-17T15:21:33+00:00\",\"description\":\"Die Gleichstellungsbeauftragte Prof. Dr. Skerdilajda Zanaj arbeitet mit den Mitarbeitern der Universit\u00e4t Luxemburg zusammen, um Hindernisse f\u00fcr die\",\"breadcrumb\":{\"@id\":\"https:\/\/www.uni.lu\/de\/ueber-uns\/universitaetsleitung\/kommission-fuer-die-gleichstellung-der-geschlechter\/#breadcrumb\"},\"inLanguage\":\"de-DE\",\"potentialAction\":[{\"@type\":\"ReadAction\",\"target\":[\"https:\/\/www.uni.lu\/de\/ueber-uns\/universitaetsleitung\/kommission-fuer-die-gleichstellung-der-geschlechter\/\"]}]},{\"@type\":\"BreadcrumbList\",\"@id\":\"https:\/\/www.uni.lu\/de\/ueber-uns\/universitaetsleitung\/kommission-fuer-die-gleichstellung-der-geschlechter\/#breadcrumb\",\"itemListElement\":[{\"@type\":\"ListItem\",\"position\":1,\"name\":\"Home\",\"item\":\"https:\/\/www.uni.lu\/de\/\"},{\"@type\":\"ListItem\",\"position\":2,\"name\":\"\u00dcber uns\",\"item\":\"https:\/\/www.uni.lu\/de\/ueber-uns\/\"},{\"@type\":\"ListItem\",\"position\":3,\"name\":\"Universit\u00e4tsleitung\",\"item\":\"https:\/\/www.uni.lu\/de\/ueber-uns\/universitaetsleitung\/\"},{\"@type\":\"ListItem\",\"position\":4,\"name\":\"Kommission f\u00fcr die Gleichstellung der Geschlechter\"}]},{\"@type\":\"WebSite\",\"@id\":\"https:\/\/www.uni.lu\/de\/#website\",\"url\":\"https:\/\/www.uni.lu\/de\/\",\"name\":\"Uni.lu\",\"description\":\"Universit\u00e4t Luxemburg\",\"publisher\":{\"@id\":\"https:\/\/www.uni.lu\/de\/#organization\"},\"alternateName\":\"Universit\u00e4t Luxemburg\",\"potentialAction\":[{\"@type\":\"SearchAction\",\"target\":{\"@type\":\"EntryPoint\",\"urlTemplate\":\"https:\/\/www.uni.lu\/de\/?s={search_term_string}\"},\"query-input\":\"required name=search_term_string\"}],\"inLanguage\":\"de-DE\"},{\"@type\":\"Organization\",\"@id\":\"https:\/\/www.uni.lu\/de\/#organization\",\"name\":\"Universit\u00e4t Luxemburg\",\"alternateName\":\"Uni.lu\",\"url\":\"https:\/\/www.uni.lu\/de\/\",\"logo\":{\"@type\":\"ImageObject\",\"inLanguage\":\"de-DE\",\"@id\":\"https:\/\/www.uni.lu\/de\/#\/schema\/logo\/image\/\",\"url\":\"https:\/\/www.uni.lu\/wp-content\/uploads\/sites\/10\/2026\/03\/03120000\/UNIV_SM-Profile_1600x1600px-scaled.jpg\",\"contentUrl\":\"https:\/\/www.uni.lu\/wp-content\/uploads\/sites\/10\/2026\/03\/03120000\/UNIV_SM-Profile_1600x1600px-scaled.jpg\",\"width\":2560,\"height\":2560,\"caption\":\"Universit\u00e4t Luxemburg\"},\"image\":{\"@id\":\"https:\/\/www.uni.lu\/de\/#\/schema\/logo\/image\/\"},\"sameAs\":[\"https:\/\/www.facebook.com\/uni.lu\",\"https:\/\/www.linkedin.com\/school\/university-of-luxembourg\/\",\"https:\/\/www.instagram.com\/uni.lu\",\"https:\/\/www.youtube.com\/@uni_lu\",\"https:\/\/en.wikipedia.org\/wiki\/University_of_Luxembourg\"]}]}<\/script>\n<!-- \/ Yoast SEO Premium plugin. -->","yoast_head_json":{"title":"Kommission f\u00fcr die Gleichstellung der Geschlechter I Uni.lu","description":"Die Gleichstellungsbeauftragte Prof. Dr. Skerdilajda Zanaj arbeitet mit den Mitarbeitern der Universit\u00e4t Luxemburg zusammen, um Hindernisse f\u00fcr die","robots":{"index":"index","follow":"follow","max-snippet":"max-snippet:-1","max-image-preview":"max-image-preview:large","max-video-preview":"max-video-preview:-1"},"canonical":"https:\/\/www.uni.lu\/de\/ueber-uns\/universitaetsleitung\/kommission-fuer-die-gleichstellung-der-geschlechter\/","og_locale":"de_DE","og_type":"article","og_title":"Kommission f\u00fcr die Gleichstellung der Geschlechter","og_description":"Die Gleichstellungsbeauftragte Prof. Dr. Skerdilajda Zanaj arbeitet mit den Mitarbeitern der Universit\u00e4t Luxemburg zusammen, um Hindernisse f\u00fcr die","og_url":"https:\/\/www.uni.lu\/de\/ueber-uns\/universitaetsleitung\/kommission-fuer-die-gleichstellung-der-geschlechter\/","og_site_name":"UNI DE","article_publisher":"https:\/\/www.facebook.com\/uni.lu","article_modified_time":"2025-11-17T15:21:33+00:00","og_image":[{"width":2560,"height":2560,"url":"https:\/\/www.uni.lu\/wp-content\/uploads\/sites\/10\/2026\/03\/03120000\/UNIV_SM-Profile_1600x1600px-scaled.jpg","type":"image\/jpeg"}],"twitter_card":"summary_large_image","twitter_misc":{"Gesch\u00e4tzte Lesezeit":"2 Minuten"},"schema":{"@context":"https:\/\/schema.org","@graph":[{"@type":"WebPage","@id":"https:\/\/www.uni.lu\/de\/ueber-uns\/universitaetsleitung\/kommission-fuer-die-gleichstellung-der-geschlechter\/","url":"https:\/\/www.uni.lu\/de\/ueber-uns\/universitaetsleitung\/kommission-fuer-die-gleichstellung-der-geschlechter\/","name":"Kommission f\u00fcr die Gleichstellung der Geschlechter I Uni.lu","isPartOf":{"@id":"https:\/\/www.uni.lu\/de\/#website"},"datePublished":"2023-10-19T13:17:01+00:00","dateModified":"2025-11-17T15:21:33+00:00","description":"Die Gleichstellungsbeauftragte Prof. Dr. Skerdilajda Zanaj arbeitet mit den Mitarbeitern der Universit\u00e4t Luxemburg zusammen, um Hindernisse f\u00fcr die","breadcrumb":{"@id":"https:\/\/www.uni.lu\/de\/ueber-uns\/universitaetsleitung\/kommission-fuer-die-gleichstellung-der-geschlechter\/#breadcrumb"},"inLanguage":"de-DE","potentialAction":[{"@type":"ReadAction","target":["https:\/\/www.uni.lu\/de\/ueber-uns\/universitaetsleitung\/kommission-fuer-die-gleichstellung-der-geschlechter\/"]}]},{"@type":"BreadcrumbList","@id":"https:\/\/www.uni.lu\/de\/ueber-uns\/universitaetsleitung\/kommission-fuer-die-gleichstellung-der-geschlechter\/#breadcrumb","itemListElement":[{"@type":"ListItem","position":1,"name":"Home","item":"https:\/\/www.uni.lu\/de\/"},{"@type":"ListItem","position":2,"name":"\u00dcber uns","item":"https:\/\/www.uni.lu\/de\/ueber-uns\/"},{"@type":"ListItem","position":3,"name":"Universit\u00e4tsleitung","item":"https:\/\/www.uni.lu\/de\/ueber-uns\/universitaetsleitung\/"},{"@type":"ListItem","position":4,"name":"Kommission f\u00fcr die Gleichstellung der Geschlechter"}]},{"@type":"WebSite","@id":"https:\/\/www.uni.lu\/de\/#website","url":"https:\/\/www.uni.lu\/de\/","name":"Uni.lu","description":"Universit\u00e4t Luxemburg","publisher":{"@id":"https:\/\/www.uni.lu\/de\/#organization"},"alternateName":"Universit\u00e4t Luxemburg","potentialAction":[{"@type":"SearchAction","target":{"@type":"EntryPoint","urlTemplate":"https:\/\/www.uni.lu\/de\/?s={search_term_string}"},"query-input":"required name=search_term_string"}],"inLanguage":"de-DE"},{"@type":"Organization","@id":"https:\/\/www.uni.lu\/de\/#organization","name":"Universit\u00e4t Luxemburg","alternateName":"Uni.lu","url":"https:\/\/www.uni.lu\/de\/","logo":{"@type":"ImageObject","inLanguage":"de-DE","@id":"https:\/\/www.uni.lu\/de\/#\/schema\/logo\/image\/","url":"https:\/\/www.uni.lu\/wp-content\/uploads\/sites\/10\/2026\/03\/03120000\/UNIV_SM-Profile_1600x1600px-scaled.jpg","contentUrl":"https:\/\/www.uni.lu\/wp-content\/uploads\/sites\/10\/2026\/03\/03120000\/UNIV_SM-Profile_1600x1600px-scaled.jpg","width":2560,"height":2560,"caption":"Universit\u00e4t Luxemburg"},"image":{"@id":"https:\/\/www.uni.lu\/de\/#\/schema\/logo\/image\/"},"sameAs":["https:\/\/www.facebook.com\/uni.lu","https:\/\/www.linkedin.com\/school\/university-of-luxembourg\/","https:\/\/www.instagram.com\/uni.lu","https:\/\/www.youtube.com\/@uni_lu","https:\/\/en.wikipedia.org\/wiki\/University_of_Luxembourg"]}]}},"ticketed":false,"_links":{"self":[{"href":"https:\/\/www.uni.lu\/de\/wp-json\/wp\/v2\/pages\/1498"}],"collection":[{"href":"https:\/\/www.uni.lu\/de\/wp-json\/wp\/v2\/pages"}],"about":[{"href":"https:\/\/www.uni.lu\/de\/wp-json\/wp\/v2\/types\/page"}],"author":[{"embeddable":true,"href":"https:\/\/www.uni.lu\/de\/wp-json\/wp\/v2\/users\/33"}],"replies":[{"embeddable":true,"href":"https:\/\/www.uni.lu\/de\/wp-json\/wp\/v2\/comments?post=1498"}],"version-history":[{"count":4,"href":"https:\/\/www.uni.lu\/de\/wp-json\/wp\/v2\/pages\/1498\/revisions"}],"predecessor-version":[{"id":8006,"href":"https:\/\/www.uni.lu\/de\/wp-json\/wp\/v2\/pages\/1498\/revisions\/8006"}],"up":[{"embeddable":true,"href":"https:\/\/www.uni.lu\/de\/wp-json\/wp\/v2\/pages\/1260"}],"wp:authorship":[{"embeddable":true,"href":"https:\/\/www.uni.lu\/de\/wp-json\/wp\/v2\/users\/33"}],"wp:attachment":[{"href":"https:\/\/www.uni.lu\/de\/wp-json\/wp\/v2\/media?parent=1498"}],"wp:term":[{"taxonomy":"field-of-interest","embeddable":true,"href":"https:\/\/www.uni.lu\/de\/wp-json\/wp\/v2\/field-of-interest?post=1498"},{"taxonomy":"organisation","embeddable":true,"href":"https:\/\/www.uni.lu\/de\/wp-json\/wp\/v2\/organisation?post=1498"}],"curies":[{"name":"wp","href":"https:\/\/api.w.org\/{rel}","templated":true}]}}