{"id":1459,"date":"2023-10-17T16:08:49","date_gmt":"2023-10-17T14:08:49","guid":{"rendered":"https:\/\/www.uni.lu\/de\/?page_id=1459"},"modified":"2025-11-17T15:48:08","modified_gmt":"2025-11-17T14:48:08","slug":"buero-fuer-intenationale-beziehungen","status":"publish","type":"page","link":"https:\/\/www.uni.lu\/de\/ueber-uns\/organisation\/verwaltung\/buero-fuer-intenationale-beziehungen\/","title":{"rendered":"B\u00fcro f\u00fcr intenationale Beziehungen"},"content":{"rendered":"<section class=\"section section pb-0 wp-block-unilux-blocks-page-intro\">\n    \n<div class=\"wp-block-unilux-blocks-wrapper container xl:max-w-screen-xl\">\n<div class=\"wp-block-unilux-blocks-wrapper flex flex-wrap -mx-16\">\n<div class=\"wp-block-unilux-blocks-wrapper flex-1 mb-48 px-16\">\n<h1 class=\"has-text-align-left wp-block-unilux-blocks-heading\"        id=\"buero-fuer-internationale-beziehungen\"\n    >\nB\u00fcro f\u00fcr internationale Beziehungen<\/h1>\n\n\n\n<p>Das B\u00fcro f\u00fcr Internationale Beziehungen ber\u00e4t und unterst\u00fctzt die Universit\u00e4tsleitung, das akademische und wissenschaftliche Personal und die Studierenden bei internationalen Projekten und Initiativen und erh\u00f6ht so die internationale Ausrichtung und Sichtbarkeit der Universit\u00e4t. Die Hauptaufgabe des B\u00fcros ist die Verhandlung, Vorbereitung und Durchf\u00fchrung der studentischen Mobilit\u00e4t, insbesondere auf Bachelor-Ebene, da alle Bachelor-Studierenden an der Universit\u00e4t Luxemburg eine Mobilit\u00e4tsphase absolvieren m\u00fcssen.<\/p>\n\n\n\n<ul class=\"wp-block-unilux-blocks-custom-buttons btn-list\"><\/ul>\n<\/div>\n\n\n\n<div class=\"wp-block-unilux-blocks-wrapper w-full md:w-auto px-16\">\n<div class=\"wp-block-unilux-blocks-wrapper flex flex-col items-center\">\n<h2 class=\"text-h4 has-text-align-left wp-block-unilux-blocks-heading\"    >\n<\/h2>\n\n\n<a class=\"wp-block-unilux-blocks-button-highlight-square\"\n    href=\"https:\/\/www.uni.lu\/wp-content\/uploads\/sites\/9\/2024\/10\/2024-10-02-orgchart-iro-DE-4.pdf\"\n    target=\"_self\"\n>\n    <span class=\"btn-highlight-square__container\">\n        <div class=\"btn-highlight-square__body\">\n    <svg aria-hidden=\"true\" focusable=\"false\" class=\"icon icon-outline icon--download-link icon--xl\"><use xlink:href=\"https:\/\/www.uni.lu\/wp-content\/themes\/unilux-theme\/assets\/images\/icons\/icons-outline.svg#icon--download-link\"><\/use><\/svg>    <span class=\"btn btn--dark\">\n        \n<span class=\"btn__name wp-block-unilux-blocks-plain-text\">Organigramm<\/span>    <\/span>\n<\/div><figure class=\"wp-block-dev4-reusable-blocks-image image-bg object-fit--cover\">\n    \n<img decoding=\"async\" class=\"wp-block-image unilux-custom-image-block\"\n                alt=\"\"\n            src=\"https:\/\/www.uni.lu\/wp-content\/uploads\/sites\/9\/2023\/08\/pdf-download.png\"\n                    style=\"object-position: 50.00% 50.00%; font-family: &quot;object-fit: cover; object-position: 50.00% 50.00%;&quot;; aspect-ratio: 3\/4; object-fit: cover; width: 100%;\"\n        loading=\"lazy\"\n\/>    <\/figure>    <\/span>\n<\/a><\/div>\n<\/div>\n<\/div>\n<\/div>\n<\/section>\n\n\n<section class=\"wp-block-unilux-blocks-free-section section\"><div class=\"container xl:max-w-screen-xl\">\n<p>Genauer gesagt hat das B\u00fcro folgende Aufgaben:<\/p>\n\n\n\n<ul class=\"ulux-list\">\n<li class=\"ulux-list-item\">Koordinierung und F\u00f6rderung des <a href=\"https:\/\/erasmus-plus.ec.europa.eu\/de\" target=\"_blank\" rel=\"noreferrer noopener\">Erasmus+<\/a>-Programms, vor allem im Hinblick auf die Mobilit\u00e4t der Studierenden;<\/li>\n\n\n\n<li class=\"ulux-list-item\">Verwaltung der&nbsp;<a href=\"https:\/\/www.uni.lu\/en\/mobility\/staff-mobility\/\">Personalmobilit\u00e4t (EN)<\/a>;<\/li>\n\n\n\n<li class=\"ulux-list-item\">Verwaltung von Vereinbarungen mit internationalen Partneruniversit\u00e4ten (au\u00dferhalb des Rahmens von Erasmus+);<\/li>\n\n\n\n<li class=\"ulux-list-item\">Verwaltung (zusammen mit der Studierendenabteilung) der Guillaume Dupaix International Master&#8217;s Stipendien;<\/li>\n\n\n\n<li class=\"ulux-list-item\">Informieren von Studierenden und Mitarbeiter:innen \u00fcber internationale M\u00f6glichkeiten;<\/li>\n\n\n\n<li class=\"ulux-list-item\">Organisation und Teilnahme an internationalen Besuchen.<\/li>\n<\/ul>\n\n\n\n<p>Das B\u00fcro f\u00fcr internationale Beziehungen verwaltet mehr als 550 Erasmus+-Vereinbarungen, ist f\u00fcr die Mobilit\u00e4tsphasen von j\u00e4hrlich 600 Outgoing und 250 Incoming Students verantwortlich und verwaltet ein entsprechendes Budget von \u00fcber 1 Million Euro. Es \u00fcberwacht auch das Programm Erasmus+, das die internationale Kreditmobilit\u00e4t (ICM) f\u00fcr Studierende und Mitarbeiter:innen umfasst und mit einem Budget von rund 500.000 \u20ac ausgestattet ist.<\/p>\n\n\n\n<p>Das B\u00fcro f\u00fcr internationale Beziehungen verwaltet fast hundert internationale Abkommen und organisiert das Global Exchange Programme, das Studierenden der Universit\u00e4t Luxemburg die M\u00f6glichkeit bietet, \u00fcber die Grenzen Europas hinaus im Ausland zu studieren. Es organisiert den Top Student Prize, der jedes Jahr an drei der besten Studierenden jeder Fakult\u00e4t verliehen wird, die zur Teilnahme an einer internationalen Sommeruniversit\u00e4t im Ausland eingeladen werden.<\/p>\n\n\n\n<p>Das B\u00fcro f\u00fcr internationale Beziehungen f\u00fchrt auch ein vom Ministerium f\u00fcr ausw\u00e4rtige und europ\u00e4ische Angelegenheiten finanziertes Projekt f\u00fcr internationale Masterstipendien (Guillaume Dupaix) sowie Incoming-Mobilit\u00e4tsstipendien durch.<\/p>\n\n\n\n<p>Au\u00dferdem ist das B\u00fcro f\u00fcr die Entwicklung von Projekten mit den Ziell\u00e4ndern der luxemburgischen Entwicklungszusammenarbeit zust\u00e4ndig. Der Auf- und Ausbau von Kontakten zu internationalen Organisationen, Botschaften und Partneruniversit\u00e4ten ist ebenfalls eine wesentliche Aufgabe des B\u00fcros.<\/p>\n\n\n\n<p>Die <a href=\"https:\/\/www.uni-gr.eu\/de\" target=\"_blank\" rel=\"noreferrer noopener\">Universit\u00e4t der Gro\u00dfregion<\/a> (UniGR) ist eine weitere Aktivit\u00e4t des Teams. Die UniGR bietet Studierenden die M\u00f6glichkeit, in drei Sprachen, in f\u00fcnf Regionen und an sieben Universit\u00e4ten (den Universit\u00e4ten Luxemburg, Saarland, L\u00fcttich, Lothringen, Kaiserslautern, Trier und htw saar) zu studieren und Forschungsprojekte durchzuf\u00fchren.<\/p>\n\n\n\n<p>Auch EURAXESS Luxemburg f\u00e4llt in den Zust\u00e4ndigkeitsbereich des B\u00fcros.&nbsp;<a href=\"https:\/\/euraxess.ec.europa.eu\/\" target=\"_blank\" rel=\"noreferrer noopener\">EURAXESS \u2013 Researchers in Motion<\/a>&nbsp;ist ein Netzwerk, das von der Europ\u00e4ischen Kommission ins Leben gerufen wurde,&nbsp;<strong>um Forscherkarrieren zu f\u00f6rdern und die Mobilit\u00e4t von Forschern innerhalb des Europ\u00e4ischen Forschungsraumes (ERA) zu erleichtern.<\/strong>&nbsp;Die&nbsp;<a href=\"https:\/\/www.euraxess.lu\/\" target=\"_blank\" rel=\"noreferrer noopener\">EURAXESS Luxemburg-Webseite<\/a>&nbsp;umfasst eine Job-Datenbank mit Stellen in der Forschung und forschungsbezogenen Stellen in Luxemburg, Informationen zu Leben und Arbeiten als Forscher in Luxembourg sowie kostenlose Karriereentwicklungs-Tools, die vom EURAXESS-Netzwerk erstellt wurden. Der&nbsp;<a href=\"https:\/\/www.linkedin.com\/company\/euraxessluxembourg\/\" target=\"_blank\" rel=\"noreferrer noopener\">LinkedIn-Kanal von EURAXESS Luxemburg<\/a>&nbsp;informiert \u00fcber Trainings- und Jobangebote sowie Finanzierungsm\u00f6glichkeiten f\u00fcr junge Forscher und das Personal, das sie in ihrer Karriereentwicklung unterst\u00fctzt, mit einem Fokus, der \u00fcber die Forschungsgemeinschaft Luxemburgs hinausreicht.<\/p>\n\n\n<div class=\"py-48 first:pt-0 last:pb-0 wp-block-unilux-blocks-people-list\">\n    \n<h2 class=\"has-text-align-left wp-block-unilux-blocks-heading\"        id=\"team-leader-fuer-internationale-beziehungen\"\n    >\nTeam Leader f\u00fcr internationale Beziehungen<\/h2>\n<ul class=\"flex flex-wrap -mx-16 wp-block-unilux-blocks-people-item-wrapper\">\n    <li class=\"w-full md:w-1\/2 p-16 wp-block-unilux-blocks-people-item-automated\"><div class=\"ulux-card card-people bg-theme\"><div class=\"list-people bg-theme\">\n    <div class=\"list-people__container\">\n        <div class=\"list-people__visual\">\n            <figure class=\"wp-block-dev4-reusable-blocks-image\">\n                <!-- Template Image Component: default -->\n<img decoding=\"async\" class=\"w-full\" width=\"\" height=\"\" rel=\"\" alt=\"Eleni LIAKIDOU\" src=\"https:\/\/www.uni.lu\/en\/person-image\/NTAwNDQxMDVfX0VsZW5pIExJQUtJRE9V\" srcset=\"https:\/\/www.uni.lu\/en\/person-image\/NTAwNDQxMDVfX0VsZW5pIExJQUtJRE9V--thumbnail 150w,https:\/\/www.uni.lu\/en\/person-image\/NTAwNDQxMDVfX0VsZW5pIExJQUtJRE9V--medium 300w,https:\/\/www.uni.lu\/en\/person-image\/NTAwNDQxMDVfX0VsZW5pIExJQUtJRE9V--medium_large 768w,https:\/\/www.uni.lu\/en\/person-image\/NTAwNDQxMDVfX0VsZW5pIExJQUtJRE9V--large 1024w,https:\/\/www.uni.lu\/en\/person-image\/NTAwNDQxMDVfX0VsZW5pIExJQUtJRE9V--1536x1536 1536w,https:\/\/www.uni.lu\/en\/person-image\/NTAwNDQxMDVfX0VsZW5pIExJQUtJRE9V--2048x2048 2048w\" loading=\"lazy\" \/><!-- end Image Component -->\n            <\/figure>\n        <\/div>\n        <div class=\"list-people__body\">\n            <h3 class=\"list-people__title\">Eleni LIAKIDOU<\/h3>\n            <p class=\"list-people__description\">Team Leader of International Relations Office<\/p>\n            <div class=\"wp-block-unilux-blocks-simple-cta wp-block-unilux-blocks-people-item-automated\">\n    <a\n        href=\"https:\/\/www.uni.lu\/en\/people\/eleni-liakidou\/\"\n        title=\"Eleni LIAKIDOU\"\n        class=\"link-text link-text--icon list-people__link link-absolute\"\n        target=\"\"\n    >\n        <span class=\"link-text__body\">\n            <span class=\"link-text__name\">Profil anzeigen<\/span>\n        <\/span>\n        <svg aria-hidden=\"true\" focusable=\"false\" class=\"icon icon-outline icon--arrow-right \"><use xlink:href=\"https:\/\/www.uni.lu\/wp-content\/themes\/unilux-theme\/assets\/images\/icons\/icons-outline.svg#icon--arrow-right\"><\/use><\/svg>    <\/a>\n<\/div>\n        <\/div>\n    <\/div>\n<\/div>\n<\/div><\/li><\/ul>\n\n<\/div>\n\n\n\n<div class=\"wp-block-unilux-blocks-spacer is-spacer-size-sm\"><\/div>\n\n\n<h2 class=\"has-text-align-left wp-block-unilux-blocks-heading\"        id=\"wie-sie-uns-erreichen\"\n    >\nWie Sie uns erreichen<\/h2>\n\n\n\n<ul class=\"wp-block-unilux-blocks-quick-link-underline\">\n    \n<li class=\"wp-block-unilux-blocks-quick-link-underline-item\">\n    <a\n            href=\"https:\/\/www.uni.lu\/en\/about\/organisation\/administration\/international-relations-office\/incoming-exchange-student-mobility\/\"\n            class=\"wp-block-unilux-blocks-anchor\"        target=\"\"\n>\n    \n<span class=\"hero__title__subject wp-block-unilux-blocks-plain-text\">Mobilit\u00e4t von Incoming Exchange Student (EN)<\/span><svg aria-hidden=\"true\" focusable=\"false\" class=\"icon icon-outline icon--arrow-right \"><use xlink:href=\"https:\/\/www.uni.lu\/wp-content\/themes\/unilux-theme\/assets\/images\/icons\/icons-outline.svg#icon--arrow-right\"><\/use><\/svg><\/a>\n<\/li>\n\n<li class=\"wp-block-unilux-blocks-quick-link-underline-item\">\n    <a\n            href=\"https:\/\/www.uni.lu\/en\/education\/outgoing-mobility-office-contact\/\"\n            class=\"wp-block-unilux-blocks-anchor\"        target=\"\"\n>\n    \n<span class=\"hero__title__subject wp-block-unilux-blocks-plain-text\">Mobilit\u00e4t von Outgoing Exchange Student (EN)<\/span><svg aria-hidden=\"true\" focusable=\"false\" class=\"icon icon-outline icon--arrow-right \"><use xlink:href=\"https:\/\/www.uni.lu\/wp-content\/themes\/unilux-theme\/assets\/images\/icons\/icons-outline.svg#icon--arrow-right\"><\/use><\/svg><\/a>\n<\/li>\n\n<li class=\"wp-block-unilux-blocks-quick-link-underline-item\">\n    <a\n            href=\"https:\/\/www.uni.lu\/en\/mobility\/staff-mobility\"\n            class=\"wp-block-unilux-blocks-anchor\"        target=\"\"\n>\n    \n<span class=\"hero__title__subject wp-block-unilux-blocks-plain-text\">Personalmobilit\u00e4t (EN)<\/span><svg aria-hidden=\"true\" focusable=\"false\" class=\"icon icon-outline icon--arrow-right \"><use xlink:href=\"https:\/\/www.uni.lu\/wp-content\/themes\/unilux-theme\/assets\/images\/icons\/icons-outline.svg#icon--arrow-right\"><\/use><\/svg><\/a>\n<\/li>\n\n<li class=\"wp-block-unilux-blocks-quick-link-underline-item\">\n    <a\n            href=\"mailto:erasmus.agreements@uni.lu\"\n            class=\"wp-block-unilux-blocks-anchor\"        target=\"\"\n>\n    \n<span class=\"hero__title__subject wp-block-unilux-blocks-plain-text\">Erasmus+-Vereinbarungen<\/span><svg aria-hidden=\"true\" focusable=\"false\" class=\"icon icon-outline icon--external-link \"><use xlink:href=\"https:\/\/www.uni.lu\/wp-content\/themes\/unilux-theme\/assets\/images\/icons\/icons-outline.svg#icon--external-link\"><\/use><\/svg><\/a>\n<\/li>\n\n<li class=\"wp-block-unilux-blocks-quick-link-underline-item\">\n    <a\n            href=\"mailto:bri.partnerships@uni.lu\"\n            class=\"wp-block-unilux-blocks-anchor\"        target=\"\"\n>\n    \n<span class=\"hero__title__subject wp-block-unilux-blocks-plain-text\">Non-Erasmus+ interuniversit\u00e4re Vereinbarungen<\/span><svg aria-hidden=\"true\" focusable=\"false\" class=\"icon icon-outline icon--external-link \"><use xlink:href=\"https:\/\/www.uni.lu\/wp-content\/themes\/unilux-theme\/assets\/images\/icons\/icons-outline.svg#icon--external-link\"><\/use><\/svg><\/a>\n<\/li>\n\n<li class=\"wp-block-unilux-blocks-quick-link-underline-item\">\n    <a\n            href=\"https:\/\/www.uni.lu\/de\/zulassung\/unigr-gaststudierende\/\"\n            class=\"wp-block-unilux-blocks-anchor\"        target=\"\"\n>\n    \n<span class=\"hero__title__subject wp-block-unilux-blocks-plain-text\">UniGR-Angelegenheiten<\/span><svg aria-hidden=\"true\" focusable=\"false\" class=\"icon icon-outline icon--arrow-right \"><use xlink:href=\"https:\/\/www.uni.lu\/wp-content\/themes\/unilux-theme\/assets\/images\/icons\/icons-outline.svg#icon--arrow-right\"><\/use><\/svg><\/a>\n<\/li>\n\n<li class=\"wp-block-unilux-blocks-quick-link-underline-item\">\n    <a\n            href=\"mailto:euraxess@uni.lu\"\n            class=\"wp-block-unilux-blocks-anchor\"        target=\"\"\n>\n    \n<span class=\"hero__title__subject wp-block-unilux-blocks-plain-text\">EURAXESS<\/span><svg aria-hidden=\"true\" focusable=\"false\" class=\"icon icon-outline icon--external-link \"><use xlink:href=\"https:\/\/www.uni.lu\/wp-content\/themes\/unilux-theme\/assets\/images\/icons\/icons-outline.svg#icon--external-link\"><\/use><\/svg><\/a>\n<\/li>\n\n<li class=\"wp-block-unilux-blocks-quick-link-underline-item\">\n    <a\n            href=\"mailto:bri@uni.lu\"\n            class=\"wp-block-unilux-blocks-anchor\"        target=\"\"\n>\n    \n<span class=\"hero__title__subject wp-block-unilux-blocks-plain-text\">Allgemeine Anfragen<\/span><svg aria-hidden=\"true\" focusable=\"false\" class=\"icon icon-outline icon--external-link \"><use xlink:href=\"https:\/\/www.uni.lu\/wp-content\/themes\/unilux-theme\/assets\/images\/icons\/icons-outline.svg#icon--external-link\"><\/use><\/svg><\/a>\n<\/li>\n<\/ul><\/div><\/section>\n","protected":false},"excerpt":{"rendered":"","protected":false},"author":33,"featured_media":0,"parent":1432,"menu_order":0,"comment_status":"closed","ping_status":"closed","template":"","meta":{"featured_image_focal_point":[],"show_featured_caption":false,"ulux_newsletter_groups":"","uluxPostTitle":"","uluxPrePostTitle":"Verwaltung","_trash_the_other_posts":false,"_price":"","_stock":"","_tribe_ticket_header":"","_tribe_default_ticket_provider":"","_tribe_ticket_capacity":"0","_ticket_start_date":"","_ticket_end_date":"","_tribe_ticket_show_description":"","_tribe_ticket_show_not_going":false,"_tribe_ticket_use_global_stock":"","_tribe_ticket_global_stock_level":"","_global_stock_mode":"","_global_stock_cap":"","_tribe_rsvp_for_event":"","_tribe_ticket_going_count":"","_tribe_ticket_not_going_count":"","_tribe_tickets_list":"[]","_tribe_ticket_has_attendee_info_fields":false,"footnotes":""},"field-of-interest":[],"organisation":[],"authorship":[33,331],"acf":[],"yoast_head":"<!-- This site is optimized with the Yoast SEO Premium plugin v22.3 (Yoast SEO v22.3) - https:\/\/yoast.com\/wordpress\/plugins\/seo\/ -->\n<title>B\u00fcro f\u00fcr intenationale Beziehungen - Universit\u00e4t Luxemburg<\/title>\n<meta name=\"description\" content=\"Das B\u00fcro f\u00fcr Internationale Beziehungen ber\u00e4t und unterst\u00fctzt die Universit\u00e4tsleitung, das Personal und die Studierenden.\" \/>\n<meta name=\"robots\" content=\"index, follow, max-snippet:-1, max-image-preview:large, max-video-preview:-1\" \/>\n<link rel=\"canonical\" href=\"https:\/\/www.uni.lu\/de\/ueber-uns\/organisation\/verwaltung\/buero-fuer-intenationale-beziehungen\/\" \/>\n<meta property=\"og:locale\" content=\"de_DE\" \/>\n<meta property=\"og:type\" content=\"article\" \/>\n<meta property=\"og:title\" content=\"B\u00fcro f\u00fcr intenationale Beziehungen\" \/>\n<meta property=\"og:description\" content=\"Das B\u00fcro f\u00fcr Internationale Beziehungen ber\u00e4t und unterst\u00fctzt die Universit\u00e4tsleitung, das Personal und die Studierenden.\" \/>\n<meta property=\"og:url\" content=\"https:\/\/www.uni.lu\/de\/ueber-uns\/organisation\/verwaltung\/buero-fuer-intenationale-beziehungen\/\" \/>\n<meta property=\"og:site_name\" content=\"UNI DE\" \/>\n<meta property=\"article:publisher\" content=\"https:\/\/www.facebook.com\/uni.lu\" \/>\n<meta property=\"article:modified_time\" content=\"2025-11-17T14:48:08+00:00\" \/>\n<meta property=\"og:image\" content=\"https:\/\/www.uni.lu\/wp-content\/uploads\/sites\/10\/2026\/03\/03120000\/UNIV_SM-Profile_1600x1600px-scaled.jpg\" \/>\n\t<meta property=\"og:image:width\" content=\"2560\" \/>\n\t<meta property=\"og:image:height\" content=\"2560\" \/>\n\t<meta property=\"og:image:type\" content=\"image\/jpeg\" \/>\n<meta name=\"twitter:card\" content=\"summary_large_image\" \/>\n<meta name=\"twitter:label1\" content=\"Gesch\u00e4tzte Lesezeit\" \/>\n\t<meta name=\"twitter:data1\" content=\"3 Minuten\" \/>\n<script type=\"application\/ld+json\" class=\"yoast-schema-graph\">{\"@context\":\"https:\/\/schema.org\",\"@graph\":[{\"@type\":\"WebPage\",\"@id\":\"https:\/\/www.uni.lu\/de\/ueber-uns\/organisation\/verwaltung\/buero-fuer-intenationale-beziehungen\/\",\"url\":\"https:\/\/www.uni.lu\/de\/ueber-uns\/organisation\/verwaltung\/buero-fuer-intenationale-beziehungen\/\",\"name\":\"B\u00fcro f\u00fcr intenationale Beziehungen - Universit\u00e4t Luxemburg\",\"isPartOf\":{\"@id\":\"https:\/\/www.uni.lu\/de\/#website\"},\"datePublished\":\"2023-10-17T14:08:49+00:00\",\"dateModified\":\"2025-11-17T14:48:08+00:00\",\"description\":\"Das B\u00fcro f\u00fcr Internationale Beziehungen ber\u00e4t und unterst\u00fctzt die Universit\u00e4tsleitung, das Personal und die Studierenden.\",\"breadcrumb\":{\"@id\":\"https:\/\/www.uni.lu\/de\/ueber-uns\/organisation\/verwaltung\/buero-fuer-intenationale-beziehungen\/#breadcrumb\"},\"inLanguage\":\"de-DE\",\"potentialAction\":[{\"@type\":\"ReadAction\",\"target\":[\"https:\/\/www.uni.lu\/de\/ueber-uns\/organisation\/verwaltung\/buero-fuer-intenationale-beziehungen\/\"]}]},{\"@type\":\"BreadcrumbList\",\"@id\":\"https:\/\/www.uni.lu\/de\/ueber-uns\/organisation\/verwaltung\/buero-fuer-intenationale-beziehungen\/#breadcrumb\",\"itemListElement\":[{\"@type\":\"ListItem\",\"position\":1,\"name\":\"Home\",\"item\":\"https:\/\/www.uni.lu\/de\/\"},{\"@type\":\"ListItem\",\"position\":2,\"name\":\"\u00dcber uns\",\"item\":\"https:\/\/www.uni.lu\/de\/ueber-uns\/\"},{\"@type\":\"ListItem\",\"position\":3,\"name\":\"Organisation\",\"item\":\"https:\/\/www.uni.lu\/de\/ueber-uns\/organisation\/\"},{\"@type\":\"ListItem\",\"position\":4,\"name\":\"Verwaltung\",\"item\":\"https:\/\/www.uni.lu\/de\/ueber-uns\/organisation\/verwaltung\/\"},{\"@type\":\"ListItem\",\"position\":5,\"name\":\"B\u00fcro f\u00fcr intenationale Beziehungen\"}]},{\"@type\":\"WebSite\",\"@id\":\"https:\/\/www.uni.lu\/de\/#website\",\"url\":\"https:\/\/www.uni.lu\/de\/\",\"name\":\"Uni.lu\",\"description\":\"Universit\u00e4t Luxemburg\",\"publisher\":{\"@id\":\"https:\/\/www.uni.lu\/de\/#organization\"},\"alternateName\":\"Universit\u00e4t Luxemburg\",\"potentialAction\":[{\"@type\":\"SearchAction\",\"target\":{\"@type\":\"EntryPoint\",\"urlTemplate\":\"https:\/\/www.uni.lu\/de\/?s={search_term_string}\"},\"query-input\":\"required name=search_term_string\"}],\"inLanguage\":\"de-DE\"},{\"@type\":\"Organization\",\"@id\":\"https:\/\/www.uni.lu\/de\/#organization\",\"name\":\"Universit\u00e4t Luxemburg\",\"alternateName\":\"Uni.lu\",\"url\":\"https:\/\/www.uni.lu\/de\/\",\"logo\":{\"@type\":\"ImageObject\",\"inLanguage\":\"de-DE\",\"@id\":\"https:\/\/www.uni.lu\/de\/#\/schema\/logo\/image\/\",\"url\":\"https:\/\/www.uni.lu\/wp-content\/uploads\/sites\/10\/2026\/03\/03120000\/UNIV_SM-Profile_1600x1600px-scaled.jpg\",\"contentUrl\":\"https:\/\/www.uni.lu\/wp-content\/uploads\/sites\/10\/2026\/03\/03120000\/UNIV_SM-Profile_1600x1600px-scaled.jpg\",\"width\":2560,\"height\":2560,\"caption\":\"Universit\u00e4t Luxemburg\"},\"image\":{\"@id\":\"https:\/\/www.uni.lu\/de\/#\/schema\/logo\/image\/\"},\"sameAs\":[\"https:\/\/www.facebook.com\/uni.lu\",\"https:\/\/www.linkedin.com\/school\/university-of-luxembourg\/\",\"https:\/\/www.instagram.com\/uni.lu\",\"https:\/\/www.youtube.com\/@uni_lu\",\"https:\/\/en.wikipedia.org\/wiki\/University_of_Luxembourg\"]}]}<\/script>\n<!-- \/ Yoast SEO Premium plugin. -->","yoast_head_json":{"title":"B\u00fcro f\u00fcr intenationale Beziehungen - Universit\u00e4t Luxemburg","description":"Das B\u00fcro f\u00fcr Internationale Beziehungen ber\u00e4t und unterst\u00fctzt die Universit\u00e4tsleitung, das Personal und die Studierenden.","robots":{"index":"index","follow":"follow","max-snippet":"max-snippet:-1","max-image-preview":"max-image-preview:large","max-video-preview":"max-video-preview:-1"},"canonical":"https:\/\/www.uni.lu\/de\/ueber-uns\/organisation\/verwaltung\/buero-fuer-intenationale-beziehungen\/","og_locale":"de_DE","og_type":"article","og_title":"B\u00fcro f\u00fcr intenationale Beziehungen","og_description":"Das B\u00fcro f\u00fcr Internationale Beziehungen ber\u00e4t und unterst\u00fctzt die Universit\u00e4tsleitung, das Personal und die Studierenden.","og_url":"https:\/\/www.uni.lu\/de\/ueber-uns\/organisation\/verwaltung\/buero-fuer-intenationale-beziehungen\/","og_site_name":"UNI DE","article_publisher":"https:\/\/www.facebook.com\/uni.lu","article_modified_time":"2025-11-17T14:48:08+00:00","og_image":[{"width":2560,"height":2560,"url":"https:\/\/www.uni.lu\/wp-content\/uploads\/sites\/10\/2026\/03\/03120000\/UNIV_SM-Profile_1600x1600px-scaled.jpg","type":"image\/jpeg"}],"twitter_card":"summary_large_image","twitter_misc":{"Gesch\u00e4tzte Lesezeit":"3 Minuten"},"schema":{"@context":"https:\/\/schema.org","@graph":[{"@type":"WebPage","@id":"https:\/\/www.uni.lu\/de\/ueber-uns\/organisation\/verwaltung\/buero-fuer-intenationale-beziehungen\/","url":"https:\/\/www.uni.lu\/de\/ueber-uns\/organisation\/verwaltung\/buero-fuer-intenationale-beziehungen\/","name":"B\u00fcro f\u00fcr intenationale Beziehungen - Universit\u00e4t Luxemburg","isPartOf":{"@id":"https:\/\/www.uni.lu\/de\/#website"},"datePublished":"2023-10-17T14:08:49+00:00","dateModified":"2025-11-17T14:48:08+00:00","description":"Das B\u00fcro f\u00fcr Internationale Beziehungen ber\u00e4t und unterst\u00fctzt die Universit\u00e4tsleitung, das Personal und die Studierenden.","breadcrumb":{"@id":"https:\/\/www.uni.lu\/de\/ueber-uns\/organisation\/verwaltung\/buero-fuer-intenationale-beziehungen\/#breadcrumb"},"inLanguage":"de-DE","potentialAction":[{"@type":"ReadAction","target":["https:\/\/www.uni.lu\/de\/ueber-uns\/organisation\/verwaltung\/buero-fuer-intenationale-beziehungen\/"]}]},{"@type":"BreadcrumbList","@id":"https:\/\/www.uni.lu\/de\/ueber-uns\/organisation\/verwaltung\/buero-fuer-intenationale-beziehungen\/#breadcrumb","itemListElement":[{"@type":"ListItem","position":1,"name":"Home","item":"https:\/\/www.uni.lu\/de\/"},{"@type":"ListItem","position":2,"name":"\u00dcber uns","item":"https:\/\/www.uni.lu\/de\/ueber-uns\/"},{"@type":"ListItem","position":3,"name":"Organisation","item":"https:\/\/www.uni.lu\/de\/ueber-uns\/organisation\/"},{"@type":"ListItem","position":4,"name":"Verwaltung","item":"https:\/\/www.uni.lu\/de\/ueber-uns\/organisation\/verwaltung\/"},{"@type":"ListItem","position":5,"name":"B\u00fcro f\u00fcr intenationale Beziehungen"}]},{"@type":"WebSite","@id":"https:\/\/www.uni.lu\/de\/#website","url":"https:\/\/www.uni.lu\/de\/","name":"Uni.lu","description":"Universit\u00e4t Luxemburg","publisher":{"@id":"https:\/\/www.uni.lu\/de\/#organization"},"alternateName":"Universit\u00e4t Luxemburg","potentialAction":[{"@type":"SearchAction","target":{"@type":"EntryPoint","urlTemplate":"https:\/\/www.uni.lu\/de\/?s={search_term_string}"},"query-input":"required name=search_term_string"}],"inLanguage":"de-DE"},{"@type":"Organization","@id":"https:\/\/www.uni.lu\/de\/#organization","name":"Universit\u00e4t Luxemburg","alternateName":"Uni.lu","url":"https:\/\/www.uni.lu\/de\/","logo":{"@type":"ImageObject","inLanguage":"de-DE","@id":"https:\/\/www.uni.lu\/de\/#\/schema\/logo\/image\/","url":"https:\/\/www.uni.lu\/wp-content\/uploads\/sites\/10\/2026\/03\/03120000\/UNIV_SM-Profile_1600x1600px-scaled.jpg","contentUrl":"https:\/\/www.uni.lu\/wp-content\/uploads\/sites\/10\/2026\/03\/03120000\/UNIV_SM-Profile_1600x1600px-scaled.jpg","width":2560,"height":2560,"caption":"Universit\u00e4t Luxemburg"},"image":{"@id":"https:\/\/www.uni.lu\/de\/#\/schema\/logo\/image\/"},"sameAs":["https:\/\/www.facebook.com\/uni.lu","https:\/\/www.linkedin.com\/school\/university-of-luxembourg\/","https:\/\/www.instagram.com\/uni.lu","https:\/\/www.youtube.com\/@uni_lu","https:\/\/en.wikipedia.org\/wiki\/University_of_Luxembourg"]}]}},"ticketed":false,"_links":{"self":[{"href":"https:\/\/www.uni.lu\/de\/wp-json\/wp\/v2\/pages\/1459"}],"collection":[{"href":"https:\/\/www.uni.lu\/de\/wp-json\/wp\/v2\/pages"}],"about":[{"href":"https:\/\/www.uni.lu\/de\/wp-json\/wp\/v2\/types\/page"}],"author":[{"embeddable":true,"href":"https:\/\/www.uni.lu\/de\/wp-json\/wp\/v2\/users\/33"}],"replies":[{"embeddable":true,"href":"https:\/\/www.uni.lu\/de\/wp-json\/wp\/v2\/comments?post=1459"}],"version-history":[{"count":5,"href":"https:\/\/www.uni.lu\/de\/wp-json\/wp\/v2\/pages\/1459\/revisions"}],"predecessor-version":[{"id":8004,"href":"https:\/\/www.uni.lu\/de\/wp-json\/wp\/v2\/pages\/1459\/revisions\/8004"}],"up":[{"embeddable":true,"href":"https:\/\/www.uni.lu\/de\/wp-json\/wp\/v2\/pages\/1432"}],"wp:authorship":[{"embeddable":true,"href":"https:\/\/www.uni.lu\/de\/wp-json\/wp\/v2\/users\/33"},{"embeddable":true,"href":"https:\/\/www.uni.lu\/de\/wp-json\/wp\/v2\/users\/331"}],"wp:attachment":[{"href":"https:\/\/www.uni.lu\/de\/wp-json\/wp\/v2\/media?parent=1459"}],"wp:term":[{"taxonomy":"field-of-interest","embeddable":true,"href":"https:\/\/www.uni.lu\/de\/wp-json\/wp\/v2\/field-of-interest?post=1459"},{"taxonomy":"organisation","embeddable":true,"href":"https:\/\/www.uni.lu\/de\/wp-json\/wp\/v2\/organisation?post=1459"}],"curies":[{"name":"wp","href":"https:\/\/api.w.org\/{rel}","templated":true}]}}