{"id":1455,"date":"2023-10-17T16:01:52","date_gmt":"2023-10-17T14:01:52","guid":{"rendered":"https:\/\/www.uni.lu\/de\/?page_id=1455"},"modified":"2025-09-11T11:10:49","modified_gmt":"2025-09-11T09:10:49","slug":"fundraising-buero","status":"publish","type":"page","link":"https:\/\/www.uni.lu\/de\/ueber-uns\/organisation\/verwaltung\/fundraising-buero\/","title":{"rendered":"Fundraising-B\u00fcro"},"content":{"rendered":"\n<section class=\"wp-block-unilux-blocks-free-section section\"><div class=\"container xl:max-w-screen-xl\">\n<h1 class=\"has-text-align-left wp-block-unilux-blocks-heading\"        id=\"fundraising-buero\"\n    >\nFundraising-B\u00fcro<\/h1>\n\n\n\n<p>Die Universit\u00e4t hat den Auftrag, durch Lehre Wissen zu vermitteln und durch Forschung Wissen zu produzieren. Neben den traditionellen Finanzierungsmitteln (staatliche Stiftungen, staatliche Partnerschaften usw.) bem\u00fcht sich die Universit\u00e4t auch um private Finanzierungsvereinbarungen f\u00fcr Forschung, Ausbildung, Infrastruktur und andere spezifischere Projekte, um ihren Auftrag zu erf\u00fcllen.<\/p>\n\n\n\n<p>Das Ziel der Universit\u00e4t ist es, private Mittel f\u00fcr Organisationen und \u00f6ffentliche Interessen zu mobilisieren. Dies erfolgt sowohl durch M\u00e4zenatentum als auch durch Partnerschaften.<\/p>\n\n\n<div class=\"py-48 first:pt-0 last:pb-0 wp-block-unilux-blocks-people-list\">\n    \n<h2 class=\"has-text-align-left wp-block-unilux-blocks-heading\"        id=\"leitung-des-fundraising-bueros\"\n    >\nLeitung des Fundraising-B\u00fcros<\/h2>\n<ul class=\"flex flex-wrap -mx-16 wp-block-unilux-blocks-people-item-wrapper\">\n    <li class=\"w-full md:w-1\/2 p-16 wp-block-unilux-blocks-people-item-automated\"><div class=\"ulux-card card-people bg-theme\"><div class=\"list-people bg-theme\">\n    <div class=\"list-people__container\">\n        <div class=\"list-people__visual\">\n            <figure class=\"wp-block-dev4-reusable-blocks-image\">\n                <!-- Template Image Component: default -->\n<img decoding=\"async\" class=\"w-full\" width=\"\" height=\"\" rel=\"\" alt=\"Philippe LAMESCH\" src=\"https:\/\/www.uni.lu\/en\/person-image\/NTAwMDIxNjJfX1BoaWxpcHBlIExBTUVTQ0g=\" srcset=\"https:\/\/www.uni.lu\/en\/person-image\/NTAwMDIxNjJfX1BoaWxpcHBlIExBTUVTQ0g=--thumbnail 150w,https:\/\/www.uni.lu\/en\/person-image\/NTAwMDIxNjJfX1BoaWxpcHBlIExBTUVTQ0g=--medium 300w,https:\/\/www.uni.lu\/en\/person-image\/NTAwMDIxNjJfX1BoaWxpcHBlIExBTUVTQ0g=--medium_large 768w,https:\/\/www.uni.lu\/en\/person-image\/NTAwMDIxNjJfX1BoaWxpcHBlIExBTUVTQ0g=--large 1024w,https:\/\/www.uni.lu\/en\/person-image\/NTAwMDIxNjJfX1BoaWxpcHBlIExBTUVTQ0g=--1536x1536 1536w,https:\/\/www.uni.lu\/en\/person-image\/NTAwMDIxNjJfX1BoaWxpcHBlIExBTUVTQ0g=--2048x2048 2048w\" loading=\"lazy\" \/><!-- end Image Component -->\n            <\/figure>\n        <\/div>\n        <div class=\"list-people__body\">\n            <h3 class=\"list-people__title\">Philippe LAMESCH<\/h3>\n            <p class=\"list-people__description\">Head of Office of Advancement Office<\/p>\n            <div class=\"wp-block-unilux-blocks-simple-cta wp-block-unilux-blocks-people-item-automated\">\n    <a\n        href=\"https:\/\/www.uni.lu\/en\/people\/philippe-lamesch\/\"\n        title=\"Philippe LAMESCH\"\n        class=\"link-text link-text--icon list-people__link link-absolute\"\n        target=\"\"\n    >\n        <span class=\"link-text__body\">\n            <span class=\"link-text__name\">Profil anzeigen<\/span>\n        <\/span>\n        <svg aria-hidden=\"true\" focusable=\"false\" class=\"icon icon-outline icon--arrow-right \"><use xlink:href=\"https:\/\/www.uni.lu\/wp-content\/themes\/unilux-theme\/assets\/images\/icons\/icons-outline.svg#icon--arrow-right\"><\/use><\/svg>    <\/a>\n<\/div>\n        <\/div>\n    <\/div>\n<\/div>\n<\/div><\/li><\/ul>\n\n<\/div>\n\n\n\n\n<h3 class=\"has-text-align-left wp-block-unilux-blocks-heading\"        id=\"maezenatentum-philanthropie\"\n    >\n<strong>M\u00e4zenatentum \u2013 Philanthropie<\/strong><\/h3>\n\n\n\n<p>M\u00e4zenatentum und Philanthropie bezeichnen die materielle Unterst\u00fctzung eines Projekts oder einer Person f\u00fcr Aktivit\u00e4ten, die im \u00f6ffentlichen Interesse durchgef\u00fchrt werden, ohne dass der Beg\u00fcnstigte eine direkte Gegenleistung erh\u00e4lt.<\/p>\n\n\n\n<p>Diese Unterst\u00fctzung muss dokumentiert und in eine der folgenden Kategorien eingeordnet werden, wobei die philanthropischen Ziele klar anzugeben sind:<\/p>\n\n\n\n<ul class=\"ulux-list\">\n<li class=\"ulux-list-item\">Allgemeine oder spezifische Unterst\u00fctzung von Forschungaktivit\u00e4ten,<\/li>\n\n\n\n<li class=\"ulux-list-item\">Studienprogramme,<\/li>\n\n\n\n<li class=\"ulux-list-item\">Beihilfen oder Stipendien f\u00fcr Studierende,<\/li>\n\n\n\n<li class=\"ulux-list-item\">Bau von Studentenunterk\u00fcnften (Sachspenden),<\/li>\n\n\n\n<li class=\"ulux-list-item\">Verm\u00e4chtnisse.<\/li>\n<\/ul>\n\n\n\n<p>Auch nicht-zweckungebundene Spenden sind m\u00f6glich.<\/p>\n\n\n\n<h3 class=\"has-text-align-left wp-block-unilux-blocks-heading\"        id=\"sponsoring-geschaeftspartnerschaft\"\n    >\nSponsoring \u2013 Gesch\u00e4ftspartnerschaft<\/h3>\n\n\n\n<p>Hierbei kann es sich um eine mehrj\u00e4hrige (\u00fcblicherweise f\u00fcr 3 bis 5 Jahre) Verpflichtung eines Unternehmens handeln, einen signifikanten Betrag zur F\u00f6rderung der Entwicklung von Forschungs- und\/oder Lehraktivit\u00e4ten in einem Bereich bereitzustellen, der f\u00fcr das Unternehmen von Interesse ist.<\/p>\n\n\n\n<p>Sponsoring und Partnerschaften mit Unternehmen k\u00f6nnen in Form von Lehrst\u00fchlen erfolgen. Diese dienen als Plattformen f\u00fcr die Organisation zahlreicher akademischer Aktivit\u00e4ten durch:<\/p>\n\n\n\n<ul class=\"ulux-list\">\n<li class=\"ulux-list-item\">Die Verpflichtung eines Mitglieds des Lehrk\u00f6rpers (akademischer Lehrstuhl);<\/li>\n\n\n\n<li class=\"ulux-list-item\">Die St\u00e4rkung eines Forschungsteams in einem bestimmten Fachbereich (Forschungslehrstuhl);<\/li>\n\n\n\n<li class=\"ulux-list-item\">Die F\u00f6rderung eines bestimmten Fachgebiets durch akademische und \u00f6ffentliche Konferenzen, an denen f\u00fchrende Vertreter des Fachgebiets teilnehmen;<\/li>\n\n\n\n<li class=\"ulux-list-item\">Die Finanzierung von akademischen oder popul\u00e4rwissenschaftlichen Veranstaltungen f\u00fcr Studierende, Forscher, Fachleute und die breite \u00d6ffentlichkeit.<\/li>\n<\/ul>\n\n\n\n<p>Die Fundraising-Charta der Universit\u00e4t Luxemburg enth\u00e4lt die vom Aufsichtsrat der Universit\u00e4t verabschiedeten Bedingungen und Regeln.<\/p>\n\n\n\n<p><strong>Mehr erfahren<\/strong><\/p>\n\n\n<ul class=\"wp-block-unilux-blocks-button-list\">\n    <li class=\"wp-block-unilux-blocks-button-list-item\">\n    <a\n            href=\"https:\/\/www.uni.lu\/de\/ueber-uns\/unterstuetzen-sie-die-universitaet\/\"\n            class=\"quick-link wp-block-unilux-blocks-anchor\"        target=\"\"\n>\n    \n<span class=\"wp-block-unilux-blocks-wrapper quick-link__container\"><figure class=\"wp-block-dev4-reusable-blocks-image quick-link__img object-fit--scale-down\">\n        <\/figure>\n\n\n<span class=\"quick-link__name wp-block-unilux-blocks-plain-text\">Unterst\u00fctzen Sie die Universit\u00e4t<\/span>\n\n<svg aria-hidden=\"true\" focusable=\"false\" class=\"icon icon-outline icon--arrow-right \"><use xlink:href=\"https:\/\/www.uni.lu\/wp-content\/themes\/unilux-theme\/assets\/images\/icons\/icons-outline.svg#icon--arrow-right\"><\/use><\/svg><\/span>\n<\/a>\n<\/li><\/ul>\n<\/div><\/section>\n","protected":false},"excerpt":{"rendered":"","protected":false},"author":33,"featured_media":0,"parent":1432,"menu_order":0,"comment_status":"closed","ping_status":"closed","template":"","meta":{"featured_image_focal_point":[],"show_featured_caption":false,"ulux_newsletter_groups":"","uluxPostTitle":"","uluxPrePostTitle":"","_trash_the_other_posts":false,"_price":"","_stock":"","_tribe_ticket_header":"","_tribe_default_ticket_provider":"","_tribe_ticket_capacity":"0","_ticket_start_date":"","_ticket_end_date":"","_tribe_ticket_show_description":"","_tribe_ticket_show_not_going":false,"_tribe_ticket_use_global_stock":"","_tribe_ticket_global_stock_level":"","_global_stock_mode":"","_global_stock_cap":"","_tribe_rsvp_for_event":"","_tribe_ticket_going_count":"","_tribe_ticket_not_going_count":"","_tribe_tickets_list":"[]","_tribe_ticket_has_attendee_info_fields":false,"footnotes":""},"field-of-interest":[],"organisation":[],"authorship":[33,314],"acf":[],"yoast_head":"<!-- This site is optimized with the Yoast SEO Premium plugin v22.3 (Yoast SEO v22.3) - https:\/\/yoast.com\/wordpress\/plugins\/seo\/ -->\n<title>Fundraising-B\u00fcro - Universit\u00e4t Luxemburg<\/title>\n<meta name=\"description\" content=\"Das Ziel des Fundraising-B\u00fcro ist es, private Mittel f\u00fcr Organisationen und \u00f6ffentliche Interessen zu mobilisieren.\" \/>\n<meta name=\"robots\" content=\"index, follow, max-snippet:-1, max-image-preview:large, max-video-preview:-1\" \/>\n<link rel=\"canonical\" href=\"https:\/\/www.uni.lu\/de\/ueber-uns\/organisation\/verwaltung\/fundraising-buero\/\" \/>\n<meta property=\"og:locale\" content=\"de_DE\" \/>\n<meta property=\"og:type\" content=\"article\" \/>\n<meta property=\"og:title\" content=\"Fundraising-B\u00fcro\" \/>\n<meta property=\"og:description\" content=\"Das Ziel des Fundraising-B\u00fcro ist es, private Mittel f\u00fcr Organisationen und \u00f6ffentliche Interessen zu mobilisieren.\" \/>\n<meta property=\"og:url\" content=\"https:\/\/www.uni.lu\/de\/ueber-uns\/organisation\/verwaltung\/fundraising-buero\/\" \/>\n<meta property=\"og:site_name\" content=\"UNI DE\" \/>\n<meta property=\"article:publisher\" content=\"https:\/\/www.facebook.com\/uni.lu\" \/>\n<meta property=\"article:modified_time\" content=\"2025-09-11T09:10:49+00:00\" \/>\n<meta property=\"og:image\" content=\"https:\/\/www.uni.lu\/wp-content\/uploads\/sites\/10\/2026\/03\/03120000\/UNIV_SM-Profile_1600x1600px-scaled.jpg\" \/>\n\t<meta property=\"og:image:width\" content=\"2560\" \/>\n\t<meta property=\"og:image:height\" content=\"2560\" \/>\n\t<meta property=\"og:image:type\" content=\"image\/jpeg\" \/>\n<meta name=\"twitter:card\" content=\"summary_large_image\" \/>\n<meta name=\"twitter:label1\" content=\"Gesch\u00e4tzte Lesezeit\" \/>\n\t<meta name=\"twitter:data1\" content=\"2 Minuten\" \/>\n<script type=\"application\/ld+json\" class=\"yoast-schema-graph\">{\"@context\":\"https:\/\/schema.org\",\"@graph\":[{\"@type\":\"WebPage\",\"@id\":\"https:\/\/www.uni.lu\/de\/ueber-uns\/organisation\/verwaltung\/fundraising-buero\/\",\"url\":\"https:\/\/www.uni.lu\/de\/ueber-uns\/organisation\/verwaltung\/fundraising-buero\/\",\"name\":\"Fundraising-B\u00fcro - Universit\u00e4t Luxemburg\",\"isPartOf\":{\"@id\":\"https:\/\/www.uni.lu\/de\/#website\"},\"datePublished\":\"2023-10-17T14:01:52+00:00\",\"dateModified\":\"2025-09-11T09:10:49+00:00\",\"description\":\"Das Ziel des Fundraising-B\u00fcro ist es, private Mittel f\u00fcr Organisationen und \u00f6ffentliche Interessen zu mobilisieren.\",\"breadcrumb\":{\"@id\":\"https:\/\/www.uni.lu\/de\/ueber-uns\/organisation\/verwaltung\/fundraising-buero\/#breadcrumb\"},\"inLanguage\":\"de-DE\",\"potentialAction\":[{\"@type\":\"ReadAction\",\"target\":[\"https:\/\/www.uni.lu\/de\/ueber-uns\/organisation\/verwaltung\/fundraising-buero\/\"]}]},{\"@type\":\"BreadcrumbList\",\"@id\":\"https:\/\/www.uni.lu\/de\/ueber-uns\/organisation\/verwaltung\/fundraising-buero\/#breadcrumb\",\"itemListElement\":[{\"@type\":\"ListItem\",\"position\":1,\"name\":\"Home\",\"item\":\"https:\/\/www.uni.lu\/de\/\"},{\"@type\":\"ListItem\",\"position\":2,\"name\":\"\u00dcber uns\",\"item\":\"https:\/\/www.uni.lu\/de\/ueber-uns\/\"},{\"@type\":\"ListItem\",\"position\":3,\"name\":\"Organisation\",\"item\":\"https:\/\/www.uni.lu\/de\/ueber-uns\/organisation\/\"},{\"@type\":\"ListItem\",\"position\":4,\"name\":\"Verwaltung\",\"item\":\"https:\/\/www.uni.lu\/de\/ueber-uns\/organisation\/verwaltung\/\"},{\"@type\":\"ListItem\",\"position\":5,\"name\":\"Fundraising-B\u00fcro\"}]},{\"@type\":\"WebSite\",\"@id\":\"https:\/\/www.uni.lu\/de\/#website\",\"url\":\"https:\/\/www.uni.lu\/de\/\",\"name\":\"Uni.lu\",\"description\":\"Universit\u00e4t Luxemburg\",\"publisher\":{\"@id\":\"https:\/\/www.uni.lu\/de\/#organization\"},\"alternateName\":\"Universit\u00e4t Luxemburg\",\"potentialAction\":[{\"@type\":\"SearchAction\",\"target\":{\"@type\":\"EntryPoint\",\"urlTemplate\":\"https:\/\/www.uni.lu\/de\/?s={search_term_string}\"},\"query-input\":\"required name=search_term_string\"}],\"inLanguage\":\"de-DE\"},{\"@type\":\"Organization\",\"@id\":\"https:\/\/www.uni.lu\/de\/#organization\",\"name\":\"Universit\u00e4t Luxemburg\",\"alternateName\":\"Uni.lu\",\"url\":\"https:\/\/www.uni.lu\/de\/\",\"logo\":{\"@type\":\"ImageObject\",\"inLanguage\":\"de-DE\",\"@id\":\"https:\/\/www.uni.lu\/de\/#\/schema\/logo\/image\/\",\"url\":\"https:\/\/www.uni.lu\/wp-content\/uploads\/sites\/10\/2026\/03\/03120000\/UNIV_SM-Profile_1600x1600px-scaled.jpg\",\"contentUrl\":\"https:\/\/www.uni.lu\/wp-content\/uploads\/sites\/10\/2026\/03\/03120000\/UNIV_SM-Profile_1600x1600px-scaled.jpg\",\"width\":2560,\"height\":2560,\"caption\":\"Universit\u00e4t Luxemburg\"},\"image\":{\"@id\":\"https:\/\/www.uni.lu\/de\/#\/schema\/logo\/image\/\"},\"sameAs\":[\"https:\/\/www.facebook.com\/uni.lu\",\"https:\/\/www.linkedin.com\/school\/university-of-luxembourg\/\",\"https:\/\/www.instagram.com\/uni.lu\",\"https:\/\/www.youtube.com\/@uni_lu\",\"https:\/\/en.wikipedia.org\/wiki\/University_of_Luxembourg\"]}]}<\/script>\n<!-- \/ Yoast SEO Premium plugin. -->","yoast_head_json":{"title":"Fundraising-B\u00fcro - Universit\u00e4t Luxemburg","description":"Das Ziel des Fundraising-B\u00fcro ist es, private Mittel f\u00fcr Organisationen und \u00f6ffentliche Interessen zu mobilisieren.","robots":{"index":"index","follow":"follow","max-snippet":"max-snippet:-1","max-image-preview":"max-image-preview:large","max-video-preview":"max-video-preview:-1"},"canonical":"https:\/\/www.uni.lu\/de\/ueber-uns\/organisation\/verwaltung\/fundraising-buero\/","og_locale":"de_DE","og_type":"article","og_title":"Fundraising-B\u00fcro","og_description":"Das Ziel des Fundraising-B\u00fcro ist es, private Mittel f\u00fcr Organisationen und \u00f6ffentliche Interessen zu mobilisieren.","og_url":"https:\/\/www.uni.lu\/de\/ueber-uns\/organisation\/verwaltung\/fundraising-buero\/","og_site_name":"UNI DE","article_publisher":"https:\/\/www.facebook.com\/uni.lu","article_modified_time":"2025-09-11T09:10:49+00:00","og_image":[{"width":2560,"height":2560,"url":"https:\/\/www.uni.lu\/wp-content\/uploads\/sites\/10\/2026\/03\/03120000\/UNIV_SM-Profile_1600x1600px-scaled.jpg","type":"image\/jpeg"}],"twitter_card":"summary_large_image","twitter_misc":{"Gesch\u00e4tzte Lesezeit":"2 Minuten"},"schema":{"@context":"https:\/\/schema.org","@graph":[{"@type":"WebPage","@id":"https:\/\/www.uni.lu\/de\/ueber-uns\/organisation\/verwaltung\/fundraising-buero\/","url":"https:\/\/www.uni.lu\/de\/ueber-uns\/organisation\/verwaltung\/fundraising-buero\/","name":"Fundraising-B\u00fcro - Universit\u00e4t Luxemburg","isPartOf":{"@id":"https:\/\/www.uni.lu\/de\/#website"},"datePublished":"2023-10-17T14:01:52+00:00","dateModified":"2025-09-11T09:10:49+00:00","description":"Das Ziel des Fundraising-B\u00fcro ist es, private Mittel f\u00fcr Organisationen und \u00f6ffentliche Interessen zu mobilisieren.","breadcrumb":{"@id":"https:\/\/www.uni.lu\/de\/ueber-uns\/organisation\/verwaltung\/fundraising-buero\/#breadcrumb"},"inLanguage":"de-DE","potentialAction":[{"@type":"ReadAction","target":["https:\/\/www.uni.lu\/de\/ueber-uns\/organisation\/verwaltung\/fundraising-buero\/"]}]},{"@type":"BreadcrumbList","@id":"https:\/\/www.uni.lu\/de\/ueber-uns\/organisation\/verwaltung\/fundraising-buero\/#breadcrumb","itemListElement":[{"@type":"ListItem","position":1,"name":"Home","item":"https:\/\/www.uni.lu\/de\/"},{"@type":"ListItem","position":2,"name":"\u00dcber uns","item":"https:\/\/www.uni.lu\/de\/ueber-uns\/"},{"@type":"ListItem","position":3,"name":"Organisation","item":"https:\/\/www.uni.lu\/de\/ueber-uns\/organisation\/"},{"@type":"ListItem","position":4,"name":"Verwaltung","item":"https:\/\/www.uni.lu\/de\/ueber-uns\/organisation\/verwaltung\/"},{"@type":"ListItem","position":5,"name":"Fundraising-B\u00fcro"}]},{"@type":"WebSite","@id":"https:\/\/www.uni.lu\/de\/#website","url":"https:\/\/www.uni.lu\/de\/","name":"Uni.lu","description":"Universit\u00e4t Luxemburg","publisher":{"@id":"https:\/\/www.uni.lu\/de\/#organization"},"alternateName":"Universit\u00e4t Luxemburg","potentialAction":[{"@type":"SearchAction","target":{"@type":"EntryPoint","urlTemplate":"https:\/\/www.uni.lu\/de\/?s={search_term_string}"},"query-input":"required name=search_term_string"}],"inLanguage":"de-DE"},{"@type":"Organization","@id":"https:\/\/www.uni.lu\/de\/#organization","name":"Universit\u00e4t Luxemburg","alternateName":"Uni.lu","url":"https:\/\/www.uni.lu\/de\/","logo":{"@type":"ImageObject","inLanguage":"de-DE","@id":"https:\/\/www.uni.lu\/de\/#\/schema\/logo\/image\/","url":"https:\/\/www.uni.lu\/wp-content\/uploads\/sites\/10\/2026\/03\/03120000\/UNIV_SM-Profile_1600x1600px-scaled.jpg","contentUrl":"https:\/\/www.uni.lu\/wp-content\/uploads\/sites\/10\/2026\/03\/03120000\/UNIV_SM-Profile_1600x1600px-scaled.jpg","width":2560,"height":2560,"caption":"Universit\u00e4t Luxemburg"},"image":{"@id":"https:\/\/www.uni.lu\/de\/#\/schema\/logo\/image\/"},"sameAs":["https:\/\/www.facebook.com\/uni.lu","https:\/\/www.linkedin.com\/school\/university-of-luxembourg\/","https:\/\/www.instagram.com\/uni.lu","https:\/\/www.youtube.com\/@uni_lu","https:\/\/en.wikipedia.org\/wiki\/University_of_Luxembourg"]}]}},"ticketed":false,"_links":{"self":[{"href":"https:\/\/www.uni.lu\/de\/wp-json\/wp\/v2\/pages\/1455"}],"collection":[{"href":"https:\/\/www.uni.lu\/de\/wp-json\/wp\/v2\/pages"}],"about":[{"href":"https:\/\/www.uni.lu\/de\/wp-json\/wp\/v2\/types\/page"}],"author":[{"embeddable":true,"href":"https:\/\/www.uni.lu\/de\/wp-json\/wp\/v2\/users\/33"}],"replies":[{"embeddable":true,"href":"https:\/\/www.uni.lu\/de\/wp-json\/wp\/v2\/comments?post=1455"}],"version-history":[{"count":5,"href":"https:\/\/www.uni.lu\/de\/wp-json\/wp\/v2\/pages\/1455\/revisions"}],"predecessor-version":[{"id":7405,"href":"https:\/\/www.uni.lu\/de\/wp-json\/wp\/v2\/pages\/1455\/revisions\/7405"}],"up":[{"embeddable":true,"href":"https:\/\/www.uni.lu\/de\/wp-json\/wp\/v2\/pages\/1432"}],"wp:authorship":[{"embeddable":true,"href":"https:\/\/www.uni.lu\/de\/wp-json\/wp\/v2\/users\/33"},{"embeddable":true,"href":"https:\/\/www.uni.lu\/de\/wp-json\/wp\/v2\/users\/314"}],"wp:attachment":[{"href":"https:\/\/www.uni.lu\/de\/wp-json\/wp\/v2\/media?parent=1455"}],"wp:term":[{"taxonomy":"field-of-interest","embeddable":true,"href":"https:\/\/www.uni.lu\/de\/wp-json\/wp\/v2\/field-of-interest?post=1455"},{"taxonomy":"organisation","embeddable":true,"href":"https:\/\/www.uni.lu\/de\/wp-json\/wp\/v2\/organisation?post=1455"}],"curies":[{"name":"wp","href":"https:\/\/api.w.org\/{rel}","templated":true}]}}