{"id":1453,"date":"2023-10-17T16:00:13","date_gmt":"2023-10-17T14:00:13","guid":{"rendered":"https:\/\/www.uni.lu\/de\/?page_id=1453"},"modified":"2024-07-26T10:54:55","modified_gmt":"2024-07-26T08:54:55","slug":"statistik-und-institutional-research","status":"publish","type":"page","link":"https:\/\/www.uni.lu\/de\/ueber-uns\/organisation\/verwaltung\/statistik-und-institutional-research\/","title":{"rendered":"B\u00fcro f\u00fcr Statistik und Institutional Research"},"content":{"rendered":"\n<section class=\"py-0 wp-block-unilux-blocks-free-section section\"><div class=\"container xl:max-w-screen-xl\">\n<h1 class=\"has-text-align-left wp-block-unilux-blocks-heading\"        id=\"buero-fuer-statistik-und-institutional-research\"\n    >\nB\u00fcro f\u00fcr Statistik und Institutional Research<\/h1>\n<\/div><\/section>\n\n\n\n<section class=\"wp-block-unilux-blocks-free-section section\"><div class=\"container xl:max-w-screen-xl\">\n<p>Empirische Indikatoren zu den Strukturen, Prozessen und Ergebnissen der Universit\u00e4t Luxemburg sind eine wichtige Komponente f\u00fcr die Entscheidungsfindung und die Verbesserung von Dienstleistungen. Als solche bilden sie die Grundlage f\u00fcr die gesetzliche Berichterstattung der Universit\u00e4t. Die Universit\u00e4t verzeichnet ein stetiges Wachstum und die Art der Datenanfragen ist zunehmend bereichs\u00fcbergreifend. Die Aufgabe des B\u00fcros f\u00fcr Statistik und Institutional Research besteht daher darin, institutionelle Datenanalysen zu koordinieren und zu standardisieren und eine koh\u00e4rente und validierte empirische Grundlage f\u00fcr datengest\u00fctzte Entscheidungen zu schaffen.<\/p>\n\n\n<div class=\"py-48 first:pt-0 last:pb-0 wp-block-unilux-blocks-people-list\">\n    \n<h2 class=\"has-text-align-left wp-block-unilux-blocks-heading\"        id=\"leitung-des-teams-fuer-statistik-und-institutional-research\"\n    >\nLeitung des Teams f\u00fcr Statistik und Institutional Research<\/h2>\n<ul class=\"flex flex-wrap -mx-16 wp-block-unilux-blocks-people-item-wrapper\">\n    <li class=\"w-full md:w-1\/2 p-16 wp-block-unilux-blocks-people-item-automated\"><div class=\"ulux-card card-people bg-theme\"><div class=\"list-people bg-theme\">\n    <div class=\"list-people__container\">\n        <div class=\"list-people__visual\">\n            <figure class=\"wp-block-dev4-reusable-blocks-image\">\n                <!-- Template Image Component: default -->\n<img decoding=\"async\" class=\"w-full\" width=\"\" height=\"\" rel=\"\" alt=\"Agnieszka WALCZAK\" src=\"https:\/\/www.uni.lu\/en\/person-image\/NTAwMzU0MTFfX0Fnbmllc3prYSBXQUxDWkFL\" srcset=\"https:\/\/www.uni.lu\/en\/person-image\/NTAwMzU0MTFfX0Fnbmllc3prYSBXQUxDWkFL--thumbnail 150w,https:\/\/www.uni.lu\/en\/person-image\/NTAwMzU0MTFfX0Fnbmllc3prYSBXQUxDWkFL--medium 300w,https:\/\/www.uni.lu\/en\/person-image\/NTAwMzU0MTFfX0Fnbmllc3prYSBXQUxDWkFL--medium_large 768w,https:\/\/www.uni.lu\/en\/person-image\/NTAwMzU0MTFfX0Fnbmllc3prYSBXQUxDWkFL--large 1024w,https:\/\/www.uni.lu\/en\/person-image\/NTAwMzU0MTFfX0Fnbmllc3prYSBXQUxDWkFL--1536x1536 1536w,https:\/\/www.uni.lu\/en\/person-image\/NTAwMzU0MTFfX0Fnbmllc3prYSBXQUxDWkFL--2048x2048 2048w\" loading=\"lazy\" \/><!-- end Image Component -->\n            <\/figure>\n        <\/div>\n        <div class=\"list-people__body\">\n            <h3 class=\"list-people__title\">Agnieszka WALCZAK<\/h3>\n            <p class=\"list-people__description\">Team Leader of Statistics and Institutional Research<\/p>\n            <div class=\"wp-block-unilux-blocks-simple-cta wp-block-unilux-blocks-people-item-automated\">\n    <a\n        href=\"https:\/\/www.uni.lu\/en\/people\/agnieszka-walczak\/\"\n        title=\"Agnieszka WALCZAK\"\n        class=\"link-text link-text--icon list-people__link link-absolute\"\n        target=\"\"\n    >\n        <span class=\"link-text__body\">\n            <span class=\"link-text__name\">Profil anzeigen<\/span>\n        <\/span>\n        <svg aria-hidden=\"true\" focusable=\"false\" class=\"icon icon-outline icon--arrow-right \"><use xlink:href=\"https:\/\/www.uni.lu\/wp-content\/themes\/unilux-theme\/assets\/images\/icons\/icons-outline.svg#icon--arrow-right\"><\/use><\/svg>    <\/a>\n<\/div>\n        <\/div>\n    <\/div>\n<\/div>\n<\/div><\/li><\/ul>\n\n<\/div>\n\n\n\n\n<h3 class=\"has-text-align-left wp-block-unilux-blocks-heading\"        id=\"unsere-aufgaben\"\n    >\nUnsere Aufgaben<\/h3>\n\n\n\n<ul class=\"ulux-list\">\n<li class=\"ulux-list-item\">Erstellung von institutionellen Berichten f\u00fcr die Regierung und Hochschulranking-Agenturen<\/li>\n\n\n\n<li class=\"ulux-list-item\">Bereitstellung von institutionellen Leistungsindikatoren<\/li>\n\n\n\n<li class=\"ulux-list-item\">Durchf\u00fchrung von Benchmarking-Analysen<\/li>\n\n\n\n<li class=\"ulux-list-item\">Aufbau eines institutionellen Rahmens f\u00fcr Information Governance<\/li>\n\n\n\n<li class=\"ulux-list-item\">Entwicklung von Informationsmanagement- und Dashboarding-Tools<\/li>\n\n\n\n<li class=\"ulux-list-item\">Optimieren und Dokumentieren der institutionellen Datenanalysen<\/li>\n\n\n\n<li class=\"ulux-list-item\">Unterst\u00fctzung und Schulung von Mitarbeitern in den Bereichen Datenanalyse und -verwaltung<\/li>\n<\/ul>\n\n\n\n<h3 class=\"has-text-align-left wp-block-unilux-blocks-heading\"        id=\"unsere-leistungen\"\n    >\nUnsere Leistungen<\/h3>\n\n\n\n<p>Das B\u00fcro f\u00fcr Statistik und Institutional Research ist die zentrale Anlaufstelle f\u00fcr Personen innerhalb und au\u00dferhalb der Universit\u00e4t, die institutionelle Daten oder Unterst\u00fctzung bei institutionellen Datenanalysen ben\u00f6tigen.<\/p>\n\n\n\n<h4 class=\"has-text-align-left wp-block-unilux-blocks-heading\"        id=\"presse-und-medienarbeit\"\n    >\nPresse- und Medienarbeit<\/h4>\n\n\n\n<p>F\u00fcr Journalisten ist das Presseteam der Kommunikationsabteilung die zentrale Anlaufstelle.<br>Das Presseteam k\u00fcmmert sich um Ihre Anfrage und koordiniert sie mit dem Amt f\u00fcr Statistik und Institutional Research.<\/p>\n\n\n<div class=\"icon-info-wrapper\">\n    <ul class=\"wp-block-unilux-blocks-icon-info\">\n        <li class=\"wp-block-unilux-blocks-icon-info-item\">\n    \n<div class=\"wp-block-unilux-blocks-wrapper icon-info\">\n<div class=\"icon--primary icon--secondary-2  wp-block-unilux-blocks-icon-picker\">\n    <svg aria-hidden=\"true\" focusable=\"false\" class=\"icon icon-outline icon--email \"><use xlink:href=\"https:\/\/www.uni.lu\/wp-content\/themes\/unilux-theme\/assets\/images\/icons\/icons-outline.svg#icon--email\"><\/use><\/svg><\/div>\n\n\n<p class=\"has-1-125-rem-font-size\"><a href=\"mailto:unilupress@uni.lu\">unilupress@uni.lu<\/a><\/p>\n<\/div>\n<\/li>\n    <\/ul>\n<\/div>\n<\/div><\/section>\n","protected":false},"excerpt":{"rendered":"","protected":false},"author":33,"featured_media":0,"parent":1432,"menu_order":0,"comment_status":"closed","ping_status":"closed","template":"","meta":{"featured_image_focal_point":[],"show_featured_caption":false,"ulux_newsletter_groups":"","uluxPostTitle":"","uluxPrePostTitle":"","_trash_the_other_posts":false,"_price":"","_stock":"","_tribe_ticket_header":"","_tribe_default_ticket_provider":"","_tribe_ticket_capacity":"0","_ticket_start_date":"","_ticket_end_date":"","_tribe_ticket_show_description":"","_tribe_ticket_show_not_going":false,"_tribe_ticket_use_global_stock":"","_tribe_ticket_global_stock_level":"","_global_stock_mode":"","_global_stock_cap":"","_tribe_rsvp_for_event":"","_tribe_ticket_going_count":"","_tribe_ticket_not_going_count":"","_tribe_tickets_list":"[]","_tribe_ticket_has_attendee_info_fields":false,"footnotes":""},"field-of-interest":[],"organisation":[],"authorship":[33],"acf":[],"yoast_head":"<!-- This site is optimized with the Yoast SEO Premium plugin v22.3 (Yoast SEO v22.3) - https:\/\/yoast.com\/wordpress\/plugins\/seo\/ -->\n<title>B\u00fcro f\u00fcr Statistik und Institutional Research I Uni.lu<\/title>\n<meta name=\"description\" content=\"Die Aufgabe des B\u00fcros f\u00fcr Statistik und Institutional Research besteht institutionelle Datenanalysen zu koordinieren.\" \/>\n<meta name=\"robots\" content=\"index, follow, max-snippet:-1, max-image-preview:large, max-video-preview:-1\" \/>\n<link rel=\"canonical\" href=\"https:\/\/www.uni.lu\/de\/ueber-uns\/organisation\/verwaltung\/statistik-und-institutional-research\/\" \/>\n<meta property=\"og:locale\" content=\"de_DE\" \/>\n<meta property=\"og:type\" content=\"article\" \/>\n<meta property=\"og:title\" content=\"B\u00fcro f\u00fcr Statistik und Institutional Research\" \/>\n<meta property=\"og:description\" content=\"Die Aufgabe des B\u00fcros f\u00fcr Statistik und Institutional Research besteht institutionelle Datenanalysen zu koordinieren.\" \/>\n<meta property=\"og:url\" content=\"https:\/\/www.uni.lu\/de\/ueber-uns\/organisation\/verwaltung\/statistik-und-institutional-research\/\" \/>\n<meta property=\"og:site_name\" content=\"UNI DE\" \/>\n<meta property=\"article:publisher\" content=\"https:\/\/www.facebook.com\/uni.lu\" \/>\n<meta property=\"article:modified_time\" content=\"2024-07-26T08:54:55+00:00\" \/>\n<meta property=\"og:image\" content=\"https:\/\/www.uni.lu\/wp-content\/uploads\/sites\/10\/2026\/03\/03120000\/UNIV_SM-Profile_1600x1600px-scaled.jpg\" \/>\n\t<meta property=\"og:image:width\" content=\"2560\" \/>\n\t<meta property=\"og:image:height\" content=\"2560\" \/>\n\t<meta property=\"og:image:type\" content=\"image\/jpeg\" \/>\n<meta name=\"twitter:card\" content=\"summary_large_image\" \/>\n<meta name=\"twitter:label1\" content=\"Gesch\u00e4tzte Lesezeit\" \/>\n\t<meta name=\"twitter:data1\" content=\"2 Minuten\" \/>\n<script type=\"application\/ld+json\" class=\"yoast-schema-graph\">{\"@context\":\"https:\/\/schema.org\",\"@graph\":[{\"@type\":\"WebPage\",\"@id\":\"https:\/\/www.uni.lu\/de\/ueber-uns\/organisation\/verwaltung\/statistik-und-institutional-research\/\",\"url\":\"https:\/\/www.uni.lu\/de\/ueber-uns\/organisation\/verwaltung\/statistik-und-institutional-research\/\",\"name\":\"B\u00fcro f\u00fcr Statistik und Institutional Research I Uni.lu\",\"isPartOf\":{\"@id\":\"https:\/\/www.uni.lu\/de\/#website\"},\"datePublished\":\"2023-10-17T14:00:13+00:00\",\"dateModified\":\"2024-07-26T08:54:55+00:00\",\"description\":\"Die Aufgabe des B\u00fcros f\u00fcr Statistik und Institutional Research besteht institutionelle Datenanalysen zu koordinieren.\",\"breadcrumb\":{\"@id\":\"https:\/\/www.uni.lu\/de\/ueber-uns\/organisation\/verwaltung\/statistik-und-institutional-research\/#breadcrumb\"},\"inLanguage\":\"de-DE\",\"potentialAction\":[{\"@type\":\"ReadAction\",\"target\":[\"https:\/\/www.uni.lu\/de\/ueber-uns\/organisation\/verwaltung\/statistik-und-institutional-research\/\"]}]},{\"@type\":\"BreadcrumbList\",\"@id\":\"https:\/\/www.uni.lu\/de\/ueber-uns\/organisation\/verwaltung\/statistik-und-institutional-research\/#breadcrumb\",\"itemListElement\":[{\"@type\":\"ListItem\",\"position\":1,\"name\":\"Home\",\"item\":\"https:\/\/www.uni.lu\/de\/\"},{\"@type\":\"ListItem\",\"position\":2,\"name\":\"\u00dcber uns\",\"item\":\"https:\/\/www.uni.lu\/de\/ueber-uns\/\"},{\"@type\":\"ListItem\",\"position\":3,\"name\":\"Organisation\",\"item\":\"https:\/\/www.uni.lu\/de\/ueber-uns\/organisation\/\"},{\"@type\":\"ListItem\",\"position\":4,\"name\":\"Verwaltung\",\"item\":\"https:\/\/www.uni.lu\/de\/ueber-uns\/organisation\/verwaltung\/\"},{\"@type\":\"ListItem\",\"position\":5,\"name\":\"B\u00fcro f\u00fcr Statistik und Institutional Research\"}]},{\"@type\":\"WebSite\",\"@id\":\"https:\/\/www.uni.lu\/de\/#website\",\"url\":\"https:\/\/www.uni.lu\/de\/\",\"name\":\"Uni.lu\",\"description\":\"Universit\u00e4t Luxemburg\",\"publisher\":{\"@id\":\"https:\/\/www.uni.lu\/de\/#organization\"},\"alternateName\":\"Universit\u00e4t Luxemburg\",\"potentialAction\":[{\"@type\":\"SearchAction\",\"target\":{\"@type\":\"EntryPoint\",\"urlTemplate\":\"https:\/\/www.uni.lu\/de\/?s={search_term_string}\"},\"query-input\":\"required name=search_term_string\"}],\"inLanguage\":\"de-DE\"},{\"@type\":\"Organization\",\"@id\":\"https:\/\/www.uni.lu\/de\/#organization\",\"name\":\"Universit\u00e4t Luxemburg\",\"alternateName\":\"Uni.lu\",\"url\":\"https:\/\/www.uni.lu\/de\/\",\"logo\":{\"@type\":\"ImageObject\",\"inLanguage\":\"de-DE\",\"@id\":\"https:\/\/www.uni.lu\/de\/#\/schema\/logo\/image\/\",\"url\":\"https:\/\/www.uni.lu\/wp-content\/uploads\/sites\/10\/2026\/03\/03120000\/UNIV_SM-Profile_1600x1600px-scaled.jpg\",\"contentUrl\":\"https:\/\/www.uni.lu\/wp-content\/uploads\/sites\/10\/2026\/03\/03120000\/UNIV_SM-Profile_1600x1600px-scaled.jpg\",\"width\":2560,\"height\":2560,\"caption\":\"Universit\u00e4t Luxemburg\"},\"image\":{\"@id\":\"https:\/\/www.uni.lu\/de\/#\/schema\/logo\/image\/\"},\"sameAs\":[\"https:\/\/www.facebook.com\/uni.lu\",\"https:\/\/www.linkedin.com\/school\/university-of-luxembourg\/\",\"https:\/\/www.instagram.com\/uni.lu\",\"https:\/\/www.youtube.com\/@uni_lu\",\"https:\/\/en.wikipedia.org\/wiki\/University_of_Luxembourg\"]}]}<\/script>\n<!-- \/ Yoast SEO Premium plugin. -->","yoast_head_json":{"title":"B\u00fcro f\u00fcr Statistik und Institutional Research I Uni.lu","description":"Die Aufgabe des B\u00fcros f\u00fcr Statistik und Institutional Research besteht institutionelle Datenanalysen zu koordinieren.","robots":{"index":"index","follow":"follow","max-snippet":"max-snippet:-1","max-image-preview":"max-image-preview:large","max-video-preview":"max-video-preview:-1"},"canonical":"https:\/\/www.uni.lu\/de\/ueber-uns\/organisation\/verwaltung\/statistik-und-institutional-research\/","og_locale":"de_DE","og_type":"article","og_title":"B\u00fcro f\u00fcr Statistik und Institutional Research","og_description":"Die Aufgabe des B\u00fcros f\u00fcr Statistik und Institutional Research besteht institutionelle Datenanalysen zu koordinieren.","og_url":"https:\/\/www.uni.lu\/de\/ueber-uns\/organisation\/verwaltung\/statistik-und-institutional-research\/","og_site_name":"UNI DE","article_publisher":"https:\/\/www.facebook.com\/uni.lu","article_modified_time":"2024-07-26T08:54:55+00:00","og_image":[{"width":2560,"height":2560,"url":"https:\/\/www.uni.lu\/wp-content\/uploads\/sites\/10\/2026\/03\/03120000\/UNIV_SM-Profile_1600x1600px-scaled.jpg","type":"image\/jpeg"}],"twitter_card":"summary_large_image","twitter_misc":{"Gesch\u00e4tzte Lesezeit":"2 Minuten"},"schema":{"@context":"https:\/\/schema.org","@graph":[{"@type":"WebPage","@id":"https:\/\/www.uni.lu\/de\/ueber-uns\/organisation\/verwaltung\/statistik-und-institutional-research\/","url":"https:\/\/www.uni.lu\/de\/ueber-uns\/organisation\/verwaltung\/statistik-und-institutional-research\/","name":"B\u00fcro f\u00fcr Statistik und Institutional Research I Uni.lu","isPartOf":{"@id":"https:\/\/www.uni.lu\/de\/#website"},"datePublished":"2023-10-17T14:00:13+00:00","dateModified":"2024-07-26T08:54:55+00:00","description":"Die Aufgabe des B\u00fcros f\u00fcr Statistik und Institutional Research besteht institutionelle Datenanalysen zu koordinieren.","breadcrumb":{"@id":"https:\/\/www.uni.lu\/de\/ueber-uns\/organisation\/verwaltung\/statistik-und-institutional-research\/#breadcrumb"},"inLanguage":"de-DE","potentialAction":[{"@type":"ReadAction","target":["https:\/\/www.uni.lu\/de\/ueber-uns\/organisation\/verwaltung\/statistik-und-institutional-research\/"]}]},{"@type":"BreadcrumbList","@id":"https:\/\/www.uni.lu\/de\/ueber-uns\/organisation\/verwaltung\/statistik-und-institutional-research\/#breadcrumb","itemListElement":[{"@type":"ListItem","position":1,"name":"Home","item":"https:\/\/www.uni.lu\/de\/"},{"@type":"ListItem","position":2,"name":"\u00dcber uns","item":"https:\/\/www.uni.lu\/de\/ueber-uns\/"},{"@type":"ListItem","position":3,"name":"Organisation","item":"https:\/\/www.uni.lu\/de\/ueber-uns\/organisation\/"},{"@type":"ListItem","position":4,"name":"Verwaltung","item":"https:\/\/www.uni.lu\/de\/ueber-uns\/organisation\/verwaltung\/"},{"@type":"ListItem","position":5,"name":"B\u00fcro f\u00fcr Statistik und Institutional Research"}]},{"@type":"WebSite","@id":"https:\/\/www.uni.lu\/de\/#website","url":"https:\/\/www.uni.lu\/de\/","name":"Uni.lu","description":"Universit\u00e4t Luxemburg","publisher":{"@id":"https:\/\/www.uni.lu\/de\/#organization"},"alternateName":"Universit\u00e4t Luxemburg","potentialAction":[{"@type":"SearchAction","target":{"@type":"EntryPoint","urlTemplate":"https:\/\/www.uni.lu\/de\/?s={search_term_string}"},"query-input":"required name=search_term_string"}],"inLanguage":"de-DE"},{"@type":"Organization","@id":"https:\/\/www.uni.lu\/de\/#organization","name":"Universit\u00e4t Luxemburg","alternateName":"Uni.lu","url":"https:\/\/www.uni.lu\/de\/","logo":{"@type":"ImageObject","inLanguage":"de-DE","@id":"https:\/\/www.uni.lu\/de\/#\/schema\/logo\/image\/","url":"https:\/\/www.uni.lu\/wp-content\/uploads\/sites\/10\/2026\/03\/03120000\/UNIV_SM-Profile_1600x1600px-scaled.jpg","contentUrl":"https:\/\/www.uni.lu\/wp-content\/uploads\/sites\/10\/2026\/03\/03120000\/UNIV_SM-Profile_1600x1600px-scaled.jpg","width":2560,"height":2560,"caption":"Universit\u00e4t Luxemburg"},"image":{"@id":"https:\/\/www.uni.lu\/de\/#\/schema\/logo\/image\/"},"sameAs":["https:\/\/www.facebook.com\/uni.lu","https:\/\/www.linkedin.com\/school\/university-of-luxembourg\/","https:\/\/www.instagram.com\/uni.lu","https:\/\/www.youtube.com\/@uni_lu","https:\/\/en.wikipedia.org\/wiki\/University_of_Luxembourg"]}]}},"ticketed":false,"_links":{"self":[{"href":"https:\/\/www.uni.lu\/de\/wp-json\/wp\/v2\/pages\/1453"}],"collection":[{"href":"https:\/\/www.uni.lu\/de\/wp-json\/wp\/v2\/pages"}],"about":[{"href":"https:\/\/www.uni.lu\/de\/wp-json\/wp\/v2\/types\/page"}],"author":[{"embeddable":true,"href":"https:\/\/www.uni.lu\/de\/wp-json\/wp\/v2\/users\/33"}],"replies":[{"embeddable":true,"href":"https:\/\/www.uni.lu\/de\/wp-json\/wp\/v2\/comments?post=1453"}],"version-history":[{"count":5,"href":"https:\/\/www.uni.lu\/de\/wp-json\/wp\/v2\/pages\/1453\/revisions"}],"predecessor-version":[{"id":4632,"href":"https:\/\/www.uni.lu\/de\/wp-json\/wp\/v2\/pages\/1453\/revisions\/4632"}],"up":[{"embeddable":true,"href":"https:\/\/www.uni.lu\/de\/wp-json\/wp\/v2\/pages\/1432"}],"wp:authorship":[{"embeddable":true,"href":"https:\/\/www.uni.lu\/de\/wp-json\/wp\/v2\/users\/33"}],"wp:attachment":[{"href":"https:\/\/www.uni.lu\/de\/wp-json\/wp\/v2\/media?parent=1453"}],"wp:term":[{"taxonomy":"field-of-interest","embeddable":true,"href":"https:\/\/www.uni.lu\/de\/wp-json\/wp\/v2\/field-of-interest?post=1453"},{"taxonomy":"organisation","embeddable":true,"href":"https:\/\/www.uni.lu\/de\/wp-json\/wp\/v2\/organisation?post=1453"}],"curies":[{"name":"wp","href":"https:\/\/api.w.org\/{rel}","templated":true}]}}