{"id":1428,"date":"2023-10-17T09:54:32","date_gmt":"2023-10-17T07:54:32","guid":{"rendered":"https:\/\/www.uni.lu\/de\/?page_id=1428"},"modified":"2026-03-06T10:48:13","modified_gmt":"2026-03-06T09:48:13","slug":"abteilung-fuer-forschungsfoerderung","status":"publish","type":"page","link":"https:\/\/www.uni.lu\/de\/ueber-uns\/organisation\/verwaltung\/abteilung-fuer-forschungsfoerderung\/","title":{"rendered":"Abteilung f\u00fcr Forschungsf\u00f6rderung"},"content":{"rendered":"<section class=\"section section pb-0 wp-block-unilux-blocks-page-intro\">\n    \n<div class=\"wp-block-unilux-blocks-wrapper container xl:max-w-screen-xl\">\n<div class=\"wp-block-unilux-blocks-wrapper flex flex-wrap -mx-16\">\n<div class=\"wp-block-unilux-blocks-wrapper flex-1 mb-48 px-16\">\n<h1 class=\"has-text-align-left wp-block-unilux-blocks-heading\"        id=\"abteilung-fuer-forschungsfoerderung\"\n    >\nAbteilung f\u00fcr Forschungsf\u00f6rderung<\/h1>\n\n\n\n<p>Die Abteilung f\u00fcr Forschungsf\u00f6rderung hat zur Aufgabe, die Universit\u00e4t dabei zu unterst\u00fctzen, die Forschung auf h\u00f6chstes internationales Niveau zu treiben, indem sie in Zusammenarbeit mit ihren Forschern Finanzmittel von externen Organisationen auf globaler, nationaler und regionaler Ebene sichert, verwaltet und erh\u00f6ht. Diese Abteilung vermittelt die Forschungsstrategie und -politik der Universit\u00e4t Luxemburg.<\/p>\n\n\n\n<ul class=\"wp-block-unilux-blocks-custom-buttons btn-list\"><\/ul>\n<\/div>\n\n\n\n<div class=\"wp-block-unilux-blocks-wrapper w-full md:w-auto px-16\">\n<div class=\"wp-block-unilux-blocks-wrapper flex flex-col items-center\">\n<h2 class=\"text-h4 has-text-align-left wp-block-unilux-blocks-heading\"    >\n<\/h2>\n\n\n<a class=\"wp-block-unilux-blocks-button-highlight-square\"\n    href=\"https:\/\/www.uni.lu\/wp-content\/uploads\/sites\/10\/2025\/05\/2025-05-12-orgchart-Research-support-department.pdf\"\n    target=\"_self\"\n>\n    <span class=\"btn-highlight-square__container\">\n        <div class=\"btn-highlight-square__body\">\n    <svg aria-hidden=\"true\" focusable=\"false\" class=\"icon icon-outline icon--download-link icon--xl\"><use xlink:href=\"https:\/\/www.uni.lu\/wp-content\/themes\/unilux-theme\/assets\/images\/icons\/icons-outline.svg#icon--download-link\"><\/use><\/svg>    <span class=\"btn btn--dark\">\n        \n<span class=\"btn__name wp-block-unilux-blocks-plain-text\">Organigramm (EN)<\/span>    <\/span>\n<\/div><figure class=\"wp-block-dev4-reusable-blocks-image image-bg object-fit--cover\">\n    \n<img decoding=\"async\" class=\"wp-block-image unilux-custom-image-block\"\n                alt=\"\"\n            src=\"https:\/\/www.uni.lu\/wp-content\/uploads\/sites\/9\/2023\/08\/pdf-download.png\"\n                    style=\"object-position: 50.00% 50.00%; font-family: &quot;object-fit: cover; object-position: 50.00% 50.00%;&quot;; aspect-ratio: 3\/4; object-fit: cover; width: 100%;\"\n        loading=\"lazy\"\n\/>    <\/figure>    <\/span>\n<\/a><\/div>\n<\/div>\n<\/div>\n<\/div>\n<\/section>\n\n\n<section class=\"wp-block-unilux-blocks-free-section section\"><div class=\"container xl:max-w-screen-xl\">\n<p>Die Abteilung f\u00fcr Forschungsf\u00f6rderung ist f\u00fcr die Bereitstellung eines effektiven, effizienten und proaktiven Supports zust\u00e4ndig, um Forschern bei der Projektakquisition, der Durchf\u00fchrung von Forschungen, dem Forschungsmanagement sowie der Verbreitung und Nutzung von Ergebnissen zu helfen und diese zu beraten.<\/p>\n\n\n\n<p>Zu diesem Zweck sammelt und stellt sie einschl\u00e4gige Informationen bereit, ermittelt proaktiv Quellen f\u00fcr die Forschungsfinanzierung, organisiert Schulungen, entwickelt Verfahren und Richtlinien im Einklang mit der Forschungsstrategie der Universit\u00e4t Luxemburg und entwickelt Beziehungen zu F\u00f6rderorganisationen, weiteren Forschungseinrichtungen sowie potenziellen Sponsoren.<\/p>\n\n\n\n<p>Diese Abteilung ist ebenfalls f\u00fcr die Verwaltung interner Finanzierungsprogramme (UL \u2013 EU Rapid Incentive Scheme RISE), die Verwaltung und Validierung aller intern und extern finanzierten Forschungsprojekte sowie f\u00fcr die \u00dcberwachung von Qualit\u00e4t und Fortschritt zust\u00e4ndig.<\/p>\n\n\n\n<p>Die Abteilung f\u00fcr Forschungsf\u00f6rderung arbeitet eng mit den Research Facilitators der Fakult\u00e4ten und interdisziplin\u00e4ren Zentren zusammen. Gemeinsam bilden sie die Research Facilitator Group, die regelm\u00e4\u00dfig zusammenkommt, um die institutionelle Unterst\u00fctzung aller Finanzierungsinstrumente auszutauschen und vorzubereiten.<\/p>\n\n\n\n<p>Bitte wenden Sie sich bei allgemeinen Fragen an den:&nbsp;<\/p>\n\n\n<div class=\"icon-info-wrapper\">\n    <ul class=\"wp-block-unilux-blocks-icon-info\">\n        <li class=\"wp-block-unilux-blocks-icon-info-item\">\n    \n<div class=\"wp-block-unilux-blocks-wrapper icon-info\">\n<div class=\"icon--primary icon--secondary-2  wp-block-unilux-blocks-icon-picker\">\n    <svg aria-hidden=\"true\" focusable=\"false\" class=\"icon icon-outline icon--email \"><use xlink:href=\"https:\/\/www.uni.lu\/wp-content\/themes\/unilux-theme\/assets\/images\/icons\/icons-outline.svg#icon--email\"><\/use><\/svg><\/div>\n\n\n<p class=\"has-1-125-rem-font-size\"><a href=\"mailto:recherche@uni.lu\">recherche@uni.lu<\/a><\/p>\n<\/div>\n<\/li>\n    <\/ul>\n<\/div>\n\n\n<div class=\"py-48 first:pt-0 last:pb-0 wp-block-unilux-blocks-people-list\">\n    \n<h2 class=\"has-text-align-left wp-block-unilux-blocks-heading\"        id=\"leiter-der-abteilung-forschungsfoerderung\"\n    >\nLeiter der Abteilung Forschungsf\u00f6rderung<\/h2>\n<ul class=\"flex flex-wrap -mx-16 wp-block-unilux-blocks-people-item-wrapper\">\n    <li class=\"w-full md:w-1\/2 p-16 wp-block-unilux-blocks-people-item-automated\"><div class=\"ulux-card card-people bg-theme\"><div class=\"list-people bg-theme\">\n    <div class=\"list-people__container\">\n        <div class=\"list-people__visual\">\n            <figure class=\"wp-block-dev4-reusable-blocks-image\">\n                <!-- Template Image Component: default -->\n<img decoding=\"async\" class=\"w-full\" width=\"\" height=\"\" rel=\"\" alt=\"Heike SCHEUERPFLUG-HASSANE\" src=\"https:\/\/www.uni.lu\/en\/person-image\/NTAwMDMwMDZfX0hlaWtlIFNDSEVVRVJQRkxVRy1IQVNTQU5F\" srcset=\"https:\/\/www.uni.lu\/en\/person-image\/NTAwMDMwMDZfX0hlaWtlIFNDSEVVRVJQRkxVRy1IQVNTQU5F--thumbnail 150w,https:\/\/www.uni.lu\/en\/person-image\/NTAwMDMwMDZfX0hlaWtlIFNDSEVVRVJQRkxVRy1IQVNTQU5F--medium 300w,https:\/\/www.uni.lu\/en\/person-image\/NTAwMDMwMDZfX0hlaWtlIFNDSEVVRVJQRkxVRy1IQVNTQU5F--medium_large 768w,https:\/\/www.uni.lu\/en\/person-image\/NTAwMDMwMDZfX0hlaWtlIFNDSEVVRVJQRkxVRy1IQVNTQU5F--large 1024w,https:\/\/www.uni.lu\/en\/person-image\/NTAwMDMwMDZfX0hlaWtlIFNDSEVVRVJQRkxVRy1IQVNTQU5F--1536x1536 1536w,https:\/\/www.uni.lu\/en\/person-image\/NTAwMDMwMDZfX0hlaWtlIFNDSEVVRVJQRkxVRy1IQVNTQU5F--2048x2048 2048w\" loading=\"lazy\" \/><!-- end Image Component -->\n            <\/figure>\n        <\/div>\n        <div class=\"list-people__body\">\n            <h3 class=\"list-people__title\">Heike SCHEUERPFLUG-HASSANE<\/h3>\n            <p class=\"list-people__description\">Head of Research Support Department<\/p>\n            <div class=\"wp-block-unilux-blocks-simple-cta wp-block-unilux-blocks-people-item-automated\">\n    <a\n        href=\"https:\/\/www.uni.lu\/en\/people\/heike-scheuerpflug-hassane\/\"\n        title=\"Heike SCHEUERPFLUG-HASSANE\"\n        class=\"link-text link-text--icon list-people__link link-absolute\"\n        target=\"\"\n    >\n        <span class=\"link-text__body\">\n            <span class=\"link-text__name\">Profil anzeigen<\/span>\n        <\/span>\n        <svg aria-hidden=\"true\" focusable=\"false\" class=\"icon icon-outline icon--arrow-right \"><use xlink:href=\"https:\/\/www.uni.lu\/wp-content\/themes\/unilux-theme\/assets\/images\/icons\/icons-outline.svg#icon--arrow-right\"><\/use><\/svg>    <\/a>\n<\/div>\n        <\/div>\n    <\/div>\n<\/div>\n<\/div><\/li><\/ul>\n\n<\/div>\n\n<\/div><\/section>\n","protected":false},"excerpt":{"rendered":"","protected":false},"author":33,"featured_media":0,"parent":1432,"menu_order":0,"comment_status":"closed","ping_status":"closed","template":"","meta":{"featured_image_focal_point":[],"show_featured_caption":false,"ulux_newsletter_groups":"","uluxPostTitle":"","uluxPrePostTitle":"","_trash_the_other_posts":false,"_price":"","_stock":"","_tribe_ticket_header":"","_tribe_default_ticket_provider":"","_tribe_ticket_capacity":"0","_ticket_start_date":"","_ticket_end_date":"","_tribe_ticket_show_description":"","_tribe_ticket_show_not_going":false,"_tribe_ticket_use_global_stock":"","_tribe_ticket_global_stock_level":"","_global_stock_mode":"","_global_stock_cap":"","_tribe_rsvp_for_event":"","_tribe_ticket_going_count":"","_tribe_ticket_not_going_count":"","_tribe_tickets_list":"[]","_tribe_ticket_has_attendee_info_fields":false,"footnotes":""},"field-of-interest":[],"organisation":[],"authorship":[33],"acf":[],"yoast_head":"<!-- This site is optimized with the Yoast SEO Premium plugin v22.3 (Yoast SEO v22.3) - https:\/\/yoast.com\/wordpress\/plugins\/seo\/ -->\n<title>Abteilung f\u00fcr Forschungsf\u00f6rderung - Universit\u00e4t Luxemburg<\/title>\n<meta name=\"description\" content=\"Die Abteilung f\u00fcr Forschungsf\u00f6rderung hat zur Aufgabe, die Universit\u00e4t dabei zu unterst\u00fctzen, die Forschung auf h\u00f6chstes internationales Niveau zu\" \/>\n<meta name=\"robots\" content=\"index, follow, max-snippet:-1, max-image-preview:large, max-video-preview:-1\" \/>\n<link rel=\"canonical\" href=\"https:\/\/www.uni.lu\/de\/ueber-uns\/organisation\/verwaltung\/abteilung-fuer-forschungsfoerderung\/\" \/>\n<meta property=\"og:locale\" content=\"de_DE\" \/>\n<meta property=\"og:type\" content=\"article\" \/>\n<meta property=\"og:title\" content=\"Abteilung f\u00fcr Forschungsf\u00f6rderung\" \/>\n<meta property=\"og:description\" content=\"Die Abteilung f\u00fcr Forschungsf\u00f6rderung hat zur Aufgabe, die Universit\u00e4t dabei zu unterst\u00fctzen, die Forschung auf h\u00f6chstes internationales Niveau zu\" \/>\n<meta property=\"og:url\" content=\"https:\/\/www.uni.lu\/de\/ueber-uns\/organisation\/verwaltung\/abteilung-fuer-forschungsfoerderung\/\" \/>\n<meta property=\"og:site_name\" content=\"UNI DE\" \/>\n<meta property=\"article:publisher\" content=\"https:\/\/www.facebook.com\/uni.lu\" \/>\n<meta property=\"article:modified_time\" content=\"2026-03-06T09:48:13+00:00\" \/>\n<meta property=\"og:image\" content=\"https:\/\/www.uni.lu\/wp-content\/uploads\/sites\/10\/2026\/03\/03120000\/UNIV_SM-Profile_1600x1600px-scaled.jpg\" \/>\n\t<meta property=\"og:image:width\" content=\"2560\" \/>\n\t<meta property=\"og:image:height\" content=\"2560\" \/>\n\t<meta property=\"og:image:type\" content=\"image\/jpeg\" \/>\n<meta name=\"twitter:card\" content=\"summary_large_image\" \/>\n<meta name=\"twitter:label1\" content=\"Gesch\u00e4tzte Lesezeit\" \/>\n\t<meta name=\"twitter:data1\" content=\"2 Minuten\" \/>\n<script type=\"application\/ld+json\" class=\"yoast-schema-graph\">{\"@context\":\"https:\/\/schema.org\",\"@graph\":[{\"@type\":\"WebPage\",\"@id\":\"https:\/\/www.uni.lu\/de\/ueber-uns\/organisation\/verwaltung\/abteilung-fuer-forschungsfoerderung\/\",\"url\":\"https:\/\/www.uni.lu\/de\/ueber-uns\/organisation\/verwaltung\/abteilung-fuer-forschungsfoerderung\/\",\"name\":\"Abteilung f\u00fcr Forschungsf\u00f6rderung - Universit\u00e4t Luxemburg\",\"isPartOf\":{\"@id\":\"https:\/\/www.uni.lu\/de\/#website\"},\"datePublished\":\"2023-10-17T07:54:32+00:00\",\"dateModified\":\"2026-03-06T09:48:13+00:00\",\"description\":\"Die Abteilung f\u00fcr Forschungsf\u00f6rderung hat zur Aufgabe, die Universit\u00e4t dabei zu unterst\u00fctzen, die Forschung auf h\u00f6chstes internationales Niveau zu\",\"breadcrumb\":{\"@id\":\"https:\/\/www.uni.lu\/de\/ueber-uns\/organisation\/verwaltung\/abteilung-fuer-forschungsfoerderung\/#breadcrumb\"},\"inLanguage\":\"de-DE\",\"potentialAction\":[{\"@type\":\"ReadAction\",\"target\":[\"https:\/\/www.uni.lu\/de\/ueber-uns\/organisation\/verwaltung\/abteilung-fuer-forschungsfoerderung\/\"]}]},{\"@type\":\"BreadcrumbList\",\"@id\":\"https:\/\/www.uni.lu\/de\/ueber-uns\/organisation\/verwaltung\/abteilung-fuer-forschungsfoerderung\/#breadcrumb\",\"itemListElement\":[{\"@type\":\"ListItem\",\"position\":1,\"name\":\"Home\",\"item\":\"https:\/\/www.uni.lu\/de\/\"},{\"@type\":\"ListItem\",\"position\":2,\"name\":\"\u00dcber uns\",\"item\":\"https:\/\/www.uni.lu\/de\/ueber-uns\/\"},{\"@type\":\"ListItem\",\"position\":3,\"name\":\"Organisation\",\"item\":\"https:\/\/www.uni.lu\/de\/ueber-uns\/organisation\/\"},{\"@type\":\"ListItem\",\"position\":4,\"name\":\"Verwaltung\",\"item\":\"https:\/\/www.uni.lu\/de\/ueber-uns\/organisation\/verwaltung\/\"},{\"@type\":\"ListItem\",\"position\":5,\"name\":\"Abteilung f\u00fcr Forschungsf\u00f6rderung\"}]},{\"@type\":\"WebSite\",\"@id\":\"https:\/\/www.uni.lu\/de\/#website\",\"url\":\"https:\/\/www.uni.lu\/de\/\",\"name\":\"Uni.lu\",\"description\":\"Universit\u00e4t Luxemburg\",\"publisher\":{\"@id\":\"https:\/\/www.uni.lu\/de\/#organization\"},\"alternateName\":\"Universit\u00e4t Luxemburg\",\"potentialAction\":[{\"@type\":\"SearchAction\",\"target\":{\"@type\":\"EntryPoint\",\"urlTemplate\":\"https:\/\/www.uni.lu\/de\/?s={search_term_string}\"},\"query-input\":\"required name=search_term_string\"}],\"inLanguage\":\"de-DE\"},{\"@type\":\"Organization\",\"@id\":\"https:\/\/www.uni.lu\/de\/#organization\",\"name\":\"Universit\u00e4t Luxemburg\",\"alternateName\":\"Uni.lu\",\"url\":\"https:\/\/www.uni.lu\/de\/\",\"logo\":{\"@type\":\"ImageObject\",\"inLanguage\":\"de-DE\",\"@id\":\"https:\/\/www.uni.lu\/de\/#\/schema\/logo\/image\/\",\"url\":\"https:\/\/www.uni.lu\/wp-content\/uploads\/sites\/10\/2026\/03\/03120000\/UNIV_SM-Profile_1600x1600px-scaled.jpg\",\"contentUrl\":\"https:\/\/www.uni.lu\/wp-content\/uploads\/sites\/10\/2026\/03\/03120000\/UNIV_SM-Profile_1600x1600px-scaled.jpg\",\"width\":2560,\"height\":2560,\"caption\":\"Universit\u00e4t Luxemburg\"},\"image\":{\"@id\":\"https:\/\/www.uni.lu\/de\/#\/schema\/logo\/image\/\"},\"sameAs\":[\"https:\/\/www.facebook.com\/uni.lu\",\"https:\/\/www.linkedin.com\/school\/university-of-luxembourg\/\",\"https:\/\/www.instagram.com\/uni.lu\",\"https:\/\/www.youtube.com\/@uni_lu\",\"https:\/\/en.wikipedia.org\/wiki\/University_of_Luxembourg\"]}]}<\/script>\n<!-- \/ Yoast SEO Premium plugin. -->","yoast_head_json":{"title":"Abteilung f\u00fcr Forschungsf\u00f6rderung - Universit\u00e4t Luxemburg","description":"Die Abteilung f\u00fcr Forschungsf\u00f6rderung hat zur Aufgabe, die Universit\u00e4t dabei zu unterst\u00fctzen, die Forschung auf h\u00f6chstes internationales Niveau zu","robots":{"index":"index","follow":"follow","max-snippet":"max-snippet:-1","max-image-preview":"max-image-preview:large","max-video-preview":"max-video-preview:-1"},"canonical":"https:\/\/www.uni.lu\/de\/ueber-uns\/organisation\/verwaltung\/abteilung-fuer-forschungsfoerderung\/","og_locale":"de_DE","og_type":"article","og_title":"Abteilung f\u00fcr Forschungsf\u00f6rderung","og_description":"Die Abteilung f\u00fcr Forschungsf\u00f6rderung hat zur Aufgabe, die Universit\u00e4t dabei zu unterst\u00fctzen, die Forschung auf h\u00f6chstes internationales Niveau zu","og_url":"https:\/\/www.uni.lu\/de\/ueber-uns\/organisation\/verwaltung\/abteilung-fuer-forschungsfoerderung\/","og_site_name":"UNI DE","article_publisher":"https:\/\/www.facebook.com\/uni.lu","article_modified_time":"2026-03-06T09:48:13+00:00","og_image":[{"width":2560,"height":2560,"url":"https:\/\/www.uni.lu\/wp-content\/uploads\/sites\/10\/2026\/03\/03120000\/UNIV_SM-Profile_1600x1600px-scaled.jpg","type":"image\/jpeg"}],"twitter_card":"summary_large_image","twitter_misc":{"Gesch\u00e4tzte Lesezeit":"2 Minuten"},"schema":{"@context":"https:\/\/schema.org","@graph":[{"@type":"WebPage","@id":"https:\/\/www.uni.lu\/de\/ueber-uns\/organisation\/verwaltung\/abteilung-fuer-forschungsfoerderung\/","url":"https:\/\/www.uni.lu\/de\/ueber-uns\/organisation\/verwaltung\/abteilung-fuer-forschungsfoerderung\/","name":"Abteilung f\u00fcr Forschungsf\u00f6rderung - Universit\u00e4t Luxemburg","isPartOf":{"@id":"https:\/\/www.uni.lu\/de\/#website"},"datePublished":"2023-10-17T07:54:32+00:00","dateModified":"2026-03-06T09:48:13+00:00","description":"Die Abteilung f\u00fcr Forschungsf\u00f6rderung hat zur Aufgabe, die Universit\u00e4t dabei zu unterst\u00fctzen, die Forschung auf h\u00f6chstes internationales Niveau zu","breadcrumb":{"@id":"https:\/\/www.uni.lu\/de\/ueber-uns\/organisation\/verwaltung\/abteilung-fuer-forschungsfoerderung\/#breadcrumb"},"inLanguage":"de-DE","potentialAction":[{"@type":"ReadAction","target":["https:\/\/www.uni.lu\/de\/ueber-uns\/organisation\/verwaltung\/abteilung-fuer-forschungsfoerderung\/"]}]},{"@type":"BreadcrumbList","@id":"https:\/\/www.uni.lu\/de\/ueber-uns\/organisation\/verwaltung\/abteilung-fuer-forschungsfoerderung\/#breadcrumb","itemListElement":[{"@type":"ListItem","position":1,"name":"Home","item":"https:\/\/www.uni.lu\/de\/"},{"@type":"ListItem","position":2,"name":"\u00dcber uns","item":"https:\/\/www.uni.lu\/de\/ueber-uns\/"},{"@type":"ListItem","position":3,"name":"Organisation","item":"https:\/\/www.uni.lu\/de\/ueber-uns\/organisation\/"},{"@type":"ListItem","position":4,"name":"Verwaltung","item":"https:\/\/www.uni.lu\/de\/ueber-uns\/organisation\/verwaltung\/"},{"@type":"ListItem","position":5,"name":"Abteilung f\u00fcr Forschungsf\u00f6rderung"}]},{"@type":"WebSite","@id":"https:\/\/www.uni.lu\/de\/#website","url":"https:\/\/www.uni.lu\/de\/","name":"Uni.lu","description":"Universit\u00e4t Luxemburg","publisher":{"@id":"https:\/\/www.uni.lu\/de\/#organization"},"alternateName":"Universit\u00e4t Luxemburg","potentialAction":[{"@type":"SearchAction","target":{"@type":"EntryPoint","urlTemplate":"https:\/\/www.uni.lu\/de\/?s={search_term_string}"},"query-input":"required name=search_term_string"}],"inLanguage":"de-DE"},{"@type":"Organization","@id":"https:\/\/www.uni.lu\/de\/#organization","name":"Universit\u00e4t Luxemburg","alternateName":"Uni.lu","url":"https:\/\/www.uni.lu\/de\/","logo":{"@type":"ImageObject","inLanguage":"de-DE","@id":"https:\/\/www.uni.lu\/de\/#\/schema\/logo\/image\/","url":"https:\/\/www.uni.lu\/wp-content\/uploads\/sites\/10\/2026\/03\/03120000\/UNIV_SM-Profile_1600x1600px-scaled.jpg","contentUrl":"https:\/\/www.uni.lu\/wp-content\/uploads\/sites\/10\/2026\/03\/03120000\/UNIV_SM-Profile_1600x1600px-scaled.jpg","width":2560,"height":2560,"caption":"Universit\u00e4t Luxemburg"},"image":{"@id":"https:\/\/www.uni.lu\/de\/#\/schema\/logo\/image\/"},"sameAs":["https:\/\/www.facebook.com\/uni.lu","https:\/\/www.linkedin.com\/school\/university-of-luxembourg\/","https:\/\/www.instagram.com\/uni.lu","https:\/\/www.youtube.com\/@uni_lu","https:\/\/en.wikipedia.org\/wiki\/University_of_Luxembourg"]}]}},"ticketed":false,"_links":{"self":[{"href":"https:\/\/www.uni.lu\/de\/wp-json\/wp\/v2\/pages\/1428"}],"collection":[{"href":"https:\/\/www.uni.lu\/de\/wp-json\/wp\/v2\/pages"}],"about":[{"href":"https:\/\/www.uni.lu\/de\/wp-json\/wp\/v2\/types\/page"}],"author":[{"embeddable":true,"href":"https:\/\/www.uni.lu\/de\/wp-json\/wp\/v2\/users\/33"}],"replies":[{"embeddable":true,"href":"https:\/\/www.uni.lu\/de\/wp-json\/wp\/v2\/comments?post=1428"}],"version-history":[{"count":5,"href":"https:\/\/www.uni.lu\/de\/wp-json\/wp\/v2\/pages\/1428\/revisions"}],"predecessor-version":[{"id":8954,"href":"https:\/\/www.uni.lu\/de\/wp-json\/wp\/v2\/pages\/1428\/revisions\/8954"}],"up":[{"embeddable":true,"href":"https:\/\/www.uni.lu\/de\/wp-json\/wp\/v2\/pages\/1432"}],"wp:authorship":[{"embeddable":true,"href":"https:\/\/www.uni.lu\/de\/wp-json\/wp\/v2\/users\/33"}],"wp:attachment":[{"href":"https:\/\/www.uni.lu\/de\/wp-json\/wp\/v2\/media?parent=1428"}],"wp:term":[{"taxonomy":"field-of-interest","embeddable":true,"href":"https:\/\/www.uni.lu\/de\/wp-json\/wp\/v2\/field-of-interest?post=1428"},{"taxonomy":"organisation","embeddable":true,"href":"https:\/\/www.uni.lu\/de\/wp-json\/wp\/v2\/organisation?post=1428"}],"curies":[{"name":"wp","href":"https:\/\/api.w.org\/{rel}","templated":true}]}}