{"id":1264,"date":"2023-10-04T11:04:33","date_gmt":"2023-10-04T09:04:33","guid":{"rendered":"https:\/\/www.uni.lu\/de\/?page_id=1264"},"modified":"2025-08-12T09:29:25","modified_gmt":"2025-08-12T07:29:25","slug":"ombuds","status":"publish","type":"page","link":"https:\/\/www.uni.lu\/de\/ueber-uns\/universitaetsleitung\/aufsichtsrat\/ombuds\/","title":{"rendered":"Ombuds"},"content":{"rendered":"\n<section class=\"wp-block-unilux-blocks-free-section section\"><div class=\"container xl:max-w-screen-xl\">\n<h1 class=\"has-text-align-left wp-block-unilux-blocks-heading\"        id=\"ombuds\"\n    >\nOmbuds<\/h1>\n\n\n\n<p>Das Ombudsteam bietet der Universit\u00e4tsgemeinschaft vertrauliche, unparteiische, informelle und zug\u00e4ngliche Unterst\u00fctzung. Unser Ziel ist es, einen <strong>sicheren Raum<\/strong> zu schaffen, in dem Einzelpersonen <strong>Fragen und Anliegen \u00e4u\u00dfern und m\u00f6gliche L\u00f6sungsoptionen besprechen <\/strong>k\u00f6nnen.<\/p>\n\n\n\n<h2 class=\"has-text-align-left wp-block-unilux-blocks-heading\"        id=\"was-wir-tun\"\n    >\nWas wir tun<\/h2>\n\n\n\n<p>Wir bieten unseren <strong>Besuchern <\/strong>die M\u00f6glichkeit, <strong>vor, w\u00e4hrend oder nach dem Erleben von Konflikten<\/strong> (Spannungen\/Zwisten) selbst\u00e4ndig zu <strong>reflektieren <\/strong>und zu <strong>handeln<\/strong>. Den Kern unserer Arbeit bilden die Dienste f\u00fcr die Angemessenen Konfliktl\u00f6sung (Appropriate Dispute Resolution Services\/ADRS):<\/p>\n\n\n\n<ul class=\"ulux-list\">\n<li class=\"ulux-list-item\">Zu ADRS geh\u00f6ren Konfliktcoaching, moderierte Dialoge, Mediation und restorative Praktiken.<\/li>\n\n\n\n<li class=\"ulux-list-item\">Der wahrgenommene Konflikt wird auf flexible und freiwillige Weise angesprochen, ohne dass formelle Verfahren durchgef\u00fchrt werden m\u00fcssen.<\/li>\n\n\n\n<li class=\"ulux-list-item\">Wir setzen auf offene Kommunikation und gegenseitiges Verst\u00e4ndnis.<\/li>\n<\/ul>\n\n\n\n<p>Das Hauptziel besteht darin, <strong>gemeinsam und g\u00fctlich<\/strong> zu einer L\u00f6sung zu gelangen, ohne dass offizielle Sanktionen oder Richtlinien\u00e4nderungen erforderlich sind.<\/p>\n\n\n\n<p>Das Ombuds-Mandat ist in der Charta und Mandat ausf\u00fchrlich beschrieben.<\/p>\n\n\n\n<ul class=\"wp-block-unilux-blocks-button-list-v2\">\n<li class=\"wp-block-unilux-blocks-button-list-item-v2\"><a class=\"quick-link\" href=\"https:\/\/www.uni.lu\/wp-content\/uploads\/sites\/9\/2024\/11\/Ombuds-charter-and-terms-of-reference-revised-february-2024_University-of-Luxembourg.pdf\" target=\"_blank\" role=\"link\" rel=\"noopener\" tabindex=\"0\"><span class=\"quick-link__container\">\n<div class=\"wp-block-unilux-blocks-block-inserter quick-link__img\"><\/div>\n\n\n\n<span class=\"quick-link__name wp-block-unilux-blocks-plain-text\">Ombuds-Charta und Mandat (EN)<\/span>\n\n<svg aria-hidden=\"true\" focusable=\"false\" class=\"icon icon-outline icon--download \"><use xlink:href=\"https:\/\/www.uni.lu\/wp-content\/themes\/unilux-theme\/assets\/images\/icons\/icons-outline.svg#icon--download\"><\/use><\/svg><\/span><\/a><\/li>\n<\/ul>\n\n\n<div class=\"wp-block-unilux-blocks-spacer is-spacer-size-sm\"><\/div>\n\n\n<h2 class=\"has-text-align-left wp-block-unilux-blocks-heading\"        id=\"wer-kann-uns-kontaktieren\"\n    >\nWer kann uns kontaktieren<\/h2>\n\n\n\n<p>Ombudsdienste werden folgenden Besuchern angeboten:<\/p>\n\n\n\n<ul class=\"ulux-list\">\n<li class=\"ulux-list-item\">Personal (akademisch, administrativ, technisch)<\/li>\n\n\n\n<li class=\"ulux-list-item\">Studierende (jedes Programm, jedes Niveau)<\/li>\n<\/ul>\n\n\n<div class=\"wp-block-unilux-blocks-spacer is-spacer-size-md\"><\/div>\n\n\n<ul class=\"wp-block-unilux-blocks-quick-link-highlight quick-link-list\">\n<li class=\"wp-block-unilux-blocks-quick-link-highlight-item\">\n    <a\n                    href=\"https:\/\/www.uni.lu\/en\/about\/ombuds\/\"\n                    class=\"quick-link\"\n            target=\"\"\n    >\n            <span class=\"quick-link__container\">\n                <span class=\"quick-link__body\">\n                    <span class=\"quick-link__number\">\n                                            <\/span>\n                    <span class=\"quick-link__title\">\n                        Ombudsdienste und Ressourcen                    <\/span>\n                    <span class=\"quick-link__action\">\n                        Erfahren Sie mehr \u00fcber die Ombudsarbeit (EN)                    <\/span>\n                <\/span>\n                <svg aria-hidden=\"true\" focusable=\"false\" class=\"icon icon-outline icon--arrow-right \"><use xlink:href=\"https:\/\/www.uni.lu\/wp-content\/themes\/unilux-theme\/assets\/images\/icons\/icons-outline.svg#icon--arrow-right\"><\/use><\/svg>            <\/span>\n    <\/a>\n<\/li>\n<\/ul>\n<\/div><\/section>\n\n\n\n<section class=\"py-0 wp-block-unilux-blocks-free-section section\"><div class=\"container xl:max-w-screen-xl\"><div class=\"py-48 first:pt-0 last:pb-0 wp-block-unilux-blocks-people-list\">\n    \n<h2 class=\"has-text-align-left wp-block-unilux-blocks-heading\"        id=\"unser-team\"\n    >\nUnser Team<\/h2>\n<ul class=\"flex flex-wrap -mx-16 wp-block-unilux-blocks-people-item-wrapper\">\n    <li class=\"w-full md:w-1\/2 p-16 wp-block-unilux-blocks-people-item-automated\"><div class=\"ulux-card card-people bg-theme\"><div class=\"list-people bg-theme\">\n    <div class=\"list-people__container\">\n        <div class=\"list-people__visual\">\n            <figure class=\"wp-block-dev4-reusable-blocks-image\">\n                <!-- Template Image Component: default -->\n<img decoding=\"async\" class=\"w-full\" width=\"\" height=\"\" rel=\"\" alt=\"Veronika LOVRITS\" src=\"https:\/\/www.uni.lu\/en\/person-image\/NTAwMzk2NDBfX1Zlcm9uaWthIExPVlJJVFM=\" srcset=\"https:\/\/www.uni.lu\/en\/person-image\/NTAwMzk2NDBfX1Zlcm9uaWthIExPVlJJVFM=--thumbnail 150w,https:\/\/www.uni.lu\/en\/person-image\/NTAwMzk2NDBfX1Zlcm9uaWthIExPVlJJVFM=--medium 300w,https:\/\/www.uni.lu\/en\/person-image\/NTAwMzk2NDBfX1Zlcm9uaWthIExPVlJJVFM=--medium_large 768w,https:\/\/www.uni.lu\/en\/person-image\/NTAwMzk2NDBfX1Zlcm9uaWthIExPVlJJVFM=--large 1024w,https:\/\/www.uni.lu\/en\/person-image\/NTAwMzk2NDBfX1Zlcm9uaWthIExPVlJJVFM=--1536x1536 1536w,https:\/\/www.uni.lu\/en\/person-image\/NTAwMzk2NDBfX1Zlcm9uaWthIExPVlJJVFM=--2048x2048 2048w\" loading=\"lazy\" \/><!-- end Image Component -->\n            <\/figure>\n        <\/div>\n        <div class=\"list-people__body\">\n            <h3 class=\"list-people__title\">Veronika LOVRITS<\/h3>\n            <p class=\"list-people__description\">Ombudsperson<\/p>\n            <div class=\"wp-block-unilux-blocks-simple-cta wp-block-unilux-blocks-people-item-automated\">\n    <a\n        href=\"https:\/\/www.uni.lu\/en\/people\/veronika-lovrits\/\"\n        title=\"Veronika LOVRITS\"\n        class=\"link-text link-text--icon list-people__link link-absolute\"\n        target=\"\"\n    >\n        <span class=\"link-text__body\">\n            <span class=\"link-text__name\">Profil anzeigen<\/span>\n        <\/span>\n        <svg aria-hidden=\"true\" focusable=\"false\" class=\"icon icon-outline icon--arrow-right \"><use xlink:href=\"https:\/\/www.uni.lu\/wp-content\/themes\/unilux-theme\/assets\/images\/icons\/icons-outline.svg#icon--arrow-right\"><\/use><\/svg>    <\/a>\n<\/div>\n        <\/div>\n    <\/div>\n<\/div>\n<\/div><\/li><li class=\"w-full md:w-1\/2 p-16 wp-block-unilux-blocks-people-item-automated\"><div class=\"ulux-card card-people bg-theme\"><div class=\"list-people bg-theme\">\n    <div class=\"list-people__container\">\n        <div class=\"list-people__visual\">\n            <figure class=\"wp-block-dev4-reusable-blocks-image\">\n                <!-- Template Image Component: default -->\n<img decoding=\"async\" class=\"w-full\" width=\"\" height=\"\" rel=\"\" alt=\"Brent Loren EPPERSON\" src=\"https:\/\/www.uni.lu\/en\/person-image\/NTAwNDMxNjlfX0JyZW50IExvcmVuIEVQUEVSU09O\" srcset=\"https:\/\/www.uni.lu\/en\/person-image\/NTAwNDMxNjlfX0JyZW50IExvcmVuIEVQUEVSU09O--thumbnail 150w,https:\/\/www.uni.lu\/en\/person-image\/NTAwNDMxNjlfX0JyZW50IExvcmVuIEVQUEVSU09O--medium 300w,https:\/\/www.uni.lu\/en\/person-image\/NTAwNDMxNjlfX0JyZW50IExvcmVuIEVQUEVSU09O--medium_large 768w,https:\/\/www.uni.lu\/en\/person-image\/NTAwNDMxNjlfX0JyZW50IExvcmVuIEVQUEVSU09O--large 1024w,https:\/\/www.uni.lu\/en\/person-image\/NTAwNDMxNjlfX0JyZW50IExvcmVuIEVQUEVSU09O--1536x1536 1536w,https:\/\/www.uni.lu\/en\/person-image\/NTAwNDMxNjlfX0JyZW50IExvcmVuIEVQUEVSU09O--2048x2048 2048w\" loading=\"lazy\" \/><!-- end Image Component -->\n            <\/figure>\n        <\/div>\n        <div class=\"list-people__body\">\n            <h3 class=\"list-people__title\">Brent Loren EPPERSON<\/h3>\n            <p class=\"list-people__description\">Ombudsperson<\/p>\n            <div class=\"wp-block-unilux-blocks-simple-cta wp-block-unilux-blocks-people-item-automated\">\n    <a\n        href=\"https:\/\/www.uni.lu\/en\/people\/brent-loren-epperson\/\"\n        title=\"Brent Loren EPPERSON\"\n        class=\"link-text link-text--icon list-people__link link-absolute\"\n        target=\"\"\n    >\n        <span class=\"link-text__body\">\n            <span class=\"link-text__name\">Profil anzeigen<\/span>\n        <\/span>\n        <svg aria-hidden=\"true\" focusable=\"false\" class=\"icon icon-outline icon--arrow-right \"><use xlink:href=\"https:\/\/www.uni.lu\/wp-content\/themes\/unilux-theme\/assets\/images\/icons\/icons-outline.svg#icon--arrow-right\"><\/use><\/svg>    <\/a>\n<\/div>\n        <\/div>\n    <\/div>\n<\/div>\n<\/div><\/li><li class=\"w-full md:w-1\/2 p-16 wp-block-unilux-blocks-people-item-automated\"><div class=\"ulux-card card-people bg-theme\"><div class=\"list-people bg-theme\">\n    <div class=\"list-people__container\">\n        <div class=\"list-people__visual\">\n            <figure class=\"wp-block-dev4-reusable-blocks-image\">\n                <!-- Template Image Component: default -->\n<img decoding=\"async\" class=\"w-full\" width=\"\" height=\"\" rel=\"\" alt=\"Martina PESKOLLER-FUCHS\" src=\"https:\/\/www.uni.lu\/en\/person-image\/NTAwODkxMzhfX01hcnRpbmEgUEVTS09MTEVSLUZVQ0hT\" srcset=\"https:\/\/www.uni.lu\/en\/person-image\/NTAwODkxMzhfX01hcnRpbmEgUEVTS09MTEVSLUZVQ0hT--thumbnail 150w,https:\/\/www.uni.lu\/en\/person-image\/NTAwODkxMzhfX01hcnRpbmEgUEVTS09MTEVSLUZVQ0hT--medium 300w,https:\/\/www.uni.lu\/en\/person-image\/NTAwODkxMzhfX01hcnRpbmEgUEVTS09MTEVSLUZVQ0hT--medium_large 768w,https:\/\/www.uni.lu\/en\/person-image\/NTAwODkxMzhfX01hcnRpbmEgUEVTS09MTEVSLUZVQ0hT--large 1024w,https:\/\/www.uni.lu\/en\/person-image\/NTAwODkxMzhfX01hcnRpbmEgUEVTS09MTEVSLUZVQ0hT--1536x1536 1536w,https:\/\/www.uni.lu\/en\/person-image\/NTAwODkxMzhfX01hcnRpbmEgUEVTS09MTEVSLUZVQ0hT--2048x2048 2048w\" loading=\"lazy\" \/><!-- end Image Component -->\n            <\/figure>\n        <\/div>\n        <div class=\"list-people__body\">\n            <h3 class=\"list-people__title\">Martina PESKOLLER-FUCHS<\/h3>\n            <p class=\"list-people__description\">Ombudsperson<\/p>\n            <div class=\"wp-block-unilux-blocks-simple-cta wp-block-unilux-blocks-people-item-automated\">\n    <a\n        href=\"https:\/\/www.uni.lu\/en\/people\/martina-peskoller-fuchs\/\"\n        title=\"Martina PESKOLLER-FUCHS\"\n        class=\"link-text link-text--icon list-people__link link-absolute\"\n        target=\"\"\n    >\n        <span class=\"link-text__body\">\n            <span class=\"link-text__name\">Profil anzeigen<\/span>\n        <\/span>\n        <svg aria-hidden=\"true\" focusable=\"false\" class=\"icon icon-outline icon--arrow-right \"><use xlink:href=\"https:\/\/www.uni.lu\/wp-content\/themes\/unilux-theme\/assets\/images\/icons\/icons-outline.svg#icon--arrow-right\"><\/use><\/svg>    <\/a>\n<\/div>\n        <\/div>\n    <\/div>\n<\/div>\n<\/div><\/li><\/ul>\n\n<\/div>\n\n<\/div><\/section>\n","protected":false},"excerpt":{"rendered":"","protected":false},"author":33,"featured_media":0,"parent":1262,"menu_order":2,"comment_status":"closed","ping_status":"closed","template":"","meta":{"featured_image_focal_point":[],"show_featured_caption":false,"ulux_newsletter_groups":"","uluxPostTitle":"","uluxPrePostTitle":"","_trash_the_other_posts":false,"_price":"","_stock":"","_tribe_ticket_header":"","_tribe_default_ticket_provider":"","_tribe_ticket_capacity":"0","_ticket_start_date":"","_ticket_end_date":"","_tribe_ticket_show_description":"","_tribe_ticket_show_not_going":false,"_tribe_ticket_use_global_stock":"","_tribe_ticket_global_stock_level":"","_global_stock_mode":"","_global_stock_cap":"","_tribe_rsvp_for_event":"","_tribe_ticket_going_count":"","_tribe_ticket_not_going_count":"","_tribe_tickets_list":"[]","_tribe_ticket_has_attendee_info_fields":false,"footnotes":""},"field-of-interest":[],"organisation":[],"authorship":[33],"acf":[],"yoast_head":"<!-- This site is optimized with the Yoast SEO Premium plugin v22.3 (Yoast SEO v22.3) - https:\/\/yoast.com\/wordpress\/plugins\/seo\/ -->\n<title>Ombuds - Universit\u00e4t Luxemburg<\/title>\n<meta name=\"description\" content=\"Das B\u00fcro des Ombudsmanns ist eine vertrauliche, unparteiische, unabh\u00e4ngige und zug\u00e4ngliche Anlaufstelle f\u00fcr die Universit\u00e4tsgemeinschaft.\" \/>\n<meta name=\"robots\" content=\"index, follow, max-snippet:-1, max-image-preview:large, max-video-preview:-1\" \/>\n<link rel=\"canonical\" href=\"https:\/\/www.uni.lu\/de\/ueber-uns\/universitaetsleitung\/aufsichtsrat\/ombuds\/\" \/>\n<meta property=\"og:locale\" content=\"de_DE\" \/>\n<meta property=\"og:type\" content=\"article\" \/>\n<meta property=\"og:title\" content=\"Ombuds\" \/>\n<meta property=\"og:description\" content=\"Das B\u00fcro des Ombudsmanns ist eine vertrauliche, unparteiische, unabh\u00e4ngige und zug\u00e4ngliche Anlaufstelle f\u00fcr die Universit\u00e4tsgemeinschaft.\" \/>\n<meta property=\"og:url\" content=\"https:\/\/www.uni.lu\/de\/ueber-uns\/universitaetsleitung\/aufsichtsrat\/ombuds\/\" \/>\n<meta property=\"og:site_name\" content=\"UNI DE\" \/>\n<meta property=\"article:publisher\" content=\"https:\/\/www.facebook.com\/uni.lu\" \/>\n<meta property=\"article:modified_time\" content=\"2025-08-12T07:29:25+00:00\" \/>\n<meta property=\"og:image\" content=\"https:\/\/www.uni.lu\/wp-content\/uploads\/sites\/10\/2026\/03\/03120000\/UNIV_SM-Profile_1600x1600px-scaled.jpg\" \/>\n\t<meta property=\"og:image:width\" content=\"2560\" \/>\n\t<meta property=\"og:image:height\" content=\"2560\" \/>\n\t<meta property=\"og:image:type\" content=\"image\/jpeg\" \/>\n<meta name=\"twitter:card\" content=\"summary_large_image\" \/>\n<meta name=\"twitter:label1\" content=\"Gesch\u00e4tzte Lesezeit\" \/>\n\t<meta name=\"twitter:data1\" content=\"1 Minute\" \/>\n<script type=\"application\/ld+json\" class=\"yoast-schema-graph\">{\"@context\":\"https:\/\/schema.org\",\"@graph\":[{\"@type\":\"WebPage\",\"@id\":\"https:\/\/www.uni.lu\/de\/ueber-uns\/universitaetsleitung\/aufsichtsrat\/ombuds\/\",\"url\":\"https:\/\/www.uni.lu\/de\/ueber-uns\/universitaetsleitung\/aufsichtsrat\/ombuds\/\",\"name\":\"Ombuds - Universit\u00e4t Luxemburg\",\"isPartOf\":{\"@id\":\"https:\/\/www.uni.lu\/de\/#website\"},\"datePublished\":\"2023-10-04T09:04:33+00:00\",\"dateModified\":\"2025-08-12T07:29:25+00:00\",\"description\":\"Das B\u00fcro des Ombudsmanns ist eine vertrauliche, unparteiische, unabh\u00e4ngige und zug\u00e4ngliche Anlaufstelle f\u00fcr die Universit\u00e4tsgemeinschaft.\",\"breadcrumb\":{\"@id\":\"https:\/\/www.uni.lu\/de\/ueber-uns\/universitaetsleitung\/aufsichtsrat\/ombuds\/#breadcrumb\"},\"inLanguage\":\"de-DE\",\"potentialAction\":[{\"@type\":\"ReadAction\",\"target\":[\"https:\/\/www.uni.lu\/de\/ueber-uns\/universitaetsleitung\/aufsichtsrat\/ombuds\/\"]}]},{\"@type\":\"BreadcrumbList\",\"@id\":\"https:\/\/www.uni.lu\/de\/ueber-uns\/universitaetsleitung\/aufsichtsrat\/ombuds\/#breadcrumb\",\"itemListElement\":[{\"@type\":\"ListItem\",\"position\":1,\"name\":\"Home\",\"item\":\"https:\/\/www.uni.lu\/de\/\"},{\"@type\":\"ListItem\",\"position\":2,\"name\":\"\u00dcber uns\",\"item\":\"https:\/\/www.uni.lu\/de\/ueber-uns\/\"},{\"@type\":\"ListItem\",\"position\":3,\"name\":\"Universit\u00e4tsleitung\",\"item\":\"https:\/\/www.uni.lu\/de\/ueber-uns\/universitaetsleitung\/\"},{\"@type\":\"ListItem\",\"position\":4,\"name\":\"Aufsichtsrat\",\"item\":\"https:\/\/www.uni.lu\/de\/ueber-uns\/universitaetsleitung\/aufsichtsrat\/\"},{\"@type\":\"ListItem\",\"position\":5,\"name\":\"Ombuds\"}]},{\"@type\":\"WebSite\",\"@id\":\"https:\/\/www.uni.lu\/de\/#website\",\"url\":\"https:\/\/www.uni.lu\/de\/\",\"name\":\"Uni.lu\",\"description\":\"Universit\u00e4t Luxemburg\",\"publisher\":{\"@id\":\"https:\/\/www.uni.lu\/de\/#organization\"},\"alternateName\":\"Universit\u00e4t Luxemburg\",\"potentialAction\":[{\"@type\":\"SearchAction\",\"target\":{\"@type\":\"EntryPoint\",\"urlTemplate\":\"https:\/\/www.uni.lu\/de\/?s={search_term_string}\"},\"query-input\":\"required name=search_term_string\"}],\"inLanguage\":\"de-DE\"},{\"@type\":\"Organization\",\"@id\":\"https:\/\/www.uni.lu\/de\/#organization\",\"name\":\"Universit\u00e4t Luxemburg\",\"alternateName\":\"Uni.lu\",\"url\":\"https:\/\/www.uni.lu\/de\/\",\"logo\":{\"@type\":\"ImageObject\",\"inLanguage\":\"de-DE\",\"@id\":\"https:\/\/www.uni.lu\/de\/#\/schema\/logo\/image\/\",\"url\":\"https:\/\/www.uni.lu\/wp-content\/uploads\/sites\/10\/2026\/03\/03120000\/UNIV_SM-Profile_1600x1600px-scaled.jpg\",\"contentUrl\":\"https:\/\/www.uni.lu\/wp-content\/uploads\/sites\/10\/2026\/03\/03120000\/UNIV_SM-Profile_1600x1600px-scaled.jpg\",\"width\":2560,\"height\":2560,\"caption\":\"Universit\u00e4t Luxemburg\"},\"image\":{\"@id\":\"https:\/\/www.uni.lu\/de\/#\/schema\/logo\/image\/\"},\"sameAs\":[\"https:\/\/www.facebook.com\/uni.lu\",\"https:\/\/www.linkedin.com\/school\/university-of-luxembourg\/\",\"https:\/\/www.instagram.com\/uni.lu\",\"https:\/\/www.youtube.com\/@uni_lu\",\"https:\/\/en.wikipedia.org\/wiki\/University_of_Luxembourg\"]}]}<\/script>\n<!-- \/ Yoast SEO Premium plugin. -->","yoast_head_json":{"title":"Ombuds - Universit\u00e4t Luxemburg","description":"Das B\u00fcro des Ombudsmanns ist eine vertrauliche, unparteiische, unabh\u00e4ngige und zug\u00e4ngliche Anlaufstelle f\u00fcr die Universit\u00e4tsgemeinschaft.","robots":{"index":"index","follow":"follow","max-snippet":"max-snippet:-1","max-image-preview":"max-image-preview:large","max-video-preview":"max-video-preview:-1"},"canonical":"https:\/\/www.uni.lu\/de\/ueber-uns\/universitaetsleitung\/aufsichtsrat\/ombuds\/","og_locale":"de_DE","og_type":"article","og_title":"Ombuds","og_description":"Das B\u00fcro des Ombudsmanns ist eine vertrauliche, unparteiische, unabh\u00e4ngige und zug\u00e4ngliche Anlaufstelle f\u00fcr die Universit\u00e4tsgemeinschaft.","og_url":"https:\/\/www.uni.lu\/de\/ueber-uns\/universitaetsleitung\/aufsichtsrat\/ombuds\/","og_site_name":"UNI DE","article_publisher":"https:\/\/www.facebook.com\/uni.lu","article_modified_time":"2025-08-12T07:29:25+00:00","og_image":[{"width":2560,"height":2560,"url":"https:\/\/www.uni.lu\/wp-content\/uploads\/sites\/10\/2026\/03\/03120000\/UNIV_SM-Profile_1600x1600px-scaled.jpg","type":"image\/jpeg"}],"twitter_card":"summary_large_image","twitter_misc":{"Gesch\u00e4tzte Lesezeit":"1 Minute"},"schema":{"@context":"https:\/\/schema.org","@graph":[{"@type":"WebPage","@id":"https:\/\/www.uni.lu\/de\/ueber-uns\/universitaetsleitung\/aufsichtsrat\/ombuds\/","url":"https:\/\/www.uni.lu\/de\/ueber-uns\/universitaetsleitung\/aufsichtsrat\/ombuds\/","name":"Ombuds - Universit\u00e4t Luxemburg","isPartOf":{"@id":"https:\/\/www.uni.lu\/de\/#website"},"datePublished":"2023-10-04T09:04:33+00:00","dateModified":"2025-08-12T07:29:25+00:00","description":"Das B\u00fcro des Ombudsmanns ist eine vertrauliche, unparteiische, unabh\u00e4ngige und zug\u00e4ngliche Anlaufstelle f\u00fcr die Universit\u00e4tsgemeinschaft.","breadcrumb":{"@id":"https:\/\/www.uni.lu\/de\/ueber-uns\/universitaetsleitung\/aufsichtsrat\/ombuds\/#breadcrumb"},"inLanguage":"de-DE","potentialAction":[{"@type":"ReadAction","target":["https:\/\/www.uni.lu\/de\/ueber-uns\/universitaetsleitung\/aufsichtsrat\/ombuds\/"]}]},{"@type":"BreadcrumbList","@id":"https:\/\/www.uni.lu\/de\/ueber-uns\/universitaetsleitung\/aufsichtsrat\/ombuds\/#breadcrumb","itemListElement":[{"@type":"ListItem","position":1,"name":"Home","item":"https:\/\/www.uni.lu\/de\/"},{"@type":"ListItem","position":2,"name":"\u00dcber uns","item":"https:\/\/www.uni.lu\/de\/ueber-uns\/"},{"@type":"ListItem","position":3,"name":"Universit\u00e4tsleitung","item":"https:\/\/www.uni.lu\/de\/ueber-uns\/universitaetsleitung\/"},{"@type":"ListItem","position":4,"name":"Aufsichtsrat","item":"https:\/\/www.uni.lu\/de\/ueber-uns\/universitaetsleitung\/aufsichtsrat\/"},{"@type":"ListItem","position":5,"name":"Ombuds"}]},{"@type":"WebSite","@id":"https:\/\/www.uni.lu\/de\/#website","url":"https:\/\/www.uni.lu\/de\/","name":"Uni.lu","description":"Universit\u00e4t Luxemburg","publisher":{"@id":"https:\/\/www.uni.lu\/de\/#organization"},"alternateName":"Universit\u00e4t Luxemburg","potentialAction":[{"@type":"SearchAction","target":{"@type":"EntryPoint","urlTemplate":"https:\/\/www.uni.lu\/de\/?s={search_term_string}"},"query-input":"required name=search_term_string"}],"inLanguage":"de-DE"},{"@type":"Organization","@id":"https:\/\/www.uni.lu\/de\/#organization","name":"Universit\u00e4t Luxemburg","alternateName":"Uni.lu","url":"https:\/\/www.uni.lu\/de\/","logo":{"@type":"ImageObject","inLanguage":"de-DE","@id":"https:\/\/www.uni.lu\/de\/#\/schema\/logo\/image\/","url":"https:\/\/www.uni.lu\/wp-content\/uploads\/sites\/10\/2026\/03\/03120000\/UNIV_SM-Profile_1600x1600px-scaled.jpg","contentUrl":"https:\/\/www.uni.lu\/wp-content\/uploads\/sites\/10\/2026\/03\/03120000\/UNIV_SM-Profile_1600x1600px-scaled.jpg","width":2560,"height":2560,"caption":"Universit\u00e4t Luxemburg"},"image":{"@id":"https:\/\/www.uni.lu\/de\/#\/schema\/logo\/image\/"},"sameAs":["https:\/\/www.facebook.com\/uni.lu","https:\/\/www.linkedin.com\/school\/university-of-luxembourg\/","https:\/\/www.instagram.com\/uni.lu","https:\/\/www.youtube.com\/@uni_lu","https:\/\/en.wikipedia.org\/wiki\/University_of_Luxembourg"]}]}},"ticketed":false,"_links":{"self":[{"href":"https:\/\/www.uni.lu\/de\/wp-json\/wp\/v2\/pages\/1264"}],"collection":[{"href":"https:\/\/www.uni.lu\/de\/wp-json\/wp\/v2\/pages"}],"about":[{"href":"https:\/\/www.uni.lu\/de\/wp-json\/wp\/v2\/types\/page"}],"author":[{"embeddable":true,"href":"https:\/\/www.uni.lu\/de\/wp-json\/wp\/v2\/users\/33"}],"replies":[{"embeddable":true,"href":"https:\/\/www.uni.lu\/de\/wp-json\/wp\/v2\/comments?post=1264"}],"version-history":[{"count":5,"href":"https:\/\/www.uni.lu\/de\/wp-json\/wp\/v2\/pages\/1264\/revisions"}],"predecessor-version":[{"id":7216,"href":"https:\/\/www.uni.lu\/de\/wp-json\/wp\/v2\/pages\/1264\/revisions\/7216"}],"up":[{"embeddable":true,"href":"https:\/\/www.uni.lu\/de\/wp-json\/wp\/v2\/pages\/1262"}],"wp:authorship":[{"embeddable":true,"href":"https:\/\/www.uni.lu\/de\/wp-json\/wp\/v2\/users\/33"}],"wp:attachment":[{"href":"https:\/\/www.uni.lu\/de\/wp-json\/wp\/v2\/media?parent=1264"}],"wp:term":[{"taxonomy":"field-of-interest","embeddable":true,"href":"https:\/\/www.uni.lu\/de\/wp-json\/wp\/v2\/field-of-interest?post=1264"},{"taxonomy":"organisation","embeddable":true,"href":"https:\/\/www.uni.lu\/de\/wp-json\/wp\/v2\/organisation?post=1264"}],"curies":[{"name":"wp","href":"https:\/\/api.w.org\/{rel}","templated":true}]}}