{"id":693,"date":"2024-04-03T09:45:36","date_gmt":"2024-04-03T07:45:36","guid":{"rendered":"https:\/\/www.uni.lu\/c2dh-fr\/?page_id=693"},"modified":"2026-01-06T13:56:44","modified_gmt":"2026-01-06T12:56:44","slug":"nos-partenaires","status":"publish","type":"page","link":"https:\/\/www.uni.lu\/c2dh-fr\/maison-schuman\/nos-partenaires\/","title":{"rendered":"Nos partenaires"},"content":{"rendered":"<div class=\"section py-0 static\">\n<section class=\"py-0 wp-block-unilux-blocks-free-section section\"><div class=\"container xl:max-w-screen-xl\"><!-- SecondaryNavigationMirror --><div class=\"js-secondary-nav--sticky wp-block-unilux-blocks-secondary-navigation\" id=\"848f3b19-be2d-4a6c-b74d-59d86ebbb128\">\n    <nav id=\"secondary-navigation\" role=\"navigation\" aria-label=\"Secondary menu\" class=\"secondary-nav\">\n        <button class=\"secondary-nav__button btn btn-solid--primary w-full\" aria-expanded=\"false\" aria-controls=\"secondary-navigation__list\" title=\"The selected page is Nos partenaires\" type=\"button\">\n            <span class=\"btn__name mr-auto\">Nos partenaires<\/span>\n            <svg aria-hidden=\"true\" focusable=\"false\" class=\"icon icon-outline icon--xs\">\n                <use xlink:href=\"https:\/\/www.uni.lu\/wp-content\/themes\/unilux-theme\/assets\/images\/icons\/icons-outline.svg#icon--arrow-down\" \/>\n            <\/svg>\n        <\/button>\n\n        <ul id=\"secondary-navigation__list\" class=\"secondary-nav__list\">\n            <li class=\"secondary-nav__item\">\n    <a href=\"https:\/\/www.uni.lu\/c2dh-fr\/maison-schuman\/\" target=\"\" rel=\"noreferrer noopener\" class=\"secondary-nav__link \">\n        <svg aria-hidden=\"true\" focusable=\"false\" class=\"icon icon-outline icon--xs\">\n            <use xlink:href=\"https:\/\/www.uni.lu\/wp-content\/themes\/unilux-theme\/assets\/images\/icons\/icons-outline.svg#icon--arrow-right\" \/>\n        <\/svg>\n        <span class=\"secondary-nav__name\">Bienvenue<\/span>\n    <\/a>\n<\/li>\n<li class=\"secondary-nav__item\">\n    <a href=\"https:\/\/www.uni.lu\/c2dh-fr\/maison-schuman\/un-peu-dhistoire\/\" target=\"\" rel=\"noreferrer noopener\" class=\"secondary-nav__link \">\n        <svg aria-hidden=\"true\" focusable=\"false\" class=\"icon icon-outline icon--xs\">\n            <use xlink:href=\"https:\/\/www.uni.lu\/wp-content\/themes\/unilux-theme\/assets\/images\/icons\/icons-outline.svg#icon--arrow-right\" \/>\n        <\/svg>\n        <span class=\"secondary-nav__name\">Un peu d&rsquo;histoire<\/span>\n    <\/a>\n<\/li>\n<li class=\"secondary-nav__item\">\n    <a href=\"https:\/\/www.uni.lu\/c2dh-fr\/maison-schuman\/activites-scientifiques\/\" target=\"\" rel=\"noreferrer noopener\" class=\"secondary-nav__link \">\n        <svg aria-hidden=\"true\" focusable=\"false\" class=\"icon icon-outline icon--xs\">\n            <use xlink:href=\"https:\/\/www.uni.lu\/wp-content\/themes\/unilux-theme\/assets\/images\/icons\/icons-outline.svg#icon--arrow-right\" \/>\n        <\/svg>\n        <span class=\"secondary-nav__name\">Activit\u00e9s &amp; News<\/span>\n    <\/a>\n<\/li>\n<li class=\"secondary-nav__item\">\n    <a href=\"https:\/\/www.uni.lu\/c2dh-fr\/maison-schuman\/nos-partenaires\/\" target=\"\" rel=\"noreferrer noopener\" class=\"secondary-nav__link isactived\" aria-current=\"page\">\n        <svg aria-hidden=\"true\" focusable=\"false\" class=\"icon icon-outline icon--xs\">\n            <use xlink:href=\"https:\/\/www.uni.lu\/wp-content\/themes\/unilux-theme\/assets\/images\/icons\/icons-outline.svg#icon--arrow-right\" \/>\n        <\/svg>\n        <span class=\"secondary-nav__name\">Nos partenaires<\/span>\n    <\/a>\n<\/li>\n<li class=\"secondary-nav__item\">\n    <a href=\"https:\/\/www.uni.lu\/c2dh-fr\/maison-schuman\/reservations\/\" target=\"\" rel=\"noreferrer noopener\" class=\"secondary-nav__link \">\n        <svg aria-hidden=\"true\" focusable=\"false\" class=\"icon icon-outline icon--xs\">\n            <use xlink:href=\"https:\/\/www.uni.lu\/wp-content\/themes\/unilux-theme\/assets\/images\/icons\/icons-outline.svg#icon--arrow-right\" \/>\n        <\/svg>\n        <span class=\"secondary-nav__name\">R\u00e9servations<\/span>\n    <\/a>\n<\/li>\n<li class=\"secondary-nav__item\">\n    <a href=\"https:\/\/www.uni.lu\/c2dh-fr\/maison-schuman\/contact\/\" target=\"\" rel=\"noreferrer noopener\" class=\"secondary-nav__link \">\n        <svg aria-hidden=\"true\" focusable=\"false\" class=\"icon icon-outline icon--xs\">\n            <use xlink:href=\"https:\/\/www.uni.lu\/wp-content\/themes\/unilux-theme\/assets\/images\/icons\/icons-outline.svg#icon--arrow-right\" \/>\n        <\/svg>\n        <span class=\"secondary-nav__name\">Contact<\/span>\n    <\/a>\n<\/li>\n        <\/ul>\n    <\/nav>\n<\/div>\n<!-- end SecondaryNavigationMirror -->\n\n\n<section class=\"wp-block-unilux-blocks-free-section section\"><div class=\"container xl:max-w-screen-xl\">\n<h1 class=\"has-text-align-left wp-block-unilux-blocks-heading\"        id=\"nos-partenaires\"\n    >\nNos partenaires<\/h1>\n\n\n\n<p>Parmi les partenaires, pass\u00e9s et actuels, r\u00e9guliers de la Maison Schuman et de nos activit\u00e9s se trouvent :<\/p>\n\n\n\n<ul class=\"ulux-list\">\n<li class=\"ulux-list-item\"><a href=\"http:\/\/mouvement-europeen.lu\/\" target=\"_blank\" rel=\"noreferrer noopener\">Le Mouvement Europ\u00e9en du Luxembourg<\/a><\/li>\n\n\n\n<li class=\"ulux-list-item\"><a href=\"http:\/\/www.maison-robert-schuman.eu\/\" target=\"_blank\" rel=\"noreferrer noopener\">Maison de Robert Schuman \u00e0 Scy-Chazelles<\/a><\/li>\n\n\n\n<li class=\"ulux-list-item\"><a href=\"http:\/\/www.tepsa.be\/\" target=\"_blank\" rel=\"noreferrer noopener\">Trans European Policy Studies Association<\/a><\/li>\n\n\n\n<li class=\"ulux-list-item\"><a href=\"http:\/\/www.ipw.lu\/\" target=\"_blank\" rel=\"noreferrer noopener\">Institut Pierre Werner<\/a><\/li>\n\n\n\n<li class=\"ulux-list-item\"><a href=\"http:\/\/www.cvce.eu\/\" target=\"_blank\" rel=\"noreferrer noopener\">Centre virtuel de la connaissance sur l\u2019Europe<\/a><\/li>\n\n\n\n<li class=\"ulux-list-item\"><a href=\"http:\/\/www.bnl.lu\/\" target=\"_blank\" rel=\"noreferrer noopener\">Biblioth\u00e8que nationale de Luxembourg<\/a><\/li>\n\n\n\n<li class=\"ulux-list-item\"><a href=\"http:\/\/www.anlux.lu\/\" target=\"_blank\" rel=\"noreferrer noopener\">Archives nationales de Luxembourg<\/a><\/li>\n\n\n\n<li class=\"ulux-list-item\"><a href=\"http:\/\/ec.europa.eu\/luxembourg\/index_fr.htm\" target=\"_blank\" rel=\"noreferrer noopener\">Repr\u00e9sentation de la Commission europ\u00e9enne \u00e0 Luxembourg<\/a><\/li>\n\n\n\n<li class=\"ulux-list-item\"><a href=\"http:\/\/www.europarl.lu\/\" target=\"_blank\" rel=\"noreferrer noopener\">Repr\u00e9sentation du Parlement europ\u00e9en \u00e0 Luxembourg<\/a><\/li>\n\n\n\n<li class=\"ulux-list-item\"><a href=\"http:\/\/www.uni.lu\/\" target=\"_blank\" rel=\"noreferrer noopener\">Universit\u00e9 du Luxembourg<\/a><\/li>\n\n\n\n<li class=\"ulux-list-item\"><a href=\"http:\/\/data.bnf.fr\/16693393\/association_luxembourgeoise_des_enseignants_d_histoire\/\" target=\"_blank\" rel=\"noreferrer noopener\">Association luxembourgeoise des enseignants d\u2019histoire (ALEH)<\/a><\/li>\n\n\n\n<li class=\"ulux-list-item\"><a href=\"http:\/\/www.liia.lv\/\" target=\"_blank\" rel=\"noreferrer noopener\">Latvian Institute of International Affairs<\/a><\/li>\n\n\n\n<li class=\"ulux-list-item\"><a href=\"https:\/\/www.ifri.org\/\" target=\"_blank\" rel=\"noreferrer noopener\">IFRI<\/a><\/li>\n\n\n\n<li class=\"ulux-list-item\"><a href=\"http:\/\/www.institutdelors.eu\/\" target=\"_blank\" rel=\"noreferrer noopener\">Institut Jacques Delors<\/a><\/li>\n\n\n\n<li class=\"ulux-list-item\"><a href=\"http:\/\/ec.europa.eu\/dgs\/translation\/index_fr.htm\" target=\"_blank\" rel=\"noreferrer noopener\">Direction g\u00e9n\u00e9rale de Traduction de la Commission Europ\u00e9enne<\/a><\/li>\n<\/ul>\n\n\n<div class=\"wp-block-unilux-blocks-spacer is-spacer-size-lg\"><\/div>\n\n\n<h2 class=\"has-text-align-left wp-block-unilux-blocks-heading\"        id=\"suivez-nous-sur-les-reseaux-sociaux\"\n    >\nSuivez-nous sur les r\u00e9seaux sociaux<\/h2>\n\n\n<ul class=\"wp-block-unilux-blocks-social-media-list social-media social-media--theme\">\n    <li class=\"wp-block-unilux-blocks-social-media-list-item social-media__item\">\n    <!--- Start template: Component Icon --><a href=\"https:\/\/www.facebook.com\/c2dh.lu\" target=\"_blank\" class=\"social-media__link\"> <svg aria-hidden=\"true\" focusable=\"false\" class=\"icon icon-solid icon--facebook \"><use xlink:href=\"https:\/\/www.uni.lu\/wp-content\/themes\/unilux-theme\/assets\/images\/icons\/icons-solid.svg#icon--facebook\"><\/use><\/svg><\/a><\/li>\n<li class=\"wp-block-unilux-blocks-social-media-list-item social-media__item\">\n    <!--- Start template: Component Icon --><a href=\"http:\/\/www.instagram.com\/c2dh_lu\" target=\"_blank\" class=\"social-media__link\"> <svg aria-hidden=\"true\" focusable=\"false\" class=\"icon icon-solid icon--instagram \"><use xlink:href=\"https:\/\/www.uni.lu\/wp-content\/themes\/unilux-theme\/assets\/images\/icons\/icons-solid.svg#icon--instagram\"><\/use><\/svg><\/a><\/li>\n<li class=\"wp-block-unilux-blocks-social-media-list-item social-media__item\">\n    <!--- Start template: Component Icon --><a href=\"http:\/\/www.linkedin.com\/showcase\/c2dh-university-of-luxembourg\" target=\"_blank\" class=\"social-media__link\"> <svg aria-hidden=\"true\" focusable=\"false\" class=\"icon icon-solid icon--linkedin \"><use xlink:href=\"https:\/\/www.uni.lu\/wp-content\/themes\/unilux-theme\/assets\/images\/icons\/icons-solid.svg#icon--linkedin\"><\/use><\/svg><\/a><\/li>\n<li class=\"wp-block-unilux-blocks-social-media-list-item social-media__item\">\n    <!--- Start template: Component Icon --><a href=\"https:\/\/bsky.app\/profile\/c2dh.uni.lu\" target=\"_blank\" class=\"social-media__link\"> <svg aria-hidden=\"true\" focusable=\"false\" class=\"icon icon-solid icon--bluesky \"><use xlink:href=\"https:\/\/www.uni.lu\/wp-content\/themes\/unilux-theme\/assets\/images\/icons\/icons-solid.svg#icon--bluesky\"><\/use><\/svg><\/a><\/li>\n<\/ul>\n<\/div><\/section>\n<\/div><\/section>\n<\/div>","protected":false},"excerpt":{"rendered":"","protected":false},"author":57,"featured_media":0,"parent":691,"menu_order":4,"comment_status":"closed","ping_status":"closed","template":"","meta":{"featured_image_focal_point":[],"show_featured_caption":false,"ulux_newsletter_groups":"","uluxPostTitle":"Maison Schuman","uluxPrePostTitle":"Luxembourg Centre for Contemporary and Digital History (C\u00b2DH)","_trash_the_other_posts":false,"_price":"","_stock":"","_tribe_ticket_header":"","_tribe_default_ticket_provider":"","_tribe_ticket_capacity":"0","_ticket_start_date":"","_ticket_end_date":"","_tribe_ticket_show_description":"","_tribe_ticket_show_not_going":false,"_tribe_ticket_use_global_stock":"","_tribe_ticket_global_stock_level":"","_global_stock_mode":"","_global_stock_cap":"","_tribe_rsvp_for_event":"","_tribe_ticket_going_count":"","_tribe_ticket_not_going_count":"","_tribe_tickets_list":"[]","_tribe_ticket_has_attendee_info_fields":false,"footnotes":""},"field-of-interest":[],"organisation":[540],"authorship":[57],"acf":[],"yoast_head":"<!-- This site is optimized with the Yoast SEO Premium plugin v22.3 (Yoast SEO v22.3) - https:\/\/yoast.com\/wordpress\/plugins\/seo\/ -->\n<title>Nos partenaires - C\u00b2DH - Universit\u00e9 du Luxembourg I Uni.lu<\/title>\n<meta name=\"description\" content=\"Parmi les partenaires, pass\u00e9s et actuels, r\u00e9guliers de la Maison Schuman et de nos activit\u00e9s se trouvent : Le Mouvement Europ\u00e9en du Luxembourg Maison de\" \/>\n<meta name=\"robots\" content=\"index, follow, max-snippet:-1, max-image-preview:large, max-video-preview:-1\" \/>\n<link rel=\"canonical\" href=\"https:\/\/www.uni.lu\/c2dh-fr\/maison-schuman\/nos-partenaires\/\" \/>\n<meta property=\"og:locale\" content=\"fr_FR\" \/>\n<meta property=\"og:type\" content=\"article\" \/>\n<meta property=\"og:title\" content=\"Nos partenaires\" \/>\n<meta property=\"og:description\" content=\"Parmi les partenaires, pass\u00e9s et actuels, r\u00e9guliers de la Maison Schuman et de nos activit\u00e9s se trouvent : Le Mouvement Europ\u00e9en du Luxembourg Maison de\" \/>\n<meta property=\"og:url\" content=\"https:\/\/www.uni.lu\/c2dh-fr\/maison-schuman\/nos-partenaires\/\" \/>\n<meta property=\"og:site_name\" content=\"C2DH FR\" \/>\n<meta property=\"article:publisher\" content=\"https:\/\/www.facebook.com\/c2dh.lu\" \/>\n<meta property=\"article:modified_time\" content=\"2026-01-06T12:56:44+00:00\" \/>\n<meta property=\"og:image\" content=\"https:\/\/www.uni.lu\/wp-content\/uploads\/sites\/24\/2026\/03\/03113451\/C2DH_SM-Profile_1600x1600px-scaled.jpg\" \/>\n\t<meta property=\"og:image:width\" content=\"2560\" \/>\n\t<meta property=\"og:image:height\" content=\"2560\" \/>\n\t<meta property=\"og:image:type\" content=\"image\/jpeg\" \/>\n<meta name=\"twitter:card\" content=\"summary_large_image\" \/>\n<meta name=\"twitter:label1\" content=\"Dur\u00e9e de lecture estim\u00e9e\" \/>\n\t<meta name=\"twitter:data1\" content=\"1 minute\" \/>\n<script type=\"application\/ld+json\" class=\"yoast-schema-graph\">{\"@context\":\"https:\/\/schema.org\",\"@graph\":[{\"@type\":\"WebPage\",\"@id\":\"https:\/\/www.uni.lu\/c2dh-fr\/maison-schuman\/nos-partenaires\/\",\"url\":\"https:\/\/www.uni.lu\/c2dh-fr\/maison-schuman\/nos-partenaires\/\",\"name\":\"Nos partenaires - C\u00b2DH - Universit\u00e9 du Luxembourg I Uni.lu\",\"isPartOf\":{\"@id\":\"https:\/\/www.uni.lu\/c2dh-fr\/#website\"},\"datePublished\":\"2024-04-03T07:45:36+00:00\",\"dateModified\":\"2026-01-06T12:56:44+00:00\",\"description\":\"Parmi les partenaires, pass\u00e9s et actuels, r\u00e9guliers de la Maison Schuman et de nos activit\u00e9s se trouvent : Le Mouvement Europ\u00e9en du Luxembourg Maison de\",\"breadcrumb\":{\"@id\":\"https:\/\/www.uni.lu\/c2dh-fr\/maison-schuman\/nos-partenaires\/#breadcrumb\"},\"inLanguage\":\"fr-FR\",\"potentialAction\":[{\"@type\":\"ReadAction\",\"target\":[\"https:\/\/www.uni.lu\/c2dh-fr\/maison-schuman\/nos-partenaires\/\"]}]},{\"@type\":\"BreadcrumbList\",\"@id\":\"https:\/\/www.uni.lu\/c2dh-fr\/maison-schuman\/nos-partenaires\/#breadcrumb\",\"itemListElement\":[{\"@type\":\"ListItem\",\"position\":1,\"name\":\"Home\",\"item\":\"https:\/\/www.uni.lu\/fr\"},{\"@type\":\"ListItem\",\"position\":2,\"name\":\"Luxembourg Centre for Contemporary and Digital History (C\u00b2DH)\",\"item\":\"https:\/\/www.uni.lu\/c2dh-fr\/\"},{\"@type\":\"ListItem\",\"position\":3,\"name\":\"Maison Schuman\",\"item\":\"https:\/\/www.uni.lu\/c2dh-fr\/maison-schuman\/\"},{\"@type\":\"ListItem\",\"position\":4,\"name\":\"Nos partenaires\"}]},{\"@type\":\"WebSite\",\"@id\":\"https:\/\/www.uni.lu\/c2dh-fr\/#website\",\"url\":\"https:\/\/www.uni.lu\/c2dh-fr\/\",\"name\":\"C2DH\",\"description\":\"Luxembourg Centre for Contemporary and Digital History I Uni.lu\",\"publisher\":{\"@id\":\"https:\/\/www.uni.lu\/c2dh-fr\/#organization\"},\"alternateName\":\"Luxembourg Centre for Contemporary and Digital History I Universit\u00e9 du Luxembourg\",\"potentialAction\":[{\"@type\":\"SearchAction\",\"target\":{\"@type\":\"EntryPoint\",\"urlTemplate\":\"https:\/\/www.uni.lu\/c2dh-fr\/?s={search_term_string}\"},\"query-input\":\"required name=search_term_string\"}],\"inLanguage\":\"fr-FR\"},{\"@type\":\"Organization\",\"@id\":\"https:\/\/www.uni.lu\/c2dh-fr\/#organization\",\"name\":\"C\u00b2DH - Universit\u00e9 du Luxembourg I Uni.lu\",\"alternateName\":\"Luxembourg Centre for Contemporary and Digital History\",\"url\":\"https:\/\/www.uni.lu\/c2dh-fr\/\",\"logo\":{\"@type\":\"ImageObject\",\"inLanguage\":\"fr-FR\",\"@id\":\"https:\/\/www.uni.lu\/c2dh-fr\/#\/schema\/logo\/image\/\",\"url\":\"https:\/\/www.uni.lu\/wp-content\/uploads\/sites\/24\/2026\/03\/03113451\/C2DH_SM-Profile_1600x1600px-scaled.jpg\",\"contentUrl\":\"https:\/\/www.uni.lu\/wp-content\/uploads\/sites\/24\/2026\/03\/03113451\/C2DH_SM-Profile_1600x1600px-scaled.jpg\",\"width\":2560,\"height\":2560,\"caption\":\"C\u00b2DH - Universit\u00e9 du Luxembourg I Uni.lu\"},\"image\":{\"@id\":\"https:\/\/www.uni.lu\/c2dh-fr\/#\/schema\/logo\/image\/\"},\"sameAs\":[\"https:\/\/www.facebook.com\/c2dh.lu\",\"http:\/\/www.instagram.com\/c2dh_lu\",\"http:\/\/www.linkedin.com\/showcase\/c2dh-university-of-luxembourg\"]}]}<\/script>\n<!-- \/ Yoast SEO Premium plugin. -->","yoast_head_json":{"title":"Nos partenaires - C\u00b2DH - Universit\u00e9 du Luxembourg I Uni.lu","description":"Parmi les partenaires, pass\u00e9s et actuels, r\u00e9guliers de la Maison Schuman et de nos activit\u00e9s se trouvent : Le Mouvement Europ\u00e9en du Luxembourg Maison de","robots":{"index":"index","follow":"follow","max-snippet":"max-snippet:-1","max-image-preview":"max-image-preview:large","max-video-preview":"max-video-preview:-1"},"canonical":"https:\/\/www.uni.lu\/c2dh-fr\/maison-schuman\/nos-partenaires\/","og_locale":"fr_FR","og_type":"article","og_title":"Nos partenaires","og_description":"Parmi les partenaires, pass\u00e9s et actuels, r\u00e9guliers de la Maison Schuman et de nos activit\u00e9s se trouvent : Le Mouvement Europ\u00e9en du Luxembourg Maison de","og_url":"https:\/\/www.uni.lu\/c2dh-fr\/maison-schuman\/nos-partenaires\/","og_site_name":"C2DH FR","article_publisher":"https:\/\/www.facebook.com\/c2dh.lu","article_modified_time":"2026-01-06T12:56:44+00:00","og_image":[{"width":2560,"height":2560,"url":"https:\/\/www.uni.lu\/wp-content\/uploads\/sites\/24\/2026\/03\/03113451\/C2DH_SM-Profile_1600x1600px-scaled.jpg","type":"image\/jpeg"}],"twitter_card":"summary_large_image","twitter_misc":{"Dur\u00e9e de lecture estim\u00e9e":"1 minute"},"schema":{"@context":"https:\/\/schema.org","@graph":[{"@type":"WebPage","@id":"https:\/\/www.uni.lu\/c2dh-fr\/maison-schuman\/nos-partenaires\/","url":"https:\/\/www.uni.lu\/c2dh-fr\/maison-schuman\/nos-partenaires\/","name":"Nos partenaires - C\u00b2DH - Universit\u00e9 du Luxembourg I Uni.lu","isPartOf":{"@id":"https:\/\/www.uni.lu\/c2dh-fr\/#website"},"datePublished":"2024-04-03T07:45:36+00:00","dateModified":"2026-01-06T12:56:44+00:00","description":"Parmi les partenaires, pass\u00e9s et actuels, r\u00e9guliers de la Maison Schuman et de nos activit\u00e9s se trouvent : Le Mouvement Europ\u00e9en du Luxembourg Maison de","breadcrumb":{"@id":"https:\/\/www.uni.lu\/c2dh-fr\/maison-schuman\/nos-partenaires\/#breadcrumb"},"inLanguage":"fr-FR","potentialAction":[{"@type":"ReadAction","target":["https:\/\/www.uni.lu\/c2dh-fr\/maison-schuman\/nos-partenaires\/"]}]},{"@type":"BreadcrumbList","@id":"https:\/\/www.uni.lu\/c2dh-fr\/maison-schuman\/nos-partenaires\/#breadcrumb","itemListElement":[{"@type":"ListItem","position":1,"name":"Home","item":"https:\/\/www.uni.lu\/fr"},{"@type":"ListItem","position":2,"name":"Luxembourg Centre for Contemporary and Digital History (C\u00b2DH)","item":"https:\/\/www.uni.lu\/c2dh-fr\/"},{"@type":"ListItem","position":3,"name":"Maison Schuman","item":"https:\/\/www.uni.lu\/c2dh-fr\/maison-schuman\/"},{"@type":"ListItem","position":4,"name":"Nos partenaires"}]},{"@type":"WebSite","@id":"https:\/\/www.uni.lu\/c2dh-fr\/#website","url":"https:\/\/www.uni.lu\/c2dh-fr\/","name":"C2DH","description":"Luxembourg Centre for Contemporary and Digital History I Uni.lu","publisher":{"@id":"https:\/\/www.uni.lu\/c2dh-fr\/#organization"},"alternateName":"Luxembourg Centre for Contemporary and Digital History I Universit\u00e9 du Luxembourg","potentialAction":[{"@type":"SearchAction","target":{"@type":"EntryPoint","urlTemplate":"https:\/\/www.uni.lu\/c2dh-fr\/?s={search_term_string}"},"query-input":"required name=search_term_string"}],"inLanguage":"fr-FR"},{"@type":"Organization","@id":"https:\/\/www.uni.lu\/c2dh-fr\/#organization","name":"C\u00b2DH - Universit\u00e9 du Luxembourg I Uni.lu","alternateName":"Luxembourg Centre for Contemporary and Digital History","url":"https:\/\/www.uni.lu\/c2dh-fr\/","logo":{"@type":"ImageObject","inLanguage":"fr-FR","@id":"https:\/\/www.uni.lu\/c2dh-fr\/#\/schema\/logo\/image\/","url":"https:\/\/www.uni.lu\/wp-content\/uploads\/sites\/24\/2026\/03\/03113451\/C2DH_SM-Profile_1600x1600px-scaled.jpg","contentUrl":"https:\/\/www.uni.lu\/wp-content\/uploads\/sites\/24\/2026\/03\/03113451\/C2DH_SM-Profile_1600x1600px-scaled.jpg","width":2560,"height":2560,"caption":"C\u00b2DH - Universit\u00e9 du Luxembourg I Uni.lu"},"image":{"@id":"https:\/\/www.uni.lu\/c2dh-fr\/#\/schema\/logo\/image\/"},"sameAs":["https:\/\/www.facebook.com\/c2dh.lu","http:\/\/www.instagram.com\/c2dh_lu","http:\/\/www.linkedin.com\/showcase\/c2dh-university-of-luxembourg"]}]}},"ticketed":false,"_links":{"self":[{"href":"https:\/\/www.uni.lu\/c2dh-fr\/wp-json\/wp\/v2\/pages\/693"}],"collection":[{"href":"https:\/\/www.uni.lu\/c2dh-fr\/wp-json\/wp\/v2\/pages"}],"about":[{"href":"https:\/\/www.uni.lu\/c2dh-fr\/wp-json\/wp\/v2\/types\/page"}],"author":[{"embeddable":true,"href":"https:\/\/www.uni.lu\/c2dh-fr\/wp-json\/wp\/v2\/users\/57"}],"replies":[{"embeddable":true,"href":"https:\/\/www.uni.lu\/c2dh-fr\/wp-json\/wp\/v2\/comments?post=693"}],"version-history":[{"count":3,"href":"https:\/\/www.uni.lu\/c2dh-fr\/wp-json\/wp\/v2\/pages\/693\/revisions"}],"predecessor-version":[{"id":2230,"href":"https:\/\/www.uni.lu\/c2dh-fr\/wp-json\/wp\/v2\/pages\/693\/revisions\/2230"}],"up":[{"embeddable":true,"href":"https:\/\/www.uni.lu\/c2dh-fr\/wp-json\/wp\/v2\/pages\/691"}],"wp:authorship":[{"embeddable":true,"href":"https:\/\/www.uni.lu\/c2dh-fr\/wp-json\/wp\/v2\/users\/57"}],"wp:attachment":[{"href":"https:\/\/www.uni.lu\/c2dh-fr\/wp-json\/wp\/v2\/media?parent=693"}],"wp:term":[{"taxonomy":"field-of-interest","embeddable":true,"href":"https:\/\/www.uni.lu\/c2dh-fr\/wp-json\/wp\/v2\/field-of-interest?post=693"},{"taxonomy":"organisation","embeddable":true,"href":"https:\/\/www.uni.lu\/c2dh-fr\/wp-json\/wp\/v2\/organisation?post=693"}],"curies":[{"name":"wp","href":"https:\/\/api.w.org\/{rel}","templated":true}]}}