{"id":1257,"date":"2025-11-14T07:59:30","date_gmt":"2025-11-14T06:59:30","guid":{"rendered":"https:\/\/www.uni.lu\/c2dh-de\/?page_id=1257"},"modified":"2025-11-14T08:00:26","modified_gmt":"2025-11-14T07:00:26","slug":"rust-research-wettbewerbsregeln","status":"publish","type":"page","link":"https:\/\/www.uni.lu\/c2dh-de\/rust-research-wettbewerbsregeln\/","title":{"rendered":"\u201eRust &amp; Research\u201c Wettbewerbsregeln"},"content":{"rendered":"\n<section class=\"wp-block-unilux-blocks-free-section section\"><div class=\"container xl:max-w-screen-xl\">\n<h2 class=\"has-text-align-left wp-block-unilux-blocks-heading\"        id=\"rust-research-wettbewerbsregeln\"\n    >\n\u201eRust &amp; Research\u201c Wettbewerbsregeln<\/h2>\n\n\n\n<h3 class=\"has-text-align-left wp-block-unilux-blocks-heading\"        id=\"15-16-november-2025\"\n    >\n15.\u201316. November 2025<\/h3>\n\n\n<div class=\"wp-block-unilux-blocks-spacer is-spacer-size-sm\"><\/div>\n\n\n<p><strong>Artikel 1 \u2013 Veranstalter<\/strong><\/p>\n\n\n\n<p>Der Veranstalter des Wettbewerbs \u201eRust &amp; Research\u201c (\u201eWettbewerb\u201c) ist das Centre for Contemporary and Digital History der Universit\u00e4t Luxemburg (\u201eC\u00b2DH\u201c), Maison des Sciences Humaines, 11 Porte des Sciences, L-4366 Esch-sur-Alzette, LUXEMBURG (nachfolgend \u201eVeranstalter\u201c genannt).<\/p>\n\n\n\n<p><strong>Artikel 2 \u2013 Zweck des Wettbewerbs<\/strong><\/p>\n\n\n\n<p>Der Wettbewerb, der im Rahmen der Veranstaltung Game On 2025 (15. und 16. November 2025) organisiert wird, soll auf spielerische Weise das Bewusstsein f\u00fcr den Standort Belval sch\u00e4rfen. Er besteht aus der Beantwortung eines Online-Fragebogens (\u201eMCQ\u201c). Teilnehmer, die alle Fragen richtig beantworten, nehmen an einer Verlosung teil, um ein Kartenspiel mit dem Titel \u201eRust &amp; Research\u201c zu gewinnen, das vom C\u00b2DH erstellt wurde und sich thematisch mit dem Standort Belval besch\u00e4ftigt (\u201eKartenspiel\u201c).<\/p>\n\n\n\n<p><strong>Artikel 3 \u2013 Teilnahmebedingungen<\/strong><\/p>\n\n\n\n<p>Der Wettbewerb steht allen Personen offen, mit Ausnahme der Mitglieder des Veranstalterteams.<\/p>\n\n\n\n<p>Pro Person ist nur eine Teilnahme erlaubt.<\/p>\n\n\n\n<p>Die Teilnahme ist kostenlos und ohne Kaufverpflichtung.<\/p>\n\n\n\n<p><strong>Artikel 4 \u2013 Teilnahmeverfahren<\/strong><\/p>\n\n\n\n<p>Die Teilnehmer m\u00fcssen den MCQ auf der LimeSurvey-Plattform unter folgender Adresse ausf\u00fcllen: <a href=\"http:\/\/ulsurvey.uni.lu\/index.php\/943173?lang=de\" target=\"_blank\" rel=\"noreferrer noopener\">http:\/\/ulsurvey.uni.lu\/index.php\/943173?lang=de <\/a>.<\/p>\n\n\n\n<p>Der MCQ besteht aus 5 Fragen.<\/p>\n\n\n\n<p>Der MCQ ist vom 15. November 2025 um 14:00 Uhr bis zum 16. November 2025 um 18:00 Uhr zug\u00e4nglich.<\/p>\n\n\n\n<p>Nur Teilnehmer, die alle Fragen richtig beantworten, werden in die Verlosung aufgenommen.<\/p>\n\n\n\n<p><strong>Artikel 5 \u2013 Verlosung<\/strong><\/p>\n\n\n\n<p>Die Verlosung wird unter der Aufsicht des Veranstalters durchgef\u00fchrt, um Fairness zu gew\u00e4hrleisten.<\/p>\n\n\n\n<p>Es werden 30 Gewinner ausgew\u00e4hlt.<\/p>\n\n\n\n<p><strong>Artikel 6 \u2013 Preise<\/strong><\/p>\n\n\n\n<p>Jeder Gewinner erh\u00e4lt ein Kartenspiel.<\/p>\n\n\n\n<p>Die Preise sind weder umtauschbar noch erstattungsf\u00e4hig.<\/p>\n\n\n\n<p><strong>Artikel 7 \u2013 Bekanntgabe der Gewinner und Preisabholung<\/strong><\/p>\n\n\n\n<p>Die Gewinner werden per E-Mail an die bei der Teilnahme angegebene Adresse kontaktiert und erhalten einen Gutschein f\u00fcr das Kartenspiel (\u201eGutschein\u201c).<\/p>\n\n\n\n<p>Sie werden eingeladen, das Kartenspiel pers\u00f6nlich unter Vorlage des Gutscheins innerhalb von zehn (10) Tagen nach Erhalt abzuholen, nachdem sie einen Termin mit dem Veranstalter Nicolas Arendt (+352) 46 66 44 4726, nicolas.arendt@uni.lu vereinbart haben, an folgender Adresse: UL \u2013 C\u00b2DH, 11 Porte des Sciences, 4366 Esch-Belval, Esch-sur-Alzette, LUXEMBURG, 4. Etage.<\/p>\n\n\n\n<p>Falls eine pers\u00f6nliche Abholung nicht m\u00f6glich ist, m\u00fcssen die Gewinner innerhalb von zehn (10) Tagen nach Erhalt des Gutscheins eine E-Mail an den Veranstalter (<a href=\"mailto:nicolas.arendt@uni.lu\">nicolas.arendt@uni.lu<\/a>) senden, den Gutschein beif\u00fcgen und ihre Identit\u00e4t sowie Postanschrift angeben, um das Kartenspiel per Post zu erhalten.<\/p>\n\n\n\n<p><strong>Artikel 8 \u2013 Haftung<\/strong><\/p>\n\n\n\n<p>Der Veranstalter kann nicht f\u00fcr St\u00f6rungen des MCQ oder technische Probleme, die eine Teilnahme verhindern, verantwortlich gemacht werden, ebenso wenig f\u00fcr h\u00f6here Gewalt oder andere Ereignisse au\u00dferhalb seiner Kontrolle, die den ordnungsgem\u00e4\u00dfen Ablauf des Wettbewerbs beeintr\u00e4chtigen k\u00f6nnten.<\/p>\n\n\n\n<p><strong>Artikel 9 \u2013 Personenbezogene Daten<\/strong><\/p>\n\n\n\n<p>Die erhobenen personenbezogenen Daten werden ausschlie\u00dflich f\u00fcr den ordnungsgem\u00e4\u00dfen Ablauf des Wettbewerbs und die Verteilung des Kartenspiels verarbeitet. Die personenbezogenen Daten bestehen aus der E-Mail-Adresse des Teilnehmers.<\/p>\n\n\n\n<p>Die Daten werden zwanzig (20) Tage nach Versand der Gutscheine gel\u00f6scht.<\/p>\n\n\n\n<p>Gem\u00e4\u00df der Datenschutz-Grundverordnung (\u201eDSGVO\u201c) haben die Teilnehmer bis zur L\u00f6schung ihrer Daten das Recht auf Zugang, Berichtigung und L\u00f6schung ihrer Daten. Diese Rechte k\u00f6nnen direkt durch Kontaktaufnahme mit dem Veranstalter (nicolas.arendt@uni.lu) ausge\u00fcbt werden.<\/p>\n\n\n\n<p><strong>Artikel 10 \u2013 Annahme der Regeln<\/strong><\/p>\n\n\n\n<p>Die Regeln sind unter folgendem Link verf\u00fcgbar: <a href=\"https:\/\/www.uni.lu\/c2dh-de\/rust-research-wettbewerbsregeln\/\">https:\/\/www.uni.lu\/c2dh-de\/rust-research-wettbewerbsregeln\/<\/a> und k\u00f6nnen jederzeit w\u00e4hrend des Wettbewerbs eingesehen werden.<\/p>\n\n\n\n<p>Die Teilnahme am Wettbewerb impliziert die vollst\u00e4ndige und vorbehaltlose Annahme dieser Regeln.<\/p>\n<\/div><\/section>\n","protected":false},"excerpt":{"rendered":"","protected":false},"author":57,"featured_media":0,"parent":0,"menu_order":0,"comment_status":"closed","ping_status":"closed","template":"","meta":{"featured_image_focal_point":[],"show_featured_caption":false,"ulux_newsletter_groups":"","uluxPostTitle":"Rust & Research","uluxPrePostTitle":"Luxembourg Centre for Contemporary and Digital History (C\u00b2DH)","_trash_the_other_posts":false,"_price":"","_stock":"","_tribe_ticket_header":"","_tribe_default_ticket_provider":"","_tribe_ticket_capacity":"0","_ticket_start_date":"","_ticket_end_date":"","_tribe_ticket_show_description":"","_tribe_ticket_show_not_going":false,"_tribe_ticket_use_global_stock":"","_tribe_ticket_global_stock_level":"","_global_stock_mode":"","_global_stock_cap":"","_tribe_rsvp_for_event":"","_tribe_ticket_going_count":"","_tribe_ticket_not_going_count":"","_tribe_tickets_list":"[]","_tribe_ticket_has_attendee_info_fields":false,"footnotes":""},"field-of-interest":[],"organisation":[542],"authorship":[57],"acf":[],"yoast_head":"<!-- This site is optimized with the Yoast SEO Premium plugin v22.3 (Yoast SEO v22.3) - https:\/\/yoast.com\/wordpress\/plugins\/seo\/ -->\n<title>\u201eRust &amp; Research\u201c Wettbewerbsregeln - C\u00b2DH - Universit\u00e4t Luxemburg I Uni.lu<\/title>\n<meta name=\"description\" content=\"Artikel 1 \u2013 Veranstalter Der Veranstalter des Wettbewerbs \u201eRust &amp; Research\u201c (\u201eWettbewerb\u201c) ist das Centre for Contemporary and Digital History der\" \/>\n<meta name=\"robots\" content=\"index, follow, max-snippet:-1, max-image-preview:large, max-video-preview:-1\" \/>\n<link rel=\"canonical\" href=\"https:\/\/www.uni.lu\/c2dh-de\/rust-research-wettbewerbsregeln\/\" \/>\n<meta property=\"og:locale\" content=\"de_DE\" \/>\n<meta property=\"og:type\" content=\"article\" \/>\n<meta property=\"og:title\" content=\"\u201eRust &amp; Research\u201c Wettbewerbsregeln\" \/>\n<meta property=\"og:description\" content=\"Artikel 1 \u2013 Veranstalter Der Veranstalter des Wettbewerbs \u201eRust &amp; Research\u201c (\u201eWettbewerb\u201c) ist das Centre for Contemporary and Digital History der\" \/>\n<meta property=\"og:url\" content=\"https:\/\/www.uni.lu\/c2dh-de\/rust-research-wettbewerbsregeln\/\" \/>\n<meta property=\"og:site_name\" content=\"C2DH DE\" \/>\n<meta property=\"article:publisher\" content=\"https:\/\/www.facebook.com\/c2dh.lu\" \/>\n<meta property=\"article:modified_time\" content=\"2025-11-14T07:00:26+00:00\" \/>\n<meta property=\"og:image\" content=\"https:\/\/www.uni.lu\/wp-content\/uploads\/sites\/23\/2026\/03\/03113256\/C2DH_SM-Profile_1600x1600px-scaled.jpg\" \/>\n\t<meta property=\"og:image:width\" content=\"2560\" \/>\n\t<meta property=\"og:image:height\" content=\"2560\" \/>\n\t<meta property=\"og:image:type\" content=\"image\/jpeg\" \/>\n<meta name=\"twitter:card\" content=\"summary_large_image\" \/>\n<meta name=\"twitter:label1\" content=\"Gesch\u00e4tzte Lesezeit\" \/>\n\t<meta name=\"twitter:data1\" content=\"3 Minuten\" \/>\n<script type=\"application\/ld+json\" class=\"yoast-schema-graph\">{\"@context\":\"https:\/\/schema.org\",\"@graph\":[{\"@type\":\"WebPage\",\"@id\":\"https:\/\/www.uni.lu\/c2dh-de\/rust-research-wettbewerbsregeln\/\",\"url\":\"https:\/\/www.uni.lu\/c2dh-de\/rust-research-wettbewerbsregeln\/\",\"name\":\"\u201eRust &amp; Research\u201c Wettbewerbsregeln - C\u00b2DH - Universit\u00e4t Luxemburg I Uni.lu\",\"isPartOf\":{\"@id\":\"https:\/\/www.uni.lu\/c2dh-de\/#website\"},\"datePublished\":\"2025-11-14T06:59:30+00:00\",\"dateModified\":\"2025-11-14T07:00:26+00:00\",\"description\":\"Artikel 1 \u2013 Veranstalter Der Veranstalter des Wettbewerbs \u201eRust &amp; Research\u201c (\u201eWettbewerb\u201c) ist das Centre for Contemporary and Digital History der\",\"breadcrumb\":{\"@id\":\"https:\/\/www.uni.lu\/c2dh-de\/rust-research-wettbewerbsregeln\/#breadcrumb\"},\"inLanguage\":\"de-DE\",\"potentialAction\":[{\"@type\":\"ReadAction\",\"target\":[\"https:\/\/www.uni.lu\/c2dh-de\/rust-research-wettbewerbsregeln\/\"]}]},{\"@type\":\"BreadcrumbList\",\"@id\":\"https:\/\/www.uni.lu\/c2dh-de\/rust-research-wettbewerbsregeln\/#breadcrumb\",\"itemListElement\":[{\"@type\":\"ListItem\",\"position\":1,\"name\":\"Home\",\"item\":\"https:\/\/www.uni.lu\/de\"},{\"@type\":\"ListItem\",\"position\":2,\"name\":\"Luxembourg Centre for Contemporary and Digital History (C\u00b2DH)\",\"item\":\"https:\/\/www.uni.lu\/c2dh-de\/\"},{\"@type\":\"ListItem\",\"position\":3,\"name\":\"\u201eRust &amp; Research\u201c Wettbewerbsregeln\"}]},{\"@type\":\"WebSite\",\"@id\":\"https:\/\/www.uni.lu\/c2dh-de\/#website\",\"url\":\"https:\/\/www.uni.lu\/c2dh-de\/\",\"name\":\"C2DH\",\"description\":\"Luxemburg Centre for Contemporary and Digital History I Uni.lu\",\"publisher\":{\"@id\":\"https:\/\/www.uni.lu\/c2dh-de\/#organization\"},\"alternateName\":\"Luxemburg Centre for Contemporary and Digital History I Universit\u00e4t Luxemburg\",\"potentialAction\":[{\"@type\":\"SearchAction\",\"target\":{\"@type\":\"EntryPoint\",\"urlTemplate\":\"https:\/\/www.uni.lu\/c2dh-de\/?s={search_term_string}\"},\"query-input\":\"required name=search_term_string\"}],\"inLanguage\":\"de-DE\"},{\"@type\":\"Organization\",\"@id\":\"https:\/\/www.uni.lu\/c2dh-de\/#organization\",\"name\":\"C\u00b2DH - Universit\u00e4t Luxemburg I Uni.lu\",\"alternateName\":\"Luxembourg Centre for Contemporary and Digital History\",\"url\":\"https:\/\/www.uni.lu\/c2dh-de\/\",\"logo\":{\"@type\":\"ImageObject\",\"inLanguage\":\"de-DE\",\"@id\":\"https:\/\/www.uni.lu\/c2dh-de\/#\/schema\/logo\/image\/\",\"url\":\"https:\/\/www.uni.lu\/wp-content\/uploads\/sites\/23\/2026\/03\/03113256\/C2DH_SM-Profile_1600x1600px-scaled.jpg\",\"contentUrl\":\"https:\/\/www.uni.lu\/wp-content\/uploads\/sites\/23\/2026\/03\/03113256\/C2DH_SM-Profile_1600x1600px-scaled.jpg\",\"width\":2560,\"height\":2560,\"caption\":\"C\u00b2DH - Universit\u00e4t Luxemburg I Uni.lu\"},\"image\":{\"@id\":\"https:\/\/www.uni.lu\/c2dh-de\/#\/schema\/logo\/image\/\"},\"sameAs\":[\"https:\/\/www.facebook.com\/c2dh.lu\",\"http:\/\/www.instagram.com\/c2dh_lu\",\"http:\/\/www.linkedin.com\/showcase\/c2dh-university-of-luxembourg\"]}]}<\/script>\n<!-- \/ Yoast SEO Premium plugin. -->","yoast_head_json":{"title":"\u201eRust &amp; Research\u201c Wettbewerbsregeln - C\u00b2DH - Universit\u00e4t Luxemburg I Uni.lu","description":"Artikel 1 \u2013 Veranstalter Der Veranstalter des Wettbewerbs \u201eRust &amp; Research\u201c (\u201eWettbewerb\u201c) ist das Centre for Contemporary and Digital History der","robots":{"index":"index","follow":"follow","max-snippet":"max-snippet:-1","max-image-preview":"max-image-preview:large","max-video-preview":"max-video-preview:-1"},"canonical":"https:\/\/www.uni.lu\/c2dh-de\/rust-research-wettbewerbsregeln\/","og_locale":"de_DE","og_type":"article","og_title":"\u201eRust &amp; Research\u201c Wettbewerbsregeln","og_description":"Artikel 1 \u2013 Veranstalter Der Veranstalter des Wettbewerbs \u201eRust &amp; Research\u201c (\u201eWettbewerb\u201c) ist das Centre for Contemporary and Digital History der","og_url":"https:\/\/www.uni.lu\/c2dh-de\/rust-research-wettbewerbsregeln\/","og_site_name":"C2DH DE","article_publisher":"https:\/\/www.facebook.com\/c2dh.lu","article_modified_time":"2025-11-14T07:00:26+00:00","og_image":[{"width":2560,"height":2560,"url":"https:\/\/www.uni.lu\/wp-content\/uploads\/sites\/23\/2026\/03\/03113256\/C2DH_SM-Profile_1600x1600px-scaled.jpg","type":"image\/jpeg"}],"twitter_card":"summary_large_image","twitter_misc":{"Gesch\u00e4tzte Lesezeit":"3 Minuten"},"schema":{"@context":"https:\/\/schema.org","@graph":[{"@type":"WebPage","@id":"https:\/\/www.uni.lu\/c2dh-de\/rust-research-wettbewerbsregeln\/","url":"https:\/\/www.uni.lu\/c2dh-de\/rust-research-wettbewerbsregeln\/","name":"\u201eRust &amp; Research\u201c Wettbewerbsregeln - C\u00b2DH - Universit\u00e4t Luxemburg I Uni.lu","isPartOf":{"@id":"https:\/\/www.uni.lu\/c2dh-de\/#website"},"datePublished":"2025-11-14T06:59:30+00:00","dateModified":"2025-11-14T07:00:26+00:00","description":"Artikel 1 \u2013 Veranstalter Der Veranstalter des Wettbewerbs \u201eRust &amp; Research\u201c (\u201eWettbewerb\u201c) ist das Centre for Contemporary and Digital History der","breadcrumb":{"@id":"https:\/\/www.uni.lu\/c2dh-de\/rust-research-wettbewerbsregeln\/#breadcrumb"},"inLanguage":"de-DE","potentialAction":[{"@type":"ReadAction","target":["https:\/\/www.uni.lu\/c2dh-de\/rust-research-wettbewerbsregeln\/"]}]},{"@type":"BreadcrumbList","@id":"https:\/\/www.uni.lu\/c2dh-de\/rust-research-wettbewerbsregeln\/#breadcrumb","itemListElement":[{"@type":"ListItem","position":1,"name":"Home","item":"https:\/\/www.uni.lu\/de"},{"@type":"ListItem","position":2,"name":"Luxembourg Centre for Contemporary and Digital History (C\u00b2DH)","item":"https:\/\/www.uni.lu\/c2dh-de\/"},{"@type":"ListItem","position":3,"name":"\u201eRust &amp; Research\u201c Wettbewerbsregeln"}]},{"@type":"WebSite","@id":"https:\/\/www.uni.lu\/c2dh-de\/#website","url":"https:\/\/www.uni.lu\/c2dh-de\/","name":"C2DH","description":"Luxemburg Centre for Contemporary and Digital History I Uni.lu","publisher":{"@id":"https:\/\/www.uni.lu\/c2dh-de\/#organization"},"alternateName":"Luxemburg Centre for Contemporary and Digital History I Universit\u00e4t Luxemburg","potentialAction":[{"@type":"SearchAction","target":{"@type":"EntryPoint","urlTemplate":"https:\/\/www.uni.lu\/c2dh-de\/?s={search_term_string}"},"query-input":"required name=search_term_string"}],"inLanguage":"de-DE"},{"@type":"Organization","@id":"https:\/\/www.uni.lu\/c2dh-de\/#organization","name":"C\u00b2DH - Universit\u00e4t Luxemburg I Uni.lu","alternateName":"Luxembourg Centre for Contemporary and Digital History","url":"https:\/\/www.uni.lu\/c2dh-de\/","logo":{"@type":"ImageObject","inLanguage":"de-DE","@id":"https:\/\/www.uni.lu\/c2dh-de\/#\/schema\/logo\/image\/","url":"https:\/\/www.uni.lu\/wp-content\/uploads\/sites\/23\/2026\/03\/03113256\/C2DH_SM-Profile_1600x1600px-scaled.jpg","contentUrl":"https:\/\/www.uni.lu\/wp-content\/uploads\/sites\/23\/2026\/03\/03113256\/C2DH_SM-Profile_1600x1600px-scaled.jpg","width":2560,"height":2560,"caption":"C\u00b2DH - Universit\u00e4t Luxemburg I Uni.lu"},"image":{"@id":"https:\/\/www.uni.lu\/c2dh-de\/#\/schema\/logo\/image\/"},"sameAs":["https:\/\/www.facebook.com\/c2dh.lu","http:\/\/www.instagram.com\/c2dh_lu","http:\/\/www.linkedin.com\/showcase\/c2dh-university-of-luxembourg"]}]}},"ticketed":false,"_links":{"self":[{"href":"https:\/\/www.uni.lu\/c2dh-de\/wp-json\/wp\/v2\/pages\/1257"}],"collection":[{"href":"https:\/\/www.uni.lu\/c2dh-de\/wp-json\/wp\/v2\/pages"}],"about":[{"href":"https:\/\/www.uni.lu\/c2dh-de\/wp-json\/wp\/v2\/types\/page"}],"author":[{"embeddable":true,"href":"https:\/\/www.uni.lu\/c2dh-de\/wp-json\/wp\/v2\/users\/57"}],"replies":[{"embeddable":true,"href":"https:\/\/www.uni.lu\/c2dh-de\/wp-json\/wp\/v2\/comments?post=1257"}],"version-history":[{"count":5,"href":"https:\/\/www.uni.lu\/c2dh-de\/wp-json\/wp\/v2\/pages\/1257\/revisions"}],"predecessor-version":[{"id":1264,"href":"https:\/\/www.uni.lu\/c2dh-de\/wp-json\/wp\/v2\/pages\/1257\/revisions\/1264"}],"wp:authorship":[{"embeddable":true,"href":"https:\/\/www.uni.lu\/c2dh-de\/wp-json\/wp\/v2\/users\/57"}],"wp:attachment":[{"href":"https:\/\/www.uni.lu\/c2dh-de\/wp-json\/wp\/v2\/media?parent=1257"}],"wp:term":[{"taxonomy":"field-of-interest","embeddable":true,"href":"https:\/\/www.uni.lu\/c2dh-de\/wp-json\/wp\/v2\/field-of-interest?post=1257"},{"taxonomy":"organisation","embeddable":true,"href":"https:\/\/www.uni.lu\/c2dh-de\/wp-json\/wp\/v2\/organisation?post=1257"}],"curies":[{"name":"wp","href":"https:\/\/api.w.org\/{rel}","templated":true}]}}